{"id":540,"date":"2026-03-19T02:11:07","date_gmt":"2026-03-19T02:11:07","guid":{"rendered":"https:\/\/www.segasanitary.com\/?post_type=product&#038;p=540"},"modified":"2026-03-19T03:03:30","modified_gmt":"2026-03-19T03:03:30","slug":"wholesale-bathroom-faucets","status":"publish","type":"product","link":"https:\/\/www.segasanitary.com\/fr\/product\/wholesale-bathroom-faucets\/","title":{"rendered":"Wholesale Bathroom Faucets, Modern Basin Faucet (robinet de lavabo moderne)"},"content":{"rendered":"","protected":false},"excerpt":{"rendered":"<p>Les robinets de salle de bains Wholesale, fabriqu\u00e9s en laiton de haute puret\u00e9 et chrom\u00e9s \u00e0 plusieurs niveaux, sont dot\u00e9s d'une poign\u00e9e unique \u00e9l\u00e9gante et ergonomique et d'un jet d'eau en forme de cascade. Ce robinet, qui fait partie de nos solutions compl\u00e8tes pour la salle de bains, allie durabilit\u00e9 et esth\u00e9tique moderne. Pour les achats en gros ou pour en savoir plus sur les solutions compl\u00e8tes d'articles sanitaires en gros et sur mesure, veuillez nous contacter !<\/p>\n<h2>Sp\u00e9cifications du produit :<\/h2>\n<table data-path-to-node=\"13\">\n<thead><\/thead>\n<tbody>\n<tr>\n<td><strong>Attribut<\/strong><\/td>\n<td>\u00a0<span data-path-to-node=\"13,0,1,0\">Sp\u00e9cifications<\/span><\/td>\n<\/tr>\n<tr>\n<td><strong>Mat\u00e9riau<\/strong><\/td>\n<td>Laiton massif (haute puret\u00e9)\/ Alliage de zinc<\/td>\n<\/tr>\n<tr>\n<td><strong>Finition<\/strong><\/td>\n<td>\u00a0<span data-path-to-node=\"13,4,1,0\">Miroir multicouche Chrome \/ Noir mat \/ Or bross\u00e9<\/span><\/td>\n<\/tr>\n<tr>\n<td><strong>Installation<\/strong><\/td>\n<td>Montage en terrasse \/ Trou unique<\/td>\n<\/tr>\n<tr>\n<td><strong>Dispositif d'eau<\/strong><\/td>\n<td>Hot &amp; Cold Mixer<\/td>\n<\/tr>\n<tr>\n<td><strong>Application<\/strong><\/td>\n<td>Projets h\u00f4teliers, r\u00e9sidentiels et commerciaux<\/td>\n<\/tr>\n<\/tbody>\n<\/table>\n<p>&nbsp;<\/p>","protected":false},"featured_media":542,"comment_status":"closed","ping_status":"closed","template":"","meta":{"_acf_changed":false},"product_brand":[],"product_cat":[16],"product_tag":[],"class_list":{"0":"post-540","1":"product","2":"type-product","3":"status-publish","4":"has-post-thumbnail","6":"product_cat-wholesale-bathroom-accessories","8":"first","9":"instock","10":"shipping-taxable","11":"product-type-simple"},"acf":[],"_links":{"self":[{"href":"https:\/\/www.segasanitary.com\/fr\/wp-json\/wp\/v2\/product\/540","targetHints":{"allow":["GET"]}}],"collection":[{"href":"https:\/\/www.segasanitary.com\/fr\/wp-json\/wp\/v2\/product"}],"about":[{"href":"https:\/\/www.segasanitary.com\/fr\/wp-json\/wp\/v2\/types\/product"}],"replies":[{"embeddable":true,"href":"https:\/\/www.segasanitary.com\/fr\/wp-json\/wp\/v2\/comments?post=540"}],"wp:featuredmedia":[{"embeddable":true,"href":"https:\/\/www.segasanitary.com\/fr\/wp-json\/wp\/v2\/media\/542"}],"wp:attachment":[{"href":"https:\/\/www.segasanitary.com\/fr\/wp-json\/wp\/v2\/media?parent=540"}],"wp:term":[{"taxonomy":"product_brand","embeddable":true,"href":"https:\/\/www.segasanitary.com\/fr\/wp-json\/wp\/v2\/product_brand?post=540"},{"taxonomy":"product_cat","embeddable":true,"href":"https:\/\/www.segasanitary.com\/fr\/wp-json\/wp\/v2\/product_cat?post=540"},{"taxonomy":"product_tag","embeddable":true,"href":"https:\/\/www.segasanitary.com\/fr\/wp-json\/wp\/v2\/product_tag?post=540"}],"curies":[{"name":"wp","href":"https:\/\/api.w.org\/{rel}","templated":true}]}}