{"id":539,"date":"2026-03-19T01:49:30","date_gmt":"2026-03-19T01:49:30","guid":{"rendered":"https:\/\/www.segasanitary.com\/?post_type=product&#038;p=539"},"modified":"2026-03-19T02:31:10","modified_gmt":"2026-03-19T02:31:10","slug":"wholesale-toilet-seat","status":"publish","type":"product","link":"https:\/\/www.segasanitary.com\/fr\/product\/wholesale-toilet-seat\/","title":{"rendered":"Wholesale Toilet Seat, Smart PP Toilet Seat U-Shape with Intelligent Heating (si\u00e8ge de toilette en PP avec chauffage intelligent)"},"content":{"rendered":"<div class=\"wp-block-columns is-layout-flex wp-container-core-columns-is-layout-9d6595d7 wp-block-columns-is-layout-flex\">\n<div class=\"wp-block-column is-vertically-aligned-center is-layout-flow wp-block-column-is-layout-flow\">\n<h2 class=\"wp-block-heading\">Caract\u00e9ristiques du si\u00e8ge de toilette Snart :<\/h2>\n\n\n\n<p><strong>Induction intelligente et ouverture automatique :<\/strong> \u00c9quip\u00e9 d'une fonction de retournement par induction, le couvercle s'ouvre automatiquement sans intervention manuelle, offrant ainsi une exp\u00e9rience d'hygi\u00e8ne sans contact.<\/p>\n\n\n\n<p><strong>Chauffage instantan\u00e9 et contr\u00f4le de la temp\u00e9rature : <\/strong>Utilise la technologie du chauffage instantan\u00e9 pour fournir de l'eau chaude en continu pour le lavage. Un \u00e9cran LED permet aux utilisateurs de contr\u00f4ler les temp\u00e9ratures de l'eau et du si\u00e8ge en temps r\u00e9el.<\/p>\n\n\n\n<p><strong>Anneau chauffant pour le pi\u00e9destal : <\/strong>L'anneau de si\u00e8ge chauffant permet plusieurs r\u00e9glages de temp\u00e9rature et est dot\u00e9 d'un capteur de corps humain qui ne s'active que lorsque l'utilisateur est assis, ce qui permet d'\u00e9quilibrer confort et efficacit\u00e9 \u00e9nerg\u00e9tique.<\/p>\n\n\n\n<p><strong>Bouton intelligent en un clic et modes de nettoyage multiples :<\/strong> Dot\u00e9 d'un bouton lat\u00e9ral \u00e0 simple clic, il int\u00e8gre plusieurs modes de nettoyage : lavage post\u00e9rieur, lavage f\u00e9minin et lavage en mouvement, et comprend des fonctions de r\u00e9glage de la pression de l'eau et de la position.<\/p>\n\n\n\n<p><strong>Bouclier en mousse et technologie anti-\u00e9claboussures :<\/strong> L'innovation <strong>protection en mousse<\/strong> emp\u00eache efficacement les \u00e9claboussures d'eau tout en agissant comme une barri\u00e8re contre les odeurs, emp\u00eachant les odeurs et l'adh\u00e9rence, ce qui am\u00e9liore consid\u00e9rablement la propret\u00e9 des toilettes.<\/p>\n\n\n\n<p><strong>Veilleuse et \u00e9tanche IPX4 :<\/strong> Une veilleuse int\u00e9gr\u00e9e permet de l'utiliser la nuit sans avoir \u00e0 allumer l'\u00e9clairage principal \u00e9blouissant. L'ensemble de l'appareil est \u00e9tanche selon la norme IPX4, ce qui garantit un fonctionnement s\u00fbr dans l'environnement humide de la salle de bains.<\/p>\n<\/div>\n\n\n\n<div class=\"wp-block-column is-layout-flow wp-block-column-is-layout-flow\">\n<figure class=\"wp-block-image size-full\"><img decoding=\"async\" width=\"800\" height=\"800\" src=\"https:\/\/www.segasanitary.com\/wp-content\/uploads\/2026\/03\/Wholesale-PP-toilet-seat-2.webp\" alt=\"Si\u00e8ge de toilette en gros en PP\" class=\"wp-image-499\" srcset=\"https:\/\/www.segasanitary.com\/wp-content\/uploads\/2026\/03\/Wholesale-PP-toilet-seat-2.webp 800w, https:\/\/www.segasanitary.com\/wp-content\/uploads\/2026\/03\/Wholesale-PP-toilet-seat-2-300x300.webp 300w, https:\/\/www.segasanitary.com\/wp-content\/uploads\/2026\/03\/Wholesale-PP-toilet-seat-2-150x150.webp 150w, https:\/\/www.segasanitary.com\/wp-content\/uploads\/2026\/03\/Wholesale-PP-toilet-seat-2-768x768.webp 768w, https:\/\/www.segasanitary.com\/wp-content\/uploads\/2026\/03\/Wholesale-PP-toilet-seat-2-600x600.webp 600w, https:\/\/www.segasanitary.com\/wp-content\/uploads\/2026\/03\/Wholesale-PP-toilet-seat-2-100x100.webp 100w\" sizes=\"(max-width: 800px) 100vw, 800px\" \/><\/figure>\n<\/div>\n<\/div>","protected":false},"excerpt":{"rendered":"<p>Si\u00e8ges de toilettes intelligents en gros, avec un design ultra-mince et un mat\u00e9riau PP de premi\u00e8re qualit\u00e9, avec un affichage de la temp\u00e9rature par LED et des commandes \u00e0 boutons (si\u00e8ge chauffant, couvercle \u00e0 capteur automatique, etc.). En tant que fabricant professionnel d'articles sanitaires, nous offrons des solutions d'approvisionnement compl\u00e8tes, y compris des services OEM\/ODM et des emballages personnalis\u00e9s. Contactez notre chef de projet d\u00e8s aujourd'hui pour obtenir un devis en gros et un catalogue de produits !<\/p>\n<h2>Sp\u00e9cifications du produit :<\/h2>\n<table>\n<tbody>\n<tr>\n<td><strong>Attribut<\/strong><\/td>\n<td>\u00a0<span data-path-to-node=\"13,0,1,0\">Sp\u00e9cifications<\/span><\/td>\n<\/tr>\n<tr>\n<td><strong>Nom du produit<\/strong><\/td>\n<td>\u00a0<span data-path-to-node=\"24,1,1,0\">Housse de si\u00e8ge de toilette Smart Bidet<\/span><\/td>\n<\/tr>\n<tr>\n<td><strong>Mat\u00e9riau<\/strong><\/td>\n<td>\u00a0<span data-path-to-node=\"24,2,1,0\">PP (polypropyl\u00e8ne) de qualit\u00e9 sup\u00e9rieure<\/span><\/td>\n<\/tr>\n<tr>\n<td><strong>Dimensions<\/strong><\/td>\n<td>\u00a0<span data-path-to-node=\"24,3,1,0\">495 x 370 x 112 mm<\/span><\/td>\n<\/tr>\n<tr>\n<td><strong>Tension nominale<\/strong><\/td>\n<td>\u00a0<span data-path-to-node=\"24,4,1,0\">220V \/ 50Hz <\/span><\/td>\n<\/tr>\n<tr>\n<td><strong>Puissance nominale<\/strong><\/td>\n<td>1200W<\/td>\n<\/tr>\n<tr>\n<td><strong>Indice d'imperm\u00e9abilit\u00e9<\/strong><\/td>\n<td>IPX4<\/td>\n<\/tr>\n<tr>\n<td><strong>M\u00e9thode de chauffage<\/strong><\/td>\n<td>Chauffage instantan\u00e9 de l'eau chaude<\/td>\n<\/tr>\n<tr>\n<td><strong>Fonctions essentielles<\/strong><\/td>\n<td>Ouverture automatique, si\u00e8ge chauffant, s\u00e9chage \u00e0 l'air chaud, affichage LED, bouclier en mousse<\/td>\n<\/tr>\n<\/tbody>\n<\/table>","protected":false},"featured_media":500,"comment_status":"closed","ping_status":"closed","template":"","meta":{"_acf_changed":false},"product_brand":[],"product_cat":[16],"product_tag":[],"class_list":{"0":"post-539","1":"product","2":"type-product","3":"status-publish","4":"has-post-thumbnail","6":"product_cat-wholesale-bathroom-accessories","8":"first","9":"instock","10":"shipping-taxable","11":"product-type-simple"},"acf":[],"_links":{"self":[{"href":"https:\/\/www.segasanitary.com\/fr\/wp-json\/wp\/v2\/product\/539","targetHints":{"allow":["GET"]}}],"collection":[{"href":"https:\/\/www.segasanitary.com\/fr\/wp-json\/wp\/v2\/product"}],"about":[{"href":"https:\/\/www.segasanitary.com\/fr\/wp-json\/wp\/v2\/types\/product"}],"replies":[{"embeddable":true,"href":"https:\/\/www.segasanitary.com\/fr\/wp-json\/wp\/v2\/comments?post=539"}],"wp:featuredmedia":[{"embeddable":true,"href":"https:\/\/www.segasanitary.com\/fr\/wp-json\/wp\/v2\/media\/500"}],"wp:attachment":[{"href":"https:\/\/www.segasanitary.com\/fr\/wp-json\/wp\/v2\/media?parent=539"}],"wp:term":[{"taxonomy":"product_brand","embeddable":true,"href":"https:\/\/www.segasanitary.com\/fr\/wp-json\/wp\/v2\/product_brand?post=539"},{"taxonomy":"product_cat","embeddable":true,"href":"https:\/\/www.segasanitary.com\/fr\/wp-json\/wp\/v2\/product_cat?post=539"},{"taxonomy":"product_tag","embeddable":true,"href":"https:\/\/www.segasanitary.com\/fr\/wp-json\/wp\/v2\/product_tag?post=539"}],"curies":[{"name":"wp","href":"https:\/\/api.w.org\/{rel}","templated":true}]}}