{"id":538,"date":"2026-03-19T01:28:50","date_gmt":"2026-03-19T01:28:50","guid":{"rendered":"https:\/\/www.segasanitary.com\/?post_type=product&#038;p=538"},"modified":"2026-03-19T02:31:19","modified_gmt":"2026-03-19T02:31:19","slug":"wholesale-mdf-bathroom-cabinet","status":"publish","type":"product","link":"https:\/\/www.segasanitary.com\/fr\/product\/wholesale-mdf-bathroom-cabinet\/","title":{"rendered":"Wholesale MDF Bathroom Cabinet, Wood Grain Wall-Mounted Bathroom Vanity"},"content":{"rendered":"<div class=\"wp-block-columns is-layout-flex wp-container-core-columns-is-layout-9d6595d7 wp-block-columns-is-layout-flex\">\n<div class=\"wp-block-column is-vertically-aligned-center is-layout-flow wp-block-column-is-layout-flow\">\n<h2 class=\"wp-block-heading\">Armoire de salle de bain en MDF Caract\u00e9ristiques :<\/h2>\n\n\n\n<p><strong>MDF haute performance avec texture grain de bois : <\/strong>Fabriqu\u00e9 en MDF (panneau de fibres \u00e0 densit\u00e9 moyenne) de haute qualit\u00e9, il est recouvert d'un placage en grain de bois r\u00e9sistant \u00e0 l'humidit\u00e9. Il offre la texture visuelle du bois massif tout en \u00e9tant r\u00e9sistant \u00e0 l'humidit\u00e9, aux fissures et au gauchissement.<\/p>\n\n\n\n<p><strong>Syst\u00e8me efficace de double stockage :<\/strong> <br><strong>Cabinet principal : <\/strong>La conception spacieuse \u00e0 double porte permet de ranger facilement les accessoires de salle de bains de grande taille, ce qui permet de garder l'espace bien rang\u00e9.<br><strong>Armoire de toilette : <\/strong>Combine une unit\u00e9 de rangement cach\u00e9e en miroir avec des \u00e9tag\u00e8res ouvertes pour un acc\u00e8s facile aux produits de soins fr\u00e9quemment utilis\u00e9s.<\/p>\n\n\n\n<p><strong>Quincaillerie \u00e0 fermeture douce : <\/strong>La configuration standard comprend des charni\u00e8res de haute qualit\u00e9 \u00e0 fermeture progressive. Cela garantit une ouverture et une fermeture silencieuses des portes de l'armoire, prolonge leur dur\u00e9e de vie et r\u00e9pond aux exigences de qualit\u00e9 des projets d'ing\u00e9nierie haut de gamme.<\/p>\n\n\n\n<p><strong>Lavabo minimaliste en c\u00e9ramique \u00e0 bords fins :<\/strong> Vasque en c\u00e9ramique SEGA \u00e0 bord fin, assortie, avec un \u00e9mail lisse et uniforme tr\u00e8s r\u00e9sistant aux taches, cr\u00e9ant un contraste saisissant avec les armoires en bois fonc\u00e9 et mettant en valeur l'esth\u00e9tique minimaliste moderne.<\/p>\n\n\n\n<p><strong>Conception murale \u00e0 faible encombrement :<\/strong> La conception murale rend l'espace plus ouvert et \u00e9limine les coins difficiles \u00e0 nettoyer, ce qui facilite le nettoyage.<\/p>\n<\/div>\n\n\n\n<div class=\"wp-block-column is-layout-flow wp-block-column-is-layout-flow\">\n<figure class=\"wp-block-image size-full\"><img decoding=\"async\" width=\"800\" height=\"800\" src=\"https:\/\/www.segasanitary.com\/wp-content\/uploads\/2026\/03\/wholesale-MDF-bathroom-cabinet-SJ002.webp\" alt=\"grossiste armoire de toilette MDF\" class=\"wp-image-495\" srcset=\"https:\/\/www.segasanitary.com\/wp-content\/uploads\/2026\/03\/wholesale-MDF-bathroom-cabinet-SJ002.webp 800w, https:\/\/www.segasanitary.com\/wp-content\/uploads\/2026\/03\/wholesale-MDF-bathroom-cabinet-SJ002-300x300.webp 300w, https:\/\/www.segasanitary.com\/wp-content\/uploads\/2026\/03\/wholesale-MDF-bathroom-cabinet-SJ002-150x150.webp 150w, https:\/\/www.segasanitary.com\/wp-content\/uploads\/2026\/03\/wholesale-MDF-bathroom-cabinet-SJ002-768x768.webp 768w, https:\/\/www.segasanitary.com\/wp-content\/uploads\/2026\/03\/wholesale-MDF-bathroom-cabinet-SJ002-600x600.webp 600w, https:\/\/www.segasanitary.com\/wp-content\/uploads\/2026\/03\/wholesale-MDF-bathroom-cabinet-SJ002-100x100.webp 100w\" sizes=\"(max-width: 800px) 100vw, 800px\" \/><\/figure>\n<\/div>\n<\/div>","protected":false},"excerpt":{"rendered":"<p>Vanit\u00e9s de salle de bain MDF en gros, fabriqu\u00e9es en MDF de haute qualit\u00e9 avec une finition grain de bois r\u00e9sistante \u00e0 l'humidit\u00e9. Les armoires \u00e0 miroir assorties offrent un grand espace de rangement, ce qui en fait un choix populaire pour les h\u00f4tels modernes et les projets r\u00e9sidentiels. Possibilit\u00e9 de personnalisation OEM. Approvisionnement en vrac direct de l'usine. Obtenez le meilleur prix maintenant !<\/p>\n<h2>Sp\u00e9cifications du produit :<\/h2>\n<table>\n<tbody>\n<tr>\n<td><strong>Attribut<\/strong><\/td>\n<td>\u00a0<span data-path-to-node=\"13,0,1,0\">Sp\u00e9cifications<\/span><\/td>\n<\/tr>\n<tr>\n<td><strong>Mod\u00e8le<\/strong><\/td>\n<td>\u00a0<span data-path-to-node=\"22,1,1,0\">SJ002<\/span><\/td>\n<\/tr>\n<tr>\n<td><strong>Mat\u00e9riau de l'armoire<\/strong><\/td>\n<td>MDF<\/td>\n<\/tr>\n<tr>\n<td><strong>Mat\u00e9riau du bassin<\/strong><\/td>\n<td>C\u00e9ramique<\/td>\n<\/tr>\n<tr>\n<td><strong>Type de miroir<\/strong><\/td>\n<td><span data-path-to-node=\"22,6,1,0\">Armoire de toilette avec \u00e9tag\u00e8res ouvertes<\/span><\/td>\n<\/tr>\n<tr>\n<td><strong>Finition<\/strong><\/td>\n<td>Noyer fonc\u00e9 \/ Grain de bois naturel<\/td>\n<\/tr>\n<tr>\n<td><strong>Installation<\/strong><\/td>\n<td>\u00a0<span data-path-to-node=\"22,4,1,0\">Fixation murale \/ flottante<\/span><\/td>\n<\/tr>\n<\/tbody>\n<\/table>","protected":false},"featured_media":495,"comment_status":"closed","ping_status":"closed","template":"","meta":{"_acf_changed":false},"product_brand":[],"product_cat":[20,43],"product_tag":[],"class_list":{"0":"post-538","1":"product","2":"type-product","3":"status-publish","4":"has-post-thumbnail","6":"product_cat-wholesale-bathroom-cabinet","7":"product_cat-wholesale-mdf-bathroom-cabinet","9":"first","10":"instock","11":"shipping-taxable","12":"product-type-simple"},"acf":[],"_links":{"self":[{"href":"https:\/\/www.segasanitary.com\/fr\/wp-json\/wp\/v2\/product\/538","targetHints":{"allow":["GET"]}}],"collection":[{"href":"https:\/\/www.segasanitary.com\/fr\/wp-json\/wp\/v2\/product"}],"about":[{"href":"https:\/\/www.segasanitary.com\/fr\/wp-json\/wp\/v2\/types\/product"}],"replies":[{"embeddable":true,"href":"https:\/\/www.segasanitary.com\/fr\/wp-json\/wp\/v2\/comments?post=538"}],"wp:featuredmedia":[{"embeddable":true,"href":"https:\/\/www.segasanitary.com\/fr\/wp-json\/wp\/v2\/media\/495"}],"wp:attachment":[{"href":"https:\/\/www.segasanitary.com\/fr\/wp-json\/wp\/v2\/media?parent=538"}],"wp:term":[{"taxonomy":"product_brand","embeddable":true,"href":"https:\/\/www.segasanitary.com\/fr\/wp-json\/wp\/v2\/product_brand?post=538"},{"taxonomy":"product_cat","embeddable":true,"href":"https:\/\/www.segasanitary.com\/fr\/wp-json\/wp\/v2\/product_cat?post=538"},{"taxonomy":"product_tag","embeddable":true,"href":"https:\/\/www.segasanitary.com\/fr\/wp-json\/wp\/v2\/product_tag?post=538"}],"curies":[{"name":"wp","href":"https:\/\/api.w.org\/{rel}","templated":true}]}}