{"id":483,"date":"2026-03-18T09:59:22","date_gmt":"2026-03-18T09:59:22","guid":{"rendered":"https:\/\/www.segasanitary.com\/?post_type=product&#038;p=483"},"modified":"2026-03-19T02:31:34","modified_gmt":"2026-03-19T02:31:34","slug":"custom-bathroom-mirror","status":"publish","type":"product","link":"https:\/\/www.segasanitary.com\/fr\/product\/custom-bathroom-mirror\/","title":{"rendered":"Miroir de salle de bain personnalis\u00e9, miroir rectangulaire LED intelligent en gros"},"content":{"rendered":"<div class=\"wp-block-columns is-layout-flex wp-container-core-columns-is-layout-9d6595d7 wp-block-columns-is-layout-flex\">\n<div class=\"wp-block-column is-vertically-aligned-center is-layout-flow wp-block-column-is-layout-flow\">\n<h2 class=\"wp-block-heading\">Bathroom Mirror Features:<\/h2>\n\n\n\n<p><strong>Dual-Lighting Design (Front &amp; Backlit)<\/strong><br>The F-007 features an innovative dual-lighting system: a high-gloss frosted front strip ensures unobstructed lighting during makeup application and shaving; the backlit design creates a soft ambiance, instantly elevating the bathroom&#8217;s style.<\/p>\n\n\n\n<p><strong>Intelligent Anti-Fog Technology<\/strong><br>Built-in intelligent anti-fogging technology gently heats the mirror, ensuring it remains clear even after a hot shower.<\/p>\n\n\n\n<p><strong>Smart Touch Control &amp; Dimming<\/strong><br>Equipped with two sensitive touch buttons: one button controls defogging, while a long press adjusts brightness (10% &#8211; 100%). Supports three color temperatures (3000K\/4000K\/6000K) to suit different needs.<\/p>\n\n\n\n<p><strong>Copper-Free HD Silver Mirror<\/strong><br>Uses a 5mm copper-free, environmentally friendly silver mirror. Compared to traditional mirrors, it not only reflects images more clearly and naturally, but also has excellent corrosion and oxidation resistance, and a longer lifespan in humid environments.<\/p>\n<\/div>\n\n\n\n<div class=\"wp-block-column is-layout-flow wp-block-column-is-layout-flow\">\n<figure class=\"wp-block-image size-full\"><img decoding=\"async\" width=\"800\" height=\"595\" src=\"https:\/\/www.segasanitary.com\/wp-content\/uploads\/2026\/03\/custom-bathroom-mirror-F-007-2.webp\" alt=\"miroir de salle de bain personnalis\u00e9\" class=\"wp-image-494\" srcset=\"https:\/\/www.segasanitary.com\/wp-content\/uploads\/2026\/03\/custom-bathroom-mirror-F-007-2.webp 800w, https:\/\/www.segasanitary.com\/wp-content\/uploads\/2026\/03\/custom-bathroom-mirror-F-007-2-300x223.webp 300w, https:\/\/www.segasanitary.com\/wp-content\/uploads\/2026\/03\/custom-bathroom-mirror-F-007-2-768x571.webp 768w, https:\/\/www.segasanitary.com\/wp-content\/uploads\/2026\/03\/custom-bathroom-mirror-F-007-2-600x446.webp 600w\" sizes=\"(max-width: 800px) 100vw, 800px\" \/><\/figure>\n<\/div>\n<\/div>","protected":false},"excerpt":{"rendered":"<p>Wholesale and custom bathroom mirrors, copper-free LED mirrors with front and backlit designs and a smart anti-fog system, are ideal for modern hotels and residences. As a bathroom mirror manufacturer, we offer OEM\/ODM services and competitive prices. Inquire now!<\/p>\n<h2>Sp\u00e9cifications du produit :<\/h2>\n<table>\n<tbody>\n<tr>\n<td><strong>Attribut<\/strong><\/td>\n<td>\u00a0<span data-path-to-node=\"13,0,1,0\">Sp\u00e9cifications<\/span><\/td>\n<\/tr>\n<tr>\n<td><strong>Mod\u00e8le<\/strong><\/td>\n<td>\u00a0<span data-path-to-node=\"22,1,1,0\">F-007<\/span><\/td>\n<\/tr>\n<tr>\n<td><strong>Type de produit<\/strong><\/td>\n<td>\u00a0<span data-path-to-node=\"22,2,1,0\">Miroir de salle de bain LED intelligent<\/span><\/td>\n<\/tr>\n<tr>\n<td><strong>Mat\u00e9riau<\/strong><\/td>\n<td>Miroir argent\u00e9 HD sans cuivre<\/td>\n<\/tr>\n<tr>\n<td><strong>Forme<\/strong><\/td>\n<td>Rectangular<\/td>\n<\/tr>\n<tr>\n<td><strong>Cadre<\/strong><\/td>\n<td>Sans cadre \/ Structure en alliage d'aluminium<\/td>\n<\/tr>\n<tr>\n<td><strong>Mode d'\u00e9clairage<\/strong><\/td>\n<td>\u00a0<span data-path-to-node=\"22,3,1,0\">\u00c9clairage frontal + r\u00e9tro\u00e9clairage (Dual Glow)<\/span><\/td>\n<\/tr>\n<tr>\n<td><strong>Fonctions<\/strong><\/td>\n<td>Anti-bu\u00e9e, gradable, CCT r\u00e9glable<\/td>\n<\/tr>\n<tr>\n<td><strong>Imperm\u00e9able \u00e0 l'eau<\/strong><\/td>\n<td>\u00a0<span data-path-to-node=\"22,8,1,0\">IP44<\/span><\/td>\n<\/tr>\n<\/tbody>\n<\/table>","protected":false},"featured_media":493,"comment_status":"closed","ping_status":"closed","template":"","meta":{"_acf_changed":false},"product_brand":[],"product_cat":[19,35,39],"product_tag":[],"class_list":{"0":"post-483","1":"product","2":"type-product","3":"status-publish","4":"has-post-thumbnail","6":"product_cat-wholesale-bathroom-mirror","7":"product_cat-custom-frameless-mirror","8":"product_cat-custom-rectangular-mirror","10":"first","11":"instock","12":"shipping-taxable","13":"product-type-simple"},"acf":[],"_links":{"self":[{"href":"https:\/\/www.segasanitary.com\/fr\/wp-json\/wp\/v2\/product\/483","targetHints":{"allow":["GET"]}}],"collection":[{"href":"https:\/\/www.segasanitary.com\/fr\/wp-json\/wp\/v2\/product"}],"about":[{"href":"https:\/\/www.segasanitary.com\/fr\/wp-json\/wp\/v2\/types\/product"}],"replies":[{"embeddable":true,"href":"https:\/\/www.segasanitary.com\/fr\/wp-json\/wp\/v2\/comments?post=483"}],"wp:featuredmedia":[{"embeddable":true,"href":"https:\/\/www.segasanitary.com\/fr\/wp-json\/wp\/v2\/media\/493"}],"wp:attachment":[{"href":"https:\/\/www.segasanitary.com\/fr\/wp-json\/wp\/v2\/media?parent=483"}],"wp:term":[{"taxonomy":"product_brand","embeddable":true,"href":"https:\/\/www.segasanitary.com\/fr\/wp-json\/wp\/v2\/product_brand?post=483"},{"taxonomy":"product_cat","embeddable":true,"href":"https:\/\/www.segasanitary.com\/fr\/wp-json\/wp\/v2\/product_cat?post=483"},{"taxonomy":"product_tag","embeddable":true,"href":"https:\/\/www.segasanitary.com\/fr\/wp-json\/wp\/v2\/product_tag?post=483"}],"curies":[{"name":"wp","href":"https:\/\/api.w.org\/{rel}","templated":true}]}}