{"id":459,"date":"2026-03-18T09:32:26","date_gmt":"2026-03-18T09:32:26","guid":{"rendered":"https:\/\/www.segasanitary.com\/?post_type=product&#038;p=459"},"modified":"2026-03-19T02:31:44","modified_gmt":"2026-03-19T02:31:44","slug":"wholesale-pedestal-basin","status":"publish","type":"product","link":"https:\/\/www.segasanitary.com\/fr\/product\/wholesale-pedestal-basin\/","title":{"rendered":"Wholesale Pedestal Basin, Custom One-Piece Square Pedestal Sink"},"content":{"rendered":"<div class=\"wp-block-columns is-layout-flex wp-container-core-columns-is-layout-9d6595d7 wp-block-columns-is-layout-flex\">\n<div class=\"wp-block-column is-vertically-aligned-center is-layout-flow wp-block-column-is-layout-flow\">\n<h2 class=\"wp-block-heading\">Cuvette \u00e0 pi\u00e9destal Caract\u00e9ristiques :<\/h2>\n\n\n\n<p><strong>Construction monobloc \u00e9l\u00e9gante :<\/strong> Utilise un <strong>moulage en une pi\u00e8ce<\/strong> processus. Le bassin et la base s'assemblent de mani\u00e8re transparente, cr\u00e9ant des lignes douces et \u00e9liminant les zones difficiles \u00e0 nettoyer, ce qui facilite grandement le nettoyage.<\/p>\n\n\n\n<p><strong>G\u00e9om\u00e9trie carr\u00e9e minimaliste :<\/strong> Le design carr\u00e9 minimaliste s'inscrit dans la tendance actuelle du design \u201cLess is More\u201d, ajoutant une beaut\u00e9 architecturale \u00e0 l'espace de la salle de bains.<\/p>\n\n\n\n<p><strong>Fixation efficace de l'espace et de l'arri\u00e8re du mur :<\/strong> Le panneau arri\u00e8re est fix\u00e9 au mur, dissimulant les tuyaux d'\u00e9vacuation arri\u00e8re et \u00e9conomisant de l'espace. Il convient aux salles de bains de diff\u00e9rentes tailles.<\/p>\n\n\n\n<p><strong>Durabilit\u00e9 de niveau industriel :<\/strong> Fabriqu\u00e9e en c\u00e9ramique de qualit\u00e9 sup\u00e9rieure de grade A, cuite \u00e0 1280\u00b0C, la gla\u00e7ure est dense et dure, et poss\u00e8de une excellente r\u00e9sistance \u00e0 l'autonettoyage et \u00e0 la corrosion, ce qui lui permet de rester brillante et neuve, m\u00eame dans les environnements commerciaux \u00e0 haute fr\u00e9quence.<\/p>\n\n\n\n<p><strong>Trou pr\u00e9-perc\u00e9 pour le trop-plein et le robinet :<\/strong> Dot\u00e9 d'un robinet monotrou et d'un trop-plein dissimul\u00e9, il emp\u00eache efficacement les \u00e9claboussures et l'accumulation d'eau, offrant ainsi une excellente exp\u00e9rience \u00e0 l'utilisateur.<\/p>\n<\/div>\n\n\n\n<div class=\"wp-block-column is-layout-flow wp-block-column-is-layout-flow\">\n<figure class=\"wp-block-image size-full\"><img decoding=\"async\" width=\"904\" height=\"631\" src=\"https:\/\/www.segasanitary.com\/wp-content\/uploads\/2026\/03\/Wholesale-Pedestal-Basin-P-7004L-2.webp\" alt=\"Wholesale Pedestal Basin\" class=\"wp-image-467\" srcset=\"https:\/\/www.segasanitary.com\/wp-content\/uploads\/2026\/03\/Wholesale-Pedestal-Basin-P-7004L-2.webp 904w, https:\/\/www.segasanitary.com\/wp-content\/uploads\/2026\/03\/Wholesale-Pedestal-Basin-P-7004L-2-300x209.webp 300w, https:\/\/www.segasanitary.com\/wp-content\/uploads\/2026\/03\/Wholesale-Pedestal-Basin-P-7004L-2-768x536.webp 768w, https:\/\/www.segasanitary.com\/wp-content\/uploads\/2026\/03\/Wholesale-Pedestal-Basin-P-7004L-2-600x419.webp 600w\" sizes=\"(max-width: 904px) 100vw, 904px\" \/><\/figure>\n<\/div>\n<\/div>","protected":false},"excerpt":{"rendered":"<p>Vasques sur pied en gros, avec un design carr\u00e9 int\u00e9gr\u00e9 et une vasque en c\u00e9ramique sans joint, combinant une esth\u00e9tique sculpturale et un aspect pratique peu encombrant, convenant aux h\u00f4tels, aux salles d'exposition et aux projets r\u00e9sidentiels de luxe. Des couleurs, des logos et des emballages personnalis\u00e9s sont disponibles. Approvisionnement en vrac direct de l'usine, renseignez-vous d\u00e8s maintenant !<\/p>\n<h2>Sp\u00e9cifications du produit :<\/h2>\n<table>\n<tbody>\n<tr>\n<td><strong>Attribut<\/strong><\/td>\n<td>\u00a0<span data-path-to-node=\"13,0,1,0\">Sp\u00e9cifications<\/span><\/td>\n<\/tr>\n<tr>\n<td><strong>Mod\u00e8le<\/strong><\/td>\n<td>\u00a0<span data-path-to-node=\"22,1,1,0\">P-7004L<\/span><\/td>\n<\/tr>\n<tr>\n<td><strong>Type de produit<\/strong><\/td>\n<td>\u00a0<span data-path-to-node=\"22,2,1,0\">Cuvette \u00e0 pi\u00e9destal monobloc<\/span><\/td>\n<\/tr>\n<tr>\n<td><strong>Mat\u00e9riau<\/strong><\/td>\n<td>C\u00e9ramique<\/td>\n<\/tr>\n<tr>\n<td><strong>Couleur<\/strong><\/td>\n<td>Blanc (couleurs personnalis\u00e9es disponibles)<\/td>\n<\/tr>\n<tr>\n<td><strong>Installation<\/strong><\/td>\n<td>Autonome \/ Fixation au mur<\/td>\n<\/tr>\n<tr>\n<td><strong>Taille<\/strong><\/td>\n<td>\u00a0<span data-path-to-node=\"22,4,1,0\">410 x 410 x 835 mm<\/span><\/td>\n<\/tr>\n<\/tbody>\n<\/table>","protected":false},"featured_media":466,"comment_status":"closed","ping_status":"closed","template":"","meta":{"_acf_changed":false},"product_brand":[],"product_cat":[22,31],"product_tag":[],"class_list":{"0":"post-459","1":"product","2":"type-product","3":"status-publish","4":"has-post-thumbnail","6":"product_cat-wholesale-wash-basin","7":"product_cat-wholesale-pedestal-wah-basin","9":"first","10":"instock","11":"shipping-taxable","12":"product-type-simple"},"acf":[],"_links":{"self":[{"href":"https:\/\/www.segasanitary.com\/fr\/wp-json\/wp\/v2\/product\/459","targetHints":{"allow":["GET"]}}],"collection":[{"href":"https:\/\/www.segasanitary.com\/fr\/wp-json\/wp\/v2\/product"}],"about":[{"href":"https:\/\/www.segasanitary.com\/fr\/wp-json\/wp\/v2\/types\/product"}],"replies":[{"embeddable":true,"href":"https:\/\/www.segasanitary.com\/fr\/wp-json\/wp\/v2\/comments?post=459"}],"wp:featuredmedia":[{"embeddable":true,"href":"https:\/\/www.segasanitary.com\/fr\/wp-json\/wp\/v2\/media\/466"}],"wp:attachment":[{"href":"https:\/\/www.segasanitary.com\/fr\/wp-json\/wp\/v2\/media?parent=459"}],"wp:term":[{"taxonomy":"product_brand","embeddable":true,"href":"https:\/\/www.segasanitary.com\/fr\/wp-json\/wp\/v2\/product_brand?post=459"},{"taxonomy":"product_cat","embeddable":true,"href":"https:\/\/www.segasanitary.com\/fr\/wp-json\/wp\/v2\/product_cat?post=459"},{"taxonomy":"product_tag","embeddable":true,"href":"https:\/\/www.segasanitary.com\/fr\/wp-json\/wp\/v2\/product_tag?post=459"}],"curies":[{"name":"wp","href":"https:\/\/api.w.org\/{rel}","templated":true}]}}