{"id":441,"date":"2026-03-18T08:53:52","date_gmt":"2026-03-18T08:53:52","guid":{"rendered":"https:\/\/www.segasanitary.com\/?post_type=product&#038;p=441"},"modified":"2026-03-19T02:33:33","modified_gmt":"2026-03-19T02:33:33","slug":"wholesale-cabinets-wash-basin","status":"publish","type":"product","link":"https:\/\/www.segasanitary.com\/fr\/product\/wholesale-cabinets-wash-basin\/","title":{"rendered":"Wholesale Cabinets Wash Basin, Ceramic Sink for Bathroom Cabinets in Bulk (Lavabo en c\u00e9ramique pour armoires de salle de bain en vrac)"},"content":{"rendered":"<div class=\"wp-block-columns is-layout-flex wp-container-core-columns-is-layout-9d6595d7 wp-block-columns-is-layout-flex\">\n<div class=\"wp-block-column is-vertically-aligned-center is-layout-flow wp-block-column-is-layout-flow\">\n<h2 class=\"wp-block-heading\">Armoires Dimensions du lavabo :<\/h2>\n\n\n\n<figure class=\"wp-block-table\"><table class=\"has-fixed-layout\"><thead><tr><td><strong>Mod\u00e8le<\/strong><\/td><td><strong>Dimensions (LxLxH)<\/strong><\/td><\/tr><\/thead><tbody><tr><td><strong>9060A<\/strong><\/td><td>600 x 460 x 180 mm<\/td><\/tr><tr><td><strong>9080A<\/strong><\/td><td>800 x 460 x 180 mm<\/td><\/tr><tr><td><strong>9090A<\/strong><\/td><td>900 x 460 x 180 mm<\/td><\/tr><tr><td><strong>9100A<\/strong><\/td><td>1000 x 460 x 180 mm<\/td><\/tr><\/tbody><\/table><\/figure>\n<\/div>\n\n\n\n<div class=\"wp-block-column is-layout-flow wp-block-column-is-layout-flow\">\n<figure class=\"wp-block-image size-full\"><img decoding=\"async\" width=\"800\" height=\"800\" src=\"https:\/\/www.segasanitary.com\/wp-content\/uploads\/2026\/03\/wholesale-cabinets-wash-basin-90A-2.webp\" alt=\"grossiste armoires lavabo 90A\" class=\"wp-image-443\" srcset=\"https:\/\/www.segasanitary.com\/wp-content\/uploads\/2026\/03\/wholesale-cabinets-wash-basin-90A-2.webp 800w, https:\/\/www.segasanitary.com\/wp-content\/uploads\/2026\/03\/wholesale-cabinets-wash-basin-90A-2-300x300.webp 300w, https:\/\/www.segasanitary.com\/wp-content\/uploads\/2026\/03\/wholesale-cabinets-wash-basin-90A-2-150x150.webp 150w, https:\/\/www.segasanitary.com\/wp-content\/uploads\/2026\/03\/wholesale-cabinets-wash-basin-90A-2-768x768.webp 768w, https:\/\/www.segasanitary.com\/wp-content\/uploads\/2026\/03\/wholesale-cabinets-wash-basin-90A-2-600x600.webp 600w, https:\/\/www.segasanitary.com\/wp-content\/uploads\/2026\/03\/wholesale-cabinets-wash-basin-90A-2-100x100.webp 100w\" sizes=\"(max-width: 800px) 100vw, 800px\" \/><\/figure>\n<\/div>\n<\/div>\n\n\n\n<div class=\"wp-block-columns is-layout-flex wp-container-core-columns-is-layout-9d6595d7 wp-block-columns-is-layout-flex\">\n<div class=\"wp-block-column is-layout-flow wp-block-column-is-layout-flow\">\n<figure class=\"wp-block-image size-full\"><img decoding=\"async\" width=\"800\" height=\"800\" src=\"https:\/\/www.segasanitary.com\/wp-content\/uploads\/2026\/03\/wholesale-cabinets-wash-basin-90A-1.webp\" alt=\"grossiste armoires lavabo 90A\" class=\"wp-image-442\" srcset=\"https:\/\/www.segasanitary.com\/wp-content\/uploads\/2026\/03\/wholesale-cabinets-wash-basin-90A-1.webp 800w, https:\/\/www.segasanitary.com\/wp-content\/uploads\/2026\/03\/wholesale-cabinets-wash-basin-90A-1-300x300.webp 300w, https:\/\/www.segasanitary.com\/wp-content\/uploads\/2026\/03\/wholesale-cabinets-wash-basin-90A-1-150x150.webp 150w, https:\/\/www.segasanitary.com\/wp-content\/uploads\/2026\/03\/wholesale-cabinets-wash-basin-90A-1-768x768.webp 768w, https:\/\/www.segasanitary.com\/wp-content\/uploads\/2026\/03\/wholesale-cabinets-wash-basin-90A-1-600x600.webp 600w, https:\/\/www.segasanitary.com\/wp-content\/uploads\/2026\/03\/wholesale-cabinets-wash-basin-90A-1-100x100.webp 100w\" sizes=\"(max-width: 800px) 100vw, 800px\" \/><\/figure>\n<\/div>\n\n\n\n<div class=\"wp-block-column is-vertically-aligned-center is-layout-flow wp-block-column-is-layout-flow\">\n<h2 class=\"wp-block-heading\">Cabinets Lavabo Caract\u00e9ristiques :<\/h2>\n\n\n\n<p><strong>Esth\u00e9tique des bords ultra-minces :<\/strong> Avec son design minimaliste \u00e0 bords fins et ses lignes \u00e9pur\u00e9es, cette vasque s'adapte parfaitement au bord du meuble de salle de bains. Elle rehausse l'aspect moderne de l'ensemble de la maison et maximise l'espace utilisable \u00e0 l'int\u00e9rieur de la vasque.<\/p>\n\n\n\n<p><strong>S\u00e9rie compl\u00e8te multi-taille :<\/strong> Offre quatre longueurs standard : 600 mm, 800 mm, 900 mm et 1000 mm, ce qui permet aux entrepreneurs et aux \u00e9b\u00e9nistes de s'adapter facilement aux besoins en armoires de salle de bains personnalis\u00e9es des diff\u00e9rents agencements d'appartements.<\/p>\n\n\n\n<p><strong>Int\u00e9gration transparente avec les armoires : <\/strong>Optimis\u00e9 pour une installation \u00e0 encastrer\/\u00e0 poser dans une armoire. La structure plate de la base du bassin s'int\u00e8gre parfaitement aux armoires de salle de bains en bois ou en m\u00e9tal, emp\u00eachant efficacement les fuites d'eau et simplifiant le processus d'assemblage.<\/p>\n\n\n\n<p><strong>Qualit\u00e9 sup\u00e9rieure de la porcelaine vitrifi\u00e9e : <\/strong>Fabriqu\u00e9 avec de la c\u00e9ramique de qualit\u00e9 sup\u00e9rieure de grade A, cuite \u00e0 1280\u00b0C. L'\u00e9mail est extr\u00eamement lisse et r\u00e9sistant aux chocs, ce qui le rend id\u00e9al pour un usage r\u00e9sidentiel et commercial \u00e0 haute fr\u00e9quence.<\/p>\n\n\n\n<p><strong>Trop-plein fonctionnel et trou de robinet :<\/strong> Chaque mod\u00e8le est \u00e9quip\u00e9 d'une sortie de trop-plein standard et d'un robinet \u00e0 trou unique. La pente de drainage est calcul\u00e9e avec pr\u00e9cision pour assurer un \u00e9coulement r\u00e9gulier de l'eau et \u00e9liminer les probl\u00e8mes d'accumulation d'eau et de tartre.<\/p>\n<\/div>\n<\/div>","protected":false},"excerpt":{"rendered":"<p>Vasque en gros avec des rebords ultra-fins et un aspect propre, con\u00e7u pour les vanit\u00e9s de salles de bains modernes. Disponible en diff\u00e9rentes tailles de 600 mm \u00e0 1000 mm, id\u00e9al pour les grossistes et les fabricants de meubles. Contactez-nous d\u00e8s aujourd'hui pour obtenir un prix direct.<\/p>\n<h2>Sp\u00e9cifications du produit :<\/h2>\n<table>\n<tbody>\n<tr>\n<td><strong>Attribut<\/strong><\/td>\n<td>\u00a0<span data-path-to-node=\"13,0,1,0\">Sp\u00e9cifications<\/span><\/td>\n<\/tr>\n<tr>\n<td><strong>Mod\u00e8le<\/strong><\/td>\n<td>90A<\/td>\n<\/tr>\n<tr>\n<td><strong>Type de produit<\/strong><\/td>\n<td>Lavabo \u00e0 l'int\u00e9rieur de l'armoire \/ Lavabo de meuble<\/td>\n<\/tr>\n<tr>\n<td><strong>Mat\u00e9riau<\/strong><\/td>\n<td>C\u00e9ramique<\/td>\n<\/tr>\n<tr>\n<td><strong>Couleur<\/strong><\/td>\n<td>Blanc (couleurs personnalis\u00e9es disponibles)<\/td>\n<\/tr>\n<tr>\n<td><strong>Installation<\/strong><\/td>\n<td>Entr\u00e9e libre<\/td>\n<\/tr>\n<tr>\n<td><strong>Longueur<\/strong><\/td>\n<td>\u00a0600mm, 800mm, 900mm, 1000mm<\/td>\n<\/tr>\n<\/tbody>\n<\/table>","protected":false},"featured_media":442,"comment_status":"closed","ping_status":"closed","template":"","meta":{"_acf_changed":false},"product_brand":[],"product_cat":[22,34],"product_tag":[],"class_list":{"0":"post-441","1":"product","2":"type-product","3":"status-publish","4":"has-post-thumbnail","6":"product_cat-wholesale-wash-basin","7":"product_cat-wholesale-cabinet-basin","9":"first","10":"instock","11":"shipping-taxable","12":"product-type-simple"},"acf":[],"_links":{"self":[{"href":"https:\/\/www.segasanitary.com\/fr\/wp-json\/wp\/v2\/product\/441","targetHints":{"allow":["GET"]}}],"collection":[{"href":"https:\/\/www.segasanitary.com\/fr\/wp-json\/wp\/v2\/product"}],"about":[{"href":"https:\/\/www.segasanitary.com\/fr\/wp-json\/wp\/v2\/types\/product"}],"replies":[{"embeddable":true,"href":"https:\/\/www.segasanitary.com\/fr\/wp-json\/wp\/v2\/comments?post=441"}],"wp:featuredmedia":[{"embeddable":true,"href":"https:\/\/www.segasanitary.com\/fr\/wp-json\/wp\/v2\/media\/442"}],"wp:attachment":[{"href":"https:\/\/www.segasanitary.com\/fr\/wp-json\/wp\/v2\/media?parent=441"}],"wp:term":[{"taxonomy":"product_brand","embeddable":true,"href":"https:\/\/www.segasanitary.com\/fr\/wp-json\/wp\/v2\/product_brand?post=441"},{"taxonomy":"product_cat","embeddable":true,"href":"https:\/\/www.segasanitary.com\/fr\/wp-json\/wp\/v2\/product_cat?post=441"},{"taxonomy":"product_tag","embeddable":true,"href":"https:\/\/www.segasanitary.com\/fr\/wp-json\/wp\/v2\/product_tag?post=441"}],"curies":[{"name":"wp","href":"https:\/\/api.w.org\/{rel}","templated":true}]}}