{"id":383,"date":"2026-03-18T06:50:13","date_gmt":"2026-03-18T06:50:13","guid":{"rendered":"https:\/\/www.segasanitary.com\/?post_type=product&#038;p=383"},"modified":"2026-03-19T02:34:53","modified_gmt":"2026-03-19T02:34:53","slug":"wholesale-two-piece-toilet","status":"publish","type":"product","link":"https:\/\/www.segasanitary.com\/fr\/product\/wholesale-two-piece-toilet\/","title":{"rendered":"Wholesale Two-Piece Toilet, Washdown Toilet Supplier"},"content":{"rendered":"<div class=\"wp-block-columns is-layout-flex wp-container-core-columns-is-layout-9d6595d7 wp-block-columns-is-layout-flex\">\n<div class=\"wp-block-column is-vertically-aligned-center is-layout-flow wp-block-column-is-layout-flow\">\n<h2 class=\"wp-block-heading\">Toilettes deux pi\u00e8ces Caract\u00e9ristiques :<\/h2>\n\n\n\n<p><strong>Design contemporain \u00e9pur\u00e9 :<\/strong> Le M-5019 est dot\u00e9 d'une jupe compl\u00e8te qui dissimule les tuyaux d'\u00e9vacuation. Ses lignes \u00e9pur\u00e9es renforcent non seulement son attrait esth\u00e9tique, mais \u00e9liminent \u00e9galement les zones mortes de nettoyage, ce qui en fait un choix populaire pour les projets r\u00e9sidentiels et commerciaux modernes.<\/p>\n\n\n\n<p><strong>Technologie de rin\u00e7age sup\u00e9rieure : <\/strong>\u00c9quip\u00e9 d'un syst\u00e8me de double rin\u00e7age \u00e0 haute efficacit\u00e9, le puissant d\u00e9bit d'eau assure un rin\u00e7age complet tout en r\u00e9duisant consid\u00e9rablement la consommation d'eau, conform\u00e9ment aux normes de certification en mati\u00e8re d'environnement et d'\u00e9conomie d'eau.<\/p>\n\n\n\n<p><strong>Mat\u00e9riau c\u00e9ramique de premi\u00e8re qualit\u00e9 : <\/strong>Fabriqu\u00e9 \u00e0 partir d'argile de haute qualit\u00e9 cuite \u00e0 1280\u00b0C, ce qui permet une absorption d'eau extr\u00eamement faible. La surface est recouverte d'une nano-gla\u00e7ure autonettoyante, antibact\u00e9rienne, r\u00e9sistante aux taches et d'une grande solidit\u00e9 des couleurs.<\/p>\n\n\n\n<p><strong>Fonctionnement ergonomique et silencieux :<\/strong> Il est dot\u00e9 d'un couvercle ergonomique ultra-mince et d'un si\u00e8ge \u00e0 fermeture souple UF\/PP standard, qui pr\u00e9vient efficacement le bruit et les dommages caus\u00e9s par les chocs du couvercle.<\/p>\n\n\n\n<p><strong>Con\u00e7u pour les march\u00e9s mondiaux :<\/strong><\/p>\n\n\n\n<ul class=\"wp-block-list\">\n<li><strong>Installation facile :<\/strong> Conception standard de l'installation brute, compatible avec les codes de construction de la plupart des pays et r\u00e9gions.<\/li>\n\n\n\n<li><strong>Fiabilit\u00e9 B2B :<\/strong> Optimis\u00e9 pour les exportations en vrac avec un emballage en carton ondul\u00e9 \u00e9pais \u00e0 5 couches de qualit\u00e9 export, garantissant la s\u00e9curit\u00e9 du produit pendant la logistique transfrontali\u00e8re.<\/li>\n<\/ul>\n<\/div>\n\n\n\n<div class=\"wp-block-column is-layout-flow wp-block-column-is-layout-flow\">\n<figure class=\"wp-block-image size-full\"><img decoding=\"async\" width=\"500\" height=\"500\" src=\"https:\/\/www.segasanitary.com\/wp-content\/uploads\/2026\/03\/wholesale-two-piece-toilet-M-5019-2.jpg\" alt=\"wholesale two piece toilet\" class=\"wp-image-385\" srcset=\"https:\/\/www.segasanitary.com\/wp-content\/uploads\/2026\/03\/wholesale-two-piece-toilet-M-5019-2.jpg 500w, https:\/\/www.segasanitary.com\/wp-content\/uploads\/2026\/03\/wholesale-two-piece-toilet-M-5019-2-300x300.jpg 300w, https:\/\/www.segasanitary.com\/wp-content\/uploads\/2026\/03\/wholesale-two-piece-toilet-M-5019-2-150x150.jpg 150w, https:\/\/www.segasanitary.com\/wp-content\/uploads\/2026\/03\/wholesale-two-piece-toilet-M-5019-2-100x100.jpg 100w\" sizes=\"(max-width: 500px) 100vw, 500px\" \/><\/figure>\n<\/div>\n<\/div>","protected":false},"excerpt":{"rendered":"<p>Les toilettes deux pi\u00e8ces M-5019 de Wholesale pr\u00e9sentent un aspect \u00e9l\u00e9gant et moderne, une ing\u00e9nierie robuste, un syst\u00e8me de double chasse d'eau et une conception murale. Fabriqu\u00e9 selon les normes de qualit\u00e9 internationales, il est id\u00e9al pour les entrepreneurs h\u00f4teliers et les grossistes en salles de bains qui recherchent la fiabilit\u00e9 et un style moderne. Fourniture directe \u00e0 l'usine, certifi\u00e9e CUPC\/CE\/SASO, renseignez-vous d\u00e8s maintenant pour conna\u00eetre les prix !<\/p>\n<h2>Sp\u00e9cifications du produit :<\/h2>\n<table>\n<tbody>\n<tr>\n<td><strong>Attribut<\/strong><\/td>\n<td>\u00a0<span data-path-to-node=\"13,0,1,0\">Sp\u00e9cifications<\/span><\/td>\n<\/tr>\n<tr>\n<td><strong>Mod\u00e8le<\/strong><\/td>\n<td>M-5019<\/td>\n<\/tr>\n<tr>\n<td><strong>Type de produit<\/strong><\/td>\n<td>Toilettes deux pi\u00e8ces<\/td>\n<\/tr>\n<tr>\n<td><strong>Mat\u00e9riau<\/strong><\/td>\n<td>C\u00e9ramique<\/td>\n<\/tr>\n<tr>\n<td><strong>Couleur<\/strong><\/td>\n<td>Blanc (couleurs personnalis\u00e9es disponibles)<\/td>\n<\/tr>\n<tr>\n<td><strong>Syst\u00e8me de rin\u00e7age<\/strong><\/td>\n<td>Rin\u00e7age de l'installation de lavage<\/td>\n<\/tr>\n<tr>\n<td><strong>Taille du produit<\/strong><\/td>\n<td>650 \u00d7 340 \u00d7 770 mm<\/td>\n<\/tr>\n<tr>\n<td><strong>Rough-in<\/strong><\/td>\n<td>\u00a0<span data-path-to-node=\"21,6,1,0\">Pi\u00e8ge en S 250\/300mm<\/span><\/td>\n<\/tr>\n<tr>\n<td><strong>Type d'installation<\/strong><\/td>\n<td>Montage au sol<\/td>\n<\/tr>\n<\/tbody>\n<\/table>","protected":false},"featured_media":384,"comment_status":"closed","ping_status":"closed","template":"","meta":{"_acf_changed":false},"product_brand":[],"product_cat":[23,29],"product_tag":[],"class_list":{"0":"post-383","1":"product","2":"type-product","3":"status-publish","4":"has-post-thumbnail","6":"product_cat-wholesale-toilets","7":"product_cat-wholesale-two-piece-toilet","9":"first","10":"instock","11":"shipping-taxable","12":"product-type-simple"},"acf":[],"_links":{"self":[{"href":"https:\/\/www.segasanitary.com\/fr\/wp-json\/wp\/v2\/product\/383","targetHints":{"allow":["GET"]}}],"collection":[{"href":"https:\/\/www.segasanitary.com\/fr\/wp-json\/wp\/v2\/product"}],"about":[{"href":"https:\/\/www.segasanitary.com\/fr\/wp-json\/wp\/v2\/types\/product"}],"replies":[{"embeddable":true,"href":"https:\/\/www.segasanitary.com\/fr\/wp-json\/wp\/v2\/comments?post=383"}],"wp:featuredmedia":[{"embeddable":true,"href":"https:\/\/www.segasanitary.com\/fr\/wp-json\/wp\/v2\/media\/384"}],"wp:attachment":[{"href":"https:\/\/www.segasanitary.com\/fr\/wp-json\/wp\/v2\/media?parent=383"}],"wp:term":[{"taxonomy":"product_brand","embeddable":true,"href":"https:\/\/www.segasanitary.com\/fr\/wp-json\/wp\/v2\/product_brand?post=383"},{"taxonomy":"product_cat","embeddable":true,"href":"https:\/\/www.segasanitary.com\/fr\/wp-json\/wp\/v2\/product_cat?post=383"},{"taxonomy":"product_tag","embeddable":true,"href":"https:\/\/www.segasanitary.com\/fr\/wp-json\/wp\/v2\/product_tag?post=383"}],"curies":[{"name":"wp","href":"https:\/\/api.w.org\/{rel}","templated":true}]}}