{"id":219,"date":"2026-03-14T11:50:05","date_gmt":"2026-03-14T11:50:05","guid":{"rendered":"https:\/\/www.segasanitary.com\/?post_type=product&#038;p=219"},"modified":"2026-03-19T02:35:04","modified_gmt":"2026-03-19T02:35:04","slug":"wholesale-one-piece-toilet","status":"publish","type":"product","link":"https:\/\/www.segasanitary.com\/fr\/product\/wholesale-one-piece-toilet\/","title":{"rendered":"Wholesale One-Piece Toilet, Dual Flush Tornado Flush Supplier"},"content":{"rendered":"<div class=\"wp-block-columns is-layout-flex wp-container-core-columns-is-layout-9d6595d7 wp-block-columns-is-layout-flex\">\n<div class=\"wp-block-column is-vertically-aligned-center is-layout-flow wp-block-column-is-layout-flow\">\n<h2 class=\"wp-block-heading\">Toilette monobloc Caract\u00e9ristiques :<\/h2>\n\n\n\n<p><strong>Syst\u00e8me efficace de rin\u00e7age par vortex :<\/strong> La technologie avanc\u00e9e de rin\u00e7age par vortex assure un d\u00e9bit d'eau puissant et efficace, garantissant une \u00e9limination effective des d\u00e9chets tout en maintenant une faible consommation d'eau.<\/p>\n\n\n\n<p><strong>Construction en c\u00e9ramique durable : <\/strong>Fabriqu\u00e9es avec des mat\u00e9riaux c\u00e9ramiques de haute qualit\u00e9 et un gla\u00e7age lisse, les toilettes offrent une excellente durabilit\u00e9, une r\u00e9sistance aux taches et un entretien facile.<\/p>\n\n\n\n<p><strong>Design moderne en une seule pi\u00e8ce : <\/strong>La structure monobloc sans soudure cr\u00e9e une apparence propre et \u00e9l\u00e9gante dans la salle de bains, tout en r\u00e9duisant l'accumulation de salet\u00e9s pour un nettoyage plus facile.<\/p>\n\n\n\n<p><strong>Hauteur ergonomique confortable : <\/strong>Con\u00e7u avec une hauteur confortable et des proportions \u00e9quilibr\u00e9es pour offrir une exp\u00e9rience agr\u00e9able \u00e0 l'utilisateur dans les environnements r\u00e9sidentiels et commerciaux.<\/p>\n<\/div>\n\n\n\n<div class=\"wp-block-column is-layout-flow wp-block-column-is-layout-flow\">\n<figure class=\"wp-block-image size-full\"><img decoding=\"async\" width=\"800\" height=\"800\" src=\"https:\/\/www.segasanitary.com\/wp-content\/uploads\/2026\/03\/wholesale-one-piece-toilet.webp\" alt=\"Toilettes monobloc en gros\" class=\"wp-image-389\" srcset=\"https:\/\/www.segasanitary.com\/wp-content\/uploads\/2026\/03\/wholesale-one-piece-toilet.webp 800w, https:\/\/www.segasanitary.com\/wp-content\/uploads\/2026\/03\/wholesale-one-piece-toilet-300x300.webp 300w, https:\/\/www.segasanitary.com\/wp-content\/uploads\/2026\/03\/wholesale-one-piece-toilet-150x150.webp 150w, https:\/\/www.segasanitary.com\/wp-content\/uploads\/2026\/03\/wholesale-one-piece-toilet-768x768.webp 768w, https:\/\/www.segasanitary.com\/wp-content\/uploads\/2026\/03\/wholesale-one-piece-toilet-600x600.webp 600w, https:\/\/www.segasanitary.com\/wp-content\/uploads\/2026\/03\/wholesale-one-piece-toilet-100x100.webp 100w\" sizes=\"(max-width: 800px) 100vw, 800px\" \/><\/figure>\n<\/div>\n<\/div>","protected":false},"excerpt":{"rendered":"<p>Les toilettes monobloc Wholesale sont dot\u00e9es d'un design moderne en c\u00e9ramique et d'un syst\u00e8me de chasse d'eau \u00e0 vortex efficace pour une performance performante et une \u00e9conomie d'eau. Con\u00e7u pour les salles de bains r\u00e9sidentielles et commerciales, ce mod\u00e8le offre une qualit\u00e9 fiable, un nettoyage facile et une efficacit\u00e9 de chasse stable. Nous fabriquons nos produits directement en usine et nous proposons des services personnalis\u00e9s OEM. Renseignez-vous d\u00e8s aujourd'hui !<\/p>\n<h2>Sp\u00e9cifications du produit :<\/h2>\n<table>\n<tbody>\n<tr>\n<td><strong>Attribut<\/strong><\/td>\n<td>\u00a0<span data-path-to-node=\"13,0,1,0\">Sp\u00e9cifications<\/span><\/td>\n<\/tr>\n<tr>\n<td><strong>Mod\u00e8le<\/strong><\/td>\n<td>M-9305<\/td>\n<\/tr>\n<tr>\n<td><strong>Type de produit<\/strong><\/td>\n<td>Toilettes en une pi\u00e8ce<\/td>\n<\/tr>\n<tr>\n<td><strong>Mat\u00e9riau<\/strong><\/td>\n<td>C\u00e9ramique<\/td>\n<\/tr>\n<tr>\n<td><strong>Couleur<\/strong><\/td>\n<td>Blanc (couleurs personnalis\u00e9es disponibles)<\/td>\n<\/tr>\n<tr>\n<td><strong>Syst\u00e8me de rin\u00e7age<\/strong><\/td>\n<td>Rin\u00e7age au vortex<\/td>\n<\/tr>\n<tr>\n<td><strong>Taille du produit<\/strong><\/td>\n<td>700 \u00d7 370 \u00d7 780 mm<\/td>\n<\/tr>\n<tr>\n<td><strong>Rough-in<\/strong><\/td>\n<td>300 \/ 400 mm<\/td>\n<\/tr>\n<tr>\n<td><strong>Type d'installation<\/strong><\/td>\n<td>Montage au sol<\/td>\n<\/tr>\n<\/tbody>\n<\/table>","protected":false},"featured_media":389,"comment_status":"closed","ping_status":"closed","template":"","meta":{"_acf_changed":false},"product_brand":[],"product_cat":[23,27],"product_tag":[],"class_list":{"0":"post-219","1":"product","2":"type-product","3":"status-publish","4":"has-post-thumbnail","6":"product_cat-wholesale-toilets","7":"product_cat-wholesale-one-piece-toilet","9":"first","10":"instock","11":"shipping-taxable","12":"product-type-simple"},"acf":[],"_links":{"self":[{"href":"https:\/\/www.segasanitary.com\/fr\/wp-json\/wp\/v2\/product\/219","targetHints":{"allow":["GET"]}}],"collection":[{"href":"https:\/\/www.segasanitary.com\/fr\/wp-json\/wp\/v2\/product"}],"about":[{"href":"https:\/\/www.segasanitary.com\/fr\/wp-json\/wp\/v2\/types\/product"}],"replies":[{"embeddable":true,"href":"https:\/\/www.segasanitary.com\/fr\/wp-json\/wp\/v2\/comments?post=219"}],"wp:featuredmedia":[{"embeddable":true,"href":"https:\/\/www.segasanitary.com\/fr\/wp-json\/wp\/v2\/media\/389"}],"wp:attachment":[{"href":"https:\/\/www.segasanitary.com\/fr\/wp-json\/wp\/v2\/media?parent=219"}],"wp:term":[{"taxonomy":"product_brand","embeddable":true,"href":"https:\/\/www.segasanitary.com\/fr\/wp-json\/wp\/v2\/product_brand?post=219"},{"taxonomy":"product_cat","embeddable":true,"href":"https:\/\/www.segasanitary.com\/fr\/wp-json\/wp\/v2\/product_cat?post=219"},{"taxonomy":"product_tag","embeddable":true,"href":"https:\/\/www.segasanitary.com\/fr\/wp-json\/wp\/v2\/product_tag?post=219"}],"curies":[{"name":"wp","href":"https:\/\/api.w.org\/{rel}","templated":true}]}}