{"id":910,"date":"2026-04-07T01:07:45","date_gmt":"2026-04-07T01:07:45","guid":{"rendered":"https:\/\/www.segasanitary.com\/?post_type=product&#038;p=910"},"modified":"2026-04-07T01:24:33","modified_gmt":"2026-04-07T01:24:33","slug":"custom-black-one-piece-toilet","status":"publish","type":"product","link":"https:\/\/www.segasanitary.com\/es\/product\/custom-black-one-piece-toilet\/","title":{"rendered":"Inodoro negro de una pieza a medida, inodoro sif\u00f3nico mate de lujo a granel"},"content":{"rendered":"<div class=\"wp-block-columns is-layout-flex wp-container-core-columns-is-layout-9d6595d7 wp-block-columns-is-layout-flex\">\n<div class=\"wp-block-column is-vertically-aligned-center is-layout-flow wp-block-column-is-layout-flow\">\n<h2 class=\"wp-block-heading\">Inodoro negro de una pieza Caracter\u00edsticas:<\/h2>\n\n\n\n<p><strong>Dise\u00f1o geom\u00e9trico poli\u00e9drico patentado<\/strong>: Un exclusivo exterior 3D con facetas de diamante realza la profundidad visual y la exclusividad, ayudando a que sus productos destaquen en mercados competitivos.<\/p>\n\n\n\n<p><strong>Nanoglaseado grafito mate<\/strong>: Esmalte mate de alta temperatura con una textura similar a la piedra que resiste las huellas dactilares, las manchas de agua y las marcas de aceite, ideal para cuartos de ba\u00f1o de tonos oscuros.<\/p>\n\n\n\n<p><strong>Sistema de lavado sif\u00f3nico Jet<\/strong>: El sif\u00f3n asistido por chorro de gran di\u00e1metro proporciona una eliminaci\u00f3n de residuos potente, eficaz y completa con un riesgo de obstrucci\u00f3n reducido.<\/p>\n\n\n\n<p><strong>Cuerpo cer\u00e1mico totalmente vitrificado<\/strong>: La cer\u00e1mica ultradensa con baja absorci\u00f3n de agua garantiza durabilidad a largo plazo, antifisuras y resistencia a los olores.<\/p>\n\n\n\n<p><strong>Funda de asiento de cierre suave UF:<\/strong> Asiento duradero de urea-formaldeh\u00eddo resistente a los ara\u00f1azos y funci\u00f3n de cierre suave y silencioso para una mayor comodidad de uso y longevidad.<\/p>\n\n\n\n<p><strong>Estricto sistema de control de calidad:<\/strong> El exhaustivo proceso de control de calidad de SEGA, desde las materias primas hasta los productos acabados, garantiza una calidad constante, durabilidad y cumplimiento de las normas internacionales.<\/p>\n\n\n\n<p><\/p>\n<\/div>\n\n\n\n<div class=\"wp-block-column is-layout-flow wp-block-column-is-layout-flow\">\n<figure class=\"wp-block-image size-full\"><img decoding=\"async\" width=\"800\" height=\"800\" src=\"https:\/\/www.segasanitary.com\/wp-content\/uploads\/2026\/04\/Custom-Black-One-Piece-Toilet-Luxury-Matte-Siphonic-Toilet-in-Bulk-M-9174-1.webp\" alt=\"Inodoro negro de una pieza a medida, inodoro sif\u00f3nico mate de lujo a granel M-9174\" class=\"wp-image-912\" srcset=\"https:\/\/www.segasanitary.com\/wp-content\/uploads\/2026\/04\/Custom-Black-One-Piece-Toilet-Luxury-Matte-Siphonic-Toilet-in-Bulk-M-9174-1.webp 800w, https:\/\/www.segasanitary.com\/wp-content\/uploads\/2026\/04\/Custom-Black-One-Piece-Toilet-Luxury-Matte-Siphonic-Toilet-in-Bulk-M-9174-1-300x300.webp 300w, https:\/\/www.segasanitary.com\/wp-content\/uploads\/2026\/04\/Custom-Black-One-Piece-Toilet-Luxury-Matte-Siphonic-Toilet-in-Bulk-M-9174-1-150x150.webp 150w, https:\/\/www.segasanitary.com\/wp-content\/uploads\/2026\/04\/Custom-Black-One-Piece-Toilet-Luxury-Matte-Siphonic-Toilet-in-Bulk-M-9174-1-768x768.webp 768w, https:\/\/www.segasanitary.com\/wp-content\/uploads\/2026\/04\/Custom-Black-One-Piece-Toilet-Luxury-Matte-Siphonic-Toilet-in-Bulk-M-9174-1-12x12.webp 12w, https:\/\/www.segasanitary.com\/wp-content\/uploads\/2026\/04\/Custom-Black-One-Piece-Toilet-Luxury-Matte-Siphonic-Toilet-in-Bulk-M-9174-1-600x600.webp 600w, https:\/\/www.segasanitary.com\/wp-content\/uploads\/2026\/04\/Custom-Black-One-Piece-Toilet-Luxury-Matte-Siphonic-Toilet-in-Bulk-M-9174-1-100x100.webp 100w\" sizes=\"(max-width: 800px) 100vw, 800px\" \/><\/figure>\n<\/div>\n<\/div>","protected":false},"excerpt":{"rendered":"<p>Inodoro negro personalizado de una pieza con dise\u00f1o geom\u00e9trico patentado, acabado en grafito mate y potente descarga sif\u00f3nica para un rendimiento superior. Ideal para hoteles de gama alta y proyectos comerciales. P\u00f3ngase en contacto con nosotros para obtener precios directos de f\u00e1brica y soluciones a medida.<\/p>\n<h2>Especificaciones del producto:<\/h2>\n<table>\n<tbody>\n<tr>\n<td><strong>Atributo<\/strong><\/td>\n<td>\u00a0<span data-path-to-node=\"13,0,1,0\">Especificaci\u00f3n<\/span><\/td>\n<\/tr>\n<tr>\n<td><strong>Modelo<\/strong><\/td>\n<td><span data-path-to-node=\"13,1,1,0\">\u00a0M-9174<\/span><\/td>\n<\/tr>\n<tr>\n<td><strong>Tipo de producto<\/strong><\/td>\n<td><span data-path-to-node=\"22,1,1,0\">\u00a0Inodoro de una pieza sin borde<\/span><\/td>\n<\/tr>\n<tr>\n<td><strong>Material<\/strong><\/td>\n<td>\u00a0Cer\u00e1mica<\/td>\n<\/tr>\n<tr>\n<td><strong>Color<\/strong><\/td>\n<td>\u00a0Negro mate (colores personalizados disponibles)<\/td>\n<\/tr>\n<tr>\n<td><strong>Sistema de lavado<\/strong><\/td>\n<td>\u00a0<span data-path-to-node=\"13,9,1,0\">Lavado sin borde<\/span><\/td>\n<\/tr>\n<tr>\n<td><strong>Tama\u00f1o del producto<\/strong><\/td>\n<td>\u00a0620 \u00d7 355\u00d7 800 mm<\/td>\n<\/tr>\n<tr>\n<td><strong>Centros de fijaci\u00f3n<\/strong><\/td>\n<td>\n<p>S-trap,250mm Desbaste<\/p>\n<p>P-trap,180mm Desbaste<\/p>\n<\/td>\n<\/tr>\n<tr>\n<td><strong>Tipo de instalaci\u00f3n<\/strong><\/td>\n<td>\u00a0<span data-path-to-node=\"13,9,1,0\">Montaje en el suelo<\/span><\/td>\n<\/tr>\n<\/tbody>\n<\/table>","protected":false},"featured_media":911,"comment_status":"closed","ping_status":"closed","template":"","meta":{"_acf_changed":false},"product_brand":[],"product_cat":[49],"product_tag":[],"class_list":{"0":"post-910","1":"product","2":"type-product","3":"status-publish","4":"has-post-thumbnail","6":"product_cat-designer-sanitary-ware","8":"first","9":"instock","10":"shipping-taxable","11":"product-type-simple"},"acf":[],"_links":{"self":[{"href":"https:\/\/www.segasanitary.com\/es\/wp-json\/wp\/v2\/product\/910","targetHints":{"allow":["GET"]}}],"collection":[{"href":"https:\/\/www.segasanitary.com\/es\/wp-json\/wp\/v2\/product"}],"about":[{"href":"https:\/\/www.segasanitary.com\/es\/wp-json\/wp\/v2\/types\/product"}],"replies":[{"embeddable":true,"href":"https:\/\/www.segasanitary.com\/es\/wp-json\/wp\/v2\/comments?post=910"}],"wp:featuredmedia":[{"embeddable":true,"href":"https:\/\/www.segasanitary.com\/es\/wp-json\/wp\/v2\/media\/911"}],"wp:attachment":[{"href":"https:\/\/www.segasanitary.com\/es\/wp-json\/wp\/v2\/media?parent=910"}],"wp:term":[{"taxonomy":"product_brand","embeddable":true,"href":"https:\/\/www.segasanitary.com\/es\/wp-json\/wp\/v2\/product_brand?post=910"},{"taxonomy":"product_cat","embeddable":true,"href":"https:\/\/www.segasanitary.com\/es\/wp-json\/wp\/v2\/product_cat?post=910"},{"taxonomy":"product_tag","embeddable":true,"href":"https:\/\/www.segasanitary.com\/es\/wp-json\/wp\/v2\/product_tag?post=910"}],"curies":[{"name":"wp","href":"https:\/\/api.w.org\/{rel}","templated":true}]}}