{"id":907,"date":"2026-04-06T06:09:19","date_gmt":"2026-04-06T06:09:19","guid":{"rendered":"https:\/\/www.segasanitary.com\/?post_type=product&#038;p=907"},"modified":"2026-04-07T01:06:38","modified_gmt":"2026-04-07T01:06:38","slug":"wall-mount-toilet-wholesale","status":"publish","type":"product","link":"https:\/\/www.segasanitary.com\/es\/product\/wall-mount-toilet-wholesale\/","title":{"rendered":"Aseo de pared al por mayor, Aseo de cer\u00e1mica con textura de diamante acabado mate para proyectos Proveedor"},"content":{"rendered":"<div class=\"wp-block-columns is-layout-flex wp-container-core-columns-is-layout-9d6595d7 wp-block-columns-is-layout-flex\">\n<div class=\"wp-block-column is-vertically-aligned-center is-layout-flow wp-block-column-is-layout-flow\">\n<h2 class=\"wp-block-heading\">Inodoro de pared Caracter\u00edsticas:<\/h2>\n\n\n\n<p><strong>Exclusivo cuerpo de geometr\u00eda de diamante patentado:<\/strong> El exterior geom\u00e9trico en 3D crea una llamativa est\u00e9tica industrial, elevando el dise\u00f1o del ba\u00f1o y evitando la competencia de precios bajos.<\/p>\n\n\n\n<p><strong>Esmalte de terciopelo negro mate de primera calidad:<\/strong> El suave acabado mate complementa los interiores modernos oscuros o de estilo cemento, a la vez que resiste las huellas dactilares y las manchas.<\/p>\n\n\n\n<p><strong>Potente sistema de descarga sif\u00f3nica:<\/strong> El chorro de sif\u00f3n de alta eficacia garantiza una eliminaci\u00f3n de residuos r\u00e1pida, silenciosa y completa con un riesgo m\u00ednimo de obstrucci\u00f3n.<\/p>\n\n\n\n<p><strong>Cer\u00e1mica totalmente vitrificada de alta temperatura:<\/strong> La cer\u00e1mica ultradensa con baja absorci\u00f3n de agua garantiza durabilidad a largo plazo, resistencia a las manchas y prevenci\u00f3n de grietas.<\/p>\n\n\n\n<p><strong>Dise\u00f1o de falda completa f\u00e1cil de limpiar:<\/strong> El fald\u00f3n de una sola pieza sin costuras oculta el sif\u00f3n, elimina las esquinas sucias y reduce el tiempo de limpieza en hoteles y espacios p\u00fablicos.<\/p>\n\n\n\n<p><strong>Soporte de personalizaci\u00f3n del fabricante:<\/strong> Suministro directo de f\u00e1brica con opciones OEM\/ODM de tama\u00f1o, color, logotipo y embalaje para satisfacer los requisitos del proyecto y de la marca.<\/p>\n<\/div>\n\n\n\n<div class=\"wp-block-column is-layout-flow wp-block-column-is-layout-flow\">\n<figure class=\"wp-block-image size-full\"><img decoding=\"async\" width=\"800\" height=\"800\" src=\"https:\/\/www.segasanitary.com\/wp-content\/uploads\/2026\/04\/Toilet-One-Piece-Wholesale-Matte-Finish-Diamond-Textured-Ceramic-Toilet-for-Projects-Supplier-D-4174W.webp\" alt=\"Inodoro de una pieza al por mayor, Acabado mate con textura de diamante inodoro de cer\u00e1mica para proyectos Proveedor D-4174W\" class=\"wp-image-908\" srcset=\"https:\/\/www.segasanitary.com\/wp-content\/uploads\/2026\/04\/Toilet-One-Piece-Wholesale-Matte-Finish-Diamond-Textured-Ceramic-Toilet-for-Projects-Supplier-D-4174W.webp 800w, https:\/\/www.segasanitary.com\/wp-content\/uploads\/2026\/04\/Toilet-One-Piece-Wholesale-Matte-Finish-Diamond-Textured-Ceramic-Toilet-for-Projects-Supplier-D-4174W-300x300.webp 300w, https:\/\/www.segasanitary.com\/wp-content\/uploads\/2026\/04\/Toilet-One-Piece-Wholesale-Matte-Finish-Diamond-Textured-Ceramic-Toilet-for-Projects-Supplier-D-4174W-150x150.webp 150w, https:\/\/www.segasanitary.com\/wp-content\/uploads\/2026\/04\/Toilet-One-Piece-Wholesale-Matte-Finish-Diamond-Textured-Ceramic-Toilet-for-Projects-Supplier-D-4174W-768x768.webp 768w, https:\/\/www.segasanitary.com\/wp-content\/uploads\/2026\/04\/Toilet-One-Piece-Wholesale-Matte-Finish-Diamond-Textured-Ceramic-Toilet-for-Projects-Supplier-D-4174W-12x12.webp 12w, https:\/\/www.segasanitary.com\/wp-content\/uploads\/2026\/04\/Toilet-One-Piece-Wholesale-Matte-Finish-Diamond-Textured-Ceramic-Toilet-for-Projects-Supplier-D-4174W-600x600.webp 600w, https:\/\/www.segasanitary.com\/wp-content\/uploads\/2026\/04\/Toilet-One-Piece-Wholesale-Matte-Finish-Diamond-Textured-Ceramic-Toilet-for-Projects-Supplier-D-4174W-100x100.webp 100w\" sizes=\"(max-width: 800px) 100vw, 800px\" \/><\/figure>\n<\/div>\n<\/div>","protected":false},"excerpt":{"rendered":"<p>Inodoro de pared al por mayor con dise\u00f1o patentado de geometr\u00eda de diamante, acabado aterciopelado gris mate, potente descarga sif\u00f3nica y cer\u00e1mica totalmente vitrificada de alta temperatura. Duradero, f\u00e1cil de limpiar, ideal para hoteles y proyectos. Contacte para pedidos al por mayor y personalizaci\u00f3n.<\/p>\n<h2>Especificaciones del producto:<\/h2>\n<table>\n<tbody>\n<tr>\n<td><strong>Atributo<\/strong><\/td>\n<td>\u00a0<span data-path-to-node=\"13,0,1,0\">Especificaci\u00f3n<\/span><\/td>\n<\/tr>\n<tr>\n<td><strong>Modelo<\/strong><\/td>\n<td><span data-path-to-node=\"13,1,1,0\">D-4174W<\/span><\/td>\n<\/tr>\n<tr>\n<td><strong>Tipo de producto<\/strong><\/td>\n<td><span data-path-to-node=\"22,1,1,0\">Inodoro suspendido \/ flotante<\/span><\/td>\n<\/tr>\n<tr>\n<td><strong>Material<\/strong><\/td>\n<td>Cer\u00e1mica<\/td>\n<\/tr>\n<tr>\n<td><strong>Color<\/strong><\/td>\n<td>Negro mate (colores personalizados disponibles)<\/td>\n<\/tr>\n<tr>\n<td><strong>Sistema de lavado<\/strong><\/td>\n<td>\u00a0<span data-path-to-node=\"13,9,1,0\">Lavado sin borde<\/span><\/td>\n<\/tr>\n<tr>\n<td><strong>Tama\u00f1o del producto<\/strong><\/td>\n<td>520 \u00d7 360 \u00d7 370 mm<\/td>\n<\/tr>\n<tr>\n<td><strong>Centros de fijaci\u00f3n<\/strong><\/td>\n<td>180 mm (est\u00e1ndar)<\/td>\n<\/tr>\n<tr>\n<td><strong>Tipo de instalaci\u00f3n<\/strong><\/td>\n<td>Colgado de la pared \/ Montado en la pared<\/td>\n<\/tr>\n<\/tbody>\n<\/table>","protected":false},"featured_media":909,"comment_status":"closed","ping_status":"closed","template":"","meta":{"_acf_changed":false},"product_brand":[],"product_cat":[49],"product_tag":[],"class_list":{"0":"post-907","1":"product","2":"type-product","3":"status-publish","4":"has-post-thumbnail","6":"product_cat-designer-sanitary-ware","8":"first","9":"instock","10":"shipping-taxable","11":"product-type-simple"},"acf":[],"_links":{"self":[{"href":"https:\/\/www.segasanitary.com\/es\/wp-json\/wp\/v2\/product\/907","targetHints":{"allow":["GET"]}}],"collection":[{"href":"https:\/\/www.segasanitary.com\/es\/wp-json\/wp\/v2\/product"}],"about":[{"href":"https:\/\/www.segasanitary.com\/es\/wp-json\/wp\/v2\/types\/product"}],"replies":[{"embeddable":true,"href":"https:\/\/www.segasanitary.com\/es\/wp-json\/wp\/v2\/comments?post=907"}],"wp:featuredmedia":[{"embeddable":true,"href":"https:\/\/www.segasanitary.com\/es\/wp-json\/wp\/v2\/media\/909"}],"wp:attachment":[{"href":"https:\/\/www.segasanitary.com\/es\/wp-json\/wp\/v2\/media?parent=907"}],"wp:term":[{"taxonomy":"product_brand","embeddable":true,"href":"https:\/\/www.segasanitary.com\/es\/wp-json\/wp\/v2\/product_brand?post=907"},{"taxonomy":"product_cat","embeddable":true,"href":"https:\/\/www.segasanitary.com\/es\/wp-json\/wp\/v2\/product_cat?post=907"},{"taxonomy":"product_tag","embeddable":true,"href":"https:\/\/www.segasanitary.com\/es\/wp-json\/wp\/v2\/product_tag?post=907"}],"curies":[{"name":"wp","href":"https:\/\/api.w.org\/{rel}","templated":true}]}}