{"id":904,"date":"2026-04-06T03:05:48","date_gmt":"2026-04-06T03:05:48","guid":{"rendered":"https:\/\/www.segasanitary.com\/?post_type=product&#038;p=904"},"modified":"2026-04-06T03:24:41","modified_gmt":"2026-04-06T03:24:41","slug":"bathroom-wash-basin-wholesale","status":"publish","type":"product","link":"https:\/\/www.segasanitary.com\/es\/product\/bathroom-wash-basin-wholesale\/","title":{"rendered":"Lavabo de ba\u00f1o al por mayor, lavabo de lujo de superficie de diamante negro mate personalizado"},"content":{"rendered":"<div class=\"wp-block-columns is-layout-flex wp-container-core-columns-is-layout-9d6595d7 wp-block-columns-is-layout-flex\">\n<div class=\"wp-block-column is-vertically-aligned-center is-layout-flow wp-block-column-is-layout-flow\">\n<h2 class=\"wp-block-heading\">Lavabo Caracter\u00edsticas:<\/h2>\n\n\n\n<p><strong>Dise\u00f1o exclusivo patentado con corte de diamante:<\/strong> El exclusivo exterior geom\u00e9trico en 3D con facetas de diamante mejora la reflexi\u00f3n espacial de la luz, lo que ayuda a que sus productos destaquen en un mercado de sanitarios altamente competitivo.<\/p>\n\n\n\n<p><strong>Acabado negro mate de primera calidad:<\/strong> El revestimiento negro mate de alta gama ofrece una est\u00e9tica moderna a la vez que resiste las huellas dactilares, los ara\u00f1azos y el desgaste diario.<\/p>\n\n\n\n<p><strong>Cer\u00e1mica cocida a alta temperatura:<\/strong> Producido con vitrificaci\u00f3n a alta temperatura para una dureza superior, baja absorci\u00f3n de agua, rendimiento antifisuras y estabilidad duradera del color.<\/p>\n\n\n\n<p><strong>F\u00e1cil instalaci\u00f3n del recipiente:<\/strong> El dise\u00f1o sobre encimera s\u00f3lo requiere una abertura de desag\u00fce est\u00e1ndar, lo que simplifica la instalaci\u00f3n y realza el aspecto completo del lavabo.<\/p>\n\n\n\n<p><strong>Borde delgado con estructura de cuenca profunda:<\/strong> Los bordes lisos ultrafinos combinados con una profundidad optimizada reducen las salpicaduras a la vez que mantienen un aspecto limpio y refinado.<\/p>\n\n\n\n<p><strong>Soporte de personalizaci\u00f3n OEM\/ODM:<\/strong> Fabricante directo de f\u00e1brica que ofrece personalizaci\u00f3n flexible en tama\u00f1o, color, logotipo y embalaje para satisfacer las necesidades de proyectos a granel y de marca.<\/p>\n<\/div>\n\n\n\n<div class=\"wp-block-column is-layout-flow wp-block-column-is-layout-flow\">\n<figure class=\"wp-block-image size-full\"><img decoding=\"async\" width=\"800\" height=\"800\" src=\"https:\/\/www.segasanitary.com\/wp-content\/uploads\/2026\/04\/Bathroom-Wash-Basin-Wholesale-Luxury-Matte-Black-Diamond-Surface-Countertop-Basin-Custom-5174.webp\" alt=\"Lavabo de Ba\u00f1o al por mayor, Lavabo de Lujo con Superficie de Diamante Negro Mate Personalizado 5174\" class=\"wp-image-906\" srcset=\"https:\/\/www.segasanitary.com\/wp-content\/uploads\/2026\/04\/Bathroom-Wash-Basin-Wholesale-Luxury-Matte-Black-Diamond-Surface-Countertop-Basin-Custom-5174.webp 800w, https:\/\/www.segasanitary.com\/wp-content\/uploads\/2026\/04\/Bathroom-Wash-Basin-Wholesale-Luxury-Matte-Black-Diamond-Surface-Countertop-Basin-Custom-5174-300x300.webp 300w, https:\/\/www.segasanitary.com\/wp-content\/uploads\/2026\/04\/Bathroom-Wash-Basin-Wholesale-Luxury-Matte-Black-Diamond-Surface-Countertop-Basin-Custom-5174-150x150.webp 150w, https:\/\/www.segasanitary.com\/wp-content\/uploads\/2026\/04\/Bathroom-Wash-Basin-Wholesale-Luxury-Matte-Black-Diamond-Surface-Countertop-Basin-Custom-5174-768x768.webp 768w, https:\/\/www.segasanitary.com\/wp-content\/uploads\/2026\/04\/Bathroom-Wash-Basin-Wholesale-Luxury-Matte-Black-Diamond-Surface-Countertop-Basin-Custom-5174-12x12.webp 12w, https:\/\/www.segasanitary.com\/wp-content\/uploads\/2026\/04\/Bathroom-Wash-Basin-Wholesale-Luxury-Matte-Black-Diamond-Surface-Countertop-Basin-Custom-5174-600x600.webp 600w, https:\/\/www.segasanitary.com\/wp-content\/uploads\/2026\/04\/Bathroom-Wash-Basin-Wholesale-Luxury-Matte-Black-Diamond-Surface-Countertop-Basin-Custom-5174-100x100.webp 100w\" sizes=\"(max-width: 800px) 100vw, 800px\" \/><\/figure>\n<\/div>\n<\/div>\n\n\n\n<p><\/p>","protected":false},"excerpt":{"rendered":"<p>Lavabo de ba\u00f1o al por mayor con dise\u00f1o patentado de corte de diamante, acabado negro mate y cer\u00e1mica de alta temperatura para una mayor durabilidad y un atractivo moderno. Ideal para hoteles y proyectos de alta gama. P\u00f3ngase en contacto con nosotros para precios al por mayor y opciones de personalizaci\u00f3n.\u00a0<\/p>\n<h2>Especificaciones del producto:<\/h2>\n<table>\n<tbody>\n<tr>\n<td><strong>Atributo<\/strong><\/td>\n<td>\u00a0<span data-path-to-node=\"13,0,1,0\">Especificaci\u00f3n<\/span><\/td>\n<\/tr>\n<tr>\n<td><strong>Modelo<\/strong><\/td>\n<td>5174<\/td>\n<\/tr>\n<tr>\n<td><strong>Tipo de producto<\/strong><\/td>\n<td>\u00a0<span data-path-to-node=\"21,1,1,0\">Lavabo suspendido \/ Fregadero flotante<\/span><\/td>\n<\/tr>\n<tr>\n<td><strong>Material<\/strong><\/td>\n<td>\u00a0Cer\u00e1mica<\/td>\n<\/tr>\n<tr>\n<td><strong>Color<\/strong><\/td>\n<td>\u00a0Negro mate (colores personalizados disponibles)<\/td>\n<\/tr>\n<tr>\n<td><strong>Instalaci\u00f3n<\/strong><\/td>\n<td>\u00a0Montaje en pared<\/td>\n<\/tr>\n<tr>\n<td><strong>Tama\u00f1o del producto<\/strong><\/td>\n<td>\u00a0600 \u00d7 350 \u00d7 110 mm<\/td>\n<\/tr>\n<\/tbody>\n<\/table>","protected":false},"featured_media":905,"comment_status":"closed","ping_status":"closed","template":"","meta":{"_acf_changed":false},"product_brand":[],"product_cat":[49],"product_tag":[],"class_list":{"0":"post-904","1":"product","2":"type-product","3":"status-publish","4":"has-post-thumbnail","6":"product_cat-designer-sanitary-ware","8":"first","9":"instock","10":"shipping-taxable","11":"product-type-simple"},"acf":[],"_links":{"self":[{"href":"https:\/\/www.segasanitary.com\/es\/wp-json\/wp\/v2\/product\/904","targetHints":{"allow":["GET"]}}],"collection":[{"href":"https:\/\/www.segasanitary.com\/es\/wp-json\/wp\/v2\/product"}],"about":[{"href":"https:\/\/www.segasanitary.com\/es\/wp-json\/wp\/v2\/types\/product"}],"replies":[{"embeddable":true,"href":"https:\/\/www.segasanitary.com\/es\/wp-json\/wp\/v2\/comments?post=904"}],"wp:featuredmedia":[{"embeddable":true,"href":"https:\/\/www.segasanitary.com\/es\/wp-json\/wp\/v2\/media\/905"}],"wp:attachment":[{"href":"https:\/\/www.segasanitary.com\/es\/wp-json\/wp\/v2\/media?parent=904"}],"wp:term":[{"taxonomy":"product_brand","embeddable":true,"href":"https:\/\/www.segasanitary.com\/es\/wp-json\/wp\/v2\/product_brand?post=904"},{"taxonomy":"product_cat","embeddable":true,"href":"https:\/\/www.segasanitary.com\/es\/wp-json\/wp\/v2\/product_cat?post=904"},{"taxonomy":"product_tag","embeddable":true,"href":"https:\/\/www.segasanitary.com\/es\/wp-json\/wp\/v2\/product_tag?post=904"}],"curies":[{"name":"wp","href":"https:\/\/api.w.org\/{rel}","templated":true}]}}