{"id":902,"date":"2026-04-02T07:13:12","date_gmt":"2026-04-02T07:13:12","guid":{"rendered":"https:\/\/www.segasanitary.com\/?post_type=product&#038;p=902"},"modified":"2026-04-02T07:32:19","modified_gmt":"2026-04-02T07:32:19","slug":"custom-made-bathroom-mirrors","status":"publish","type":"product","link":"https:\/\/www.segasanitary.com\/es\/product\/custom-made-bathroom-mirrors\/","title":{"rendered":"Espejos de ba\u00f1o a medida con retroiluminaci\u00f3n LED, Proveedor de espejos redondos modernos"},"content":{"rendered":"<div class=\"wp-block-columns is-layout-flex wp-container-core-columns-is-layout-9d6595d7 wp-block-columns-is-layout-flex\">\n<div class=\"wp-block-column is-vertically-aligned-center is-layout-flow wp-block-column-is-layout-flow\">\n<h2 class=\"wp-block-heading\">Espejos de ba\u00f1o Caracter\u00edsticas:<\/h2>\n\n\n\n<p><strong>Dise\u00f1o circular cl\u00e1sico:<\/strong> Su forma redonda de l\u00edneas limpias ofrece una est\u00e9tica moderna y elegante perfecta para cualquier distribuci\u00f3n de ba\u00f1o.<\/p>\n\n\n\n<p><strong>Retroiluminaci\u00f3n suave de anillo completo:<\/strong> El LED oculto emite una luz suave y difusa para conseguir un efecto flotante que mejora el ambiente del ba\u00f1o sin deslumbrar.<\/p>\n\n\n\n<p><strong>Espejo de plata sin cobre respetuoso con el medio ambiente:<\/strong> La plata de color real altamente reflectante con revestimiento antioxidante evita los bordes negros, garantizando la durabilidad en entornos h\u00famedos.<\/p>\n\n\n\n<p><strong>Iluminaci\u00f3n antivaho y regulable con un solo toque:<\/strong> Los controles t\u00e1ctiles integrados con pel\u00edcula calefactora de PET proporcionan un desempa\u00f1ado instant\u00e1neo y una regulaci\u00f3n continua para conseguir un ambiente personalizable.<\/p>\n\n\n\n<p><strong>Seguridad Construcci\u00f3n a prueba de explosiones:<\/strong> La pel\u00edcula de seguridad de alta resistencia mantiene adheridos los fragmentos de vidrio en caso de impacto, cumpliendo las normas de seguridad comerciales y de ingenier\u00eda.<\/p>\n\n\n\n<p><strong>Personalizaci\u00f3n flexible:<\/strong> El suministro directo de f\u00e1brica de SEGA admite la personalizaci\u00f3n del tama\u00f1o, la forma, la iluminaci\u00f3n y el logotipo, lo que permite a los compradores B2B crear soluciones de espejos redondos a medida de forma eficaz.<\/p>\n<\/div>\n\n\n\n<div class=\"wp-block-column is-layout-flow wp-block-column-is-layout-flow\">\n<figure class=\"wp-block-image size-full\"><img decoding=\"async\" width=\"800\" height=\"800\" src=\"https:\/\/www.segasanitary.com\/wp-content\/uploads\/2026\/04\/custom-made-bathroom-mirrors-with-led-lights-round-supplier-Y-003.webp\" alt=\"espejos de ba\u00f1o a medida con luces led ronda proveedor Y-003\" class=\"wp-image-903\" srcset=\"https:\/\/www.segasanitary.com\/wp-content\/uploads\/2026\/04\/custom-made-bathroom-mirrors-with-led-lights-round-supplier-Y-003.webp 800w, https:\/\/www.segasanitary.com\/wp-content\/uploads\/2026\/04\/custom-made-bathroom-mirrors-with-led-lights-round-supplier-Y-003-300x300.webp 300w, https:\/\/www.segasanitary.com\/wp-content\/uploads\/2026\/04\/custom-made-bathroom-mirrors-with-led-lights-round-supplier-Y-003-150x150.webp 150w, https:\/\/www.segasanitary.com\/wp-content\/uploads\/2026\/04\/custom-made-bathroom-mirrors-with-led-lights-round-supplier-Y-003-768x768.webp 768w, https:\/\/www.segasanitary.com\/wp-content\/uploads\/2026\/04\/custom-made-bathroom-mirrors-with-led-lights-round-supplier-Y-003-12x12.webp 12w, https:\/\/www.segasanitary.com\/wp-content\/uploads\/2026\/04\/custom-made-bathroom-mirrors-with-led-lights-round-supplier-Y-003-600x600.webp 600w, https:\/\/www.segasanitary.com\/wp-content\/uploads\/2026\/04\/custom-made-bathroom-mirrors-with-led-lights-round-supplier-Y-003-100x100.webp 100w\" sizes=\"(max-width: 800px) 100vw, 800px\" \/><\/figure>\n<\/div>\n<\/div>","protected":false},"excerpt":{"rendered":"<p>Espejos de ba\u00f1o hechos a medida con dise\u00f1o redondo, suave retroiluminaci\u00f3n LED, superficie antioxidante sin cobre y antivaho de un solo toque con iluminaci\u00f3n regulable. Seguro, duradero y directo de f\u00e1brica con OEM\/ODM, ideal para proyectos hoteleros, dom\u00e9sticos y comerciales. P\u00f3ngase en contacto con nosotros para presupuestos al por mayor.<\/p>\n<h2>Especificaciones del producto:<\/h2>\n<table>\n<tbody>\n<tr>\n<td><strong>Atributo<\/strong><\/td>\n<td>\u00a0<span data-path-to-node=\"13,0,1,0\">Especificaci\u00f3n<\/span><\/td>\n<\/tr>\n<tr>\n<td><strong>Modelo<\/strong><\/td>\n<td>\u00a0Y-003<\/td>\n<\/tr>\n<tr>\n<td><strong>Tipo de producto<\/strong><\/td>\n<td>\u00a0<span data-path-to-node=\"22,2,1,0\">Espejo de ba\u00f1o LED inteligente<\/span><\/td>\n<\/tr>\n<tr>\n<td><strong>Material<\/strong><\/td>\n<td>\u00a0Espejo plateado HD sin cobre<\/td>\n<\/tr>\n<tr>\n<td><strong>Forma<\/strong><\/td>\n<td>\u00a0Redondo<\/td>\n<\/tr>\n<tr>\n<td><strong>Marco<\/strong><\/td>\n<td>\u00a0Marco acr\u00edlico \/ Estructura de aleaci\u00f3n de aluminio<\/td>\n<\/tr>\n<tr>\n<td><strong>Modo de iluminaci\u00f3n<\/strong><\/td>\n<td>\u00a0<span data-path-to-node=\"22,3,1,0\">Iluminaci\u00f3n frontal + retroiluminaci\u00f3n (Dual Glow)<\/span><\/td>\n<\/tr>\n<tr>\n<td><strong>Funciones<\/strong><\/td>\n<td>Antivaho, regulable, CCT ajustable<\/td>\n<\/tr>\n<tr>\n<td><strong>Impermeable<\/strong><\/td>\n<td>\u00a0<span data-path-to-node=\"22,8,1,0\">Clasificaci\u00f3n IP44<\/span><\/td>\n<\/tr>\n<\/tbody>\n<\/table>","protected":false},"featured_media":903,"comment_status":"closed","ping_status":"closed","template":"","meta":{"_acf_changed":false},"product_brand":[],"product_cat":[19,36,37],"product_tag":[],"class_list":{"0":"post-902","1":"product","2":"type-product","3":"status-publish","4":"has-post-thumbnail","6":"product_cat-wholesale-bathroom-mirror","7":"product_cat-custom-framed-mirror","8":"product_cat-wholesale-round-mirrors","10":"first","11":"instock","12":"shipping-taxable","13":"product-type-simple"},"acf":[],"_links":{"self":[{"href":"https:\/\/www.segasanitary.com\/es\/wp-json\/wp\/v2\/product\/902","targetHints":{"allow":["GET"]}}],"collection":[{"href":"https:\/\/www.segasanitary.com\/es\/wp-json\/wp\/v2\/product"}],"about":[{"href":"https:\/\/www.segasanitary.com\/es\/wp-json\/wp\/v2\/types\/product"}],"replies":[{"embeddable":true,"href":"https:\/\/www.segasanitary.com\/es\/wp-json\/wp\/v2\/comments?post=902"}],"wp:featuredmedia":[{"embeddable":true,"href":"https:\/\/www.segasanitary.com\/es\/wp-json\/wp\/v2\/media\/903"}],"wp:attachment":[{"href":"https:\/\/www.segasanitary.com\/es\/wp-json\/wp\/v2\/media?parent=902"}],"wp:term":[{"taxonomy":"product_brand","embeddable":true,"href":"https:\/\/www.segasanitary.com\/es\/wp-json\/wp\/v2\/product_brand?post=902"},{"taxonomy":"product_cat","embeddable":true,"href":"https:\/\/www.segasanitary.com\/es\/wp-json\/wp\/v2\/product_cat?post=902"},{"taxonomy":"product_tag","embeddable":true,"href":"https:\/\/www.segasanitary.com\/es\/wp-json\/wp\/v2\/product_tag?post=902"}],"curies":[{"name":"wp","href":"https:\/\/api.w.org\/{rel}","templated":true}]}}