{"id":790,"date":"2026-03-21T09:09:33","date_gmt":"2026-03-21T09:09:33","guid":{"rendered":"https:\/\/www.segasanitary.com\/?post_type=product&#038;p=790"},"modified":"2026-03-21T09:54:25","modified_gmt":"2026-03-21T09:54:25","slug":"wholesale-white-pedestal-wash-basin","status":"publish","type":"product","link":"https:\/\/www.segasanitary.com\/es\/product\/wholesale-white-pedestal-wash-basin\/","title":{"rendered":"Mayorista Lavabo de Pedestal Blanco, Fregadero de Cer\u00e1mica de Pie de Una Pieza para Proveedor de Hoteles Boutique"},"content":{"rendered":"<div class=\"wp-block-columns is-layout-flex wp-container-core-columns-is-layout-9d6595d7 wp-block-columns-is-layout-flex\">\n<div class=\"wp-block-column is-vertically-aligned-center is-layout-flow wp-block-column-is-layout-flow\">\n<h2 class=\"wp-block-heading\">Lavabo de pedestal blanco Caracter\u00edsticas:<\/h2>\n\n\n\n<p><strong>Calidad de fabricaci\u00f3n excepcional:<\/strong> Fabricado con cer\u00e1mica vitrificada a alta temperatura para una durabilidad superior, resistente a las grietas, el amarilleamiento y los olores durante un uso prolongado.<\/p>\n\n\n\n<p><strong>Dise\u00f1o de pared trasera que ahorra espacio:<\/strong> La instalaci\u00f3n esbelta y empotrada en la pared optimiza el espacio del cuarto de ba\u00f1o al tiempo que garantiza la estabilidad y la perfecta integraci\u00f3n con la fontaner\u00eda.<\/p>\n\n\n\n<p><strong>Est\u00e9tica distintiva del diamante:<\/strong> El patr\u00f3n geom\u00e9trico de celos\u00eda en 3D realza el atractivo visual y a\u00f1ade resistencia estructural, por lo que es ideal para proyectos de ba\u00f1os premium y de dise\u00f1o.<\/p>\n\n\n\n<p><strong>Suministro y personalizaci\u00f3n listos para el proyecto:<\/strong> Admite marcas OEM\/ODM, envases personalizados y dise\u00f1o resistente para entornos comerciales y de hosteler\u00eda.<\/p>\n<\/div>\n\n\n\n<div class=\"wp-block-column is-layout-flow wp-block-column-is-layout-flow\">\n<figure class=\"wp-block-image size-full\"><img decoding=\"async\" width=\"800\" height=\"800\" src=\"https:\/\/www.segasanitary.com\/wp-content\/uploads\/2026\/03\/wholesale-white-pedestal-wash-basin-P-7174L-1.webp\" alt=\"venta al mayor lavabo de pedestal blanco P-7174L (1)\" class=\"wp-image-792\" srcset=\"https:\/\/www.segasanitary.com\/wp-content\/uploads\/2026\/03\/wholesale-white-pedestal-wash-basin-P-7174L-1.webp 800w, https:\/\/www.segasanitary.com\/wp-content\/uploads\/2026\/03\/wholesale-white-pedestal-wash-basin-P-7174L-1-300x300.webp 300w, https:\/\/www.segasanitary.com\/wp-content\/uploads\/2026\/03\/wholesale-white-pedestal-wash-basin-P-7174L-1-150x150.webp 150w, https:\/\/www.segasanitary.com\/wp-content\/uploads\/2026\/03\/wholesale-white-pedestal-wash-basin-P-7174L-1-768x768.webp 768w, https:\/\/www.segasanitary.com\/wp-content\/uploads\/2026\/03\/wholesale-white-pedestal-wash-basin-P-7174L-1-600x600.webp 600w, https:\/\/www.segasanitary.com\/wp-content\/uploads\/2026\/03\/wholesale-white-pedestal-wash-basin-P-7174L-1-100x100.webp 100w\" sizes=\"(max-width: 800px) 100vw, 800px\" \/><\/figure>\n<\/div>\n<\/div>","protected":false},"excerpt":{"rendered":"<div class=\"flex flex-col text-sm pb-25\">\n<section class=\"text-token-text-primary w-full focus:outline-none [--shadow-height:45px] has-data-writing-block:pointer-events-none has-data-writing-block:-mt-(--shadow-height) has-data-writing-block:pt-(--shadow-height) [&amp;:has([data-writing-block])&gt;*]:pointer-events-auto scroll-mt-[calc(var(--header-height)+min(200px,max(70px,20svh)))]\" dir=\"auto\" data-turn-id=\"request-69bd20f6-addc-8333-9467-4454039962d4-31\" data-testid=\"conversation-turn-80\" data-scroll-anchor=\"true\" data-turn=\"assistant\">\n<div class=\"text-base my-auto mx-auto pb-10 [--thread-content-margin:var(--thread-content-margin-xs,calc(var(--spacing)*4))] @w-sm\/main:[--thread-content-margin:var(--thread-content-margin-sm,calc(var(--spacing)*6))] @w-lg\/main:[--thread-content-margin:var(--thread-content-margin-lg,calc(var(--spacing)*16))] px-(--thread-content-margin)\">\n<div class=\"[--thread-content-max-width:40rem] @w-lg\/main:[--thread-content-max-width:48rem] mx-auto max-w-(--thread-content-max-width) flex-1 group\/turn-messages focus-visible:outline-hidden relative flex w-full min-w-0 flex-col agent-turn\">\n<div class=\"flex max-w-full flex-col gap-4 grow\">\n<div class=\"min-h-8 text-message relative flex w-full flex-col items-end gap-2 text-start break-words whitespace-normal outline-none keyboard-focused:focus-ring [.text-message+&amp;]:mt-1\" dir=\"auto\" tabindex=\"0\" data-message-author-role=\"assistant\" data-message-id=\"e8b73986-12cf-4311-9bfb-3a612e6c39cc\" data-message-model-slug=\"gpt-5-mini\" data-turn-start-message=\"true\">\n<div class=\"flex w-full flex-col gap-1 empty:hidden\">\n<div class=\"markdown prose dark:prose-invert w-full wrap-break-word light markdown-new-styling\">\n<p data-start=\"33\" data-end=\"229\" data-is-last-node=\"\" data-is-only-node=\"\">Wholesale white pedestal wash basin with sleek wall-back design and distinctive 3D diamond pattern. Perfect for high-end hotel and commercial bathroom projects. Offering a quality experience. OEM\/ODM support. Contact us for wholesale quotes!<\/p>\n<\/div>\n<\/div>\n<\/div>\n<\/div>\n<\/div>\n<\/div>\n<\/section>\n<\/div>\n<h2>Product Specifications:<\/h2>\n<table>\n<tbody>\n<tr>\n<td><strong>Attribute<\/strong><\/td>\n<td>\u00a0<span data-path-to-node=\"13,0,1,0\">Specification<\/span><\/td>\n<\/tr>\n<tr>\n<td><strong>Model<\/strong><\/td>\n<td>\u00a0P-7074L<\/td>\n<\/tr>\n<tr>\n<td><strong>Product Type<\/strong><\/td>\n<td>Pedestal Wash Basin<\/td>\n<\/tr>\n<tr>\n<td><strong>Material<\/strong><\/td>\n<td>\u00a0Ceramic<\/td>\n<\/tr>\n<tr>\n<td><strong>Color<\/strong><\/td>\n<td>\u00a0White (Custom colors available)<\/td>\n<\/tr>\n<tr>\n<td><strong>Installation<\/strong><\/td>\n<td>\u00a0Wall-Mounted<\/td>\n<\/tr>\n<tr>\n<td><strong>Product Size<\/strong><\/td>\n<td>\u00a0410 \u00d7 340 \u00d7 800 mm<\/td>\n<\/tr>\n<\/tbody>\n<\/table>\n","protected":false},"featured_media":791,"comment_status":"closed","ping_status":"closed","template":"","meta":{"_acf_changed":false},"product_brand":[],"product_cat":[49],"product_tag":[],"class_list":{"0":"post-790","1":"product","2":"type-product","3":"status-publish","4":"has-post-thumbnail","6":"product_cat-designer-sanitary-ware","8":"first","9":"instock","10":"shipping-taxable","11":"product-type-simple"},"acf":[],"_links":{"self":[{"href":"https:\/\/www.segasanitary.com\/es\/wp-json\/wp\/v2\/product\/790","targetHints":{"allow":["GET"]}}],"collection":[{"href":"https:\/\/www.segasanitary.com\/es\/wp-json\/wp\/v2\/product"}],"about":[{"href":"https:\/\/www.segasanitary.com\/es\/wp-json\/wp\/v2\/types\/product"}],"replies":[{"embeddable":true,"href":"https:\/\/www.segasanitary.com\/es\/wp-json\/wp\/v2\/comments?post=790"}],"wp:featuredmedia":[{"embeddable":true,"href":"https:\/\/www.segasanitary.com\/es\/wp-json\/wp\/v2\/media\/791"}],"wp:attachment":[{"href":"https:\/\/www.segasanitary.com\/es\/wp-json\/wp\/v2\/media?parent=790"}],"wp:term":[{"taxonomy":"product_brand","embeddable":true,"href":"https:\/\/www.segasanitary.com\/es\/wp-json\/wp\/v2\/product_brand?post=790"},{"taxonomy":"product_cat","embeddable":true,"href":"https:\/\/www.segasanitary.com\/es\/wp-json\/wp\/v2\/product_cat?post=790"},{"taxonomy":"product_tag","embeddable":true,"href":"https:\/\/www.segasanitary.com\/es\/wp-json\/wp\/v2\/product_tag?post=790"}],"curies":[{"name":"wp","href":"https:\/\/api.w.org\/{rel}","templated":true}]}}