{"id":741,"date":"2026-03-21T08:06:37","date_gmt":"2026-03-21T08:06:37","guid":{"rendered":"https:\/\/www.segasanitary.com\/?post_type=product&#038;p=741"},"modified":"2026-03-21T08:28:39","modified_gmt":"2026-03-21T08:28:39","slug":"wholesale-wash-basin","status":"publish","type":"product","link":"https:\/\/www.segasanitary.com\/es\/product\/wholesale-wash-basin\/","title":{"rendered":"Mayorista Lavabo Rectangular, Lujoso Lavabo de Arte en Relieve con Textura de Diamante Proveedor"},"content":{"rendered":"<div class=\"wp-block-columns is-layout-flex wp-container-core-columns-is-layout-9d6595d7 wp-block-columns-is-layout-flex\">\n<div class=\"wp-block-column is-vertically-aligned-center is-layout-flow wp-block-column-is-layout-flow\">\n<h2 class=\"wp-block-heading\">Lavabo Caracter\u00edsticas:<\/h2>\n\n\n\n<p><strong>Dise\u00f1o \u00fanico con textura de diamante<\/strong>: El elegante patr\u00f3n de diamantes en relieve crea un lujoso punto focal visual para espacios de ba\u00f1o de alta gama.<\/p>\n\n\n\n<p><strong>Borde delgado con gran capacidad:<\/strong> Su avanzado dise\u00f1o de bordes finos maximiza el volumen interior a la vez que mantiene un tama\u00f1o compacto, con una profundidad optimizada para reducir las salpicaduras de agua.<\/p>\n\n\n\n<p><strong>Construcci\u00f3n de una sola pieza:<\/strong> El proceso de cocci\u00f3n integrado garantiza una estructura sin juntas, sin riesgo de descascarillado ni acumulaci\u00f3n de suciedad, mientras que el nanoglaseado interior mantiene las superficies lisas y f\u00e1ciles de limpiar.<\/p>\n\n\n\n<p><strong>Rendimiento de calidad comercial<\/strong>: Dise\u00f1ado para un uso prolongado, combina resistencia a los ara\u00f1azos, resistencia a las manchas e integridad estructural estable en entornos de mucho tr\u00e1fico.<\/p>\n\n\n\n<p><strong>SEGA Suministro del fabricante:<\/strong> La producci\u00f3n constante de moldes garantiza una textura y unas dimensiones uniformes, con un embalaje reforzado para minimizar los da\u00f1os durante el transporte mundial.<\/p>\n<\/div>\n\n\n\n<div class=\"wp-block-column is-layout-flow wp-block-column-is-layout-flow\">\n<figure class=\"wp-block-image size-full\"><img decoding=\"async\" width=\"800\" height=\"800\" src=\"https:\/\/www.segasanitary.com\/wp-content\/uploads\/2026\/03\/wholesale-wash-basin-5174.webp\" alt=\"mayorista lavabo 5174\" class=\"wp-image-748\" srcset=\"https:\/\/www.segasanitary.com\/wp-content\/uploads\/2026\/03\/wholesale-wash-basin-5174.webp 800w, https:\/\/www.segasanitary.com\/wp-content\/uploads\/2026\/03\/wholesale-wash-basin-5174-300x300.webp 300w, https:\/\/www.segasanitary.com\/wp-content\/uploads\/2026\/03\/wholesale-wash-basin-5174-150x150.webp 150w, https:\/\/www.segasanitary.com\/wp-content\/uploads\/2026\/03\/wholesale-wash-basin-5174-768x768.webp 768w, https:\/\/www.segasanitary.com\/wp-content\/uploads\/2026\/03\/wholesale-wash-basin-5174-600x600.webp 600w, https:\/\/www.segasanitary.com\/wp-content\/uploads\/2026\/03\/wholesale-wash-basin-5174-100x100.webp 100w\" sizes=\"(max-width: 800px) 100vw, 800px\" \/><\/figure>\n<\/div>\n<\/div>","protected":false},"excerpt":{"rendered":"<p>Lavabo de venta al por mayor con un innovador dise\u00f1o de textura de diamante y una construcci\u00f3n ergon\u00f3mica de bordes finos. SEGA, fabricante l\u00edder de art\u00edculos sanitarios, suministra una gama completa de productos sanitarios patentados. P\u00f3ngase en contacto con nosotros para solicitar presupuestos al por mayor.<\/p>\n<h2>Especificaciones del producto:<\/h2>\n<table>\n<tbody>\n<tr>\n<td><strong>Atributo<\/strong><\/td>\n<td>\u00a0<span data-path-to-node=\"13,0,1,0\">Especificaci\u00f3n<\/span><\/td>\n<\/tr>\n<tr>\n<td><strong>Modelo<\/strong><\/td>\n<td>\u00a0P-7008W<\/td>\n<\/tr>\n<tr>\n<td><strong>Tipo de producto<\/strong><\/td>\n<td>\u00a0<span data-path-to-node=\"21,1,1,0\">Lavabo suspendido \/ Fregadero flotante<\/span><\/td>\n<\/tr>\n<tr>\n<td><strong>Material<\/strong><\/td>\n<td>\u00a0Cer\u00e1mica<\/td>\n<\/tr>\n<tr>\n<td><strong>Color<\/strong><\/td>\n<td>\u00a0Blanco (colores personalizados disponibles)<\/td>\n<\/tr>\n<tr>\n<td><strong>Instalaci\u00f3n<\/strong><\/td>\n<td>\u00a0Montaje en pared<\/td>\n<\/tr>\n<tr>\n<td><strong>Tama\u00f1o del producto<\/strong><\/td>\n<td>\u00a0600 \u00d7 350 \u00d7 110 mm<\/td>\n<\/tr>\n<\/tbody>\n<\/table>","protected":false},"featured_media":749,"comment_status":"closed","ping_status":"closed","template":"","meta":{"_acf_changed":false},"product_brand":[],"product_cat":[49],"product_tag":[],"class_list":{"0":"post-741","1":"product","2":"type-product","3":"status-publish","4":"has-post-thumbnail","6":"product_cat-designer-sanitary-ware","8":"first","9":"instock","10":"shipping-taxable","11":"product-type-simple"},"acf":[],"_links":{"self":[{"href":"https:\/\/www.segasanitary.com\/es\/wp-json\/wp\/v2\/product\/741","targetHints":{"allow":["GET"]}}],"collection":[{"href":"https:\/\/www.segasanitary.com\/es\/wp-json\/wp\/v2\/product"}],"about":[{"href":"https:\/\/www.segasanitary.com\/es\/wp-json\/wp\/v2\/types\/product"}],"replies":[{"embeddable":true,"href":"https:\/\/www.segasanitary.com\/es\/wp-json\/wp\/v2\/comments?post=741"}],"wp:featuredmedia":[{"embeddable":true,"href":"https:\/\/www.segasanitary.com\/es\/wp-json\/wp\/v2\/media\/749"}],"wp:attachment":[{"href":"https:\/\/www.segasanitary.com\/es\/wp-json\/wp\/v2\/media?parent=741"}],"wp:term":[{"taxonomy":"product_brand","embeddable":true,"href":"https:\/\/www.segasanitary.com\/es\/wp-json\/wp\/v2\/product_brand?post=741"},{"taxonomy":"product_cat","embeddable":true,"href":"https:\/\/www.segasanitary.com\/es\/wp-json\/wp\/v2\/product_cat?post=741"},{"taxonomy":"product_tag","embeddable":true,"href":"https:\/\/www.segasanitary.com\/es\/wp-json\/wp\/v2\/product_tag?post=741"}],"curies":[{"name":"wp","href":"https:\/\/api.w.org\/{rel}","templated":true}]}}