{"id":686,"date":"2026-03-21T03:23:09","date_gmt":"2026-03-21T03:23:09","guid":{"rendered":"https:\/\/www.segasanitary.com\/?post_type=product&#038;p=686"},"modified":"2026-03-21T08:31:15","modified_gmt":"2026-03-21T08:31:15","slug":"custom-wash-basin","status":"publish","type":"product","link":"https:\/\/www.segasanitary.com\/es\/product\/custom-wash-basin\/","title":{"rendered":"Lavabo a medida minimalista montado en la pared, Fabricantes de lavabos de ba\u00f1o en China"},"content":{"rendered":"<div class=\"wp-block-columns is-layout-flex wp-container-core-columns-is-layout-9d6595d7 wp-block-columns-is-layout-flex\">\n<div class=\"wp-block-column is-vertically-aligned-center is-layout-flow wp-block-column-is-layout-flow\">\n<h2 class=\"wp-block-heading\">Lavabo Caracter\u00edsticas:<\/h2>\n\n\n\n<p><strong>Ingenier\u00eda superior:<\/strong> Cocido a altas temperaturas para una vitrificaci\u00f3n completa, este lavabo cer\u00e1mico de alta densidad consigue una absorci\u00f3n de agua &lt;0,5%, evitando grietas y olores a la vez que garantiza una durabilidad a largo plazo.<\/p>\n\n\n\n<p><strong>Esmalte Nano Easy-Clean<\/strong>: Superficie lisa y no porosa que resiste a las bacterias y las manchas, reduciendo los costes de mantenimiento y manteniendo un alto nivel de higiene en espacios comerciales y residenciales.<\/p>\n\n\n\n<p><strong>Dise\u00f1o flotante que ahorra espacio:<\/strong> La estructura montada en la pared maximiza el espacio del suelo y elimina las esquinas dif\u00edciles de limpiar, con un respaldo reforzado para mayor estabilidad en entornos muy transitados, como hoteles y oficinas.<\/p>\n\n\n\n<p><strong>Personalizaci\u00f3n B2B y suministro a granel<\/strong>: Apoya la creaci\u00f3n de marcas OEM\/ODM, el embalaje y los ajustes t\u00e9cnicos, con s\u00f3lidas l\u00edneas de producci\u00f3n que garantizan la entrega puntual de proyectos a gran escala.<\/p>\n\n\n\n<p><strong>Embalaje listo para la exportaci\u00f3n y asistencia mundial:<\/strong> Empaquetado profesionalmente en cajas de cart\u00f3n ondulado de 5 capas y respaldado por una cadena de suministro experimentada, ideal para pedidos internacionales de hoteles, apartamentos y mayoristas.<\/p>\n<\/div>\n\n\n\n<div class=\"wp-block-column is-layout-flow wp-block-column-is-layout-flow\">\n<figure class=\"wp-block-image size-full\"><img decoding=\"async\" width=\"800\" height=\"526\" src=\"https:\/\/www.segasanitary.com\/wp-content\/uploads\/2026\/03\/custom-wash-basin-P-7008W.webp\" alt=\"lavabo a medida P-7008W\" class=\"wp-image-691\" srcset=\"https:\/\/www.segasanitary.com\/wp-content\/uploads\/2026\/03\/custom-wash-basin-P-7008W.webp 800w, https:\/\/www.segasanitary.com\/wp-content\/uploads\/2026\/03\/custom-wash-basin-P-7008W-300x197.webp 300w, https:\/\/www.segasanitary.com\/wp-content\/uploads\/2026\/03\/custom-wash-basin-P-7008W-768x505.webp 768w, https:\/\/www.segasanitary.com\/wp-content\/uploads\/2026\/03\/custom-wash-basin-P-7008W-600x395.webp 600w\" sizes=\"(max-width: 800px) 100vw, 800px\" \/><\/figure>\n<\/div>\n<\/div>","protected":false},"excerpt":{"rendered":"<p>Lavabo personalizado fabricado en cer\u00e1mica de alta densidad con esmalte nano de f\u00e1cil limpieza y dise\u00f1o flotante ergon\u00f3mico, perfecto para hoteles, apartamentos y residencias de lujo. Compatible con OEM\/ODM, p\u00f3ngase en contacto con nosotros para obtener presupuestos al por mayor.<\/p>\n<h2>Especificaciones del producto:<\/h2>\n<table>\n<tbody>\n<tr>\n<td><strong>Atributo<\/strong><\/td>\n<td>\u00a0<span data-path-to-node=\"13,0,1,0\">Especificaci\u00f3n<\/span><\/td>\n<\/tr>\n<tr>\n<td><strong>Modelo<\/strong><\/td>\n<td>\u00a0P-7008W<\/td>\n<\/tr>\n<tr>\n<td><strong>Tipo de producto<\/strong><\/td>\n<td>\u00a0<span data-path-to-node=\"21,1,1,0\">Lavabo suspendido \/ Fregadero flotante<\/span><\/td>\n<\/tr>\n<tr>\n<td><strong>Material<\/strong><\/td>\n<td>\u00a0Cer\u00e1mica<\/td>\n<\/tr>\n<tr>\n<td><strong>Color<\/strong><\/td>\n<td>\u00a0Blanco (colores personalizados disponibles)<\/td>\n<\/tr>\n<tr>\n<td><strong>Instalaci\u00f3n<\/strong><\/td>\n<td>\u00a0Montaje en pared<\/td>\n<\/tr>\n<tr>\n<td><strong>Tama\u00f1o del producto<\/strong><\/td>\n<td>\u00a0555 \u00d7 435 \u00d7 400 mm<\/td>\n<\/tr>\n<\/tbody>\n<\/table>","protected":false},"featured_media":768,"comment_status":"closed","ping_status":"closed","template":"","meta":{"_acf_changed":false},"product_brand":[],"product_cat":[22,32],"product_tag":[],"class_list":{"0":"post-686","1":"product","2":"type-product","3":"status-publish","4":"has-post-thumbnail","6":"product_cat-wholesale-wash-basin","7":"product_cat-wholesale-wall-hung-wash-basin","9":"first","10":"instock","11":"shipping-taxable","12":"product-type-simple"},"acf":[],"_links":{"self":[{"href":"https:\/\/www.segasanitary.com\/es\/wp-json\/wp\/v2\/product\/686","targetHints":{"allow":["GET"]}}],"collection":[{"href":"https:\/\/www.segasanitary.com\/es\/wp-json\/wp\/v2\/product"}],"about":[{"href":"https:\/\/www.segasanitary.com\/es\/wp-json\/wp\/v2\/types\/product"}],"replies":[{"embeddable":true,"href":"https:\/\/www.segasanitary.com\/es\/wp-json\/wp\/v2\/comments?post=686"}],"wp:featuredmedia":[{"embeddable":true,"href":"https:\/\/www.segasanitary.com\/es\/wp-json\/wp\/v2\/media\/768"}],"wp:attachment":[{"href":"https:\/\/www.segasanitary.com\/es\/wp-json\/wp\/v2\/media?parent=686"}],"wp:term":[{"taxonomy":"product_brand","embeddable":true,"href":"https:\/\/www.segasanitary.com\/es\/wp-json\/wp\/v2\/product_brand?post=686"},{"taxonomy":"product_cat","embeddable":true,"href":"https:\/\/www.segasanitary.com\/es\/wp-json\/wp\/v2\/product_cat?post=686"},{"taxonomy":"product_tag","embeddable":true,"href":"https:\/\/www.segasanitary.com\/es\/wp-json\/wp\/v2\/product_tag?post=686"}],"curies":[{"name":"wp","href":"https:\/\/api.w.org\/{rel}","templated":true}]}}