{"id":674,"date":"2026-03-21T02:41:25","date_gmt":"2026-03-21T02:41:25","guid":{"rendered":"https:\/\/www.segasanitary.com\/?post_type=product&#038;p=674"},"modified":"2026-03-21T03:13:47","modified_gmt":"2026-03-21T03:13:47","slug":"custom-mirrors-bathroom","status":"publish","type":"product","link":"https:\/\/www.segasanitary.com\/es\/product\/custom-mirrors-bathroom\/","title":{"rendered":"Espejos de ba\u00f1o personalizados, espejo de ba\u00f1o inteligente con retroiluminaci\u00f3n LED en forma de oso Proveedor"},"content":{"rendered":"<div class=\"wp-block-columns is-layout-flex wp-container-core-columns-is-layout-9d6595d7 wp-block-columns-is-layout-flex\">\n<div class=\"wp-block-column is-vertically-aligned-center is-layout-flow wp-block-column-is-layout-flow\">\n<h2 class=\"wp-block-heading\">Mirrors Bathroom Features:<\/h2>\n\n\n\n<p><strong>Playful \u201cLittle Bear\u201d Bionic Design:<\/strong> Soft, irregular curves form an adorable bear silhouette, adding warmth and charm while making the bathroom space more engaging and visually appealing.<\/p>\n\n\n\n<p><strong>360\u00b0 Uniform Surround Backlighting:<\/strong> Edge-fitted LED provides soft, even illumination with a floating visual effect, protecting the user\u2019s eyes from direct glare while enhancing ambiance.<\/p>\n\n\n\n<p><strong>Espejo plateado ecol\u00f3gico sin cobre de 5 mm:<\/strong> High-definition mirror ensures true-to-life reflection, resists black-edge oxidation, and is safe for humid bathroom environments.<\/p>\n\n\n\n<p><strong>High-Sensitivity Smart Touch Control:<\/strong> Integrated glowing touch buttons allow easy on\/off and stepless dimming, creating an intuitive and fun user experience for kids.<\/p>\n\n\n\n<p><strong>Safety-Oriented Custom Solutions:<\/strong> Our custom mirrors feature explosion-proof backing and full OEM\/ODM customization, ensuring bulk supply of safe, high-quality products for schools, homes, and commercial projects.<\/p>\n<\/div>\n\n\n\n<div class=\"wp-block-column is-layout-flow wp-block-column-is-layout-flow\">\n<figure class=\"wp-block-image size-full\"><img decoding=\"async\" width=\"800\" height=\"800\" src=\"https:\/\/www.segasanitary.com\/wp-content\/uploads\/2026\/03\/custom-mirrors-bathroom-Z-021.webp\" alt=\"espejos a medida ba\u00f1o Z-021\" class=\"wp-image-679\" srcset=\"https:\/\/www.segasanitary.com\/wp-content\/uploads\/2026\/03\/custom-mirrors-bathroom-Z-021.webp 800w, https:\/\/www.segasanitary.com\/wp-content\/uploads\/2026\/03\/custom-mirrors-bathroom-Z-021-300x300.webp 300w, https:\/\/www.segasanitary.com\/wp-content\/uploads\/2026\/03\/custom-mirrors-bathroom-Z-021-150x150.webp 150w, https:\/\/www.segasanitary.com\/wp-content\/uploads\/2026\/03\/custom-mirrors-bathroom-Z-021-768x768.webp 768w, https:\/\/www.segasanitary.com\/wp-content\/uploads\/2026\/03\/custom-mirrors-bathroom-Z-021-600x600.webp 600w, https:\/\/www.segasanitary.com\/wp-content\/uploads\/2026\/03\/custom-mirrors-bathroom-Z-021-100x100.webp 100w\" sizes=\"(max-width: 800px) 100vw, 800px\" \/><\/figure>\n<\/div>\n<\/div>","protected":false},"excerpt":{"rendered":"<p data-start=\"980\" data-end=\"1217\">Espejos de ba\u00f1o personalizados con el divertido dise\u00f1o \u201cLittle Bear\u201d, retroiluminaci\u00f3n LED suave de 360\u00b0, espejo HD sin cobre y atenuaci\u00f3n t\u00e1ctil inteligente. Seguro, elegante y totalmente personalizable. Perfecto para escuelas, hogares y proyectos comerciales. P\u00f3ngase en contacto con nosotros para solicitar presupuestos al por mayor.<\/p>\n<h2>Especificaciones del producto:<\/h2>\n<table>\n<tbody>\n<tr>\n<td><strong>Atributo<\/strong><\/td>\n<td>\u00a0<span data-path-to-node=\"13,0,1,0\">Especificaci\u00f3n<\/span><\/td>\n<\/tr>\n<tr>\n<td><strong>Modelo<\/strong><\/td>\n<td>\u00a0Z-021<\/td>\n<\/tr>\n<tr>\n<td><strong>Tipo de producto<\/strong><\/td>\n<td>\u00a0<span data-path-to-node=\"22,2,1,0\">Espejo de ba\u00f1o LED inteligente<\/span><\/td>\n<\/tr>\n<tr>\n<td><strong>Material<\/strong><\/td>\n<td>\u00a0Espejo plateado HD sin cobre<\/td>\n<\/tr>\n<tr>\n<td><strong>Forma<\/strong><\/td>\n<td>\u00a0Irregular<\/td>\n<\/tr>\n<tr>\n<td><strong>Marco<\/strong><\/td>\n<td>\u00a0Sin marco \/ Estructura de aleaci\u00f3n de aluminio<\/td>\n<\/tr>\n<tr>\n<td><strong>Modo de iluminaci\u00f3n<\/strong><\/td>\n<td>\u00a0<span data-path-to-node=\"22,3,1,0\">Iluminaci\u00f3n frontal + retroiluminaci\u00f3n (Dual Glow)<\/span><\/td>\n<\/tr>\n<tr>\n<td><strong>Funciones<\/strong><\/td>\n<td>\u00a0Antivaho, regulable, CCT ajustable<\/td>\n<\/tr>\n<tr>\n<td><strong>Impermeable<\/strong><\/td>\n<td>\u00a0<span data-path-to-node=\"22,8,1,0\">Clasificaci\u00f3n IP44<\/span><\/td>\n<\/tr>\n<\/tbody>\n<\/table>","protected":false},"featured_media":679,"comment_status":"closed","ping_status":"closed","template":"","meta":{"_acf_changed":false},"product_brand":[],"product_cat":[19,35,40],"product_tag":[],"class_list":{"0":"post-674","1":"product","2":"type-product","3":"status-publish","4":"has-post-thumbnail","6":"product_cat-wholesale-bathroom-mirror","7":"product_cat-custom-frameless-mirror","8":"product_cat-wholesale-irregular-mirror","10":"first","11":"instock","12":"shipping-taxable","13":"product-type-simple"},"acf":[],"_links":{"self":[{"href":"https:\/\/www.segasanitary.com\/es\/wp-json\/wp\/v2\/product\/674","targetHints":{"allow":["GET"]}}],"collection":[{"href":"https:\/\/www.segasanitary.com\/es\/wp-json\/wp\/v2\/product"}],"about":[{"href":"https:\/\/www.segasanitary.com\/es\/wp-json\/wp\/v2\/types\/product"}],"replies":[{"embeddable":true,"href":"https:\/\/www.segasanitary.com\/es\/wp-json\/wp\/v2\/comments?post=674"}],"wp:featuredmedia":[{"embeddable":true,"href":"https:\/\/www.segasanitary.com\/es\/wp-json\/wp\/v2\/media\/679"}],"wp:attachment":[{"href":"https:\/\/www.segasanitary.com\/es\/wp-json\/wp\/v2\/media?parent=674"}],"wp:term":[{"taxonomy":"product_brand","embeddable":true,"href":"https:\/\/www.segasanitary.com\/es\/wp-json\/wp\/v2\/product_brand?post=674"},{"taxonomy":"product_cat","embeddable":true,"href":"https:\/\/www.segasanitary.com\/es\/wp-json\/wp\/v2\/product_cat?post=674"},{"taxonomy":"product_tag","embeddable":true,"href":"https:\/\/www.segasanitary.com\/es\/wp-json\/wp\/v2\/product_tag?post=674"}],"curies":[{"name":"wp","href":"https:\/\/api.w.org\/{rel}","templated":true}]}}