{"id":647,"date":"2026-03-21T01:31:21","date_gmt":"2026-03-21T01:31:21","guid":{"rendered":"https:\/\/www.segasanitary.com\/?post_type=product&#038;p=647"},"modified":"2026-03-21T02:03:07","modified_gmt":"2026-03-21T02:03:07","slug":"bathroom-vanities-wholesale","status":"publish","type":"product","link":"https:\/\/www.segasanitary.com\/es\/product\/bathroom-vanities-wholesale\/","title":{"rendered":"Ba\u00f1o Vanidades al por mayor de doble capa de almacenamiento de dise\u00f1o 3D Rejilla Gabinetes Proveedor"},"content":{"rendered":"<div class=\"wp-block-columns is-layout-flex wp-container-core-columns-is-layout-9d6595d7 wp-block-columns-is-layout-flex\">\n<div class=\"wp-block-column is-vertically-aligned-center is-layout-flow wp-block-column-is-layout-flow\">\n<h2 class=\"wp-block-heading\">Caracter\u00edsticas:<\/h2>\n\n\n\n<p><strong>Superficie s\u00f3lida de alta gama sin juntas:<\/strong> Fabricado en superficie s\u00f3lida de primera calidad Corian con compuesto de aluminio y resina, ofrece un lavabo y una encimera totalmente integrados, lo que evita la acumulaci\u00f3n de residuos y las fugas.<\/p>\n\n\n\n<p><strong>Dise\u00f1o de rejilla vertical arquitect\u00f3nica:<\/strong> Las finas texturas de las rejillas verticales alrededor del mueble realzan la profundidad visual, rompen la monoton\u00eda y a\u00f1aden un toque arquitect\u00f3nico moderno al cuarto de ba\u00f1o.<\/p>\n\n\n\n<p><strong>Dise\u00f1o minimalista flotante de doble capa:<\/strong> El dise\u00f1o abierto de doble capa proporciona un amplio almacenamiento; la zona superior del lavabo para el uso diario, el estante inferior para toallas y art\u00edculos de aseo, mientras que los soportes ocultos crean un efecto flotante.<\/p>\n\n\n\n<p><strong>Superficie antibacteriana y altamente reparable:<\/strong> La superficie no porosa y densa resiste las bacterias y el moho; los peque\u00f1os ara\u00f1azos pueden pulirse f\u00e1cilmente para restaurar el acabado original, lo que garantiza la durabilidad a largo plazo de los proyectos B2B.<\/p>\n\n\n\n<p><strong>Asistencia completa al proyecto y personalizaci\u00f3n:<\/strong> Adem\u00e1s de la producci\u00f3n, ofrecemos personalizaci\u00f3n OEM\/ODM, suministro a granel y asesoramiento profesional para agilizar los proyectos de cuartos de ba\u00f1o de hoteles, villas y comercios.<\/p>\n<\/div>\n\n\n\n<div class=\"wp-block-column is-layout-flow wp-block-column-is-layout-flow\">\n<figure class=\"wp-block-image size-full\"><img decoding=\"async\" width=\"800\" height=\"800\" src=\"https:\/\/www.segasanitary.com\/wp-content\/uploads\/2026\/03\/Bathroom-Vanities-Wholesale-Double-Layer-Storage-3D-Grille-Design-CR-0043-W.webp\" alt=\"Tocadores de Ba\u00f1o al por mayor Almacenaje de Doble Capa Dise\u00f1o de Rejilla 3D CR-0043-W\" class=\"wp-image-649\" srcset=\"https:\/\/www.segasanitary.com\/wp-content\/uploads\/2026\/03\/Bathroom-Vanities-Wholesale-Double-Layer-Storage-3D-Grille-Design-CR-0043-W.webp 800w, https:\/\/www.segasanitary.com\/wp-content\/uploads\/2026\/03\/Bathroom-Vanities-Wholesale-Double-Layer-Storage-3D-Grille-Design-CR-0043-W-300x300.webp 300w, https:\/\/www.segasanitary.com\/wp-content\/uploads\/2026\/03\/Bathroom-Vanities-Wholesale-Double-Layer-Storage-3D-Grille-Design-CR-0043-W-150x150.webp 150w, https:\/\/www.segasanitary.com\/wp-content\/uploads\/2026\/03\/Bathroom-Vanities-Wholesale-Double-Layer-Storage-3D-Grille-Design-CR-0043-W-768x768.webp 768w, https:\/\/www.segasanitary.com\/wp-content\/uploads\/2026\/03\/Bathroom-Vanities-Wholesale-Double-Layer-Storage-3D-Grille-Design-CR-0043-W-600x600.webp 600w, https:\/\/www.segasanitary.com\/wp-content\/uploads\/2026\/03\/Bathroom-Vanities-Wholesale-Double-Layer-Storage-3D-Grille-Design-CR-0043-W-100x100.webp 100w\" sizes=\"(max-width: 800px) 100vw, 800px\" \/><\/figure>\n<\/div>\n<\/div>","protected":false},"excerpt":{"rendered":"<p>Tocadores de ba\u00f1o al por mayor con superficie s\u00f3lida sin juntas, dise\u00f1o flotante de doble capa, detalles de rejilla vertical y un espejo LED inteligente. Duradero, higi\u00e9nico, adecuado para hoteles, apartamentos y otros proyectos de ba\u00f1os comerciales. Compatible con OEM\/ODM. P\u00f3ngase en contacto con nosotros para obtener un presupuesto hoy mismo.<\/p>\n<h2>Especificaciones del producto:<\/h2>\n<table>\n<tbody>\n<tr>\n<td><strong>Atributo<\/strong><\/td>\n<td>\u00a0<span data-path-to-node=\"13,0,1,0\">Especificaci\u00f3n<\/span><\/td>\n<\/tr>\n<tr>\n<td><strong>Modelo<\/strong><\/td>\n<td>\u00a0<span data-path-to-node=\"22,1,1,0\">CR-0043-W<\/span><\/td>\n<\/tr>\n<tr>\n<td><strong>Material del armario<\/strong><\/td>\n<td>\u00a0Superficie s\u00f3lida<\/td>\n<\/tr>\n<tr>\n<td><strong>Material de la cubeta<\/strong><\/td>\n<td>\u00a0Cer\u00e1mica<\/td>\n<\/tr>\n<tr>\n<td><strong>Tipo espejo<\/strong><\/td>\n<td><span data-path-to-node=\"22,6,1,0\">\u00a0Espejo sin marco<\/span><\/td>\n<\/tr>\n<tr>\n<td><strong>Acabado<\/strong><\/td>\n<td>\u00a0Parrilla vertical 3D<\/td>\n<\/tr>\n<tr>\n<td><strong>Instalaci\u00f3n<\/strong><\/td>\n<td><span data-path-to-node=\"22,4,1,0\">\u00a0De pared \/ Flotante<\/span><\/td>\n<\/tr>\n<\/tbody>\n<\/table>","protected":false},"featured_media":649,"comment_status":"closed","ping_status":"closed","template":"","meta":{"_acf_changed":false},"product_brand":[],"product_cat":[20,45],"product_tag":[],"class_list":{"0":"post-647","1":"product","2":"type-product","3":"status-publish","4":"has-post-thumbnail","6":"product_cat-wholesale-bathroom-cabinet","7":"product_cat-custom-solid-surface-vanity","9":"first","10":"instock","11":"shipping-taxable","12":"product-type-simple"},"acf":[],"_links":{"self":[{"href":"https:\/\/www.segasanitary.com\/es\/wp-json\/wp\/v2\/product\/647","targetHints":{"allow":["GET"]}}],"collection":[{"href":"https:\/\/www.segasanitary.com\/es\/wp-json\/wp\/v2\/product"}],"about":[{"href":"https:\/\/www.segasanitary.com\/es\/wp-json\/wp\/v2\/types\/product"}],"replies":[{"embeddable":true,"href":"https:\/\/www.segasanitary.com\/es\/wp-json\/wp\/v2\/comments?post=647"}],"wp:featuredmedia":[{"embeddable":true,"href":"https:\/\/www.segasanitary.com\/es\/wp-json\/wp\/v2\/media\/649"}],"wp:attachment":[{"href":"https:\/\/www.segasanitary.com\/es\/wp-json\/wp\/v2\/media?parent=647"}],"wp:term":[{"taxonomy":"product_brand","embeddable":true,"href":"https:\/\/www.segasanitary.com\/es\/wp-json\/wp\/v2\/product_brand?post=647"},{"taxonomy":"product_cat","embeddable":true,"href":"https:\/\/www.segasanitary.com\/es\/wp-json\/wp\/v2\/product_cat?post=647"},{"taxonomy":"product_tag","embeddable":true,"href":"https:\/\/www.segasanitary.com\/es\/wp-json\/wp\/v2\/product_tag?post=647"}],"curies":[{"name":"wp","href":"https:\/\/api.w.org\/{rel}","templated":true}]}}