{"id":641,"date":"2026-03-20T10:17:34","date_gmt":"2026-03-20T10:17:34","guid":{"rendered":"https:\/\/www.segasanitary.com\/?post_type=product&#038;p=641"},"modified":"2026-03-21T00:53:59","modified_gmt":"2026-03-21T00:53:59","slug":"wholesale-marble-bathroom-cabinet","status":"publish","type":"product","link":"https:\/\/www.segasanitary.com\/es\/product\/wholesale-marble-bathroom-cabinet\/","title":{"rendered":"Mayorista Mueble de Ba\u00f1o de Marmol, Tocador de Ba\u00f1o Blanco Montado en la Pared Personalizado"},"content":{"rendered":"<div class=\"wp-block-columns is-layout-flex wp-container-core-columns-is-layout-9d6595d7 wp-block-columns-is-layout-flex\">\n<div class=\"wp-block-column is-vertically-aligned-center is-layout-flow wp-block-column-is-layout-flow\">\n<h2 class=\"wp-block-heading\">Mueble de ba\u00f1o de m\u00e1rmol Caracter\u00edsticas:<\/h2>\n\n\n\n<p><strong>Encimera de piedra sinterizada ultraduradera<\/strong>: Fabricada con piedra sinterizada de una sola pieza, la encimera resiste ara\u00f1azos, altas temperaturas y manchas, al tiempo que ofrece una est\u00e9tica natural similar al m\u00e1rmol sin los problemas de grietas o filtraciones de la piedra natural.<\/p>\n\n\n\n<p><strong>Dise\u00f1o minimalista flotante de doble capa<\/strong>: Dise\u00f1o \u00fanico montado en la pared que presenta un lavabo superior y un almacenamiento abierto inferior, creando un aspecto ligero y moderno, reforzado con soportes ocultos para mayor estabilidad en espacios minimalistas y de estilo industrial.<\/p>\n\n\n\n<p><strong>Lavabo antimanchas Nano sin costuras<\/strong>: El lavabo integrado de piedra sinterizada con pendiente de precisi\u00f3n garantiza un drenaje r\u00e1pido y una acumulaci\u00f3n nula de agua, mientras que la densidad de la superficie a nivel nanom\u00e9trico evita la adherencia de la suciedad, reduciendo el mantenimiento en hoteles y espacios comerciales.<\/p>\n\n\n\n<p><strong>Espejo inteligente LED retroiluminado<\/strong>: El espejo LED de gran tama\u00f1o y \u00e1ngulo redondeado proporciona una iluminaci\u00f3n suave y agradable para la vista con funci\u00f3n antivaho, mejorando tanto la comodidad como el ambiente de alta tecnolog\u00eda en el cuarto de ba\u00f1o.<\/p>\n<\/div>\n\n\n\n<div class=\"wp-block-column is-layout-flow wp-block-column-is-layout-flow\">\n<figure class=\"wp-block-image size-full\"><img decoding=\"async\" width=\"800\" height=\"800\" src=\"https:\/\/www.segasanitary.com\/wp-content\/uploads\/2026\/03\/Wholesale-Marble-Bathroom-Cabinet-C9084-Y.webp\" alt=\"Mayorista Mueble de ba\u00f1o de m\u00e1rmol C9084-Y\" class=\"wp-image-642\" srcset=\"https:\/\/www.segasanitary.com\/wp-content\/uploads\/2026\/03\/Wholesale-Marble-Bathroom-Cabinet-C9084-Y.webp 800w, https:\/\/www.segasanitary.com\/wp-content\/uploads\/2026\/03\/Wholesale-Marble-Bathroom-Cabinet-C9084-Y-300x300.webp 300w, https:\/\/www.segasanitary.com\/wp-content\/uploads\/2026\/03\/Wholesale-Marble-Bathroom-Cabinet-C9084-Y-150x150.webp 150w, https:\/\/www.segasanitary.com\/wp-content\/uploads\/2026\/03\/Wholesale-Marble-Bathroom-Cabinet-C9084-Y-768x768.webp 768w, https:\/\/www.segasanitary.com\/wp-content\/uploads\/2026\/03\/Wholesale-Marble-Bathroom-Cabinet-C9084-Y-600x600.webp 600w, https:\/\/www.segasanitary.com\/wp-content\/uploads\/2026\/03\/Wholesale-Marble-Bathroom-Cabinet-C9084-Y-100x100.webp 100w\" sizes=\"(max-width: 800px) 100vw, 800px\" \/><\/figure>\n<\/div>\n<\/div>","protected":false},"excerpt":{"rendered":"<p>Mueble de ba\u00f1o de m\u00e1rmol al por mayor con encimera de piedra sinterizada ultraduradera, dise\u00f1o minimalista flotante, lavabo antimanchas sin juntas y espejo inteligente LED retroiluminado, por lo que es una opci\u00f3n popular para hoteles modernos y proyectos de ba\u00f1o de gama alta. Suministro directo de f\u00e1brica a granel. \u00a1P\u00f3ngase en contacto con nosotros para obtener un presupuesto ahora!<\/p>\n<h2>Especificaciones del producto:<\/h2>\n<table>\n<tbody>\n<tr>\n<td><strong>Atributo<\/strong><\/td>\n<td>\u00a0<span data-path-to-node=\"13,0,1,0\">Especificaci\u00f3n<\/span><\/td>\n<\/tr>\n<tr>\n<td><strong>Modelo<\/strong><\/td>\n<td>\u00a0C9084-Y<\/td>\n<\/tr>\n<tr>\n<td><strong>Material del armario<\/strong><\/td>\n<td>\u00a0M\u00e1rmol<\/td>\n<\/tr>\n<tr>\n<td><strong>Material de la cubeta<\/strong><\/td>\n<td>\u00a0Cer\u00e1mica<\/td>\n<\/tr>\n<tr>\n<td><strong>Tipo espejo<\/strong><\/td>\n<td><span data-path-to-node=\"22,6,1,0\">\u00a0Espejo LED de 3 colores<\/span><\/td>\n<\/tr>\n<tr>\n<td><strong>Acabado<\/strong><\/td>\n<td>\u00a0M\u00e1rmol blanco<\/td>\n<\/tr>\n<tr>\n<td><strong>Instalaci\u00f3n<\/strong><\/td>\n<td>\u00a0<span data-path-to-node=\"22,4,1,0\">De pared \/ Flotante<\/span><\/td>\n<\/tr>\n<\/tbody>\n<\/table>","protected":false},"featured_media":642,"comment_status":"closed","ping_status":"closed","template":"","meta":{"_acf_changed":false},"product_brand":[],"product_cat":[20,47],"product_tag":[],"class_list":{"0":"post-641","1":"product","2":"type-product","3":"status-publish","4":"has-post-thumbnail","6":"product_cat-wholesale-bathroom-cabinet","7":"product_cat-custom-marble-bathroom-cabinet","9":"first","10":"instock","11":"shipping-taxable","12":"product-type-simple"},"acf":[],"_links":{"self":[{"href":"https:\/\/www.segasanitary.com\/es\/wp-json\/wp\/v2\/product\/641","targetHints":{"allow":["GET"]}}],"collection":[{"href":"https:\/\/www.segasanitary.com\/es\/wp-json\/wp\/v2\/product"}],"about":[{"href":"https:\/\/www.segasanitary.com\/es\/wp-json\/wp\/v2\/types\/product"}],"replies":[{"embeddable":true,"href":"https:\/\/www.segasanitary.com\/es\/wp-json\/wp\/v2\/comments?post=641"}],"wp:featuredmedia":[{"embeddable":true,"href":"https:\/\/www.segasanitary.com\/es\/wp-json\/wp\/v2\/media\/642"}],"wp:attachment":[{"href":"https:\/\/www.segasanitary.com\/es\/wp-json\/wp\/v2\/media?parent=641"}],"wp:term":[{"taxonomy":"product_brand","embeddable":true,"href":"https:\/\/www.segasanitary.com\/es\/wp-json\/wp\/v2\/product_brand?post=641"},{"taxonomy":"product_cat","embeddable":true,"href":"https:\/\/www.segasanitary.com\/es\/wp-json\/wp\/v2\/product_cat?post=641"},{"taxonomy":"product_tag","embeddable":true,"href":"https:\/\/www.segasanitary.com\/es\/wp-json\/wp\/v2\/product_tag?post=641"}],"curies":[{"name":"wp","href":"https:\/\/api.w.org\/{rel}","templated":true}]}}