{"id":639,"date":"2026-03-20T09:41:27","date_gmt":"2026-03-20T09:41:27","guid":{"rendered":"https:\/\/www.segasanitary.com\/?post_type=product&#038;p=639"},"modified":"2026-03-21T07:53:00","modified_gmt":"2026-03-21T07:53:00","slug":"custom-led-mirrors","status":"publish","type":"product","link":"https:\/\/www.segasanitary.com\/es\/product\/custom-led-mirrors\/","title":{"rendered":"Espejos LED personalizados Espejos de ba\u00f1o sin marco al por mayor"},"content":{"rendered":"<div class=\"wp-block-columns is-layout-flex wp-container-core-columns-is-layout-9d6595d7 wp-block-columns-is-layout-flex\">\n<div class=\"wp-block-column is-vertically-aligned-center is-layout-flow wp-block-column-is-layout-flow\">\n<h2 class=\"wp-block-heading\">Espejos LED Caracter\u00edsticas:<\/h2>\n\n\n\n<p><strong>Dise\u00f1o minimalista de c\u00e1psulas<\/strong>: Los elegantes bordes curvos rompen la rigidez de los espejos cuadrados tradicionales, ampliando visualmente la altura del techo y a\u00f1adiendo fluidez a los espacios de ba\u00f1o modernos.<\/p>\n\n\n\n<p><strong>Espejo LED retroiluminado 360\u00b0 sin sombras: <\/strong>Las tiras de LED incrustadas detr\u00e1s del espejo proporcionan una iluminaci\u00f3n suave y uniforme a trav\u00e9s de las zonas esmeriladas, simulando la luz natural del d\u00eda para un aseo y maquillaje profesionales.<\/p>\n\n\n\n<p><strong>Antivaho inteligente de un solo toque:<\/strong> La l\u00e1mina calefactora PET integrada elimina r\u00e1pidamente el vapor con un solo toque, garantizando que la zona central del espejo permanezca despejada incluso despu\u00e9s de duchas calientes.<\/p>\n\n\n\n<p><strong>Espejo plateado ecol\u00f3gico sin cobre de 5 mm<\/strong>: Espejo de alta reflectividad, sin plomo ni mercurio, resistente a la oxidaci\u00f3n, los bordes negros y el moho, que mantiene la claridad a largo plazo en cuartos de ba\u00f1o h\u00famedos.<\/p>\n\n\n\n<p><strong>Servicio de personalizaci\u00f3n flexible: <\/strong>Admite diversas opciones de personalizaci\u00f3n, como tama\u00f1o, forma, material del borde, modo de iluminaci\u00f3n y funcionalidad t\u00e1ctil, para satisfacer las necesidades personalizadas de proyectos y marcas.<\/p>\n<\/div>\n\n\n\n<div class=\"wp-block-column is-layout-flow wp-block-column-is-layout-flow\">\n<figure class=\"wp-block-image size-full\"><img decoding=\"async\" width=\"800\" height=\"800\" src=\"https:\/\/www.segasanitary.com\/wp-content\/uploads\/2026\/03\/custom-led-mirrors-Z-005.webp\" alt=\"espejos led personalizados Z-005\" class=\"wp-image-640\" srcset=\"https:\/\/www.segasanitary.com\/wp-content\/uploads\/2026\/03\/custom-led-mirrors-Z-005.webp 800w, https:\/\/www.segasanitary.com\/wp-content\/uploads\/2026\/03\/custom-led-mirrors-Z-005-300x300.webp 300w, https:\/\/www.segasanitary.com\/wp-content\/uploads\/2026\/03\/custom-led-mirrors-Z-005-150x150.webp 150w, https:\/\/www.segasanitary.com\/wp-content\/uploads\/2026\/03\/custom-led-mirrors-Z-005-768x768.webp 768w, https:\/\/www.segasanitary.com\/wp-content\/uploads\/2026\/03\/custom-led-mirrors-Z-005-600x600.webp 600w, https:\/\/www.segasanitary.com\/wp-content\/uploads\/2026\/03\/custom-led-mirrors-Z-005-100x100.webp 100w\" sizes=\"(max-width: 800px) 100vw, 800px\" \/><\/figure>\n<\/div>\n<\/div>","protected":false},"excerpt":{"rendered":"<p data-start=\"980\" data-end=\"1217\">Los espejos LED personalizados SEGA combinan un dise\u00f1o de c\u00e1psula minimalista, retroiluminaci\u00f3n LED de 360\u00b0, antivaho inteligente y cristal plateado respetuoso con el medio ambiente, con total compatibilidad de personalizaci\u00f3n. Ideales para cuartos de ba\u00f1o de lujo. P\u00f3ngase en contacto con nosotros para pedidos al por mayor y soluciones de proyectos.<\/p>\n<h2>Especificaciones del producto:<\/h2>\n<table>\n<tbody>\n<tr>\n<td><strong>Atributo<\/strong><\/td>\n<td>\u00a0<span data-path-to-node=\"13,0,1,0\">Especificaci\u00f3n<\/span><\/td>\n<\/tr>\n<tr>\n<td><strong>Modelo<\/strong><\/td>\n<td>\u00a0Z-005<\/td>\n<\/tr>\n<tr>\n<td><strong>Tipo de producto<\/strong><\/td>\n<td>\u00a0<span data-path-to-node=\"22,2,1,0\">Espejo de ba\u00f1o LED inteligente<\/span><\/td>\n<\/tr>\n<tr>\n<td><strong>Material<\/strong><\/td>\n<td>\u00a0Espejo plateado HD sin cobre<\/td>\n<\/tr>\n<tr>\n<td><strong>Forma<\/strong><\/td>\n<td>\u00a0Irregular<\/td>\n<\/tr>\n<tr>\n<td><strong>Marco<\/strong><\/td>\n<td>\u00a0Sin marco \/ Estructura de aleaci\u00f3n de aluminio<\/td>\n<\/tr>\n<tr>\n<td><strong>Modo de iluminaci\u00f3n<\/strong><\/td>\n<td>\u00a0<span data-path-to-node=\"22,3,1,0\">Iluminaci\u00f3n frontal + retroiluminaci\u00f3n (Dual Glow)<\/span><\/td>\n<\/tr>\n<tr>\n<td><strong>Funciones<\/strong><\/td>\n<td>\u00a0Antivaho, regulable, CCT ajustable<\/td>\n<\/tr>\n<tr>\n<td><strong>Impermeable<\/strong><\/td>\n<td>\u00a0<span data-path-to-node=\"22,8,1,0\">Clasificaci\u00f3n IP44<\/span><\/td>\n<\/tr>\n<\/tbody>\n<\/table>","protected":false},"featured_media":640,"comment_status":"closed","ping_status":"closed","template":"","meta":{"_acf_changed":false},"product_brand":[],"product_cat":[19,35,38],"product_tag":[],"class_list":{"0":"post-639","1":"product","2":"type-product","3":"status-publish","4":"has-post-thumbnail","6":"product_cat-wholesale-bathroom-mirror","7":"product_cat-custom-frameless-mirror","8":"product_cat-custom-oval-mirror","10":"first","11":"instock","12":"shipping-taxable","13":"product-type-simple"},"acf":[],"_links":{"self":[{"href":"https:\/\/www.segasanitary.com\/es\/wp-json\/wp\/v2\/product\/639","targetHints":{"allow":["GET"]}}],"collection":[{"href":"https:\/\/www.segasanitary.com\/es\/wp-json\/wp\/v2\/product"}],"about":[{"href":"https:\/\/www.segasanitary.com\/es\/wp-json\/wp\/v2\/types\/product"}],"replies":[{"embeddable":true,"href":"https:\/\/www.segasanitary.com\/es\/wp-json\/wp\/v2\/comments?post=639"}],"wp:featuredmedia":[{"embeddable":true,"href":"https:\/\/www.segasanitary.com\/es\/wp-json\/wp\/v2\/media\/640"}],"wp:attachment":[{"href":"https:\/\/www.segasanitary.com\/es\/wp-json\/wp\/v2\/media?parent=639"}],"wp:term":[{"taxonomy":"product_brand","embeddable":true,"href":"https:\/\/www.segasanitary.com\/es\/wp-json\/wp\/v2\/product_brand?post=639"},{"taxonomy":"product_cat","embeddable":true,"href":"https:\/\/www.segasanitary.com\/es\/wp-json\/wp\/v2\/product_cat?post=639"},{"taxonomy":"product_tag","embeddable":true,"href":"https:\/\/www.segasanitary.com\/es\/wp-json\/wp\/v2\/product_tag?post=639"}],"curies":[{"name":"wp","href":"https:\/\/api.w.org\/{rel}","templated":true}]}}