{"id":632,"date":"2026-03-20T08:49:21","date_gmt":"2026-03-20T08:49:21","guid":{"rendered":"https:\/\/www.segasanitary.com\/?post_type=product&#038;p=632"},"modified":"2026-03-21T02:35:36","modified_gmt":"2026-03-21T02:35:36","slug":"custom-framed-bathroom-mirrors","status":"publish","type":"product","link":"https:\/\/www.segasanitary.com\/es\/product\/custom-framed-bathroom-mirrors\/","title":{"rendered":"Espejos de ba\u00f1o con marco personalizado y luz LED Espejo ovalado SEGA Fabricante"},"content":{"rendered":"<div class=\"wp-block-columns is-layout-flex wp-container-core-columns-is-layout-9d6595d7 wp-block-columns-is-layout-flex\">\n<div class=\"wp-block-column is-vertically-aligned-center is-layout-flow wp-block-column-is-layout-flow\">\n<h2 class=\"wp-block-heading\">Espejos de ba\u00f1o con marco Caracter\u00edsticas:<\/h2>\n\n\n\n<p><strong>Exclusivo marco acr\u00edlico con dise\u00f1o de diamantes:<\/strong> El material PS\/acr\u00edlico de alta transparencia con textura de \u201cdiamante\u201d grabada con precisi\u00f3n refracta la luz LED para conseguir un efecto brillante y cristalino que mejora el reconocimiento de la marca.<\/p>\n\n\n\n<p><strong>Aluminio cepillado Soportes decorativos:<\/strong> Tres apliques geom\u00e9tricos de aluminio cepillado sujetan firmemente el espejo, combinando la textura met\u00e1lica con un marco transparente para conseguir una est\u00e9tica industrial de primera calidad.<\/p>\n\n\n\n<p><strong>Espejo plateado ecol\u00f3gico sin cobre de 5 mm:<\/strong> Espejo ecol\u00f3gico avanzado con alto CRI (&gt;90) que garantiza una reproducci\u00f3n fiel del color, resistencia a la oxidaci\u00f3n y durabilidad a largo plazo, ideal para espacios de peluquer\u00eda de gama alta.<\/p>\n\n\n\n<p><strong>Iluminaci\u00f3n LED suave envolvente de 360\u00b0:<\/strong> El LED integrado en el marco acr\u00edlico proporciona una iluminaci\u00f3n uniforme y sin sombras mediante la difusi\u00f3n en forma de diamante, proporcionando una luz suave y agradable a la vista para un reflejo impecable.<\/p>\n\n\n\n<p><strong>Venta al por mayor directa de f\u00e1brica y personalizaci\u00f3n:<\/strong> Admite pedidos al por mayor de espejos de ba\u00f1o con opciones flexibles de tama\u00f1o, acabado del marco e iluminaci\u00f3n, respaldados por un estricto control de calidad y una entrega fiable para proyectos B2B y de ingenier\u00eda.<\/p>\n<\/div>\n\n\n\n<div class=\"wp-block-column is-layout-flow wp-block-column-is-layout-flow\">\n<figure class=\"wp-block-image size-full\"><img decoding=\"async\" width=\"600\" height=\"800\" src=\"https:\/\/www.segasanitary.com\/wp-content\/uploads\/2026\/03\/custom-framed-bathroom-mirrors-details.webp\" alt=\"espejos de ba\u00f1o con marco a medida detalles\" class=\"wp-image-633\" srcset=\"https:\/\/www.segasanitary.com\/wp-content\/uploads\/2026\/03\/custom-framed-bathroom-mirrors-details.webp 600w, https:\/\/www.segasanitary.com\/wp-content\/uploads\/2026\/03\/custom-framed-bathroom-mirrors-details-225x300.webp 225w\" sizes=\"(max-width: 600px) 100vw, 600px\" \/><\/figure>\n<\/div>\n<\/div>","protected":false},"excerpt":{"rendered":"<p>Bienvenido a la compra al por mayor de espejos de ba\u00f1o con marcos acr\u00edlicos con motivos de diamantes, iluminaci\u00f3n LED suave y soportes de aluminio cepillado de primera calidad. Perfecto para hoteles, apartamentos y proyectos de ba\u00f1o. SEGA fabricante suministra con estricto control de calidad. Pregunte por las opciones de venta al por mayor.<\/p>\n<h2>Especificaciones del producto:<\/h2>\n<table>\n<tbody>\n<tr>\n<td><strong>Atributo<\/strong><\/td>\n<td>\u00a0<span data-path-to-node=\"13,0,1,0\">Especificaci\u00f3n<\/span><\/td>\n<\/tr>\n<tr>\n<td><strong>Modelo<\/strong><\/td>\n<td>\u00a0MY005<\/td>\n<\/tr>\n<tr>\n<td><strong>Tipo de producto<\/strong><\/td>\n<td>\u00a0<span data-path-to-node=\"22,2,1,0\">Espejo de ba\u00f1o LED inteligente<\/span><\/td>\n<\/tr>\n<tr>\n<td><strong>Material<\/strong><\/td>\n<td>\u00a0Espejo plateado HD sin cobre<\/td>\n<\/tr>\n<tr>\n<td><strong>Forma<\/strong><\/td>\n<td>\u00a0Redondo<\/td>\n<\/tr>\n<tr>\n<td><strong>Marco<\/strong><\/td>\n<td>\u00a0Marco acr\u00edlico \/ Estructura de aleaci\u00f3n de aluminio<\/td>\n<\/tr>\n<tr>\n<td><strong>Modo de iluminaci\u00f3n<\/strong><\/td>\n<td>\u00a0<span data-path-to-node=\"22,3,1,0\">Iluminaci\u00f3n frontal + retroiluminaci\u00f3n (Dual Glow)<\/span><\/td>\n<\/tr>\n<tr>\n<td><strong>Funciones<\/strong><\/td>\n<td>Antivaho, regulable, CCT ajustable<\/td>\n<\/tr>\n<tr>\n<td><strong>Impermeable<\/strong><\/td>\n<td>\u00a0<span data-path-to-node=\"22,8,1,0\">Clasificaci\u00f3n IP44<\/span><\/td>\n<\/tr>\n<\/tbody>\n<\/table>","protected":false},"featured_media":635,"comment_status":"closed","ping_status":"closed","template":"","meta":{"_acf_changed":false},"product_brand":[],"product_cat":[19,36,37],"product_tag":[],"class_list":{"0":"post-632","1":"product","2":"type-product","3":"status-publish","4":"has-post-thumbnail","6":"product_cat-wholesale-bathroom-mirror","7":"product_cat-custom-framed-mirror","8":"product_cat-wholesale-round-mirrors","10":"first","11":"instock","12":"shipping-taxable","13":"product-type-simple"},"acf":[],"_links":{"self":[{"href":"https:\/\/www.segasanitary.com\/es\/wp-json\/wp\/v2\/product\/632","targetHints":{"allow":["GET"]}}],"collection":[{"href":"https:\/\/www.segasanitary.com\/es\/wp-json\/wp\/v2\/product"}],"about":[{"href":"https:\/\/www.segasanitary.com\/es\/wp-json\/wp\/v2\/types\/product"}],"replies":[{"embeddable":true,"href":"https:\/\/www.segasanitary.com\/es\/wp-json\/wp\/v2\/comments?post=632"}],"wp:featuredmedia":[{"embeddable":true,"href":"https:\/\/www.segasanitary.com\/es\/wp-json\/wp\/v2\/media\/635"}],"wp:attachment":[{"href":"https:\/\/www.segasanitary.com\/es\/wp-json\/wp\/v2\/media?parent=632"}],"wp:term":[{"taxonomy":"product_brand","embeddable":true,"href":"https:\/\/www.segasanitary.com\/es\/wp-json\/wp\/v2\/product_brand?post=632"},{"taxonomy":"product_cat","embeddable":true,"href":"https:\/\/www.segasanitary.com\/es\/wp-json\/wp\/v2\/product_cat?post=632"},{"taxonomy":"product_tag","embeddable":true,"href":"https:\/\/www.segasanitary.com\/es\/wp-json\/wp\/v2\/product_tag?post=632"}],"curies":[{"name":"wp","href":"https:\/\/api.w.org\/{rel}","templated":true}]}}