{"id":630,"date":"2026-03-20T08:12:15","date_gmt":"2026-03-20T08:12:15","guid":{"rendered":"https:\/\/www.segasanitary.com\/?post_type=product&#038;p=630"},"modified":"2026-03-20T08:48:37","modified_gmt":"2026-03-20T08:48:37","slug":"custom-mirrors-for-bathrooms","status":"publish","type":"product","link":"https:\/\/www.segasanitary.com\/es\/product\/custom-mirrors-for-bathrooms\/","title":{"rendered":"Espejos a Medida para Ba\u00f1os, Espejos LED Redondos de Pared a Granel"},"content":{"rendered":"<div class=\"wp-block-columns is-layout-flex wp-container-core-columns-is-layout-9d6595d7 wp-block-columns-is-layout-flex\">\n<div class=\"wp-block-column is-vertically-aligned-center is-layout-flow wp-block-column-is-layout-flow\">\n<h2 class=\"wp-block-heading\">Caracter\u00edsticas de los espejos para cuartos de ba\u00f1o:<\/h2>\n\n\n\n<p><strong>Dise\u00f1o \u00fanico de luz de tejido geom\u00e9trico:<\/strong> El patr\u00f3n de diamantes en capas grabado mediante CNC en el borde del espejo difunde la luz uniformemente, sirviendo tanto de iluminaci\u00f3n funcional como de llamativa decoraci\u00f3n del cuarto de ba\u00f1o.<\/p>\n\n\n\n<p><strong>Espejo plateado ecol\u00f3gico sin cobre de 5 mm:<\/strong> Espejo de alta reflectividad y color real con reverso antirrotura que garantiza seguridad y durabilidad, ideal para proyectos hoteleros y comerciales de mucho tr\u00e1fico.<\/p>\n\n\n\n<p><strong>Iluminaci\u00f3n LED multicolor de alta calidad:<\/strong> Las tiras de LED impermeables con CRI &gt; 90 proporcionan una iluminaci\u00f3n suave y sin parpadeos. Se pueden configurar en blanco fr\u00edo, blanco c\u00e1lido o luz natural para satisfacer los requisitos del proyecto.<\/p>\n\n\n\n<p><strong>Control t\u00e1ctil inteligente con funci\u00f3n de memoria:<\/strong> El interruptor t\u00e1ctil minimalista permite encenderlo, apagarlo y regularlo f\u00e1cilmente, con una funci\u00f3n de memoria de apagado para conseguir una iluminaci\u00f3n uniforme en los hoteles de lujo.<\/p>\n\n\n\n<p><strong>Apoyo a la venta al por mayor y servicio de personalizaci\u00f3n:<\/strong> Las soluciones OEM\/ODM directas de f\u00e1brica admiten pedidos al por mayor con personalizaci\u00f3n flexible de tama\u00f1o, acabado e iluminaci\u00f3n, respaldadas por un estricto control de calidad para una entrega B2B fiable.<\/p>\n<\/div>\n\n\n\n<div class=\"wp-block-column is-layout-flow wp-block-column-is-layout-flow\">\n<figure class=\"wp-block-image size-full\"><img decoding=\"async\" width=\"800\" height=\"800\" src=\"https:\/\/www.segasanitary.com\/wp-content\/uploads\/2026\/03\/custom-mirrors-for-bathrooms-L1133.webp\" alt=\"espejos a medida para cuartos de ba\u00f1o L1133\" class=\"wp-image-631\" srcset=\"https:\/\/www.segasanitary.com\/wp-content\/uploads\/2026\/03\/custom-mirrors-for-bathrooms-L1133.webp 800w, https:\/\/www.segasanitary.com\/wp-content\/uploads\/2026\/03\/custom-mirrors-for-bathrooms-L1133-300x300.webp 300w, https:\/\/www.segasanitary.com\/wp-content\/uploads\/2026\/03\/custom-mirrors-for-bathrooms-L1133-150x150.webp 150w, https:\/\/www.segasanitary.com\/wp-content\/uploads\/2026\/03\/custom-mirrors-for-bathrooms-L1133-768x768.webp 768w, https:\/\/www.segasanitary.com\/wp-content\/uploads\/2026\/03\/custom-mirrors-for-bathrooms-L1133-600x600.webp 600w, https:\/\/www.segasanitary.com\/wp-content\/uploads\/2026\/03\/custom-mirrors-for-bathrooms-L1133-100x100.webp 100w\" sizes=\"(max-width: 800px) 100vw, 800px\" \/><\/figure>\n<\/div>\n<\/div>","protected":false},"excerpt":{"rendered":"<p data-start=\"980\" data-end=\"1217\">Los espejos a medida para cuartos de ba\u00f1o ofrecen dise\u00f1os geom\u00e9tricos luminosos, cristal plateado ecol\u00f3gico, iluminaci\u00f3n LED resistente al agua y control t\u00e1ctil inteligente. Perfectos para proyectos de ba\u00f1o B2B, p\u00f3ngase en contacto con nosotros para pedidos al por mayor y personalizaci\u00f3n.<\/p>\n<h2>Especificaciones del producto:<\/h2>\n<table>\n<tbody>\n<tr>\n<td><strong>Atributo<\/strong><\/td>\n<td>\u00a0<span data-path-to-node=\"13,0,1,0\">Especificaci\u00f3n<\/span><\/td>\n<\/tr>\n<tr>\n<td><strong>Modelo<\/strong><\/td>\n<td>\u00a0L1133<\/td>\n<\/tr>\n<tr>\n<td><strong>Tipo de producto<\/strong><\/td>\n<td>\u00a0<span data-path-to-node=\"22,2,1,0\">Espejo de ba\u00f1o LED inteligente<\/span><\/td>\n<\/tr>\n<tr>\n<td><strong>Material<\/strong><\/td>\n<td>Espejo plateado HD sin cobre<\/td>\n<\/tr>\n<tr>\n<td><strong>Forma<\/strong><\/td>\n<td>Redondo<\/td>\n<\/tr>\n<tr>\n<td><strong>Marco<\/strong><\/td>\n<td>Sin marco \/ Estructura de aleaci\u00f3n de aluminio<\/td>\n<\/tr>\n<tr>\n<td><strong>Modo de iluminaci\u00f3n<\/strong><\/td>\n<td>\u00a0<span data-path-to-node=\"22,3,1,0\">Iluminaci\u00f3n frontal + retroiluminaci\u00f3n (Dual Glow)<\/span><\/td>\n<\/tr>\n<tr>\n<td><strong>Funciones<\/strong><\/td>\n<td>Antivaho, regulable, CCT ajustable<\/td>\n<\/tr>\n<tr>\n<td><strong>Impermeable<\/strong><\/td>\n<td>\u00a0<span data-path-to-node=\"22,8,1,0\">Clasificaci\u00f3n IP44<\/span><\/td>\n<\/tr>\n<\/tbody>\n<\/table>","protected":false},"featured_media":631,"comment_status":"closed","ping_status":"closed","template":"","meta":{"_acf_changed":false},"product_brand":[],"product_cat":[19,35,37],"product_tag":[],"class_list":{"0":"post-630","1":"product","2":"type-product","3":"status-publish","4":"has-post-thumbnail","6":"product_cat-wholesale-bathroom-mirror","7":"product_cat-custom-frameless-mirror","8":"product_cat-wholesale-round-mirrors","10":"first","11":"instock","12":"shipping-taxable","13":"product-type-simple"},"acf":[],"_links":{"self":[{"href":"https:\/\/www.segasanitary.com\/es\/wp-json\/wp\/v2\/product\/630","targetHints":{"allow":["GET"]}}],"collection":[{"href":"https:\/\/www.segasanitary.com\/es\/wp-json\/wp\/v2\/product"}],"about":[{"href":"https:\/\/www.segasanitary.com\/es\/wp-json\/wp\/v2\/types\/product"}],"replies":[{"embeddable":true,"href":"https:\/\/www.segasanitary.com\/es\/wp-json\/wp\/v2\/comments?post=630"}],"wp:featuredmedia":[{"embeddable":true,"href":"https:\/\/www.segasanitary.com\/es\/wp-json\/wp\/v2\/media\/631"}],"wp:attachment":[{"href":"https:\/\/www.segasanitary.com\/es\/wp-json\/wp\/v2\/media?parent=630"}],"wp:term":[{"taxonomy":"product_brand","embeddable":true,"href":"https:\/\/www.segasanitary.com\/es\/wp-json\/wp\/v2\/product_brand?post=630"},{"taxonomy":"product_cat","embeddable":true,"href":"https:\/\/www.segasanitary.com\/es\/wp-json\/wp\/v2\/product_cat?post=630"},{"taxonomy":"product_tag","embeddable":true,"href":"https:\/\/www.segasanitary.com\/es\/wp-json\/wp\/v2\/product_tag?post=630"}],"curies":[{"name":"wp","href":"https:\/\/api.w.org\/{rel}","templated":true}]}}