{"id":628,"date":"2026-03-20T07:18:14","date_gmt":"2026-03-20T07:18:14","guid":{"rendered":"https:\/\/www.segasanitary.com\/?post_type=product&#038;p=628"},"modified":"2026-03-20T07:41:24","modified_gmt":"2026-03-20T07:41:24","slug":"wholesale-floating-bathroom-vanity","status":"publish","type":"product","link":"https:\/\/www.segasanitary.com\/es\/product\/wholesale-floating-bathroom-vanity\/","title":{"rendered":"Mayorista Tocador de Ba\u00f1o Flotante, Lujoso Tocador de Ba\u00f1o de Madera Contrachapada para Hotel Personalizado"},"content":{"rendered":"<div class=\"wp-block-columns is-layout-flex wp-container-core-columns-is-layout-9d6595d7 wp-block-columns-is-layout-flex\">\n<div class=\"wp-block-column is-vertically-aligned-center is-layout-flow wp-block-column-is-layout-flow\">\n<h2 class=\"wp-block-heading\">Tocador de ba\u00f1o flotante Caracter\u00edsticas:<\/h2>\n\n\n\n<p><strong>Soluci\u00f3n de almacenamiento de 100 cm de ancho:<\/strong> El amplio dise\u00f1o de 100 cm proporciona una encimera m\u00e1s grande y mayor capacidad de almacenamiento, ideal para ba\u00f1os de lujo, suites de hotel y apartamentos modernos.<\/p>\n\n\n\n<p><strong>Construcci\u00f3n de madera contrachapada de alta estabilidad:<\/strong> Fabricado con contrachapado de madera maciza multicapa, ofrece una fuerte estabilidad estructural, una excelente resistencia a la humedad y un rendimiento fiable durante el transporte y el uso a largo plazo.<\/p>\n\n\n\n<p><strong>Elegante dise\u00f1o de bordes ondulados:<\/strong> Su exclusiva base ondulada combinada con un suave acabado lacado mate crea un aspecto refinado y contempor\u00e1neo que eleva la est\u00e9tica general del interior.<\/p>\n\n\n\n<p><strong>Armario Triple Espejo Inteligente:<\/strong> El armario con espejo de 3 puertas con iluminaci\u00f3n LED, funci\u00f3n antivaho, control t\u00e1ctil y soporte para pa\u00f1uelos integrado ofrece una mayor facilidad de uso y un almacenamiento organizado.<\/p>\n\n\n\n<p><strong>Lavabo integrado de cer\u00e1mica sin juntas:<\/strong> El lavabo de cer\u00e1mica cocida a alta temperatura presenta un esmalte suave y duradero con una gran resistencia a las manchas, lo que garantiza una limpieza f\u00e1cil y un aspecto duradero.<\/p>\n\n\n\n<p><strong>Suministro directo de f\u00e1brica con opciones personalizadas:<\/strong> Soporta pedidos al por mayor con personalizaci\u00f3n flexible en tama\u00f1o, color y configuraci\u00f3n, respaldada por una capacidad de producci\u00f3n estable y un control de calidad constante.<\/p>\n<\/div>\n\n\n\n<div class=\"wp-block-column is-layout-flow wp-block-column-is-layout-flow\">\n<figure class=\"wp-block-image size-full\"><img decoding=\"async\" width=\"800\" height=\"800\" src=\"https:\/\/www.segasanitary.com\/wp-content\/uploads\/2026\/03\/wholesale-floating-bathroom-vanity-luxury-bathroom-cabinet-plywood-supplier-3202-100.webp\" alt=\"venta al por mayor flotante cuarto de ba\u00f1o vanidad de lujo gabinete de ba\u00f1o de madera contrachapada proveedor 3202-100\" class=\"wp-image-629\" srcset=\"https:\/\/www.segasanitary.com\/wp-content\/uploads\/2026\/03\/wholesale-floating-bathroom-vanity-luxury-bathroom-cabinet-plywood-supplier-3202-100.webp 800w, https:\/\/www.segasanitary.com\/wp-content\/uploads\/2026\/03\/wholesale-floating-bathroom-vanity-luxury-bathroom-cabinet-plywood-supplier-3202-100-300x300.webp 300w, https:\/\/www.segasanitary.com\/wp-content\/uploads\/2026\/03\/wholesale-floating-bathroom-vanity-luxury-bathroom-cabinet-plywood-supplier-3202-100-150x150.webp 150w, https:\/\/www.segasanitary.com\/wp-content\/uploads\/2026\/03\/wholesale-floating-bathroom-vanity-luxury-bathroom-cabinet-plywood-supplier-3202-100-768x768.webp 768w, https:\/\/www.segasanitary.com\/wp-content\/uploads\/2026\/03\/wholesale-floating-bathroom-vanity-luxury-bathroom-cabinet-plywood-supplier-3202-100-600x600.webp 600w, https:\/\/www.segasanitary.com\/wp-content\/uploads\/2026\/03\/wholesale-floating-bathroom-vanity-luxury-bathroom-cabinet-plywood-supplier-3202-100-100x100.webp 100w\" sizes=\"(max-width: 800px) 100vw, 800px\" \/><\/figure>\n<\/div>\n<\/div>","protected":false},"excerpt":{"rendered":"<p>El tocador de ba\u00f1o flotante al por mayor cuenta con un espejo LED inteligente, almacenamiento espacioso y un lavabo de cer\u00e1mica sin juntas para un uso diario c\u00f3modo, creando un aspecto moderno. Ideal para apartamentos modernos y ba\u00f1os de hoteles de lujo. P\u00f3ngase en contacto con nosotros para precios al por mayor hoy.<\/p>\n<h2>Especificaciones del producto:<\/h2>\n<table>\n<tbody>\n<tr>\n<td><strong>Atributo<\/strong><\/td>\n<td>\u00a0<span data-path-to-node=\"13,0,1,0\">Especificaci\u00f3n<\/span><\/td>\n<\/tr>\n<tr>\n<td><strong>Modelo<\/strong><\/td>\n<td>\u00a0<span data-path-to-node=\"22,1,1,0\">3202-100<\/span><\/td>\n<\/tr>\n<tr>\n<td><strong>Material del armario<\/strong><\/td>\n<td>\u00a0Armario de ba\u00f1o de madera contrachapada<\/td>\n<\/tr>\n<tr>\n<td><strong>Material de la cubeta<\/strong><\/td>\n<td>\u00a0Cer\u00e1mica<\/td>\n<\/tr>\n<tr>\n<td><strong>Talla<\/strong><\/td>\n<td><span data-path-to-node=\"22,6,1,0\">\u00a01000 x 500 x 530 mm<\/span><\/td>\n<\/tr>\n<tr>\n<td><strong>Tipo espejo<\/strong><\/td>\n<td><span data-path-to-node=\"22,6,1,0\">\u00a0Armario con espejo y dispensador de pa\u00f1uelos<\/span><\/td>\n<\/tr>\n<tr>\n<td><strong>Acabado<\/strong><\/td>\n<td>\u00a0Forma de fachada festoneada<\/td>\n<\/tr>\n<tr>\n<td><strong>Instalaci\u00f3n<\/strong><\/td>\n<td>\u00a0<span data-path-to-node=\"22,4,1,0\">De pared \/ Flotante<\/span><\/td>\n<\/tr>\n<\/tbody>\n<\/table>","protected":false},"featured_media":629,"comment_status":"closed","ping_status":"closed","template":"","meta":{"_acf_changed":false},"product_brand":[],"product_cat":[20,42],"product_tag":[],"class_list":{"0":"post-628","1":"product","2":"type-product","3":"status-publish","4":"has-post-thumbnail","6":"product_cat-wholesale-bathroom-cabinet","7":"product_cat-wholesale-plywood-bathroom-cabinet","9":"first","10":"instock","11":"shipping-taxable","12":"product-type-simple"},"acf":[],"_links":{"self":[{"href":"https:\/\/www.segasanitary.com\/es\/wp-json\/wp\/v2\/product\/628","targetHints":{"allow":["GET"]}}],"collection":[{"href":"https:\/\/www.segasanitary.com\/es\/wp-json\/wp\/v2\/product"}],"about":[{"href":"https:\/\/www.segasanitary.com\/es\/wp-json\/wp\/v2\/types\/product"}],"replies":[{"embeddable":true,"href":"https:\/\/www.segasanitary.com\/es\/wp-json\/wp\/v2\/comments?post=628"}],"wp:featuredmedia":[{"embeddable":true,"href":"https:\/\/www.segasanitary.com\/es\/wp-json\/wp\/v2\/media\/629"}],"wp:attachment":[{"href":"https:\/\/www.segasanitary.com\/es\/wp-json\/wp\/v2\/media?parent=628"}],"wp:term":[{"taxonomy":"product_brand","embeddable":true,"href":"https:\/\/www.segasanitary.com\/es\/wp-json\/wp\/v2\/product_brand?post=628"},{"taxonomy":"product_cat","embeddable":true,"href":"https:\/\/www.segasanitary.com\/es\/wp-json\/wp\/v2\/product_cat?post=628"},{"taxonomy":"product_tag","embeddable":true,"href":"https:\/\/www.segasanitary.com\/es\/wp-json\/wp\/v2\/product_tag?post=628"}],"curies":[{"name":"wp","href":"https:\/\/api.w.org\/{rel}","templated":true}]}}