{"id":620,"date":"2026-03-20T03:12:27","date_gmt":"2026-03-20T03:12:27","guid":{"rendered":"https:\/\/www.segasanitary.com\/?post_type=product&#038;p=620"},"modified":"2026-03-20T03:29:19","modified_gmt":"2026-03-20T03:29:19","slug":"wholesale-stainless-steel-bathroom-cabinet","status":"publish","type":"product","link":"https:\/\/www.segasanitary.com\/es\/product\/wholesale-stainless-steel-bathroom-cabinet\/","title":{"rendered":"Venta al por mayor gabinete del cuarto de ba\u00f1o del acero inoxidable, vanidad flotante del cuarto de ba\u00f1o con el espejo de encargo"},"content":{"rendered":"<div class=\"wp-block-columns is-layout-flex wp-container-core-columns-is-layout-9d6595d7 wp-block-columns-is-layout-flex\">\n<div class=\"wp-block-column is-vertically-aligned-center is-layout-flow wp-block-column-is-layout-flow\">\n<h2 class=\"wp-block-heading\">Gabinete de ba\u00f1o de acero inoxidable Caracter\u00edsticas:<\/h2>\n\n\n\n<p><strong>Construcci\u00f3n robusta de acero inoxidable<\/strong>: Fabricado en acero inoxidable 304\/201 de primera calidad, el armario resiste la corrosi\u00f3n, el \u00f3xido y el fuego, y no se agrieta ni se deforma en entornos extremadamente h\u00famedos.<\/p>\n\n\n\n<p><strong>Rejilla moderna y dise\u00f1o industrial redondeado<\/strong>: Los paneles de rejilla de color claro y los bordes redondeados suavizan el aspecto met\u00e1lico, mejorando el atractivo visual y la seguridad a la vez que mantienen una elegante est\u00e9tica industrial.<\/p>\n\n\n\n<p><strong>Armario con espejo multifuncional<\/strong>: El resistente armario con espejo de aluminio cuenta con una secci\u00f3n retroiluminada inteligente y estanter\u00edas abiertas de tres capas, que equilibran el almacenamiento oculto con un f\u00e1cil acceso a los objetos esenciales diarios.<\/p>\n\n\n\n<p><strong>Dise\u00f1o compacto de 600 mm para ahorrar espacio<\/strong>: Optimizado para apartamentos peque\u00f1os, habitaciones de hotel o suites comerciales, proporciona funciones de lavado, almacenamiento y aseo de forma eficiente en un espacio limitado.<\/p>\n\n\n\n<p><strong>Lavabo de cer\u00e1mica de alto brillo sin juntas<\/strong>: Fregadero de cer\u00e1mica cocida a alta temperatura con esmalte liso, superficie antimanchas, dise\u00f1o con rebosadero y generosa zona de lavado para una mayor comodidad y durabilidad.<\/p>\n\n\n\n<p><strong>Soluciones integrales de acero inoxidable OEM\/ODM<\/strong>: Desde el dise\u00f1o y la selecci\u00f3n de materiales hasta la producci\u00f3n y el control de calidad, ofrecemos la personalizaci\u00f3n completa de tocadores de ba\u00f1o y una entrega global fiable para clientes B2B.<\/p>\n<\/div>\n\n\n\n<div class=\"wp-block-column is-layout-flow wp-block-column-is-layout-flow\">\n<figure class=\"wp-block-image size-full\"><img decoding=\"async\" width=\"600\" height=\"800\" src=\"https:\/\/www.segasanitary.com\/wp-content\/uploads\/2026\/03\/wholesale-stainless-steel-bathroom-cabinet-204-60.webp\" alt=\"venta al por mayor mueble de ba\u00f1o de acero inoxidable 204-60\" class=\"wp-image-622\" srcset=\"https:\/\/www.segasanitary.com\/wp-content\/uploads\/2026\/03\/wholesale-stainless-steel-bathroom-cabinet-204-60.webp 600w, https:\/\/www.segasanitary.com\/wp-content\/uploads\/2026\/03\/wholesale-stainless-steel-bathroom-cabinet-204-60-225x300.webp 225w\" sizes=\"(max-width: 600px) 100vw, 600px\" \/><\/figure>\n<\/div>\n<\/div>","protected":false},"excerpt":{"rendered":"<p>Mueble de ba\u00f1o de acero inoxidable al por mayor que combina un dise\u00f1o compacto de 600 mm, lavabo de cer\u00e1mica sin juntas, espejo retroiluminado inteligente y espacio de almacenamiento m\u00faltiple. Perfecto para hoteles, apartamentos y proyectos comerciales, p\u00f3ngase en contacto con nosotros para precios al por mayor y personalizaci\u00f3n.<\/p>\n<h2>Especificaciones del producto:<\/h2>\n<table>\n<tbody>\n<tr>\n<td><strong>Atributo<\/strong><\/td>\n<td>\u00a0<span data-path-to-node=\"13,0,1,0\">Especificaci\u00f3n<\/span><\/td>\n<\/tr>\n<tr>\n<td><strong>Modelo<\/strong><\/td>\n<td>\u00a0<span data-path-to-node=\"22,1,1,0\">204-60<\/span><\/td>\n<\/tr>\n<tr>\n<td><strong>Material del armario<\/strong><\/td>\n<td>\u00a0Acero inoxidable<\/td>\n<\/tr>\n<tr>\n<td><strong>Material de la cubeta<\/strong><\/td>\n<td>\u00a0Cer\u00e1mica<\/td>\n<\/tr>\n<tr>\n<td><strong>Talla<\/strong><\/td>\n<td><span data-path-to-node=\"22,1,1,0\">\u00a0600 x 400 x 500 mm<\/span><\/td>\n<\/tr>\n<tr>\n<td><strong>Tipo espejo<\/strong><\/td>\n<td><span data-path-to-node=\"22,6,1,0\">\u00a0Armario de pared con espejo<\/span><\/td>\n<\/tr>\n<tr>\n<td><strong>Acabado<\/strong><\/td>\n<td>\u00a0Moderno acabado de rejilla<\/td>\n<\/tr>\n<tr>\n<td><strong>Instalaci\u00f3n<\/strong><\/td>\n<td><span data-path-to-node=\"22,4,1,0\">\u00a0De pared \/ Flotante<\/span><\/td>\n<\/tr>\n<\/tbody>\n<\/table>","protected":false},"featured_media":621,"comment_status":"closed","ping_status":"closed","template":"","meta":{"_acf_changed":false},"product_brand":[],"product_cat":[20,46],"product_tag":[],"class_list":{"0":"post-620","1":"product","2":"type-product","3":"status-publish","4":"has-post-thumbnail","6":"product_cat-wholesale-bathroom-cabinet","7":"product_cat-wholesale-stainless-steel-bathroom-cabinet","9":"first","10":"instock","11":"shipping-taxable","12":"product-type-simple"},"acf":[],"_links":{"self":[{"href":"https:\/\/www.segasanitary.com\/es\/wp-json\/wp\/v2\/product\/620","targetHints":{"allow":["GET"]}}],"collection":[{"href":"https:\/\/www.segasanitary.com\/es\/wp-json\/wp\/v2\/product"}],"about":[{"href":"https:\/\/www.segasanitary.com\/es\/wp-json\/wp\/v2\/types\/product"}],"replies":[{"embeddable":true,"href":"https:\/\/www.segasanitary.com\/es\/wp-json\/wp\/v2\/comments?post=620"}],"wp:featuredmedia":[{"embeddable":true,"href":"https:\/\/www.segasanitary.com\/es\/wp-json\/wp\/v2\/media\/621"}],"wp:attachment":[{"href":"https:\/\/www.segasanitary.com\/es\/wp-json\/wp\/v2\/media?parent=620"}],"wp:term":[{"taxonomy":"product_brand","embeddable":true,"href":"https:\/\/www.segasanitary.com\/es\/wp-json\/wp\/v2\/product_brand?post=620"},{"taxonomy":"product_cat","embeddable":true,"href":"https:\/\/www.segasanitary.com\/es\/wp-json\/wp\/v2\/product_cat?post=620"},{"taxonomy":"product_tag","embeddable":true,"href":"https:\/\/www.segasanitary.com\/es\/wp-json\/wp\/v2\/product_tag?post=620"}],"curies":[{"name":"wp","href":"https:\/\/api.w.org\/{rel}","templated":true}]}}