{"id":616,"date":"2026-03-20T02:33:24","date_gmt":"2026-03-20T02:33:24","guid":{"rendered":"https:\/\/www.segasanitary.com\/?post_type=product&#038;p=616"},"modified":"2026-03-20T02:49:18","modified_gmt":"2026-03-20T02:49:18","slug":"wholesale-pvc-bathroom-cabinet","status":"publish","type":"product","link":"https:\/\/www.segasanitary.com\/es\/product\/wholesale-pvc-bathroom-cabinet\/","title":{"rendered":"Mayorista Armario de Ba\u00f1o de PVC, Tocadores de Ba\u00f1o Modernos con Espejo Personalizados"},"content":{"rendered":"<div class=\"wp-block-columns is-layout-flex wp-container-core-columns-is-layout-9d6595d7 wp-block-columns-is-layout-flex\">\n<div class=\"wp-block-column is-vertically-aligned-center is-layout-flow wp-block-column-is-layout-flow\">\n<h2 class=\"wp-block-heading\">Armario de ba\u00f1o de PVC Caracter\u00edsticas:<\/h2>\n\n\n\n<p><strong>Construcci\u00f3n de PVC impermeable<\/strong>: Fabricado con tablero de espuma r\u00edgida de PVC de alta densidad con baja absorci\u00f3n de agua, lo que garantiza que no se hinche, se pudra ni se deforme incluso en ba\u00f1os h\u00famedos y mal ventilados.<\/p>\n\n\n\n<p><strong>Espejo LED inteligente antivaho<\/strong>: Equipado con un espejo plateado de alta definici\u00f3n con un espejo LED de 3 colores, control t\u00e1ctil y desempa\u00f1ado de un solo toque, que proporciona una visibilidad clara y una iluminaci\u00f3n profesional para el uso diario.<\/p>\n\n\n\n<p><strong>Lavabo de cer\u00e1mica ultrafino<\/strong>: Cubeta integrada de gran capacidad con superficie nanorrevestida que ofrece una excelente resistencia a las manchas, los ara\u00f1azos y los impactos, ideal para entornos comerciales de alta frecuencia.<\/p>\n\n\n\n<p><strong>Dise\u00f1o flotante de inspiraci\u00f3n italiana<\/strong>: La estructura montada en la pared ofrece un aspecto elegante y minimalista a la vez que facilita la limpieza del suelo y el acceso del robot aspirador, cumpliendo las normas de higiene modernas.<\/p>\n\n\n\n<p><strong>Construido para uso comercial<\/strong>: Dise\u00f1ado para ofrecer durabilidad, resistencia a la humedad y rendimiento a largo plazo, lo que lo convierte en una opci\u00f3n fiable para hoteles, apartamentos y proyectos residenciales de primera calidad.<\/p>\n<\/div>\n\n\n\n<div class=\"wp-block-column is-layout-flow wp-block-column-is-layout-flow\">\n<figure class=\"wp-block-image size-full\"><img decoding=\"async\" width=\"800\" height=\"800\" src=\"https:\/\/www.segasanitary.com\/wp-content\/uploads\/2026\/03\/wholesale-PVC-Bathroom-Cabinet-Modern-Bathroom-Vanities-Wholesale-SJ138P1-CJ80.webp\" alt=\"venta al por mayor Armario de ba\u00f1o de PVC Tocadores de ba\u00f1o modernos al por mayor SJ138P1-CJ80\" class=\"wp-image-617\" srcset=\"https:\/\/www.segasanitary.com\/wp-content\/uploads\/2026\/03\/wholesale-PVC-Bathroom-Cabinet-Modern-Bathroom-Vanities-Wholesale-SJ138P1-CJ80.webp 800w, https:\/\/www.segasanitary.com\/wp-content\/uploads\/2026\/03\/wholesale-PVC-Bathroom-Cabinet-Modern-Bathroom-Vanities-Wholesale-SJ138P1-CJ80-300x300.webp 300w, https:\/\/www.segasanitary.com\/wp-content\/uploads\/2026\/03\/wholesale-PVC-Bathroom-Cabinet-Modern-Bathroom-Vanities-Wholesale-SJ138P1-CJ80-150x150.webp 150w, https:\/\/www.segasanitary.com\/wp-content\/uploads\/2026\/03\/wholesale-PVC-Bathroom-Cabinet-Modern-Bathroom-Vanities-Wholesale-SJ138P1-CJ80-768x768.webp 768w, https:\/\/www.segasanitary.com\/wp-content\/uploads\/2026\/03\/wholesale-PVC-Bathroom-Cabinet-Modern-Bathroom-Vanities-Wholesale-SJ138P1-CJ80-600x600.webp 600w, https:\/\/www.segasanitary.com\/wp-content\/uploads\/2026\/03\/wholesale-PVC-Bathroom-Cabinet-Modern-Bathroom-Vanities-Wholesale-SJ138P1-CJ80-100x100.webp 100w\" sizes=\"(max-width: 800px) 100vw, 800px\" \/><\/figure>\n<\/div>\n<\/div>","protected":false},"excerpt":{"rendered":"<p>El mueble de ba\u00f1o de PVC al por mayor presenta un moderno dise\u00f1o flotante, una construcci\u00f3n impermeable, un espejo LED inteligente y un mueble que ahorra espacio y es f\u00e1cil de mantener. El estilo minimalista moderno est\u00e1 dise\u00f1ado para hoteles y apartamentos. P\u00f3ngase en contacto con nosotros para pedidos al por mayor y personalizaci\u00f3n.<\/p>\n<h2>Especificaciones del producto:<\/h2>\n<table>\n<tbody>\n<tr>\n<td><strong>Atributo<\/strong><\/td>\n<td>\u00a0<span data-path-to-node=\"13,0,1,0\">Especificaci\u00f3n<\/span><\/td>\n<\/tr>\n<tr>\n<td><strong>Modelo<\/strong><\/td>\n<td>\u00a0<span data-path-to-node=\"22,1,1,0\">SJ138P1-CJ80<\/span><\/td>\n<\/tr>\n<tr>\n<td><strong>Material del armario<\/strong><\/td>\n<td>PVC<\/td>\n<\/tr>\n<tr>\n<td><strong>Material de la cubeta<\/strong><\/td>\n<td>Cer\u00e1mica<\/td>\n<\/tr>\n<tr>\n<td><strong>Tipo espejo<\/strong><\/td>\n<td><span data-path-to-node=\"22,6,1,0\">Armario de pared con espejo<\/span><\/td>\n<\/tr>\n<tr>\n<td><strong>Acabado<\/strong><\/td>\n<td>Acabado en PVC mate<\/td>\n<\/tr>\n<tr>\n<td><strong>Instalaci\u00f3n<\/strong><\/td>\n<td><span data-path-to-node=\"22,4,1,0\">De pared \/ Flotante<\/span><\/td>\n<\/tr>\n<\/tbody>\n<\/table>","protected":false},"featured_media":617,"comment_status":"closed","ping_status":"closed","template":"","meta":{"_acf_changed":false},"product_brand":[],"product_cat":[20,41],"product_tag":[],"class_list":{"0":"post-616","1":"product","2":"type-product","3":"status-publish","4":"has-post-thumbnail","6":"product_cat-wholesale-bathroom-cabinet","7":"product_cat-wholesale-pvc-bathroom-cabinet","9":"first","10":"instock","11":"shipping-taxable","12":"product-type-simple"},"acf":[],"_links":{"self":[{"href":"https:\/\/www.segasanitary.com\/es\/wp-json\/wp\/v2\/product\/616","targetHints":{"allow":["GET"]}}],"collection":[{"href":"https:\/\/www.segasanitary.com\/es\/wp-json\/wp\/v2\/product"}],"about":[{"href":"https:\/\/www.segasanitary.com\/es\/wp-json\/wp\/v2\/types\/product"}],"replies":[{"embeddable":true,"href":"https:\/\/www.segasanitary.com\/es\/wp-json\/wp\/v2\/comments?post=616"}],"wp:featuredmedia":[{"embeddable":true,"href":"https:\/\/www.segasanitary.com\/es\/wp-json\/wp\/v2\/media\/617"}],"wp:attachment":[{"href":"https:\/\/www.segasanitary.com\/es\/wp-json\/wp\/v2\/media?parent=616"}],"wp:term":[{"taxonomy":"product_brand","embeddable":true,"href":"https:\/\/www.segasanitary.com\/es\/wp-json\/wp\/v2\/product_brand?post=616"},{"taxonomy":"product_cat","embeddable":true,"href":"https:\/\/www.segasanitary.com\/es\/wp-json\/wp\/v2\/product_cat?post=616"},{"taxonomy":"product_tag","embeddable":true,"href":"https:\/\/www.segasanitary.com\/es\/wp-json\/wp\/v2\/product_tag?post=616"}],"curies":[{"name":"wp","href":"https:\/\/api.w.org\/{rel}","templated":true}]}}