{"id":613,"date":"2026-03-20T00:59:28","date_gmt":"2026-03-20T00:59:28","guid":{"rendered":"https:\/\/www.segasanitary.com\/?post_type=product&#038;p=613"},"modified":"2026-03-20T07:03:40","modified_gmt":"2026-03-20T07:03:40","slug":"bathroom-cabinet-wholesale","status":"publish","type":"product","link":"https:\/\/www.segasanitary.com\/es\/product\/bathroom-cabinet-wholesale\/","title":{"rendered":"Mueble de Ba\u00f1o al por mayor MDF Flotante Tocador de Ba\u00f1o con Fregadero Proveedor"},"content":{"rendered":"<div class=\"wp-block-columns is-layout-flex wp-container-core-columns-is-layout-9d6595d7 wp-block-columns-is-layout-flex\">\n<div class=\"wp-block-column is-vertically-aligned-center is-layout-flow wp-block-column-is-layout-flow\">\n<h2 class=\"wp-block-heading\">MDF Armario de ba\u00f1o Caracter\u00edsticas:<\/h2>\n\n\n\n<p><strong>Floating Wall-Mounted Design<\/strong>: Modern wall-mounted structure creates a clean, minimalist floating look while making floor cleaning easier\u2014ideal for high-traffic hotel and apartment projects.<\/p>\n\n\n\n<p><strong>E1-Grade MDF with Melamine Finish<\/strong>: Constructed from high-density E1 MDF with moisture-resistant treatment, combined with a light wood grain melamine surface that offers durability, scratch resistance, and anti-fingerprint performance.<\/p>\n\n\n\n<p><strong>Integrated Ceramic Basin<\/strong>: Equipped with a one-piece ceramic sink fired at high-tempture, featuring a smooth, low-water-absorption glazed surface that ensures long-term cleanliness and resistance to stains and yellowing.<\/p>\n\n\n\n<p><strong>Smart Mirror Storage Solution<\/strong>: The mirror cabinet includes an open shelf for daily essentials and concealed compartments for organized storage, enhancing both functionality and visual appeal.<\/p>\n\n\n\n<p><strong>Space-Optimized Large Capacity Design<\/strong>: Thoughtfully designed internal layout maximizes storage efficiency, making it suitable for both compact bathrooms and commercial environments.<\/p>\n\n\n\n<p><strong>Flexible Customization Options<\/strong>: Supports size adjustments, multiple finishes (wood grain or matte colors), and tailored configurations to match different market preferences and project requirements.<\/p>\n<\/div>\n\n\n\n<div class=\"wp-block-column is-layout-flow wp-block-column-is-layout-flow\">\n<figure class=\"wp-block-image size-full\"><img decoding=\"async\" width=\"800\" height=\"800\" src=\"https:\/\/www.segasanitary.com\/wp-content\/uploads\/2026\/03\/bathroom-cabinet-wholesale-floating-bathroom-vanity-with-sink-supplier-SJ005.webp\" alt=\"mueble de ba\u00f1o al por mayor flotante tocador de ba\u00f1o con lavabo proveedor SJ005\" class=\"wp-image-614\" srcset=\"https:\/\/www.segasanitary.com\/wp-content\/uploads\/2026\/03\/bathroom-cabinet-wholesale-floating-bathroom-vanity-with-sink-supplier-SJ005.webp 800w, https:\/\/www.segasanitary.com\/wp-content\/uploads\/2026\/03\/bathroom-cabinet-wholesale-floating-bathroom-vanity-with-sink-supplier-SJ005-300x300.webp 300w, https:\/\/www.segasanitary.com\/wp-content\/uploads\/2026\/03\/bathroom-cabinet-wholesale-floating-bathroom-vanity-with-sink-supplier-SJ005-150x150.webp 150w, https:\/\/www.segasanitary.com\/wp-content\/uploads\/2026\/03\/bathroom-cabinet-wholesale-floating-bathroom-vanity-with-sink-supplier-SJ005-768x768.webp 768w, https:\/\/www.segasanitary.com\/wp-content\/uploads\/2026\/03\/bathroom-cabinet-wholesale-floating-bathroom-vanity-with-sink-supplier-SJ005-600x600.webp 600w, https:\/\/www.segasanitary.com\/wp-content\/uploads\/2026\/03\/bathroom-cabinet-wholesale-floating-bathroom-vanity-with-sink-supplier-SJ005-100x100.webp 100w\" sizes=\"(max-width: 800px) 100vw, 800px\" \/><\/figure>\n<\/div>\n<\/div>","protected":false},"excerpt":{"rendered":"<p>Armarios de ba\u00f1o al por mayor dise\u00f1ados para hoteles, apartamentos y proyectos comerciales, que ofrecen una construcci\u00f3n duradera en MDF, modernos dise\u00f1os montados en pared, m\u00faltiples espacios de almacenamiento y personalizaci\u00f3n OEM completa. P\u00f3ngase en contacto con nosotros para precios al por mayor y soporte de proyectos.<\/p>\n<h2>Especificaciones del producto:<\/h2>\n<table>\n<tbody>\n<tr>\n<td><strong>Atributo<\/strong><\/td>\n<td>\u00a0<span data-path-to-node=\"13,0,1,0\">Especificaci\u00f3n<\/span><\/td>\n<\/tr>\n<tr>\n<td><strong>Modelo<\/strong><\/td>\n<td>\u00a0<span data-path-to-node=\"22,1,1,0\">SJ005<\/span><\/td>\n<\/tr>\n<tr>\n<td><strong>Material del armario<\/strong><\/td>\n<td>MDF<\/td>\n<\/tr>\n<tr>\n<td><strong>Material de la cubeta<\/strong><\/td>\n<td>Cer\u00e1mica<\/td>\n<\/tr>\n<tr>\n<td><strong>Tipo espejo<\/strong><\/td>\n<td><span data-path-to-node=\"22,6,1,0\">Armario con espejo y estantes abiertos<\/span><\/td>\n<\/tr>\n<tr>\n<td><strong>Acabado<\/strong><\/td>\n<td>Grano de madera natural<\/td>\n<\/tr>\n<tr>\n<td><strong>Instalaci\u00f3n<\/strong><\/td>\n<td><span data-path-to-node=\"22,4,1,0\">De pared \/ Flotante<\/span><\/td>\n<\/tr>\n<\/tbody>\n<\/table>","protected":false},"featured_media":614,"comment_status":"closed","ping_status":"closed","template":"","meta":{"_acf_changed":false},"product_brand":[],"product_cat":[20,43],"product_tag":[],"class_list":{"0":"post-613","1":"product","2":"type-product","3":"status-publish","4":"has-post-thumbnail","6":"product_cat-wholesale-bathroom-cabinet","7":"product_cat-wholesale-mdf-bathroom-cabinet","9":"first","10":"instock","11":"shipping-taxable","12":"product-type-simple"},"acf":[],"_links":{"self":[{"href":"https:\/\/www.segasanitary.com\/es\/wp-json\/wp\/v2\/product\/613","targetHints":{"allow":["GET"]}}],"collection":[{"href":"https:\/\/www.segasanitary.com\/es\/wp-json\/wp\/v2\/product"}],"about":[{"href":"https:\/\/www.segasanitary.com\/es\/wp-json\/wp\/v2\/types\/product"}],"replies":[{"embeddable":true,"href":"https:\/\/www.segasanitary.com\/es\/wp-json\/wp\/v2\/comments?post=613"}],"wp:featuredmedia":[{"embeddable":true,"href":"https:\/\/www.segasanitary.com\/es\/wp-json\/wp\/v2\/media\/614"}],"wp:attachment":[{"href":"https:\/\/www.segasanitary.com\/es\/wp-json\/wp\/v2\/media?parent=613"}],"wp:term":[{"taxonomy":"product_brand","embeddable":true,"href":"https:\/\/www.segasanitary.com\/es\/wp-json\/wp\/v2\/product_brand?post=613"},{"taxonomy":"product_cat","embeddable":true,"href":"https:\/\/www.segasanitary.com\/es\/wp-json\/wp\/v2\/product_cat?post=613"},{"taxonomy":"product_tag","embeddable":true,"href":"https:\/\/www.segasanitary.com\/es\/wp-json\/wp\/v2\/product_tag?post=613"}],"curies":[{"name":"wp","href":"https:\/\/api.w.org\/{rel}","templated":true}]}}