{"id":605,"date":"2026-03-19T09:26:12","date_gmt":"2026-03-19T09:26:12","guid":{"rendered":"https:\/\/www.segasanitary.com\/?post_type=product&#038;p=605"},"modified":"2026-03-21T07:54:25","modified_gmt":"2026-03-21T07:54:25","slug":"wall-mounted-toilet-wholesale","status":"publish","type":"product","link":"https:\/\/www.segasanitary.com\/es\/product\/wall-mounted-toilet-wholesale\/","title":{"rendered":"Inodoro de pared al por mayor, inodoro de cer\u00e1mica con dise\u00f1o de diamantes a medida"},"content":{"rendered":"<div class=\"wp-block-columns is-layout-flex wp-container-core-columns-is-layout-9d6595d7 wp-block-columns-is-layout-flex\">\n<div class=\"wp-block-column is-vertically-aligned-center is-layout-flow wp-block-column-is-layout-flow\">\n<h2 class=\"wp-block-heading\">Inodoro de pared Caracter\u00edsticas:<\/h2>\n\n\n\n<p><strong>Ic\u00f3nico dise\u00f1o acolchado con rombos:<\/strong> El exterior texturizado le confiere un sofisticado aspecto de mueble de alta gama, que lo diferencia de los inodoros gen\u00e9ricos de superficie lisa del mercado.<\/p>\n\n\n\n<p><strong>Montaje en pared para ahorrar espacio<\/strong>: Al ocultar el dep\u00f3sito dentro de la pared, este dise\u00f1o flotante aumenta significativamente el espacio \u00fatil del suelo y facilita la limpieza sin esfuerzo de la zona situada debajo de la cubeta.<\/p>\n\n\n\n<p><strong>Rendimiento de carga superior:<\/strong> Dise\u00f1ado para un uso comercial intensivo, nuestro sistema suspendido est\u00e1 concebido para soportar grandes pesos cuando se combina con marcos de cisterna ocultos est\u00e1ndar.<\/p>\n\n\n\n<p><strong>Fijaciones invisibles<\/strong>: Presenta puntos de montaje ocultos para un aspecto limpio y sin juntas que realza la forma escultural del inodoro.<\/p>\n\n\n\n<p><strong>Esmalte nanolimpiador: <\/strong>El interior est\u00e1 tratado con nuestro esmalte patentado ultrasuave, que evita la adherencia de residuos y reduce la necesidad de utilizar limpiadores qu\u00edmicos agresivos.<\/p>\n\n\n\n<p><strong>Asiento de cierre suave UF:<\/strong> Incluye una resistente funda de asiento de urea-formaldeh\u00eddo (UF) resistente a los ara\u00f1azos y con un silencioso mecanismo de ca\u00edda lenta.<\/p>\n\n\n\n<p><strong>Suministro de toda la gama de productos<\/strong>: Abarca todos los accesorios clave para cuartos de ba\u00f1o, inodoros, lavabos, tocadores, grifos y sistemas de ducha, lo que permite a los compradores b2b de todo el mundo abastecerse de todo a trav\u00e9s de un proveedor de art\u00edculos sanitarios de SEGA.<\/p>\n<\/div>\n\n\n\n<div class=\"wp-block-column is-layout-flow wp-block-column-is-layout-flow\">\n<figure class=\"wp-block-image size-full\"><img decoding=\"async\" width=\"800\" height=\"800\" src=\"https:\/\/www.segasanitary.com\/wp-content\/uploads\/2026\/03\/Wall-Mounted-Toilet-Wholesale-Designer-Diamond-Pattern-Ceramic-Toilet-Custom-1.webp\" alt=\"Inodoro montado en la pared al por mayor, Inodoro de cer\u00e1mica con dise\u00f1o de diamantes a medida (1)\" class=\"wp-image-608\" srcset=\"https:\/\/www.segasanitary.com\/wp-content\/uploads\/2026\/03\/Wall-Mounted-Toilet-Wholesale-Designer-Diamond-Pattern-Ceramic-Toilet-Custom-1.webp 800w, https:\/\/www.segasanitary.com\/wp-content\/uploads\/2026\/03\/Wall-Mounted-Toilet-Wholesale-Designer-Diamond-Pattern-Ceramic-Toilet-Custom-1-300x300.webp 300w, https:\/\/www.segasanitary.com\/wp-content\/uploads\/2026\/03\/Wall-Mounted-Toilet-Wholesale-Designer-Diamond-Pattern-Ceramic-Toilet-Custom-1-150x150.webp 150w, https:\/\/www.segasanitary.com\/wp-content\/uploads\/2026\/03\/Wall-Mounted-Toilet-Wholesale-Designer-Diamond-Pattern-Ceramic-Toilet-Custom-1-768x768.webp 768w, https:\/\/www.segasanitary.com\/wp-content\/uploads\/2026\/03\/Wall-Mounted-Toilet-Wholesale-Designer-Diamond-Pattern-Ceramic-Toilet-Custom-1-600x600.webp 600w, https:\/\/www.segasanitary.com\/wp-content\/uploads\/2026\/03\/Wall-Mounted-Toilet-Wholesale-Designer-Diamond-Pattern-Ceramic-Toilet-Custom-1-100x100.webp 100w\" sizes=\"(max-width: 800px) 100vw, 800px\" \/><\/figure>\n<\/div>\n<\/div>","protected":false},"excerpt":{"rendered":"<p>El inodoro de pared al por mayor cuenta con un dise\u00f1o acolchado de diamantes patentado, un esmalte nano autolimpiante y un asiento de cierre suave UF. Perfecto para un proyecto de ba\u00f1o de gama alta. Directo de f\u00e1brica con una gama completa de accesorios de ba\u00f1o disponibles. P\u00f3ngase en contacto con nosotros para solicitar un presupuesto<\/p>\n<h2>Especificaciones del producto:<\/h2>\n<table>\n<tbody>\n<tr>\n<td><strong>Atributo<\/strong><\/td>\n<td>\u00a0<span data-path-to-node=\"13,0,1,0\">Especificaci\u00f3n<\/span><\/td>\n<\/tr>\n<tr>\n<td><strong>Modelo<\/strong><\/td>\n<td><span data-path-to-node=\"13,1,1,0\">D-4174W<\/span><\/td>\n<\/tr>\n<tr>\n<td><strong>Tipo de producto<\/strong><\/td>\n<td><span data-path-to-node=\"22,1,1,0\">Inodoro suspendido \/ flotante<\/span><\/td>\n<\/tr>\n<tr>\n<td><strong>Material<\/strong><\/td>\n<td>Cer\u00e1mica<\/td>\n<\/tr>\n<tr>\n<td><strong>Color<\/strong><\/td>\n<td>Blanco (colores personalizados disponibles)<\/td>\n<\/tr>\n<tr>\n<td><strong>Sistema de lavado<\/strong><\/td>\n<td>\u00a0<span data-path-to-node=\"13,9,1,0\">Lavado sin borde<\/span><\/td>\n<\/tr>\n<tr>\n<td><strong>Tama\u00f1o del producto<\/strong><\/td>\n<td>520 \u00d7 360 \u00d7 370 mm<\/td>\n<\/tr>\n<tr>\n<td><strong>Centros de fijaci\u00f3n<\/strong><\/td>\n<td>180 mm (est\u00e1ndar)<\/td>\n<\/tr>\n<tr>\n<td><strong>Tipo de instalaci\u00f3n<\/strong><\/td>\n<td>Colgado de la pared \/ Montado en la pared<\/td>\n<\/tr>\n<\/tbody>\n<\/table>","protected":false},"featured_media":608,"comment_status":"closed","ping_status":"closed","template":"","meta":{"_acf_changed":false},"product_brand":[],"product_cat":[49],"product_tag":[],"class_list":{"0":"post-605","1":"product","2":"type-product","3":"status-publish","4":"has-post-thumbnail","6":"product_cat-designer-sanitary-ware","8":"first","9":"instock","10":"shipping-taxable","11":"product-type-simple"},"acf":[],"_links":{"self":[{"href":"https:\/\/www.segasanitary.com\/es\/wp-json\/wp\/v2\/product\/605","targetHints":{"allow":["GET"]}}],"collection":[{"href":"https:\/\/www.segasanitary.com\/es\/wp-json\/wp\/v2\/product"}],"about":[{"href":"https:\/\/www.segasanitary.com\/es\/wp-json\/wp\/v2\/types\/product"}],"replies":[{"embeddable":true,"href":"https:\/\/www.segasanitary.com\/es\/wp-json\/wp\/v2\/comments?post=605"}],"wp:featuredmedia":[{"embeddable":true,"href":"https:\/\/www.segasanitary.com\/es\/wp-json\/wp\/v2\/media\/608"}],"wp:attachment":[{"href":"https:\/\/www.segasanitary.com\/es\/wp-json\/wp\/v2\/media?parent=605"}],"wp:term":[{"taxonomy":"product_brand","embeddable":true,"href":"https:\/\/www.segasanitary.com\/es\/wp-json\/wp\/v2\/product_brand?post=605"},{"taxonomy":"product_cat","embeddable":true,"href":"https:\/\/www.segasanitary.com\/es\/wp-json\/wp\/v2\/product_cat?post=605"},{"taxonomy":"product_tag","embeddable":true,"href":"https:\/\/www.segasanitary.com\/es\/wp-json\/wp\/v2\/product_tag?post=605"}],"curies":[{"name":"wp","href":"https:\/\/api.w.org\/{rel}","templated":true}]}}