{"id":584,"date":"2026-03-19T08:13:36","date_gmt":"2026-03-19T08:13:36","guid":{"rendered":"https:\/\/www.segasanitary.com\/?post_type=product&#038;p=584"},"modified":"2026-03-19T08:38:17","modified_gmt":"2026-03-19T08:38:17","slug":"wholesale-smart-toilets","status":"publish","type":"product","link":"https:\/\/www.segasanitary.com\/es\/product\/wholesale-smart-toilets\/","title":{"rendered":"Mayorista Inodoros inteligentes modernos, Proveedor de inodoros inteligentes sin tanque"},"content":{"rendered":"<div class=\"wp-block-columns is-layout-flex wp-container-core-columns-is-layout-9d6595d7 wp-block-columns-is-layout-flex\">\n<div class=\"wp-block-column is-vertically-aligned-center is-layout-flow wp-block-column-is-layout-flow\">\n<h2 class=\"wp-block-heading\">Inodoros inteligentes Caracter\u00edsticas:<\/h2>\n\n\n\n<p><strong>L\u00edmite de presi\u00f3n de agua cero<\/strong>: El sistema de refuerzo incorporado garantiza una descarga potente incluso en condiciones de baja presi\u00f3n o en edificios de gran altura.<\/p>\n\n\n\n<p><strong>Tecnolog\u00eda Bubble Shield 180<\/strong>: Crea una capa de espuma protectora para evitar salpicaduras, bloquear los olores y reducir la aerosolizaci\u00f3n de bacterias.<\/p>\n\n\n\n<p><strong>Suite de higiene avanzada<\/strong>: Incluye boquilla esterilizada por rayos UV, varilla de pulverizaci\u00f3n autolimpiable y terapia de infrarrojos de grado m\u00e9dico para el bienestar y la higiene.<\/p>\n\n\n\n<p><strong>Funcionamiento sin contacto<\/strong>: Admite descarga con sensor de pie y apertura autom\u00e1tica de la tapa para minimizar el contacto f\u00edsico y conseguir una experiencia libre de g\u00e9rmenes.<\/p>\n\n\n\n<p><strong>Control inteligente de la temperatura y el confort<\/strong>: El calentamiento instant\u00e1neo del agua, el asiento calefactado y el secador de aire caliente proporcionan confort durante todo el a\u00f1o a los usuarios finales.<\/p>\n\n\n\n<p><strong>Integraci\u00f3n de la aromaterapia<\/strong>: El m\u00f3dulo de aromaterapia integrado para coche mantiene los ba\u00f1os frescos, a\u00f1adiendo un diferenciador de venta al por menor de primera calidad.<\/p>\n\n\n\n<p><strong>Apoyo total al proyecto<\/strong>: El fabricante de sanitarios SEGA ofrece personalizaci\u00f3n de logotipos, suministro a granel, orientaci\u00f3n para la instalaci\u00f3n y producci\u00f3n de calidad garantizada para proyectos B2B globales.<\/p>\n<\/div>\n\n\n\n<div class=\"wp-block-column is-layout-flow wp-block-column-is-layout-flow\">\n<figure class=\"wp-block-image size-full\"><img decoding=\"async\" width=\"573\" height=\"800\" src=\"https:\/\/www.segasanitary.com\/wp-content\/uploads\/2026\/03\/wholesale-smart-toilets-tankless-smart-toilet-supplier.webp\" alt=\"venta al por mayor inodoros inteligentes proveedor de inodoros inteligentes sin tanque\" class=\"wp-image-599\" srcset=\"https:\/\/www.segasanitary.com\/wp-content\/uploads\/2026\/03\/wholesale-smart-toilets-tankless-smart-toilet-supplier.webp 573w, https:\/\/www.segasanitary.com\/wp-content\/uploads\/2026\/03\/wholesale-smart-toilets-tankless-smart-toilet-supplier-215x300.webp 215w\" sizes=\"(max-width: 573px) 100vw, 573px\" \/><\/figure>\n<\/div>\n<\/div>","protected":false},"excerpt":{"rendered":"<p>El inodoro inteligente al por mayor cuenta con descarga de presi\u00f3n cero, escudo de burbujas de 180\u00b0, esterilizaci\u00f3n UV, funcionamiento sin contacto y control de temperatura inteligente. Suministros directos de f\u00e1brica con calidad estricta, certificado CUPC\/CE\/SASO, ideal para hoteles de gama alta, apartamentos y proyectos comerciales. P\u00f3ngase en contacto con nosotros para obtener el cat\u00e1logo de productos.<\/p>\n<h2>Especificaciones del producto:<\/h2>\n<table>\n<tbody>\n<tr>\n<td><strong>Atributo<\/strong><\/td>\n<td>\u00a0<span data-path-to-node=\"13,0,1,0\">Especificaci\u00f3n<\/span><\/td>\n<\/tr>\n<tr>\n<td><strong>Modelo<\/strong><\/td>\n<td>612<\/td>\n<\/tr>\n<tr>\n<td><strong>Tipo de producto<\/strong><\/td>\n<td>Inodoro inteligente<\/td>\n<\/tr>\n<tr>\n<td><strong>Material<\/strong><\/td>\n<td>Cer\u00e1mica<\/td>\n<\/tr>\n<tr>\n<td><strong>Color<\/strong><\/td>\n<td>Blanco (colores personalizados disponibles)<\/td>\n<\/tr>\n<tr>\n<td><strong>Sistema de lavado<\/strong><\/td>\n<td>Descarga en caso de apag\u00f3n + Descarga sif\u00f3nica autom\u00e1tica<\/td>\n<\/tr>\n<tr>\n<td><strong>Tama\u00f1o del producto<\/strong><\/td>\n<td>700 \u00d7 430 \u00d7 460 mm<\/td>\n<\/tr>\n<tr>\n<td><strong>Rough-in<\/strong><\/td>\n<td>300 \/ 400 mm<\/td>\n<\/tr>\n<tr>\n<td><strong>Tipo de instalaci\u00f3n<\/strong><\/td>\n<td>Montado en el suelo<\/td>\n<\/tr>\n<\/tbody>\n<\/table>","protected":false},"featured_media":600,"comment_status":"closed","ping_status":"closed","template":"","meta":{"_acf_changed":false},"product_brand":[],"product_cat":[23,30],"product_tag":[],"class_list":{"0":"post-584","1":"product","2":"type-product","3":"status-publish","4":"has-post-thumbnail","6":"product_cat-wholesale-toilets","7":"product_cat-wholesale-smart-toilet","9":"first","10":"instock","11":"shipping-taxable","12":"product-type-simple"},"acf":[],"_links":{"self":[{"href":"https:\/\/www.segasanitary.com\/es\/wp-json\/wp\/v2\/product\/584","targetHints":{"allow":["GET"]}}],"collection":[{"href":"https:\/\/www.segasanitary.com\/es\/wp-json\/wp\/v2\/product"}],"about":[{"href":"https:\/\/www.segasanitary.com\/es\/wp-json\/wp\/v2\/types\/product"}],"replies":[{"embeddable":true,"href":"https:\/\/www.segasanitary.com\/es\/wp-json\/wp\/v2\/comments?post=584"}],"wp:featuredmedia":[{"embeddable":true,"href":"https:\/\/www.segasanitary.com\/es\/wp-json\/wp\/v2\/media\/600"}],"wp:attachment":[{"href":"https:\/\/www.segasanitary.com\/es\/wp-json\/wp\/v2\/media?parent=584"}],"wp:term":[{"taxonomy":"product_brand","embeddable":true,"href":"https:\/\/www.segasanitary.com\/es\/wp-json\/wp\/v2\/product_brand?post=584"},{"taxonomy":"product_cat","embeddable":true,"href":"https:\/\/www.segasanitary.com\/es\/wp-json\/wp\/v2\/product_cat?post=584"},{"taxonomy":"product_tag","embeddable":true,"href":"https:\/\/www.segasanitary.com\/es\/wp-json\/wp\/v2\/product_tag?post=584"}],"curies":[{"name":"wp","href":"https:\/\/api.w.org\/{rel}","templated":true}]}}