{"id":569,"date":"2026-03-19T06:11:45","date_gmt":"2026-03-19T06:11:45","guid":{"rendered":"https:\/\/www.segasanitary.com\/?post_type=product&#038;p=569"},"modified":"2026-03-19T06:33:18","modified_gmt":"2026-03-19T06:33:18","slug":"two-piece-toilet-custom","status":"publish","type":"product","link":"https:\/\/www.segasanitary.com\/es\/product\/two-piece-toilet-custom\/","title":{"rendered":"Inodoro de dos piezas a medida, Fabricante de inodoros de cer\u00e1mica"},"content":{"rendered":"<div class=\"wp-block-columns is-layout-flex wp-container-core-columns-is-layout-9d6595d7 wp-block-columns-is-layout-flex\">\n<div class=\"wp-block-column is-vertically-aligned-center is-layout-flow wp-block-column-is-layout-flow\">\n<h2 class=\"wp-block-heading\">Inodoro de dos piezas Caracter\u00edsticas:<\/h2>\n\n\n\n<p><strong>Compatibilidad con drenaje flexible:<\/strong> Admite tanto S-trap (250 mm) como P-trap (180 mm), lo que la hace adaptable a diversos est\u00e1ndares de fontaner\u00eda en todos los mercados mundiales, al tiempo que reduce la complejidad de SKU para los distribuidores.<\/p>\n\n\n\n<p><strong>Cer\u00e1mica de calidad comercial Durabilidad:<\/strong> Cocido a 1280\u00b0C con una absorci\u00f3n de agua inferior a 0,5%, lo que garantiza un cuerpo denso, resistente al agrietamiento y que no amarillea, adecuado para entornos comerciales de tr\u00e1fico intenso.<\/p>\n\n\n\n<p><strong>Sistema de lavado de alta eficiencia<\/strong>: Equipada con una salida de gran di\u00e1metro y una potente tecnolog\u00eda de lavado, combinada con la funcionalidad de doble descarga para equilibrar un gran rendimiento y los requisitos de ahorro de agua.<\/p>\n\n\n\n<p><strong>Dise\u00f1o compacto que ahorra espacio<\/strong>La proyecci\u00f3n corta de 650 mm optimiza la distribuci\u00f3n de los cuartos de ba\u00f1o, ideal para hoteles, apartamentos y proyectos con espacio limitado sin comprometer el confort ni la est\u00e9tica.<\/p>\n\n\n\n<p><strong>Superficie Nano Glaze de f\u00e1cil limpieza<\/strong>: El avanzado esmalte nano autolimpiable resiste las manchas y la acumulaci\u00f3n de bacterias, reduciendo significativamente la frecuencia de mantenimiento y los costes operativos.<\/p>\n\n\n\n<p><strong>S\u00f3lido soporte de fabricaci\u00f3n OEM\/ODM<\/strong>: Fabricante profesional que ofrece personalizaci\u00f3n de logotipos, dise\u00f1o de envases, producci\u00f3n a granel y asistencia completa para proyectos con un estricto control de calidad.<\/p>\n<\/div>\n\n\n\n<div class=\"wp-block-column is-layout-flow wp-block-column-is-layout-flow\">\n<figure class=\"wp-block-image size-full\"><img decoding=\"async\" width=\"800\" height=\"800\" src=\"https:\/\/www.segasanitary.com\/wp-content\/uploads\/2026\/03\/two-piece-toilet-custom-ceramic-toilet-manufacturers.webp\" alt=\"inodoro de dos piezas fabricantes de inodoros ceramicos a medida\" class=\"wp-image-570\" srcset=\"https:\/\/www.segasanitary.com\/wp-content\/uploads\/2026\/03\/two-piece-toilet-custom-ceramic-toilet-manufacturers.webp 800w, https:\/\/www.segasanitary.com\/wp-content\/uploads\/2026\/03\/two-piece-toilet-custom-ceramic-toilet-manufacturers-300x300.webp 300w, https:\/\/www.segasanitary.com\/wp-content\/uploads\/2026\/03\/two-piece-toilet-custom-ceramic-toilet-manufacturers-150x150.webp 150w, https:\/\/www.segasanitary.com\/wp-content\/uploads\/2026\/03\/two-piece-toilet-custom-ceramic-toilet-manufacturers-768x768.webp 768w, https:\/\/www.segasanitary.com\/wp-content\/uploads\/2026\/03\/two-piece-toilet-custom-ceramic-toilet-manufacturers-600x600.webp 600w, https:\/\/www.segasanitary.com\/wp-content\/uploads\/2026\/03\/two-piece-toilet-custom-ceramic-toilet-manufacturers-100x100.webp 100w\" sizes=\"(max-width: 800px) 100vw, 800px\" \/><\/figure>\n<\/div>\n<\/div>","protected":false},"excerpt":{"rendered":"<p>El inodoro personalizado de dos piezas ofrece compatibilidad global con sifones S\/P, cer\u00e1mica duradera de alta cocci\u00f3n, descarga doble eficaz y un dise\u00f1o compacto. Respaldado por una fabricaci\u00f3n OEM\/ODM fiable, garantiza una calidad constante y un suministro a granel estable. Directo de f\u00e1brica, certificado CUPC\/CE\/SASO, p\u00f3ngase en contacto con nosotros para obtener un presupuesto competitivo al por mayor.<\/p>\n<h2>Especificaciones del producto:<\/h2>\n<table>\n<tbody>\n<tr>\n<td><strong>Atributo<\/strong><\/td>\n<td>\u00a0<span data-path-to-node=\"13,0,1,0\">Especificaci\u00f3n<\/span><\/td>\n<\/tr>\n<tr>\n<td><strong>Modelo<\/strong><\/td>\n<td>M-5020<\/td>\n<\/tr>\n<tr>\n<td><strong>Tipo de producto<\/strong><\/td>\n<td>Inodoro de dos piezas<\/td>\n<\/tr>\n<tr>\n<td><strong>Material<\/strong><\/td>\n<td>Cer\u00e1mica<\/td>\n<\/tr>\n<tr>\n<td><strong>Color<\/strong><\/td>\n<td>Blanco (colores personalizados disponibles)<\/td>\n<\/tr>\n<tr>\n<td><strong>Sistema de lavado<\/strong><\/td>\n<td>Lavado por chorro de agua<\/td>\n<\/tr>\n<tr>\n<td><strong>Tama\u00f1o del producto<\/strong><\/td>\n<td><span data-path-to-node=\"9,4,1,0\"><span class=\"math-inline\" data-math=\"650 \\times 340 \\times 770mm\" data-index-in-node=\"0\">650 x 340 x 770 mm<\/span><\/span><\/td>\n<\/tr>\n<tr>\n<td><strong>Rough-in<\/strong><\/td>\n<td>\u00a0<span data-path-to-node=\"21,6,1,0\">Sif\u00f3n S: 250 mm \/ Sif\u00f3n P: 180 mm<\/span><\/td>\n<\/tr>\n<tr>\n<td><strong>Tipo de instalaci\u00f3n<\/strong><\/td>\n<td>Montado en el suelo<\/td>\n<\/tr>\n<\/tbody>\n<\/table>","protected":false},"featured_media":570,"comment_status":"closed","ping_status":"closed","template":"","meta":{"_acf_changed":false},"product_brand":[],"product_cat":[23,29],"product_tag":[],"class_list":{"0":"post-569","1":"product","2":"type-product","3":"status-publish","4":"has-post-thumbnail","6":"product_cat-wholesale-toilets","7":"product_cat-wholesale-two-piece-toilet","9":"first","10":"instock","11":"shipping-taxable","12":"product-type-simple"},"acf":[],"_links":{"self":[{"href":"https:\/\/www.segasanitary.com\/es\/wp-json\/wp\/v2\/product\/569","targetHints":{"allow":["GET"]}}],"collection":[{"href":"https:\/\/www.segasanitary.com\/es\/wp-json\/wp\/v2\/product"}],"about":[{"href":"https:\/\/www.segasanitary.com\/es\/wp-json\/wp\/v2\/types\/product"}],"replies":[{"embeddable":true,"href":"https:\/\/www.segasanitary.com\/es\/wp-json\/wp\/v2\/comments?post=569"}],"wp:featuredmedia":[{"embeddable":true,"href":"https:\/\/www.segasanitary.com\/es\/wp-json\/wp\/v2\/media\/570"}],"wp:attachment":[{"href":"https:\/\/www.segasanitary.com\/es\/wp-json\/wp\/v2\/media?parent=569"}],"wp:term":[{"taxonomy":"product_brand","embeddable":true,"href":"https:\/\/www.segasanitary.com\/es\/wp-json\/wp\/v2\/product_brand?post=569"},{"taxonomy":"product_cat","embeddable":true,"href":"https:\/\/www.segasanitary.com\/es\/wp-json\/wp\/v2\/product_cat?post=569"},{"taxonomy":"product_tag","embeddable":true,"href":"https:\/\/www.segasanitary.com\/es\/wp-json\/wp\/v2\/product_tag?post=569"}],"curies":[{"name":"wp","href":"https:\/\/api.w.org\/{rel}","templated":true}]}}