{"id":540,"date":"2026-03-19T02:11:07","date_gmt":"2026-03-19T02:11:07","guid":{"rendered":"https:\/\/www.segasanitary.com\/?post_type=product&#038;p=540"},"modified":"2026-03-19T03:03:30","modified_gmt":"2026-03-19T03:03:30","slug":"wholesale-bathroom-faucets","status":"publish","type":"product","link":"https:\/\/www.segasanitary.com\/es\/product\/wholesale-bathroom-faucets\/","title":{"rendered":"Mayorista Griferia de Ba\u00f1o, Griferia moderna para lavabo"},"content":{"rendered":"","protected":false},"excerpt":{"rendered":"<p>Los grifos de ba\u00f1o al por mayor, fabricados en lat\u00f3n de gran pureza y cromados en varias capas, presentan un dise\u00f1o monomando elegante y ergon\u00f3mico y un suave chorro estilo cascada. Como parte de nuestras soluciones integrales para cuartos de ba\u00f1o, combina durabilidad y est\u00e9tica moderna. Para compras al por mayor o para obtener m\u00e1s informaci\u00f3n sobre soluciones completas de sanitarios al por mayor y personalizadas, p\u00f3ngase en contacto con nosotros.<\/p>\n<h2>Especificaciones del producto:<\/h2>\n<table data-path-to-node=\"13\">\n<thead><\/thead>\n<tbody>\n<tr>\n<td><strong>Atributo<\/strong><\/td>\n<td>\u00a0<span data-path-to-node=\"13,0,1,0\">Especificaci\u00f3n<\/span><\/td>\n<\/tr>\n<tr>\n<td><strong>Material<\/strong><\/td>\n<td>Lat\u00f3n macizo (alta pureza)\/aleaci\u00f3n de zinc<\/td>\n<\/tr>\n<tr>\n<td><strong>Acabado<\/strong><\/td>\n<td>\u00a0<span data-path-to-node=\"13,4,1,0\">Espejo multicapa Cromo \/ Negro mate \/ Oro cepillado<\/span><\/td>\n<\/tr>\n<tr>\n<td><strong>Instalaci\u00f3n<\/strong><\/td>\n<td>Montaje en cubierta \/ Un solo orificio<\/td>\n<\/tr>\n<tr>\n<td><strong>Fuente de agua<\/strong><\/td>\n<td>Hot &amp; Cold Mixer<\/td>\n<\/tr>\n<tr>\n<td><strong>Aplicaci\u00f3n<\/strong><\/td>\n<td>Proyectos hoteleros, residenciales y comerciales<\/td>\n<\/tr>\n<\/tbody>\n<\/table>\n<p>&nbsp;<\/p>","protected":false},"featured_media":542,"comment_status":"closed","ping_status":"closed","template":"","meta":{"_acf_changed":false},"product_brand":[],"product_cat":[16],"product_tag":[],"class_list":{"0":"post-540","1":"product","2":"type-product","3":"status-publish","4":"has-post-thumbnail","6":"product_cat-wholesale-bathroom-accessories","8":"first","9":"instock","10":"shipping-taxable","11":"product-type-simple"},"acf":[],"_links":{"self":[{"href":"https:\/\/www.segasanitary.com\/es\/wp-json\/wp\/v2\/product\/540","targetHints":{"allow":["GET"]}}],"collection":[{"href":"https:\/\/www.segasanitary.com\/es\/wp-json\/wp\/v2\/product"}],"about":[{"href":"https:\/\/www.segasanitary.com\/es\/wp-json\/wp\/v2\/types\/product"}],"replies":[{"embeddable":true,"href":"https:\/\/www.segasanitary.com\/es\/wp-json\/wp\/v2\/comments?post=540"}],"wp:featuredmedia":[{"embeddable":true,"href":"https:\/\/www.segasanitary.com\/es\/wp-json\/wp\/v2\/media\/542"}],"wp:attachment":[{"href":"https:\/\/www.segasanitary.com\/es\/wp-json\/wp\/v2\/media?parent=540"}],"wp:term":[{"taxonomy":"product_brand","embeddable":true,"href":"https:\/\/www.segasanitary.com\/es\/wp-json\/wp\/v2\/product_brand?post=540"},{"taxonomy":"product_cat","embeddable":true,"href":"https:\/\/www.segasanitary.com\/es\/wp-json\/wp\/v2\/product_cat?post=540"},{"taxonomy":"product_tag","embeddable":true,"href":"https:\/\/www.segasanitary.com\/es\/wp-json\/wp\/v2\/product_tag?post=540"}],"curies":[{"name":"wp","href":"https:\/\/api.w.org\/{rel}","templated":true}]}}