{"id":539,"date":"2026-03-19T01:49:30","date_gmt":"2026-03-19T01:49:30","guid":{"rendered":"https:\/\/www.segasanitary.com\/?post_type=product&#038;p=539"},"modified":"2026-03-19T02:31:10","modified_gmt":"2026-03-19T02:31:10","slug":"wholesale-toilet-seat","status":"publish","type":"product","link":"https:\/\/www.segasanitary.com\/es\/product\/wholesale-toilet-seat\/","title":{"rendered":"Mayorista Asiento Inodoro, Asiento Inodoro PP Inteligente en Forma de U con Calefacci\u00f3n Inteligente"},"content":{"rendered":"<div class=\"wp-block-columns is-layout-flex wp-container-core-columns-is-layout-9d6595d7 wp-block-columns-is-layout-flex\">\n<div class=\"wp-block-column is-vertically-aligned-center is-layout-flow wp-block-column-is-layout-flow\">\n<h2 class=\"wp-block-heading\">Asiento de inodoro Snart Caracter\u00edsticas:<\/h2>\n\n\n\n<p><strong>Inducci\u00f3n inteligente y apertura autom\u00e1tica:<\/strong> Equipada con una funci\u00f3n de giro por inducci\u00f3n, la tapa se abre autom\u00e1ticamente sin intervenci\u00f3n manual, proporcionando una experiencia de higiene realmente sin contacto.<\/p>\n\n\n\n<p><strong>Calentamiento instant\u00e1neo y control de temperatura: <\/strong>Utiliza tecnolog\u00eda de calentamiento instant\u00e1neo para proporcionar agua caliente continuamente calentada para el lavado. Una pantalla LED permite a los usuarios controlar las temperaturas del agua y del asiento en tiempo real.<\/p>\n\n\n\n<p><strong>Anillo de pedestal calefactado: <\/strong>El anillo calefactado del asiento admite varios ajustes de temperatura e incorpora un sensor del cuerpo humano que se activa s\u00f3lo cuando el usuario est\u00e1 sentado, equilibrando as\u00ed el confort y la eficiencia energ\u00e9tica.<\/p>\n\n\n\n<p><strong>Mando inteligente de un solo clic y m\u00faltiples modos de limpieza:<\/strong> Con un mando lateral de un solo clic, integra m\u00faltiples modos de limpieza: lavado posterior, lavado femenino y lavado en movimiento, e incluye funciones de ajuste de la presi\u00f3n y la posici\u00f3n del agua.<\/p>\n\n\n\n<p><strong>Escudo de espuma y tecnolog\u00eda a prueba de salpicaduras:<\/strong> El innovador <strong>protecci\u00f3n de espuma<\/strong> evitan eficazmente las salpicaduras de agua, a la vez que act\u00faan como barrera antiolores, evitando los olores y las adherencias, mejorando significativamente la limpieza del inodoro.<\/p>\n\n\n\n<p><strong>Luz nocturna y resistente al agua IPX4:<\/strong> Una suave luz nocturna incorporada permite un uso c\u00f3modo por la noche sin necesidad de encender las deslumbrantes luces principales. Toda la unidad tiene un grado de impermeabilidad IPX4, lo que garantiza un funcionamiento seguro en el h\u00famedo entorno del ba\u00f1o.<\/p>\n<\/div>\n\n\n\n<div class=\"wp-block-column is-layout-flow wp-block-column-is-layout-flow\">\n<figure class=\"wp-block-image size-full\"><img decoding=\"async\" width=\"800\" height=\"800\" src=\"https:\/\/www.segasanitary.com\/wp-content\/uploads\/2026\/03\/Wholesale-PP-toilet-seat-2.webp\" alt=\"Venta al por mayor Asiento de inodoro de PP\" class=\"wp-image-499\" srcset=\"https:\/\/www.segasanitary.com\/wp-content\/uploads\/2026\/03\/Wholesale-PP-toilet-seat-2.webp 800w, https:\/\/www.segasanitary.com\/wp-content\/uploads\/2026\/03\/Wholesale-PP-toilet-seat-2-300x300.webp 300w, https:\/\/www.segasanitary.com\/wp-content\/uploads\/2026\/03\/Wholesale-PP-toilet-seat-2-150x150.webp 150w, https:\/\/www.segasanitary.com\/wp-content\/uploads\/2026\/03\/Wholesale-PP-toilet-seat-2-768x768.webp 768w, https:\/\/www.segasanitary.com\/wp-content\/uploads\/2026\/03\/Wholesale-PP-toilet-seat-2-600x600.webp 600w, https:\/\/www.segasanitary.com\/wp-content\/uploads\/2026\/03\/Wholesale-PP-toilet-seat-2-100x100.webp 100w\" sizes=\"(max-width: 800px) 100vw, 800px\" \/><\/figure>\n<\/div>\n<\/div>","protected":false},"excerpt":{"rendered":"<p>Venta al por mayor de asientos de inodoro inteligentes, con un dise\u00f1o ultrafino y material PP de primera calidad, con indicador LED de temperatura y mandos de control (asiento calefactado, tapa con sensor autom\u00e1tico, etc.). Como fabricante profesional de art\u00edculos sanitarios, ofrecemos soluciones integrales de suministro, incluidos servicios OEM\/ODM y embalajes personalizados. P\u00f3ngase en contacto hoy mismo con nuestro gestor de proyectos para obtener un presupuesto a granel y un cat\u00e1logo de productos.<\/p>\n<h2>Especificaciones del producto:<\/h2>\n<table>\n<tbody>\n<tr>\n<td><strong>Atributo<\/strong><\/td>\n<td>\u00a0<span data-path-to-node=\"13,0,1,0\">Especificaci\u00f3n<\/span><\/td>\n<\/tr>\n<tr>\n<td><strong>Nombre del producto<\/strong><\/td>\n<td>\u00a0<span data-path-to-node=\"24,1,1,0\">Tapa del inodoro Smart Bidet<\/span><\/td>\n<\/tr>\n<tr>\n<td><strong>Material<\/strong><\/td>\n<td>\u00a0<span data-path-to-node=\"24,2,1,0\">PP (polipropileno) de primera calidad<\/span><\/td>\n<\/tr>\n<tr>\n<td><strong>Dimensiones<\/strong><\/td>\n<td>\u00a0<span data-path-to-node=\"24,3,1,0\">495 x 370 x 112 mm<\/span><\/td>\n<\/tr>\n<tr>\n<td><strong>Tensi\u00f3n nominal<\/strong><\/td>\n<td>\u00a0<span data-path-to-node=\"24,4,1,0\">220V \/ 50Hz <\/span><\/td>\n<\/tr>\n<tr>\n<td><strong>Potencia nominal<\/strong><\/td>\n<td>1200W<\/td>\n<\/tr>\n<tr>\n<td><strong>Grado de impermeabilidad<\/strong><\/td>\n<td>IPX4<\/td>\n<\/tr>\n<tr>\n<td><strong>M\u00e9todo de calentamiento<\/strong><\/td>\n<td>Calentamiento instant\u00e1neo de agua<\/td>\n<\/tr>\n<tr>\n<td><strong>Funciones b\u00e1sicas<\/strong><\/td>\n<td>Apertura autom\u00e1tica, asiento calefactado, secado con aire caliente, pantalla LED, protector de espuma<\/td>\n<\/tr>\n<\/tbody>\n<\/table>","protected":false},"featured_media":500,"comment_status":"closed","ping_status":"closed","template":"","meta":{"_acf_changed":false},"product_brand":[],"product_cat":[16],"product_tag":[],"class_list":{"0":"post-539","1":"product","2":"type-product","3":"status-publish","4":"has-post-thumbnail","6":"product_cat-wholesale-bathroom-accessories","8":"first","9":"instock","10":"shipping-taxable","11":"product-type-simple"},"acf":[],"_links":{"self":[{"href":"https:\/\/www.segasanitary.com\/es\/wp-json\/wp\/v2\/product\/539","targetHints":{"allow":["GET"]}}],"collection":[{"href":"https:\/\/www.segasanitary.com\/es\/wp-json\/wp\/v2\/product"}],"about":[{"href":"https:\/\/www.segasanitary.com\/es\/wp-json\/wp\/v2\/types\/product"}],"replies":[{"embeddable":true,"href":"https:\/\/www.segasanitary.com\/es\/wp-json\/wp\/v2\/comments?post=539"}],"wp:featuredmedia":[{"embeddable":true,"href":"https:\/\/www.segasanitary.com\/es\/wp-json\/wp\/v2\/media\/500"}],"wp:attachment":[{"href":"https:\/\/www.segasanitary.com\/es\/wp-json\/wp\/v2\/media?parent=539"}],"wp:term":[{"taxonomy":"product_brand","embeddable":true,"href":"https:\/\/www.segasanitary.com\/es\/wp-json\/wp\/v2\/product_brand?post=539"},{"taxonomy":"product_cat","embeddable":true,"href":"https:\/\/www.segasanitary.com\/es\/wp-json\/wp\/v2\/product_cat?post=539"},{"taxonomy":"product_tag","embeddable":true,"href":"https:\/\/www.segasanitary.com\/es\/wp-json\/wp\/v2\/product_tag?post=539"}],"curies":[{"name":"wp","href":"https:\/\/api.w.org\/{rel}","templated":true}]}}