{"id":538,"date":"2026-03-19T01:28:50","date_gmt":"2026-03-19T01:28:50","guid":{"rendered":"https:\/\/www.segasanitary.com\/?post_type=product&#038;p=538"},"modified":"2026-03-19T02:31:19","modified_gmt":"2026-03-19T02:31:19","slug":"wholesale-mdf-bathroom-cabinet","status":"publish","type":"product","link":"https:\/\/www.segasanitary.com\/es\/product\/wholesale-mdf-bathroom-cabinet\/","title":{"rendered":"Mayorista MDF Armario de Ba\u00f1o, Grano de madera montado en la pared tocador de ba\u00f1o"},"content":{"rendered":"<div class=\"wp-block-columns is-layout-flex wp-container-core-columns-is-layout-9d6595d7 wp-block-columns-is-layout-flex\">\n<div class=\"wp-block-column is-vertically-aligned-center is-layout-flow wp-block-column-is-layout-flow\">\n<h2 class=\"wp-block-heading\">MDF Armario de ba\u00f1o Caracter\u00edsticas:<\/h2>\n\n\n\n<p><strong>MDF de alto rendimiento con textura de grano de madera: <\/strong>Fabricado con MDF (tablero de fibra de densidad media) de alta calidad y acabado con una chapa de madera veteada resistente a la humedad. Ofrece la textura visual de la madera maciza a la vez que es resistente a la humedad y al agrietamiento o alabeo.<\/p>\n\n\n\n<p><strong>Eficiente sistema de doble almacenamiento:<\/strong> <br><strong>Gabinete principal: <\/strong>El espacioso dise\u00f1o de doble puerta permite guardar f\u00e1cilmente grandes accesorios de ba\u00f1o, manteniendo el espacio ordenado.<br><strong>Armario con espejo: <\/strong>Combina una unidad de almacenamiento oculta con espejo con estantes abiertos para facilitar el acceso a los productos de cuidado de la piel de uso frecuente.<\/p>\n\n\n\n<p><strong>Herrajes de cierre suave: <\/strong>La configuraci\u00f3n est\u00e1ndar incluye bisagras de cierre suave de alta calidad. Esto garantiza una apertura y cierre silenciosos de las puertas de los armarios, prolonga su vida \u00fatil y cumple los requisitos de calidad de los proyectos de ingenier\u00eda de gama alta.<\/p>\n\n\n\n<p><strong>Lavabo minimalista de cer\u00e1mica de borde fino:<\/strong> Lavabo de cer\u00e1mica de borde fino SEGA a juego, con un esmalte liso y uniforme muy resistente a las manchas, que crea un llamativo contraste con los armarios de madera veteada oscura y exhibe una moderna est\u00e9tica minimalista.<\/p>\n\n\n\n<p><strong>Dise\u00f1o de ahorro de espacio colgado de la pared:<\/strong> El dise\u00f1o montado en la pared hace que el espacio parezca m\u00e1s abierto y elimina las esquinas dif\u00edciles de limpiar, lo que facilita la limpieza.<\/p>\n<\/div>\n\n\n\n<div class=\"wp-block-column is-layout-flow wp-block-column-is-layout-flow\">\n<figure class=\"wp-block-image size-full\"><img decoding=\"async\" width=\"800\" height=\"800\" src=\"https:\/\/www.segasanitary.com\/wp-content\/uploads\/2026\/03\/wholesale-MDF-bathroom-cabinet-SJ002.webp\" alt=\"venta al por mayor mueble de ba\u00f1o de MDF\" class=\"wp-image-495\" srcset=\"https:\/\/www.segasanitary.com\/wp-content\/uploads\/2026\/03\/wholesale-MDF-bathroom-cabinet-SJ002.webp 800w, https:\/\/www.segasanitary.com\/wp-content\/uploads\/2026\/03\/wholesale-MDF-bathroom-cabinet-SJ002-300x300.webp 300w, https:\/\/www.segasanitary.com\/wp-content\/uploads\/2026\/03\/wholesale-MDF-bathroom-cabinet-SJ002-150x150.webp 150w, https:\/\/www.segasanitary.com\/wp-content\/uploads\/2026\/03\/wholesale-MDF-bathroom-cabinet-SJ002-768x768.webp 768w, https:\/\/www.segasanitary.com\/wp-content\/uploads\/2026\/03\/wholesale-MDF-bathroom-cabinet-SJ002-600x600.webp 600w, https:\/\/www.segasanitary.com\/wp-content\/uploads\/2026\/03\/wholesale-MDF-bathroom-cabinet-SJ002-100x100.webp 100w\" sizes=\"(max-width: 800px) 100vw, 800px\" \/><\/figure>\n<\/div>\n<\/div>","protected":false},"excerpt":{"rendered":"<p>Tocadores de ba\u00f1o de MDF al por mayor, fabricados en MDF de alta calidad con un acabado de grano de madera resistente a la humedad. Armarios con espejo a juego proporcionan un amplio espacio de almacenamiento, por lo que una opci\u00f3n popular para los hoteles modernos y proyectos residenciales. Se admite la personalizaci\u00f3n OEM. Suministro directo de f\u00e1brica a granel. \u00a1Consiga el mejor precio ahora!<\/p>\n<h2>Especificaciones del producto:<\/h2>\n<table>\n<tbody>\n<tr>\n<td><strong>Atributo<\/strong><\/td>\n<td>\u00a0<span data-path-to-node=\"13,0,1,0\">Especificaci\u00f3n<\/span><\/td>\n<\/tr>\n<tr>\n<td><strong>Modelo<\/strong><\/td>\n<td>\u00a0<span data-path-to-node=\"22,1,1,0\">SJ002<\/span><\/td>\n<\/tr>\n<tr>\n<td><strong>Material del armario<\/strong><\/td>\n<td>MDF<\/td>\n<\/tr>\n<tr>\n<td><strong>Material de la cubeta<\/strong><\/td>\n<td>Cer\u00e1mica<\/td>\n<\/tr>\n<tr>\n<td><strong>Tipo espejo<\/strong><\/td>\n<td><span data-path-to-node=\"22,6,1,0\">Armario con espejo y estantes abiertos<\/span><\/td>\n<\/tr>\n<tr>\n<td><strong>Acabado<\/strong><\/td>\n<td>Nogal oscuro \/ Grano de madera natural<\/td>\n<\/tr>\n<tr>\n<td><strong>Instalaci\u00f3n<\/strong><\/td>\n<td>\u00a0<span data-path-to-node=\"22,4,1,0\">De pared \/ Flotante<\/span><\/td>\n<\/tr>\n<\/tbody>\n<\/table>","protected":false},"featured_media":495,"comment_status":"closed","ping_status":"closed","template":"","meta":{"_acf_changed":false},"product_brand":[],"product_cat":[20,43],"product_tag":[],"class_list":{"0":"post-538","1":"product","2":"type-product","3":"status-publish","4":"has-post-thumbnail","6":"product_cat-wholesale-bathroom-cabinet","7":"product_cat-wholesale-mdf-bathroom-cabinet","9":"first","10":"instock","11":"shipping-taxable","12":"product-type-simple"},"acf":[],"_links":{"self":[{"href":"https:\/\/www.segasanitary.com\/es\/wp-json\/wp\/v2\/product\/538","targetHints":{"allow":["GET"]}}],"collection":[{"href":"https:\/\/www.segasanitary.com\/es\/wp-json\/wp\/v2\/product"}],"about":[{"href":"https:\/\/www.segasanitary.com\/es\/wp-json\/wp\/v2\/types\/product"}],"replies":[{"embeddable":true,"href":"https:\/\/www.segasanitary.com\/es\/wp-json\/wp\/v2\/comments?post=538"}],"wp:featuredmedia":[{"embeddable":true,"href":"https:\/\/www.segasanitary.com\/es\/wp-json\/wp\/v2\/media\/495"}],"wp:attachment":[{"href":"https:\/\/www.segasanitary.com\/es\/wp-json\/wp\/v2\/media?parent=538"}],"wp:term":[{"taxonomy":"product_brand","embeddable":true,"href":"https:\/\/www.segasanitary.com\/es\/wp-json\/wp\/v2\/product_brand?post=538"},{"taxonomy":"product_cat","embeddable":true,"href":"https:\/\/www.segasanitary.com\/es\/wp-json\/wp\/v2\/product_cat?post=538"},{"taxonomy":"product_tag","embeddable":true,"href":"https:\/\/www.segasanitary.com\/es\/wp-json\/wp\/v2\/product_tag?post=538"}],"curies":[{"name":"wp","href":"https:\/\/api.w.org\/{rel}","templated":true}]}}