{"id":441,"date":"2026-03-18T08:53:52","date_gmt":"2026-03-18T08:53:52","guid":{"rendered":"https:\/\/www.segasanitary.com\/?post_type=product&#038;p=441"},"modified":"2026-03-19T02:33:33","modified_gmt":"2026-03-19T02:33:33","slug":"wholesale-cabinets-wash-basin","status":"publish","type":"product","link":"https:\/\/www.segasanitary.com\/es\/product\/wholesale-cabinets-wash-basin\/","title":{"rendered":"Mayorista Lavabos, Fregaderos de Cer\u00e1mica para Armarios de Ba\u00f1o al por mayor"},"content":{"rendered":"<div class=\"wp-block-columns is-layout-flex wp-container-core-columns-is-layout-9d6595d7 wp-block-columns-is-layout-flex\">\n<div class=\"wp-block-column is-vertically-aligned-center is-layout-flow wp-block-column-is-layout-flow\">\n<h2 class=\"wp-block-heading\">Armarios Lavabo Dimensiones:<\/h2>\n\n\n\n<figure class=\"wp-block-table\"><table class=\"has-fixed-layout\"><thead><tr><td><strong>Modelo<\/strong><\/td><td><strong>Dimensiones (LxAxA)<\/strong><\/td><\/tr><\/thead><tbody><tr><td><strong>9060A<\/strong><\/td><td>600 x 460 x 180 mm<\/td><\/tr><tr><td><strong>9080A<\/strong><\/td><td>800 x 460 x 180 mm<\/td><\/tr><tr><td><strong>9090A<\/strong><\/td><td>900 x 460 x 180 mm<\/td><\/tr><tr><td><strong>9100A<\/strong><\/td><td>1000 x 460 x 180 mm<\/td><\/tr><\/tbody><\/table><\/figure>\n<\/div>\n\n\n\n<div class=\"wp-block-column is-layout-flow wp-block-column-is-layout-flow\">\n<figure class=\"wp-block-image size-full\"><img decoding=\"async\" width=\"800\" height=\"800\" src=\"https:\/\/www.segasanitary.com\/wp-content\/uploads\/2026\/03\/wholesale-cabinets-wash-basin-90A-2.webp\" alt=\"venta al por mayor armarios lavabo 90A\" class=\"wp-image-443\" srcset=\"https:\/\/www.segasanitary.com\/wp-content\/uploads\/2026\/03\/wholesale-cabinets-wash-basin-90A-2.webp 800w, https:\/\/www.segasanitary.com\/wp-content\/uploads\/2026\/03\/wholesale-cabinets-wash-basin-90A-2-300x300.webp 300w, https:\/\/www.segasanitary.com\/wp-content\/uploads\/2026\/03\/wholesale-cabinets-wash-basin-90A-2-150x150.webp 150w, https:\/\/www.segasanitary.com\/wp-content\/uploads\/2026\/03\/wholesale-cabinets-wash-basin-90A-2-768x768.webp 768w, https:\/\/www.segasanitary.com\/wp-content\/uploads\/2026\/03\/wholesale-cabinets-wash-basin-90A-2-600x600.webp 600w, https:\/\/www.segasanitary.com\/wp-content\/uploads\/2026\/03\/wholesale-cabinets-wash-basin-90A-2-100x100.webp 100w\" sizes=\"(max-width: 800px) 100vw, 800px\" \/><\/figure>\n<\/div>\n<\/div>\n\n\n\n<div class=\"wp-block-columns is-layout-flex wp-container-core-columns-is-layout-9d6595d7 wp-block-columns-is-layout-flex\">\n<div class=\"wp-block-column is-layout-flow wp-block-column-is-layout-flow\">\n<figure class=\"wp-block-image size-full\"><img decoding=\"async\" width=\"800\" height=\"800\" src=\"https:\/\/www.segasanitary.com\/wp-content\/uploads\/2026\/03\/wholesale-cabinets-wash-basin-90A-1.webp\" alt=\"venta al por mayor armarios lavabo 90A\" class=\"wp-image-442\" srcset=\"https:\/\/www.segasanitary.com\/wp-content\/uploads\/2026\/03\/wholesale-cabinets-wash-basin-90A-1.webp 800w, https:\/\/www.segasanitary.com\/wp-content\/uploads\/2026\/03\/wholesale-cabinets-wash-basin-90A-1-300x300.webp 300w, https:\/\/www.segasanitary.com\/wp-content\/uploads\/2026\/03\/wholesale-cabinets-wash-basin-90A-1-150x150.webp 150w, https:\/\/www.segasanitary.com\/wp-content\/uploads\/2026\/03\/wholesale-cabinets-wash-basin-90A-1-768x768.webp 768w, https:\/\/www.segasanitary.com\/wp-content\/uploads\/2026\/03\/wholesale-cabinets-wash-basin-90A-1-600x600.webp 600w, https:\/\/www.segasanitary.com\/wp-content\/uploads\/2026\/03\/wholesale-cabinets-wash-basin-90A-1-100x100.webp 100w\" sizes=\"(max-width: 800px) 100vw, 800px\" \/><\/figure>\n<\/div>\n\n\n\n<div class=\"wp-block-column is-vertically-aligned-center is-layout-flow wp-block-column-is-layout-flow\">\n<h2 class=\"wp-block-heading\">Armarios Lavabo Caracter\u00edsticas:<\/h2>\n\n\n\n<p><strong>Est\u00e9tica de bordes ultrafinos:<\/strong> Con un dise\u00f1o minimalista de borde fino y l\u00edneas limpias, este lavabo se adapta perfectamente al borde del mueble del ba\u00f1o. Realza el aire moderno del conjunto de la casa y maximiza el espacio \u00fatil dentro del lavabo.<\/p>\n\n\n\n<p><strong>Serie completa de tallas m\u00faltiples:<\/strong> Ofrece cuatro longitudes est\u00e1ndar: 600 mm, 800 mm, 900 mm y 1.000 mm, lo que permite a los contratistas y ebanistas adaptarse f\u00e1cilmente a las necesidades de armarios de ba\u00f1o personalizados de diferentes distribuciones de apartamentos.<\/p>\n\n\n\n<p><strong>Integraci\u00f3n perfecta con los armarios: <\/strong>Optimizado para instalaci\u00f3n empotrada o sobre armario. La estructura plana de la base del lavabo se integra a la perfecci\u00f3n con armarios de ba\u00f1o de madera o metal, evitando eficazmente las fugas de agua y simplificando el proceso de montaje.<\/p>\n\n\n\n<p><strong>China v\u00edtrea de calidad superior: <\/strong>Fabricada con cer\u00e1mica de primera calidad Grado A, cocida a 1280\u00b0C. El esmalte es extremadamente suave y resistente a los impactos, por lo que es ideal para uso residencial y comercial de alta frecuencia.<\/p>\n\n\n\n<p><strong>Desbordamiento funcional y orificio para grifo:<\/strong> Cada modelo viene con una salida de rebosadero est\u00e1ndar y un grifo de un solo orificio. La pendiente del desag\u00fce se ha calculado con precisi\u00f3n para garantizar un flujo de agua uniforme y eliminar las molestias de la acumulaci\u00f3n de agua y sarro.<\/p>\n<\/div>\n<\/div>","protected":false},"excerpt":{"rendered":"<p>Lavabo de mueble al por mayor con bordes ultrafinos y un aspecto limpio y empotrado, dise\u00f1ado para lavabos de ba\u00f1o modernos. Disponible en varios tama\u00f1os de 600 mm a 1000 mm, ideal para mayoristas y fabricantes de muebles. P\u00f3ngase en contacto con nosotros hoy mismo para obtener precios directos de f\u00e1brica.<\/p>\n<h2>Especificaciones del producto:<\/h2>\n<table>\n<tbody>\n<tr>\n<td><strong>Atributo<\/strong><\/td>\n<td>\u00a0<span data-path-to-node=\"13,0,1,0\">Especificaci\u00f3n<\/span><\/td>\n<\/tr>\n<tr>\n<td><strong>Modelo<\/strong><\/td>\n<td>90A<\/td>\n<\/tr>\n<tr>\n<td><strong>Tipo de producto<\/strong><\/td>\n<td>Lavabo dentro de armario \/ mueble Lavabo<\/td>\n<\/tr>\n<tr>\n<td><strong>Material<\/strong><\/td>\n<td>Cer\u00e1mica<\/td>\n<\/tr>\n<tr>\n<td><strong>Color<\/strong><\/td>\n<td>Blanco (colores personalizados disponibles)<\/td>\n<\/tr>\n<tr>\n<td><strong>Instalaci\u00f3n<\/strong><\/td>\n<td>Visite<\/td>\n<\/tr>\n<tr>\n<td><strong>Longitud<\/strong><\/td>\n<td>\u00a0600 mm, 800 mm, 900 mm, 1000 mm<\/td>\n<\/tr>\n<\/tbody>\n<\/table>","protected":false},"featured_media":442,"comment_status":"closed","ping_status":"closed","template":"","meta":{"_acf_changed":false},"product_brand":[],"product_cat":[22,34],"product_tag":[],"class_list":{"0":"post-441","1":"product","2":"type-product","3":"status-publish","4":"has-post-thumbnail","6":"product_cat-wholesale-wash-basin","7":"product_cat-wholesale-cabinet-basin","9":"first","10":"instock","11":"shipping-taxable","12":"product-type-simple"},"acf":[],"_links":{"self":[{"href":"https:\/\/www.segasanitary.com\/es\/wp-json\/wp\/v2\/product\/441","targetHints":{"allow":["GET"]}}],"collection":[{"href":"https:\/\/www.segasanitary.com\/es\/wp-json\/wp\/v2\/product"}],"about":[{"href":"https:\/\/www.segasanitary.com\/es\/wp-json\/wp\/v2\/types\/product"}],"replies":[{"embeddable":true,"href":"https:\/\/www.segasanitary.com\/es\/wp-json\/wp\/v2\/comments?post=441"}],"wp:featuredmedia":[{"embeddable":true,"href":"https:\/\/www.segasanitary.com\/es\/wp-json\/wp\/v2\/media\/442"}],"wp:attachment":[{"href":"https:\/\/www.segasanitary.com\/es\/wp-json\/wp\/v2\/media?parent=441"}],"wp:term":[{"taxonomy":"product_brand","embeddable":true,"href":"https:\/\/www.segasanitary.com\/es\/wp-json\/wp\/v2\/product_brand?post=441"},{"taxonomy":"product_cat","embeddable":true,"href":"https:\/\/www.segasanitary.com\/es\/wp-json\/wp\/v2\/product_cat?post=441"},{"taxonomy":"product_tag","embeddable":true,"href":"https:\/\/www.segasanitary.com\/es\/wp-json\/wp\/v2\/product_tag?post=441"}],"curies":[{"name":"wp","href":"https:\/\/api.w.org\/{rel}","templated":true}]}}