{"id":420,"date":"2026-03-18T08:03:17","date_gmt":"2026-03-18T08:03:17","guid":{"rendered":"https:\/\/www.segasanitary.com\/?post_type=product&#038;p=420"},"modified":"2026-03-19T02:34:34","modified_gmt":"2026-03-19T02:34:34","slug":"wholesale-wall-hung-bathroom-sink","status":"publish","type":"product","link":"https:\/\/www.segasanitary.com\/es\/product\/wholesale-wall-hung-bathroom-sink\/","title":{"rendered":"Mayorista Lavabo de ba\u00f1o suspendido, Lavabo de ba\u00f1o Proveedor"},"content":{"rendered":"<div class=\"wp-block-columns is-layout-flex wp-container-core-columns-is-layout-9d6595d7 wp-block-columns-is-layout-flex\">\n<div class=\"wp-block-column is-vertically-aligned-center is-layout-flow wp-block-column-is-layout-flow\">\n<h2 class=\"wp-block-heading\">Lavabo de pared Caracter\u00edsticas:<\/h2>\n\n\n\n<p><strong>Elegante dise\u00f1o que ahorra espacio: <\/strong>Dise\u00f1o suspendido y montado en la pared para un efecto visual minimalista y abierto<strong>, <\/strong>eliminando las esquinas dif\u00edciles de limpiar. Ideal para cuartos de ba\u00f1o modernos con espacio limitado pero con un aspecto sofisticado.<\/p>\n\n\n\n<p><strong>Acabado Premium Nano-Glaze: <\/strong>La superficie est\u00e1 recubierta de un nanoglaseado autolimpiable, liso y plano con una absorci\u00f3n de agua extremadamente baja. Presume de una resistencia superior a las manchas y de propiedades antibacterianas, lo que facilita su mantenimiento diario.<\/p>\n\n\n\n<p><strong>Sistema de rebosadero incorporado: <\/strong>Equipado con un <strong>desbordamiento integrado<\/strong> dise\u00f1o. Evita eficazmente los derrames de agua, garantizando un entorno seco y seguro, especialmente adecuado para el uso de alta frecuencia en entornos comerciales.<\/p>\n\n\n\n<p><strong>Ingenier\u00eda robusta y soporte de cargas:<\/strong> El cuerpo de cer\u00e1mica engrosada, combinado con una estructura de pared profesional montada en la parte posterior, garantiza una excelente capacidad de carga y durabilidad, cumpliendo las normas internacionales de ingenier\u00eda comercial.<\/p>\n<\/div>\n\n\n\n<div class=\"wp-block-column is-layout-flow wp-block-column-is-layout-flow\">\n<figure class=\"wp-block-image size-full\"><img decoding=\"async\" width=\"815\" height=\"626\" src=\"https:\/\/www.segasanitary.com\/wp-content\/uploads\/2026\/03\/wholesale-wall-hung-bathroom-sink-2.webp\" alt=\"venta al por mayor lavabo mural\" class=\"wp-image-431\" srcset=\"https:\/\/www.segasanitary.com\/wp-content\/uploads\/2026\/03\/wholesale-wall-hung-bathroom-sink-2.webp 815w, https:\/\/www.segasanitary.com\/wp-content\/uploads\/2026\/03\/wholesale-wall-hung-bathroom-sink-2-300x230.webp 300w, https:\/\/www.segasanitary.com\/wp-content\/uploads\/2026\/03\/wholesale-wall-hung-bathroom-sink-2-768x590.webp 768w, https:\/\/www.segasanitary.com\/wp-content\/uploads\/2026\/03\/wholesale-wall-hung-bathroom-sink-2-600x461.webp 600w\" sizes=\"(max-width: 815px) 100vw, 815px\" \/><\/figure>\n<\/div>\n<\/div>","protected":false},"excerpt":{"rendered":"<p>Lavabo de ba\u00f1o suspendido al por mayor, fabricado en material cer\u00e1mico de primera calidad con esmalte autolimpiante. Su dise\u00f1o flotante maximiza el espacio en el suelo, perfecto para espacios modernos y compactos. Se admite la personalizaci\u00f3n al por mayor. P\u00f3ngase en contacto con nosotros para obtener los precios de f\u00e1brica.<\/p>\n<h2>Especificaciones del producto:<\/h2>\n<table>\n<tbody>\n<tr>\n<td><strong>Atributo<\/strong><\/td>\n<td>\u00a0<span data-path-to-node=\"13,0,1,0\">Especificaci\u00f3n<\/span><\/td>\n<\/tr>\n<tr>\n<td><strong>Modelo<\/strong><\/td>\n<td>P-7007W<\/td>\n<\/tr>\n<tr>\n<td><strong>Tipo de producto<\/strong><\/td>\n<td>\u00a0<span data-path-to-node=\"21,1,1,0\">Lavabo suspendido \/ Fregadero flotante<\/span><\/td>\n<\/tr>\n<tr>\n<td><strong>Material<\/strong><\/td>\n<td>Cer\u00e1mica<\/td>\n<\/tr>\n<tr>\n<td><strong>Color<\/strong><\/td>\n<td>Blanco (colores personalizados disponibles)<\/td>\n<\/tr>\n<tr>\n<td><strong>Instalaci\u00f3n<\/strong><\/td>\n<td>Montaje en pared<\/td>\n<\/tr>\n<tr>\n<td><strong>Tama\u00f1o del producto<\/strong><\/td>\n<td>580 \u00d7 480 \u00d7 380 mm<\/td>\n<\/tr>\n<\/tbody>\n<\/table>","protected":false},"featured_media":430,"comment_status":"closed","ping_status":"closed","template":"","meta":{"_acf_changed":false},"product_brand":[],"product_cat":[22,32],"product_tag":[],"class_list":{"0":"post-420","1":"product","2":"type-product","3":"status-publish","4":"has-post-thumbnail","6":"product_cat-wholesale-wash-basin","7":"product_cat-wholesale-wall-hung-wash-basin","9":"first","10":"instock","11":"shipping-taxable","12":"product-type-simple"},"acf":[],"_links":{"self":[{"href":"https:\/\/www.segasanitary.com\/es\/wp-json\/wp\/v2\/product\/420","targetHints":{"allow":["GET"]}}],"collection":[{"href":"https:\/\/www.segasanitary.com\/es\/wp-json\/wp\/v2\/product"}],"about":[{"href":"https:\/\/www.segasanitary.com\/es\/wp-json\/wp\/v2\/types\/product"}],"replies":[{"embeddable":true,"href":"https:\/\/www.segasanitary.com\/es\/wp-json\/wp\/v2\/comments?post=420"}],"wp:featuredmedia":[{"embeddable":true,"href":"https:\/\/www.segasanitary.com\/es\/wp-json\/wp\/v2\/media\/430"}],"wp:attachment":[{"href":"https:\/\/www.segasanitary.com\/es\/wp-json\/wp\/v2\/media?parent=420"}],"wp:term":[{"taxonomy":"product_brand","embeddable":true,"href":"https:\/\/www.segasanitary.com\/es\/wp-json\/wp\/v2\/product_brand?post=420"},{"taxonomy":"product_cat","embeddable":true,"href":"https:\/\/www.segasanitary.com\/es\/wp-json\/wp\/v2\/product_cat?post=420"},{"taxonomy":"product_tag","embeddable":true,"href":"https:\/\/www.segasanitary.com\/es\/wp-json\/wp\/v2\/product_tag?post=420"}],"curies":[{"name":"wp","href":"https:\/\/api.w.org\/{rel}","templated":true}]}}