{"id":383,"date":"2026-03-18T06:50:13","date_gmt":"2026-03-18T06:50:13","guid":{"rendered":"https:\/\/www.segasanitary.com\/?post_type=product&#038;p=383"},"modified":"2026-03-19T02:34:53","modified_gmt":"2026-03-19T02:34:53","slug":"wholesale-two-piece-toilet","status":"publish","type":"product","link":"https:\/\/www.segasanitary.com\/es\/product\/wholesale-two-piece-toilet\/","title":{"rendered":"Mayorista Inodoro de dos piezas, Proveedor de inodoro lavable"},"content":{"rendered":"<div class=\"wp-block-columns is-layout-flex wp-container-core-columns-is-layout-9d6595d7 wp-block-columns-is-layout-flex\">\n<div class=\"wp-block-column is-vertically-aligned-center is-layout-flow wp-block-column-is-layout-flow\">\n<h2 class=\"wp-block-heading\">Inodoro de dos piezas Caracter\u00edsticas:<\/h2>\n\n\n\n<p><strong>Elegante dise\u00f1o contempor\u00e1neo:<\/strong> La M-5019 presenta un dise\u00f1o de fald\u00f3n completo que oculta los tubos de desag\u00fce. Sus elegantes l\u00edneas no solo realzan su atractivo est\u00e9tico, sino que tambi\u00e9n eliminan las zonas muertas de limpieza, lo que la convierte en una elecci\u00f3n popular para proyectos residenciales y comerciales modernos.<\/p>\n\n\n\n<p><strong>Tecnolog\u00eda de descarga superior: <\/strong>Equipado con un sistema de doble descarga de alta eficacia, el potente caudal de agua garantiza un aclarado a fondo a la vez que reduce significativamente el consumo de agua, cumpliendo las normas de certificaci\u00f3n medioambiental y de ahorro de agua.<\/p>\n\n\n\n<p><strong>Material cer\u00e1mico de primera calidad: <\/strong>Hecho de arcilla de alta calidad cocida a 1280\u00b0C, lo que resulta en una absorci\u00f3n de agua extremadamente baja. La superficie est\u00e1 recubierta de un nanoesmalte autolimpiable que ofrece una resistencia antibacteriana, antimanchas y de larga duraci\u00f3n.<\/p>\n\n\n\n<p><strong>Funcionamiento ergon\u00f3mico y silencioso:<\/strong> Con una tapa ultrafina de dise\u00f1o ergon\u00f3mico y un asiento est\u00e1ndar de cierre suave UF\/PP, que evita eficazmente el ruido y los da\u00f1os provocados por los impactos de la tapa.<\/p>\n\n\n\n<p><strong>Dise\u00f1ado para los mercados mundiales:<\/strong><\/p>\n\n\n\n<ul class=\"wp-block-list\">\n<li><strong>F\u00e1cil instalaci\u00f3n:<\/strong> Dise\u00f1o de instalaci\u00f3n est\u00e1ndar, compatible con los c\u00f3digos de construcci\u00f3n de la mayor\u00eda de pa\u00edses y regiones.<\/li>\n\n\n\n<li><strong>Fiabilidad B2B:<\/strong> Optimizado para la exportaci\u00f3n a granel con embalaje de cart\u00f3n ondulado de 5 capas gruesas apto para la exportaci\u00f3n, que garantiza la seguridad del producto durante la log\u00edstica transfronteriza.<\/li>\n<\/ul>\n<\/div>\n\n\n\n<div class=\"wp-block-column is-layout-flow wp-block-column-is-layout-flow\">\n<figure class=\"wp-block-image size-full\"><img decoding=\"async\" width=\"500\" height=\"500\" src=\"https:\/\/www.segasanitary.com\/wp-content\/uploads\/2026\/03\/wholesale-two-piece-toilet-M-5019-2.jpg\" alt=\"venta al por mayor inodoro de dos piezas\" class=\"wp-image-385\" srcset=\"https:\/\/www.segasanitary.com\/wp-content\/uploads\/2026\/03\/wholesale-two-piece-toilet-M-5019-2.jpg 500w, https:\/\/www.segasanitary.com\/wp-content\/uploads\/2026\/03\/wholesale-two-piece-toilet-M-5019-2-300x300.jpg 300w, https:\/\/www.segasanitary.com\/wp-content\/uploads\/2026\/03\/wholesale-two-piece-toilet-M-5019-2-150x150.jpg 150w, https:\/\/www.segasanitary.com\/wp-content\/uploads\/2026\/03\/wholesale-two-piece-toilet-M-5019-2-100x100.jpg 100w\" sizes=\"(max-width: 500px) 100vw, 500px\" \/><\/figure>\n<\/div>\n<\/div>","protected":false},"excerpt":{"rendered":"<p>Inodoro de dos piezas para mayoristas M-5019, de aspecto elegante y moderno e ingenier\u00eda robusta, equipado con un sistema de doble descarga y dise\u00f1o de montaje en pared. Fabricado seg\u00fan normas de calidad internacionales, es ideal para contratistas de hoteles y mayoristas de cuartos de ba\u00f1o que buscan fiabilidad y un estilo moderno. Suministro directo de f\u00e1brica, certificado CUPC\/CE\/SASO, \u00a1consulte ahora para obtener precios!<\/p>\n<h2>Especificaciones del producto:<\/h2>\n<table>\n<tbody>\n<tr>\n<td><strong>Atributo<\/strong><\/td>\n<td>\u00a0<span data-path-to-node=\"13,0,1,0\">Especificaci\u00f3n<\/span><\/td>\n<\/tr>\n<tr>\n<td><strong>Modelo<\/strong><\/td>\n<td>M-5019<\/td>\n<\/tr>\n<tr>\n<td><strong>Tipo de producto<\/strong><\/td>\n<td>Inodoro de dos piezas<\/td>\n<\/tr>\n<tr>\n<td><strong>Material<\/strong><\/td>\n<td>Cer\u00e1mica<\/td>\n<\/tr>\n<tr>\n<td><strong>Color<\/strong><\/td>\n<td>Blanco (colores personalizados disponibles)<\/td>\n<\/tr>\n<tr>\n<td><strong>Sistema de lavado<\/strong><\/td>\n<td>Lavado por chorro de agua<\/td>\n<\/tr>\n<tr>\n<td><strong>Tama\u00f1o del producto<\/strong><\/td>\n<td>650 \u00d7 340 \u00d7 770 mm<\/td>\n<\/tr>\n<tr>\n<td><strong>Rough-in<\/strong><\/td>\n<td>\u00a0<span data-path-to-node=\"21,6,1,0\">Trampa en S 250\/300 mm<\/span><\/td>\n<\/tr>\n<tr>\n<td><strong>Tipo de instalaci\u00f3n<\/strong><\/td>\n<td>Montado en el suelo<\/td>\n<\/tr>\n<\/tbody>\n<\/table>","protected":false},"featured_media":384,"comment_status":"closed","ping_status":"closed","template":"","meta":{"_acf_changed":false},"product_brand":[],"product_cat":[23,29],"product_tag":[],"class_list":{"0":"post-383","1":"product","2":"type-product","3":"status-publish","4":"has-post-thumbnail","6":"product_cat-wholesale-toilets","7":"product_cat-wholesale-two-piece-toilet","9":"first","10":"instock","11":"shipping-taxable","12":"product-type-simple"},"acf":[],"_links":{"self":[{"href":"https:\/\/www.segasanitary.com\/es\/wp-json\/wp\/v2\/product\/383","targetHints":{"allow":["GET"]}}],"collection":[{"href":"https:\/\/www.segasanitary.com\/es\/wp-json\/wp\/v2\/product"}],"about":[{"href":"https:\/\/www.segasanitary.com\/es\/wp-json\/wp\/v2\/types\/product"}],"replies":[{"embeddable":true,"href":"https:\/\/www.segasanitary.com\/es\/wp-json\/wp\/v2\/comments?post=383"}],"wp:featuredmedia":[{"embeddable":true,"href":"https:\/\/www.segasanitary.com\/es\/wp-json\/wp\/v2\/media\/384"}],"wp:attachment":[{"href":"https:\/\/www.segasanitary.com\/es\/wp-json\/wp\/v2\/media?parent=383"}],"wp:term":[{"taxonomy":"product_brand","embeddable":true,"href":"https:\/\/www.segasanitary.com\/es\/wp-json\/wp\/v2\/product_brand?post=383"},{"taxonomy":"product_cat","embeddable":true,"href":"https:\/\/www.segasanitary.com\/es\/wp-json\/wp\/v2\/product_cat?post=383"},{"taxonomy":"product_tag","embeddable":true,"href":"https:\/\/www.segasanitary.com\/es\/wp-json\/wp\/v2\/product_tag?post=383"}],"curies":[{"name":"wp","href":"https:\/\/api.w.org\/{rel}","templated":true}]}}