{"id":219,"date":"2026-03-14T11:50:05","date_gmt":"2026-03-14T11:50:05","guid":{"rendered":"https:\/\/www.segasanitary.com\/?post_type=product&#038;p=219"},"modified":"2026-03-19T02:35:04","modified_gmt":"2026-03-19T02:35:04","slug":"wholesale-one-piece-toilet","status":"publish","type":"product","link":"https:\/\/www.segasanitary.com\/es\/product\/wholesale-one-piece-toilet\/","title":{"rendered":"Mayorista Inodoro de una pieza, Proveedor de inodoro Tornado de doble descarga"},"content":{"rendered":"<div class=\"wp-block-columns is-layout-flex wp-container-core-columns-is-layout-9d6595d7 wp-block-columns-is-layout-flex\">\n<div class=\"wp-block-column is-vertically-aligned-center is-layout-flow wp-block-column-is-layout-flow\">\n<h2 class=\"wp-block-heading\">Inodoro de una pieza Caracter\u00edsticas:<\/h2>\n\n\n\n<p><strong>Eficiente sistema de lavado Vortex:<\/strong> La avanzada tecnolog\u00eda de lavado vortex proporciona un flujo de agua fuerte y eficiente, garantizando una eliminaci\u00f3n eficaz de los residuos a la vez que se mantiene un bajo consumo de agua.<\/p>\n\n\n\n<p><strong>Construcci\u00f3n de cer\u00e1mica duradera: <\/strong>Fabricado con materiales cer\u00e1micos de alta calidad y suave acristalamiento, el inodoro ofrece una excelente durabilidad, resistencia a las manchas y f\u00e1cil mantenimiento.<\/p>\n\n\n\n<p><strong>Dise\u00f1o moderno de una pieza: <\/strong>La estructura de una sola pieza sin juntas crea un aspecto limpio y elegante en el cuarto de ba\u00f1o, al tiempo que reduce la acumulaci\u00f3n de suciedad para facilitar la limpieza.<\/p>\n\n\n\n<p><strong>C\u00f3moda altura ergon\u00f3mica: <\/strong>Dise\u00f1ado con una altura c\u00f3moda y proporciones equilibradas para ofrecer una experiencia de uso agradable en entornos residenciales y comerciales.<\/p>\n<\/div>\n\n\n\n<div class=\"wp-block-column is-layout-flow wp-block-column-is-layout-flow\">\n<figure class=\"wp-block-image size-full\"><img decoding=\"async\" width=\"800\" height=\"800\" src=\"https:\/\/www.segasanitary.com\/wp-content\/uploads\/2026\/03\/wholesale-one-piece-toilet.webp\" alt=\"venta al por mayor inodoro de una pieza\" class=\"wp-image-389\" srcset=\"https:\/\/www.segasanitary.com\/wp-content\/uploads\/2026\/03\/wholesale-one-piece-toilet.webp 800w, https:\/\/www.segasanitary.com\/wp-content\/uploads\/2026\/03\/wholesale-one-piece-toilet-300x300.webp 300w, https:\/\/www.segasanitary.com\/wp-content\/uploads\/2026\/03\/wholesale-one-piece-toilet-150x150.webp 150w, https:\/\/www.segasanitary.com\/wp-content\/uploads\/2026\/03\/wholesale-one-piece-toilet-768x768.webp 768w, https:\/\/www.segasanitary.com\/wp-content\/uploads\/2026\/03\/wholesale-one-piece-toilet-600x600.webp 600w, https:\/\/www.segasanitary.com\/wp-content\/uploads\/2026\/03\/wholesale-one-piece-toilet-100x100.webp 100w\" sizes=\"(max-width: 800px) 100vw, 800px\" \/><\/figure>\n<\/div>\n<\/div>","protected":false},"excerpt":{"rendered":"<p>El inodoro mayorista de una pieza presenta un moderno dise\u00f1o cer\u00e1mico con un eficaz sistema de descarga vortex para un rendimiento potente y un ahorro de agua. Dise\u00f1ado para cuartos de ba\u00f1o residenciales y comerciales, este modelo ofrece una calidad fiable, f\u00e1cil limpieza, y la eficiencia de descarga estable. Directo de f\u00e1brica, con servicios personalizados OEM. Cons\u00faltenos hoy mismo.<\/p>\n<h2>Especificaciones del producto:<\/h2>\n<table>\n<tbody>\n<tr>\n<td><strong>Atributo<\/strong><\/td>\n<td>\u00a0<span data-path-to-node=\"13,0,1,0\">Especificaci\u00f3n<\/span><\/td>\n<\/tr>\n<tr>\n<td><strong>Modelo<\/strong><\/td>\n<td>M-9305<\/td>\n<\/tr>\n<tr>\n<td><strong>Tipo de producto<\/strong><\/td>\n<td>Inodoro de una pieza<\/td>\n<\/tr>\n<tr>\n<td><strong>Material<\/strong><\/td>\n<td>Cer\u00e1mica<\/td>\n<\/tr>\n<tr>\n<td><strong>Color<\/strong><\/td>\n<td>Blanco (colores personalizados disponibles)<\/td>\n<\/tr>\n<tr>\n<td><strong>Sistema de lavado<\/strong><\/td>\n<td>Lavado Vortex<\/td>\n<\/tr>\n<tr>\n<td><strong>Tama\u00f1o del producto<\/strong><\/td>\n<td>700 \u00d7 370 \u00d7 780 mm<\/td>\n<\/tr>\n<tr>\n<td><strong>Rough-in<\/strong><\/td>\n<td>300 \/ 400 mm<\/td>\n<\/tr>\n<tr>\n<td><strong>Tipo de instalaci\u00f3n<\/strong><\/td>\n<td>Montado en el suelo<\/td>\n<\/tr>\n<\/tbody>\n<\/table>","protected":false},"featured_media":389,"comment_status":"closed","ping_status":"closed","template":"","meta":{"_acf_changed":false},"product_brand":[],"product_cat":[23,27],"product_tag":[],"class_list":{"0":"post-219","1":"product","2":"type-product","3":"status-publish","4":"has-post-thumbnail","6":"product_cat-wholesale-toilets","7":"product_cat-wholesale-one-piece-toilet","9":"first","10":"instock","11":"shipping-taxable","12":"product-type-simple"},"acf":[],"_links":{"self":[{"href":"https:\/\/www.segasanitary.com\/es\/wp-json\/wp\/v2\/product\/219","targetHints":{"allow":["GET"]}}],"collection":[{"href":"https:\/\/www.segasanitary.com\/es\/wp-json\/wp\/v2\/product"}],"about":[{"href":"https:\/\/www.segasanitary.com\/es\/wp-json\/wp\/v2\/types\/product"}],"replies":[{"embeddable":true,"href":"https:\/\/www.segasanitary.com\/es\/wp-json\/wp\/v2\/comments?post=219"}],"wp:featuredmedia":[{"embeddable":true,"href":"https:\/\/www.segasanitary.com\/es\/wp-json\/wp\/v2\/media\/389"}],"wp:attachment":[{"href":"https:\/\/www.segasanitary.com\/es\/wp-json\/wp\/v2\/media?parent=219"}],"wp:term":[{"taxonomy":"product_brand","embeddable":true,"href":"https:\/\/www.segasanitary.com\/es\/wp-json\/wp\/v2\/product_brand?post=219"},{"taxonomy":"product_cat","embeddable":true,"href":"https:\/\/www.segasanitary.com\/es\/wp-json\/wp\/v2\/product_cat?post=219"},{"taxonomy":"product_tag","embeddable":true,"href":"https:\/\/www.segasanitary.com\/es\/wp-json\/wp\/v2\/product_tag?post=219"}],"curies":[{"name":"wp","href":"https:\/\/api.w.org\/{rel}","templated":true}]}}