{"id":914,"date":"2026-04-07T01:31:59","date_gmt":"2026-04-07T01:31:59","guid":{"rendered":"https:\/\/www.segasanitary.com\/?post_type=product&#038;p=914"},"modified":"2026-04-07T01:50:19","modified_gmt":"2026-04-07T01:50:19","slug":"black-bathroom-wash-basin-wholesale","status":"publish","type":"product","link":"https:\/\/www.segasanitary.com\/de\/product\/black-bathroom-wash-basin-wholesale\/","title":{"rendered":"Schwarzes Badezimmer Waschbecken Gro\u00dfhandel, Patent Diamant texturiert Badezimmer Waschbecken f\u00fcr Boutique Lieferanten Hotels Lieferanten"},"content":{"rendered":"<div class=\"wp-block-columns is-layout-flex wp-container-core-columns-is-layout-9d6595d7 wp-block-columns-is-layout-flex\">\n<div class=\"wp-block-column is-vertically-aligned-center is-layout-flow wp-block-column-is-layout-flow\">\n<h2 class=\"wp-block-heading\">Schwarzes Waschbecken f\u00fcr das Badezimmer Merkmale:<\/h2>\n\n\n\n<p><strong>Wandh\u00e4ngende, schwebende Installationsl\u00f6sung:<\/strong> Die verdeckte Montage sorgt f\u00fcr mehr Offenheit im Raum und vereinfacht die Reinigung des Bodens, was sie ideal f\u00fcr kompakte R\u00e4ume und moderne gewerbliche B\u00e4der macht.<\/p>\n\n\n\n<p><strong>Advanced Matte Black Anti-Stain Glaze:<\/strong> Veredelte, matte Oberfl\u00e4che mit hervorragender Best\u00e4ndigkeit gegen Fingerabdr\u00fccke, Kalk und Wasserflecken - dadurch werden die \u00fcblichen Pflegeprobleme dunkler Keramikprodukte gel\u00f6st.<\/p>\n\n\n\n<p><strong>Patentierte geometrische Fassade mit Diamantschliff:<\/strong> Das unverwechselbare 3D-Facetten-Design sorgt f\u00fcr eine starke architektonische Pr\u00e4senz und hilft Ihren Produkten, sich von der Billigkonkurrenz abzuheben und gleichzeitig h\u00f6here Gewinnspannen zu erzielen.<\/p>\n\n\n\n<p><strong>Verst\u00e4rkte, dickwandige Konstruktion:<\/strong> Die verbesserte Dicke des Beckens verbessert die strukturelle Stabilit\u00e4t und die Tragf\u00e4higkeit und gew\u00e4hrleistet eine langfristige Zuverl\u00e4ssigkeit nach der Wandmontage.<\/p>\n\n\n\n<p><strong>Pr\u00e4zisionsgefertigte glatte Kanten:<\/strong> Scharfe, aber abgerundete Kanten sorgen f\u00fcr visuelle Spannung und Benutzersicherheit und spiegeln hohe Formgenauigkeit und erstklassige Handwerkskunst wider.<\/p>\n\n\n\n<p><strong>Werksdirekte Preisgestaltung im Gro\u00dfhandel:<\/strong> Eliminieren Sie Zwischenkosten und verbessern Sie Ihre Gewinnspannen mit wettbewerbsf\u00e4higen Gro\u00dfhandelspreisen direkt vom Hersteller der SEGA-Sanit\u00e4rprodukte.<\/p>\n<\/div>\n\n\n\n<div class=\"wp-block-column is-layout-flow wp-block-column-is-layout-flow\">\n<figure class=\"wp-block-image size-full\"><img decoding=\"async\" width=\"800\" height=\"800\" src=\"https:\/\/www.segasanitary.com\/wp-content\/uploads\/2026\/04\/Black-Bathroom-Wash-Basin-Wholesale-Patent-Diamond-Textured-Bathroom-Sink-for-Boutique-Supplier-Hotels-P-7074W.webp\" alt=\"Schwarzes Badezimmer Waschbecken Gro\u00dfhandel Patent Diamond Textured Badezimmer Waschbecken f\u00fcr Boutique Lieferant Hotels P-7074W\" class=\"wp-image-916\" srcset=\"https:\/\/www.segasanitary.com\/wp-content\/uploads\/2026\/04\/Black-Bathroom-Wash-Basin-Wholesale-Patent-Diamond-Textured-Bathroom-Sink-for-Boutique-Supplier-Hotels-P-7074W.webp 800w, https:\/\/www.segasanitary.com\/wp-content\/uploads\/2026\/04\/Black-Bathroom-Wash-Basin-Wholesale-Patent-Diamond-Textured-Bathroom-Sink-for-Boutique-Supplier-Hotels-P-7074W-300x300.webp 300w, https:\/\/www.segasanitary.com\/wp-content\/uploads\/2026\/04\/Black-Bathroom-Wash-Basin-Wholesale-Patent-Diamond-Textured-Bathroom-Sink-for-Boutique-Supplier-Hotels-P-7074W-150x150.webp 150w, https:\/\/www.segasanitary.com\/wp-content\/uploads\/2026\/04\/Black-Bathroom-Wash-Basin-Wholesale-Patent-Diamond-Textured-Bathroom-Sink-for-Boutique-Supplier-Hotels-P-7074W-768x768.webp 768w, https:\/\/www.segasanitary.com\/wp-content\/uploads\/2026\/04\/Black-Bathroom-Wash-Basin-Wholesale-Patent-Diamond-Textured-Bathroom-Sink-for-Boutique-Supplier-Hotels-P-7074W-12x12.webp 12w, https:\/\/www.segasanitary.com\/wp-content\/uploads\/2026\/04\/Black-Bathroom-Wash-Basin-Wholesale-Patent-Diamond-Textured-Bathroom-Sink-for-Boutique-Supplier-Hotels-P-7074W-600x600.webp 600w, https:\/\/www.segasanitary.com\/wp-content\/uploads\/2026\/04\/Black-Bathroom-Wash-Basin-Wholesale-Patent-Diamond-Textured-Bathroom-Sink-for-Boutique-Supplier-Hotels-P-7074W-100x100.webp 100w\" sizes=\"(max-width: 800px) 100vw, 800px\" \/><\/figure>\n<\/div>\n<\/div>","protected":false},"excerpt":{"rendered":"<p>Schwarzes Bad Waschbecken Gro\u00dfhandel mit Anti-Fingerprint-matte Glasur, Wandmontage Design und leicht zu reinigen Struktur, die Wartung f\u00fcr stark frequentierte Umgebungen zu reduzieren. SEGA Hersteller Versorgung. Kontaktieren Sie uns f\u00fcr Gro\u00dfhandel Zitate und Anpassungsm\u00f6glichkeiten.<\/p>\n<h2>Produktspezifikationen:<\/h2>\n<table>\n<tbody>\n<tr>\n<td><strong>Attribut<\/strong><\/td>\n<td>\u00a0<span data-path-to-node=\"13,0,1,0\">Spezifikation<\/span><\/td>\n<\/tr>\n<tr>\n<td><strong>Modell<\/strong><\/td>\n<td>\u00a0P-7074W<\/td>\n<\/tr>\n<tr>\n<td><strong>Produkttyp<\/strong><\/td>\n<td>\u00a0<span data-path-to-node=\"21,1,1,0\">Wandh\u00e4ngendes Waschbecken \/ Schwimmendes Waschbecken<\/span><\/td>\n<\/tr>\n<tr>\n<td><strong>Material<\/strong><\/td>\n<td>\u00a0Keramik<\/td>\n<\/tr>\n<tr>\n<td><strong>Farbe<\/strong><\/td>\n<td>\u00a0Mattschwarz (benutzerdefinierte Farben verf\u00fcgbar)<\/td>\n<\/tr>\n<tr>\n<td><strong>Einrichtung<\/strong><\/td>\n<td>\u00a0Wandhalterung<\/td>\n<\/tr>\n<tr>\n<td><strong>Gr\u00f6\u00dfe des Produkts<\/strong><\/td>\n<td>\u00a0420 \u00d7 360 \u00d7 430 mm<\/td>\n<\/tr>\n<\/tbody>\n<\/table>","protected":false},"featured_media":915,"comment_status":"closed","ping_status":"closed","template":"","meta":{"_acf_changed":false},"product_brand":[],"product_cat":[49],"product_tag":[],"class_list":{"0":"post-914","1":"product","2":"type-product","3":"status-publish","4":"has-post-thumbnail","6":"product_cat-designer-sanitary-ware","8":"first","9":"instock","10":"shipping-taxable","11":"product-type-simple"},"acf":[],"_links":{"self":[{"href":"https:\/\/www.segasanitary.com\/de\/wp-json\/wp\/v2\/product\/914","targetHints":{"allow":["GET"]}}],"collection":[{"href":"https:\/\/www.segasanitary.com\/de\/wp-json\/wp\/v2\/product"}],"about":[{"href":"https:\/\/www.segasanitary.com\/de\/wp-json\/wp\/v2\/types\/product"}],"replies":[{"embeddable":true,"href":"https:\/\/www.segasanitary.com\/de\/wp-json\/wp\/v2\/comments?post=914"}],"wp:featuredmedia":[{"embeddable":true,"href":"https:\/\/www.segasanitary.com\/de\/wp-json\/wp\/v2\/media\/915"}],"wp:attachment":[{"href":"https:\/\/www.segasanitary.com\/de\/wp-json\/wp\/v2\/media?parent=914"}],"wp:term":[{"taxonomy":"product_brand","embeddable":true,"href":"https:\/\/www.segasanitary.com\/de\/wp-json\/wp\/v2\/product_brand?post=914"},{"taxonomy":"product_cat","embeddable":true,"href":"https:\/\/www.segasanitary.com\/de\/wp-json\/wp\/v2\/product_cat?post=914"},{"taxonomy":"product_tag","embeddable":true,"href":"https:\/\/www.segasanitary.com\/de\/wp-json\/wp\/v2\/product_tag?post=914"}],"curies":[{"name":"wp","href":"https:\/\/api.w.org\/{rel}","templated":true}]}}