{"id":910,"date":"2026-04-07T01:07:45","date_gmt":"2026-04-07T01:07:45","guid":{"rendered":"https:\/\/www.segasanitary.com\/?post_type=product&#038;p=910"},"modified":"2026-04-07T01:24:33","modified_gmt":"2026-04-07T01:24:33","slug":"custom-black-one-piece-toilet","status":"publish","type":"product","link":"https:\/\/www.segasanitary.com\/de\/product\/custom-black-one-piece-toilet\/","title":{"rendered":"Einteilige Toilette in Schwarz, Luxus-Toilette mit mattem Siphon in gro\u00dfen Mengen"},"content":{"rendered":"<div class=\"wp-block-columns is-layout-flex wp-container-core-columns-is-layout-9d6595d7 wp-block-columns-is-layout-flex\">\n<div class=\"wp-block-column is-vertically-aligned-center is-layout-flow wp-block-column-is-layout-flow\">\n<h2 class=\"wp-block-heading\">Schwarz Einteilige Toilette Merkmale:<\/h2>\n\n\n\n<p><strong>Patentiertes polyedrisches geometrisches Design<\/strong>: Ein einzigartiges 3D-Diamantfacettiertes \u00c4u\u00dferes erh\u00f6ht die visuelle Tiefe und Exklusivit\u00e4t und hilft Ihren Produkten, sich auf dem Markt abzuheben.<\/p>\n\n\n\n<p><strong>Matte Graphit Nano-Glasur<\/strong>: Matte Hochtemperaturglasur mit stein\u00e4hnlicher Struktur, die Fingerabdr\u00fccken, Wasser- und \u00d6lflecken widersteht - ideal f\u00fcr Badezimmer mit dunklen Farbt\u00f6nen.<\/p>\n\n\n\n<p><strong>Jet-Siphon-Sp\u00fclsystem<\/strong>: Der d\u00fcsengest\u00fctzte Siphon mit gro\u00dfem Durchmesser sorgt f\u00fcr eine leistungsstarke, effiziente und gr\u00fcndliche Abfallbeseitigung mit geringerem Verstopfungsrisiko.<\/p>\n\n\n\n<p><strong>Vollst\u00e4ndig verglaster Keramikk\u00f6rper<\/strong>: Ultradichte Keramik mit geringer Wasseraufnahme gew\u00e4hrleistet lange Haltbarkeit, Rissfreiheit und Geruchsresistenz.<\/p>\n\n\n\n<p><strong>UF Soft-Close Sitzbezug:<\/strong> Strapazierf\u00e4higer Sitz aus Urea-Formaldehyd mit Kratzfestigkeit und ger\u00e4uschloser Soft-Close-Funktion f\u00fcr mehr Benutzerkomfort und Langlebigkeit.<\/p>\n\n\n\n<p><strong>Strenges Qualit\u00e4tskontrollsystem:<\/strong> SEGAs umfassender Qualit\u00e4tssicherungsprozess von den Rohstoffen bis zu den fertigen Produkten gew\u00e4hrleistet gleichbleibende Qualit\u00e4t, Haltbarkeit und die Einhaltung internationaler Standards.<\/p>\n\n\n\n<p><\/p>\n<\/div>\n\n\n\n<div class=\"wp-block-column is-layout-flow wp-block-column-is-layout-flow\">\n<figure class=\"wp-block-image size-full\"><img decoding=\"async\" width=\"800\" height=\"800\" src=\"https:\/\/www.segasanitary.com\/wp-content\/uploads\/2026\/04\/Custom-Black-One-Piece-Toilet-Luxury-Matte-Siphonic-Toilet-in-Bulk-M-9174-1.webp\" alt=\"Einteilige Toilette in Schwarz, Luxury Matte Siphon Toilette in Bulk M-9174\" class=\"wp-image-912\" srcset=\"https:\/\/www.segasanitary.com\/wp-content\/uploads\/2026\/04\/Custom-Black-One-Piece-Toilet-Luxury-Matte-Siphonic-Toilet-in-Bulk-M-9174-1.webp 800w, https:\/\/www.segasanitary.com\/wp-content\/uploads\/2026\/04\/Custom-Black-One-Piece-Toilet-Luxury-Matte-Siphonic-Toilet-in-Bulk-M-9174-1-300x300.webp 300w, https:\/\/www.segasanitary.com\/wp-content\/uploads\/2026\/04\/Custom-Black-One-Piece-Toilet-Luxury-Matte-Siphonic-Toilet-in-Bulk-M-9174-1-150x150.webp 150w, https:\/\/www.segasanitary.com\/wp-content\/uploads\/2026\/04\/Custom-Black-One-Piece-Toilet-Luxury-Matte-Siphonic-Toilet-in-Bulk-M-9174-1-768x768.webp 768w, https:\/\/www.segasanitary.com\/wp-content\/uploads\/2026\/04\/Custom-Black-One-Piece-Toilet-Luxury-Matte-Siphonic-Toilet-in-Bulk-M-9174-1-12x12.webp 12w, https:\/\/www.segasanitary.com\/wp-content\/uploads\/2026\/04\/Custom-Black-One-Piece-Toilet-Luxury-Matte-Siphonic-Toilet-in-Bulk-M-9174-1-600x600.webp 600w, https:\/\/www.segasanitary.com\/wp-content\/uploads\/2026\/04\/Custom-Black-One-Piece-Toilet-Luxury-Matte-Siphonic-Toilet-in-Bulk-M-9174-1-100x100.webp 100w\" sizes=\"(max-width: 800px) 100vw, 800px\" \/><\/figure>\n<\/div>\n<\/div>","protected":false},"excerpt":{"rendered":"<p>Ma\u00dfgeschneiderte schwarze einteilige Toilette mit patentiertem geometrischem Design, matter Graphitoberfl\u00e4che und leistungsstarker Siphonsp\u00fclung f\u00fcr \u00fcberragende Leistung. Ideal f\u00fcr gehobene Hotels und gewerbliche Projekte. Kontaktieren Sie uns jetzt f\u00fcr Direktpreise und ma\u00dfgeschneiderte L\u00f6sungen.<\/p>\n<h2>Produktspezifikationen:<\/h2>\n<table>\n<tbody>\n<tr>\n<td><strong>Attribut<\/strong><\/td>\n<td>\u00a0<span data-path-to-node=\"13,0,1,0\">Spezifikation<\/span><\/td>\n<\/tr>\n<tr>\n<td><strong>Modell<\/strong><\/td>\n<td><span data-path-to-node=\"13,1,1,0\">\u00a0M-9174<\/span><\/td>\n<\/tr>\n<tr>\n<td><strong>Produkttyp<\/strong><\/td>\n<td><span data-path-to-node=\"22,1,1,0\">\u00a0Randlose einteilige Toilette<\/span><\/td>\n<\/tr>\n<tr>\n<td><strong>Material<\/strong><\/td>\n<td>\u00a0Keramik<\/td>\n<\/tr>\n<tr>\n<td><strong>Farbe<\/strong><\/td>\n<td>\u00a0Mattschwarz (benutzerdefinierte Farben verf\u00fcgbar)<\/td>\n<\/tr>\n<tr>\n<td><strong>Sp\u00fclsystem<\/strong><\/td>\n<td>\u00a0<span data-path-to-node=\"13,9,1,0\">Randlose Waschanlage<\/span><\/td>\n<\/tr>\n<tr>\n<td><strong>Gr\u00f6\u00dfe des Produkts<\/strong><\/td>\n<td>\u00a0620 \u00d7 355\u00d7 800 mm<\/td>\n<\/tr>\n<tr>\n<td><strong>Fixierzentralen<\/strong><\/td>\n<td>\n<p>S-Falle, 250mm Einschruppen<\/p>\n<p>P-Siphon, 180mm Einschalung<\/p>\n<\/td>\n<\/tr>\n<tr>\n<td><strong>Einbauart<\/strong><\/td>\n<td>\u00a0<span data-path-to-node=\"13,9,1,0\">Bodenmontiert<\/span><\/td>\n<\/tr>\n<\/tbody>\n<\/table>","protected":false},"featured_media":911,"comment_status":"closed","ping_status":"closed","template":"","meta":{"_acf_changed":false},"product_brand":[],"product_cat":[49],"product_tag":[],"class_list":{"0":"post-910","1":"product","2":"type-product","3":"status-publish","4":"has-post-thumbnail","6":"product_cat-designer-sanitary-ware","8":"first","9":"instock","10":"shipping-taxable","11":"product-type-simple"},"acf":[],"_links":{"self":[{"href":"https:\/\/www.segasanitary.com\/de\/wp-json\/wp\/v2\/product\/910","targetHints":{"allow":["GET"]}}],"collection":[{"href":"https:\/\/www.segasanitary.com\/de\/wp-json\/wp\/v2\/product"}],"about":[{"href":"https:\/\/www.segasanitary.com\/de\/wp-json\/wp\/v2\/types\/product"}],"replies":[{"embeddable":true,"href":"https:\/\/www.segasanitary.com\/de\/wp-json\/wp\/v2\/comments?post=910"}],"wp:featuredmedia":[{"embeddable":true,"href":"https:\/\/www.segasanitary.com\/de\/wp-json\/wp\/v2\/media\/911"}],"wp:attachment":[{"href":"https:\/\/www.segasanitary.com\/de\/wp-json\/wp\/v2\/media?parent=910"}],"wp:term":[{"taxonomy":"product_brand","embeddable":true,"href":"https:\/\/www.segasanitary.com\/de\/wp-json\/wp\/v2\/product_brand?post=910"},{"taxonomy":"product_cat","embeddable":true,"href":"https:\/\/www.segasanitary.com\/de\/wp-json\/wp\/v2\/product_cat?post=910"},{"taxonomy":"product_tag","embeddable":true,"href":"https:\/\/www.segasanitary.com\/de\/wp-json\/wp\/v2\/product_tag?post=910"}],"curies":[{"name":"wp","href":"https:\/\/api.w.org\/{rel}","templated":true}]}}