{"id":907,"date":"2026-04-06T06:09:19","date_gmt":"2026-04-06T06:09:19","guid":{"rendered":"https:\/\/www.segasanitary.com\/?post_type=product&#038;p=907"},"modified":"2026-04-07T01:06:38","modified_gmt":"2026-04-07T01:06:38","slug":"wall-mount-toilet-wholesale","status":"publish","type":"product","link":"https:\/\/www.segasanitary.com\/de\/product\/wall-mount-toilet-wholesale\/","title":{"rendered":"Wandhalterung Toilette Gro\u00dfhandel, mattes Finish Diamant texturierte keramische Toilette f\u00fcr Projekte Lieferant"},"content":{"rendered":"<div class=\"wp-block-columns is-layout-flex wp-container-core-columns-is-layout-9d6595d7 wp-block-columns-is-layout-flex\">\n<div class=\"wp-block-column is-vertically-aligned-center is-layout-flow wp-block-column-is-layout-flow\">\n<h2 class=\"wp-block-heading\">Wandmontage Toilette Merkmale:<\/h2>\n\n\n\n<p><strong>Exklusiver, patentierter Diamant-Geometrie-K\u00f6rper:<\/strong> Das geometrische 3D-Au\u00dfenmaterial sorgt f\u00fcr eine auff\u00e4llige industrielle \u00c4sthetik, die das Baddesign aufwertet und die Konkurrenz im Niedrigpreissegment vermeidet.<\/p>\n\n\n\n<p><strong>Premium Matte Black Velvet Glaze:<\/strong> Die glatte, matte Oberfl\u00e4che passt zu modernen, dunklen oder zementartigen Innenr\u00e4umen und ist unempfindlich gegen Fingerabdr\u00fccke und Flecken.<\/p>\n\n\n\n<p><strong>Leistungsstarkes Siphon-Sp\u00fclsystem:<\/strong> Die hocheffiziente Siphond\u00fcse sorgt f\u00fcr eine schnelle, leise und gr\u00fcndliche Abfallbeseitigung mit minimalem Verstopfungsrisiko.<\/p>\n\n\n\n<p><strong>Vollst\u00e4ndig verglaste Hochtemperatur-Keramik:<\/strong> Ultradichte Keramik mit geringer Wasseraufnahme sorgt f\u00fcr langfristige Haltbarkeit, Fleckenbest\u00e4ndigkeit und Rissvermeidung.<\/p>\n\n\n\n<p><strong>Leicht zu reinigendes Voll-Rock-Design:<\/strong> Die nahtlose, einteilige Sch\u00fcrze verbirgt den Siphon, eliminiert Schmutzecken und reduziert die Reinigungszeit in Hotels und \u00f6ffentlichen Einrichtungen.<\/p>\n\n\n\n<p><strong>Unterst\u00fctzung der Herstelleranpassung:<\/strong> Direkte Lieferung ab Werk mit OEM\/ODM-Optionen f\u00fcr Gr\u00f6\u00dfe, Farbe, Logo und Verpackung zur Erf\u00fcllung von Projekt- und Markenanforderungen.<\/p>\n<\/div>\n\n\n\n<div class=\"wp-block-column is-layout-flow wp-block-column-is-layout-flow\">\n<figure class=\"wp-block-image size-full\"><img decoding=\"async\" width=\"800\" height=\"800\" src=\"https:\/\/www.segasanitary.com\/wp-content\/uploads\/2026\/04\/Toilet-One-Piece-Wholesale-Matte-Finish-Diamond-Textured-Ceramic-Toilet-for-Projects-Supplier-D-4174W.webp\" alt=\"Toilette ein St\u00fcck Gro\u00dfhandel, mattes Finish Diamant texturierte keramische Toilette f\u00fcr Projekte Lieferanten D-4174W\" class=\"wp-image-908\" srcset=\"https:\/\/www.segasanitary.com\/wp-content\/uploads\/2026\/04\/Toilet-One-Piece-Wholesale-Matte-Finish-Diamond-Textured-Ceramic-Toilet-for-Projects-Supplier-D-4174W.webp 800w, https:\/\/www.segasanitary.com\/wp-content\/uploads\/2026\/04\/Toilet-One-Piece-Wholesale-Matte-Finish-Diamond-Textured-Ceramic-Toilet-for-Projects-Supplier-D-4174W-300x300.webp 300w, https:\/\/www.segasanitary.com\/wp-content\/uploads\/2026\/04\/Toilet-One-Piece-Wholesale-Matte-Finish-Diamond-Textured-Ceramic-Toilet-for-Projects-Supplier-D-4174W-150x150.webp 150w, https:\/\/www.segasanitary.com\/wp-content\/uploads\/2026\/04\/Toilet-One-Piece-Wholesale-Matte-Finish-Diamond-Textured-Ceramic-Toilet-for-Projects-Supplier-D-4174W-768x768.webp 768w, https:\/\/www.segasanitary.com\/wp-content\/uploads\/2026\/04\/Toilet-One-Piece-Wholesale-Matte-Finish-Diamond-Textured-Ceramic-Toilet-for-Projects-Supplier-D-4174W-12x12.webp 12w, https:\/\/www.segasanitary.com\/wp-content\/uploads\/2026\/04\/Toilet-One-Piece-Wholesale-Matte-Finish-Diamond-Textured-Ceramic-Toilet-for-Projects-Supplier-D-4174W-600x600.webp 600w, https:\/\/www.segasanitary.com\/wp-content\/uploads\/2026\/04\/Toilet-One-Piece-Wholesale-Matte-Finish-Diamond-Textured-Ceramic-Toilet-for-Projects-Supplier-D-4174W-100x100.webp 100w\" sizes=\"(max-width: 800px) 100vw, 800px\" \/><\/figure>\n<\/div>\n<\/div>","protected":false},"excerpt":{"rendered":"<p>Wand-WC-Gro\u00dfhandel mit patentiertem Rauten-Design, mattgrauer Samt-Oberfl\u00e4che, leistungsstarker Siphon-Sp\u00fclung und vollverglaster Hochtemperatur-Keramik. Langlebig, leicht zu reinigen, ideal f\u00fcr Hotels und Projekte. Kontakt f\u00fcr Gro\u00dfbestellungen und Anpassungen.<\/p>\n<h2>Produktspezifikationen:<\/h2>\n<table>\n<tbody>\n<tr>\n<td><strong>Attribut<\/strong><\/td>\n<td>\u00a0<span data-path-to-node=\"13,0,1,0\">Spezifikation<\/span><\/td>\n<\/tr>\n<tr>\n<td><strong>Modell<\/strong><\/td>\n<td><span data-path-to-node=\"13,1,1,0\">D-4174W<\/span><\/td>\n<\/tr>\n<tr>\n<td><strong>Produkttyp<\/strong><\/td>\n<td><span data-path-to-node=\"22,1,1,0\">Wandh\u00e4ngende\/schwimmende Toilette<\/span><\/td>\n<\/tr>\n<tr>\n<td><strong>Material<\/strong><\/td>\n<td>Keramik<\/td>\n<\/tr>\n<tr>\n<td><strong>Farbe<\/strong><\/td>\n<td>Mattschwarz (benutzerdefinierte Farben verf\u00fcgbar)<\/td>\n<\/tr>\n<tr>\n<td><strong>Sp\u00fclsystem<\/strong><\/td>\n<td>\u00a0<span data-path-to-node=\"13,9,1,0\">Randlose Waschanlage<\/span><\/td>\n<\/tr>\n<tr>\n<td><strong>Gr\u00f6\u00dfe des Produkts<\/strong><\/td>\n<td>520 \u00d7 360 \u00d7 370 mm<\/td>\n<\/tr>\n<tr>\n<td><strong>Fixierzentralen<\/strong><\/td>\n<td>180 mm (Standard)<\/td>\n<\/tr>\n<tr>\n<td><strong>Einbauart<\/strong><\/td>\n<td>Wandh\u00e4ngend \/ Wandmontiert<\/td>\n<\/tr>\n<\/tbody>\n<\/table>","protected":false},"featured_media":909,"comment_status":"closed","ping_status":"closed","template":"","meta":{"_acf_changed":false},"product_brand":[],"product_cat":[49],"product_tag":[],"class_list":{"0":"post-907","1":"product","2":"type-product","3":"status-publish","4":"has-post-thumbnail","6":"product_cat-designer-sanitary-ware","8":"first","9":"instock","10":"shipping-taxable","11":"product-type-simple"},"acf":[],"_links":{"self":[{"href":"https:\/\/www.segasanitary.com\/de\/wp-json\/wp\/v2\/product\/907","targetHints":{"allow":["GET"]}}],"collection":[{"href":"https:\/\/www.segasanitary.com\/de\/wp-json\/wp\/v2\/product"}],"about":[{"href":"https:\/\/www.segasanitary.com\/de\/wp-json\/wp\/v2\/types\/product"}],"replies":[{"embeddable":true,"href":"https:\/\/www.segasanitary.com\/de\/wp-json\/wp\/v2\/comments?post=907"}],"wp:featuredmedia":[{"embeddable":true,"href":"https:\/\/www.segasanitary.com\/de\/wp-json\/wp\/v2\/media\/909"}],"wp:attachment":[{"href":"https:\/\/www.segasanitary.com\/de\/wp-json\/wp\/v2\/media?parent=907"}],"wp:term":[{"taxonomy":"product_brand","embeddable":true,"href":"https:\/\/www.segasanitary.com\/de\/wp-json\/wp\/v2\/product_brand?post=907"},{"taxonomy":"product_cat","embeddable":true,"href":"https:\/\/www.segasanitary.com\/de\/wp-json\/wp\/v2\/product_cat?post=907"},{"taxonomy":"product_tag","embeddable":true,"href":"https:\/\/www.segasanitary.com\/de\/wp-json\/wp\/v2\/product_tag?post=907"}],"curies":[{"name":"wp","href":"https:\/\/api.w.org\/{rel}","templated":true}]}}