{"id":904,"date":"2026-04-06T03:05:48","date_gmt":"2026-04-06T03:05:48","guid":{"rendered":"https:\/\/www.segasanitary.com\/?post_type=product&#038;p=904"},"modified":"2026-04-06T03:24:41","modified_gmt":"2026-04-06T03:24:41","slug":"bathroom-wash-basin-wholesale","status":"publish","type":"product","link":"https:\/\/www.segasanitary.com\/de\/product\/bathroom-wash-basin-wholesale\/","title":{"rendered":"Badezimmer Waschbecken Gro\u00dfhandel, Luxus Matt Schwarz Diamant Oberfl\u00e4che Arbeitsplatte Becken Custom"},"content":{"rendered":"<div class=\"wp-block-columns is-layout-flex wp-container-core-columns-is-layout-9d6595d7 wp-block-columns-is-layout-flex\">\n<div class=\"wp-block-column is-vertically-aligned-center is-layout-flow wp-block-column-is-layout-flow\">\n<h2 class=\"wp-block-heading\">Waschtisch Merkmale:<\/h2>\n\n\n\n<p><strong>Exklusives, patentiertes Design mit Diamantschliff:<\/strong> Das einzigartige geometrische 3D-Au\u00dfenmaterial mit diamant\u00e4hnlichen Facetten verbessert die r\u00e4umliche Lichtreflexion und tr\u00e4gt dazu bei, dass sich Ihre Produkte auf dem hart umk\u00e4mpften Markt f\u00fcr Sanit\u00e4rprodukte abheben.<\/p>\n\n\n\n<p><strong>Premium Mattschwarzes Finish:<\/strong> Die hochwertige mattschwarze Beschichtung sorgt f\u00fcr eine moderne \u00c4sthetik und sch\u00fctzt vor Fingerabdr\u00fccken, Kratzern und t\u00e4glichem Verschlei\u00df.<\/p>\n\n\n\n<p><strong>Bei hoher Temperatur gebrannte Keramik:<\/strong> Hergestellt durch Hochtemperaturverglasung f\u00fcr \u00fcberragende H\u00e4rte, geringe Wasseraufnahme, Rissfreiheit und lang anhaltende Farbstabilit\u00e4t.<\/p>\n\n\n\n<p><strong>Einfache Installation des Gef\u00e4\u00dfes:<\/strong> F\u00fcr das Design \u00fcber der Theke ist nur eine Standard-Abfluss\u00f6ffnung erforderlich, was die Installation vereinfacht und die Optik des Beckens voll zur Geltung bringt.<\/p>\n\n\n\n<p><strong>Schlanker Rand mit tiefer Beckenstruktur:<\/strong> Ultrad\u00fcnne, glatte Kanten in Kombination mit einer optimierten Tiefe reduzieren Spritzer und sorgen gleichzeitig f\u00fcr ein sauberes und elegantes Aussehen.<\/p>\n\n\n\n<p><strong>OEM\/ODM-Anpassungsunterst\u00fctzung:<\/strong> Der Direkthersteller bietet flexible Anpassungen in Bezug auf Gr\u00f6\u00dfe, Farbe, Logo und Verpackung, um Gro\u00dfprojekte und Markenanforderungen zu erf\u00fcllen.<\/p>\n<\/div>\n\n\n\n<div class=\"wp-block-column is-layout-flow wp-block-column-is-layout-flow\">\n<figure class=\"wp-block-image size-full\"><img decoding=\"async\" width=\"800\" height=\"800\" src=\"https:\/\/www.segasanitary.com\/wp-content\/uploads\/2026\/04\/Bathroom-Wash-Basin-Wholesale-Luxury-Matte-Black-Diamond-Surface-Countertop-Basin-Custom-5174.webp\" alt=\"Badezimmer Waschbecken Gro\u00dfhandel, Luxus Matt schwarz Diamant Oberfl\u00e4che Arbeitsplatte Becken Custom 5174\" class=\"wp-image-906\" srcset=\"https:\/\/www.segasanitary.com\/wp-content\/uploads\/2026\/04\/Bathroom-Wash-Basin-Wholesale-Luxury-Matte-Black-Diamond-Surface-Countertop-Basin-Custom-5174.webp 800w, https:\/\/www.segasanitary.com\/wp-content\/uploads\/2026\/04\/Bathroom-Wash-Basin-Wholesale-Luxury-Matte-Black-Diamond-Surface-Countertop-Basin-Custom-5174-300x300.webp 300w, https:\/\/www.segasanitary.com\/wp-content\/uploads\/2026\/04\/Bathroom-Wash-Basin-Wholesale-Luxury-Matte-Black-Diamond-Surface-Countertop-Basin-Custom-5174-150x150.webp 150w, https:\/\/www.segasanitary.com\/wp-content\/uploads\/2026\/04\/Bathroom-Wash-Basin-Wholesale-Luxury-Matte-Black-Diamond-Surface-Countertop-Basin-Custom-5174-768x768.webp 768w, https:\/\/www.segasanitary.com\/wp-content\/uploads\/2026\/04\/Bathroom-Wash-Basin-Wholesale-Luxury-Matte-Black-Diamond-Surface-Countertop-Basin-Custom-5174-12x12.webp 12w, https:\/\/www.segasanitary.com\/wp-content\/uploads\/2026\/04\/Bathroom-Wash-Basin-Wholesale-Luxury-Matte-Black-Diamond-Surface-Countertop-Basin-Custom-5174-600x600.webp 600w, https:\/\/www.segasanitary.com\/wp-content\/uploads\/2026\/04\/Bathroom-Wash-Basin-Wholesale-Luxury-Matte-Black-Diamond-Surface-Countertop-Basin-Custom-5174-100x100.webp 100w\" sizes=\"(max-width: 800px) 100vw, 800px\" \/><\/figure>\n<\/div>\n<\/div>\n\n\n\n<p><\/p>","protected":false},"excerpt":{"rendered":"<p>Badezimmer-Waschbecken im Gro\u00dfhandel mit patentiertem Diamantschliff-Design, mattschwarzer Oberfl\u00e4che und Hochtemperatur-Keramik f\u00fcr Langlebigkeit und moderne Optik. Ideal f\u00fcr gehobene Hotels und Projekte. Kontaktieren Sie uns f\u00fcr Gro\u00dfhandelspreise und Anpassungsm\u00f6glichkeiten.\u00a0<\/p>\n<h2>Produktspezifikationen:<\/h2>\n<table>\n<tbody>\n<tr>\n<td><strong>Attribut<\/strong><\/td>\n<td>\u00a0<span data-path-to-node=\"13,0,1,0\">Spezifikation<\/span><\/td>\n<\/tr>\n<tr>\n<td><strong>Modell<\/strong><\/td>\n<td>5174<\/td>\n<\/tr>\n<tr>\n<td><strong>Produkttyp<\/strong><\/td>\n<td>\u00a0<span data-path-to-node=\"21,1,1,0\">Wandh\u00e4ngendes Waschbecken \/ Schwimmendes Waschbecken<\/span><\/td>\n<\/tr>\n<tr>\n<td><strong>Material<\/strong><\/td>\n<td>\u00a0Keramik<\/td>\n<\/tr>\n<tr>\n<td><strong>Farbe<\/strong><\/td>\n<td>\u00a0Mattschwarz (benutzerdefinierte Farben verf\u00fcgbar)<\/td>\n<\/tr>\n<tr>\n<td><strong>Einrichtung<\/strong><\/td>\n<td>\u00a0Wandhalterung<\/td>\n<\/tr>\n<tr>\n<td><strong>Gr\u00f6\u00dfe des Produkts<\/strong><\/td>\n<td>\u00a0600 \u00d7 350 \u00d7 110 mm<\/td>\n<\/tr>\n<\/tbody>\n<\/table>","protected":false},"featured_media":905,"comment_status":"closed","ping_status":"closed","template":"","meta":{"_acf_changed":false},"product_brand":[],"product_cat":[49],"product_tag":[],"class_list":{"0":"post-904","1":"product","2":"type-product","3":"status-publish","4":"has-post-thumbnail","6":"product_cat-designer-sanitary-ware","8":"first","9":"instock","10":"shipping-taxable","11":"product-type-simple"},"acf":[],"_links":{"self":[{"href":"https:\/\/www.segasanitary.com\/de\/wp-json\/wp\/v2\/product\/904","targetHints":{"allow":["GET"]}}],"collection":[{"href":"https:\/\/www.segasanitary.com\/de\/wp-json\/wp\/v2\/product"}],"about":[{"href":"https:\/\/www.segasanitary.com\/de\/wp-json\/wp\/v2\/types\/product"}],"replies":[{"embeddable":true,"href":"https:\/\/www.segasanitary.com\/de\/wp-json\/wp\/v2\/comments?post=904"}],"wp:featuredmedia":[{"embeddable":true,"href":"https:\/\/www.segasanitary.com\/de\/wp-json\/wp\/v2\/media\/905"}],"wp:attachment":[{"href":"https:\/\/www.segasanitary.com\/de\/wp-json\/wp\/v2\/media?parent=904"}],"wp:term":[{"taxonomy":"product_brand","embeddable":true,"href":"https:\/\/www.segasanitary.com\/de\/wp-json\/wp\/v2\/product_brand?post=904"},{"taxonomy":"product_cat","embeddable":true,"href":"https:\/\/www.segasanitary.com\/de\/wp-json\/wp\/v2\/product_cat?post=904"},{"taxonomy":"product_tag","embeddable":true,"href":"https:\/\/www.segasanitary.com\/de\/wp-json\/wp\/v2\/product_tag?post=904"}],"curies":[{"name":"wp","href":"https:\/\/api.w.org\/{rel}","templated":true}]}}