{"id":902,"date":"2026-04-02T07:13:12","date_gmt":"2026-04-02T07:13:12","guid":{"rendered":"https:\/\/www.segasanitary.com\/?post_type=product&#038;p=902"},"modified":"2026-04-02T07:32:19","modified_gmt":"2026-04-02T07:32:19","slug":"custom-made-bathroom-mirrors","status":"publish","type":"product","link":"https:\/\/www.segasanitary.com\/de\/product\/custom-made-bathroom-mirrors\/","title":{"rendered":"Ma\u00dfgeschneiderte Badspiegel mit LED-Hintergrundbeleuchtung, moderne runde Spiegel Lieferant"},"content":{"rendered":"<div class=\"wp-block-columns is-layout-flex wp-container-core-columns-is-layout-9d6595d7 wp-block-columns-is-layout-flex\">\n<div class=\"wp-block-column is-vertically-aligned-center is-layout-flow wp-block-column-is-layout-flow\">\n<h2 class=\"wp-block-heading\">Badezimmer-Spiegel Merkmale:<\/h2>\n\n\n\n<p><strong>Klassisches rundes Design:<\/strong> Die runde Form mit klaren Linien bietet eine moderne und elegante \u00c4sthetik, die sich perfekt in jedes Badezimmer einf\u00fcgt.<\/p>\n\n\n\n<p><strong>Weiche Vollring-Hintergrundbeleuchtung:<\/strong> Die verborgene LED strahlt ein sanftes, diffuses Licht aus, das einen schwebenden Effekt erzeugt und die Atmosph\u00e4re im Badezimmer verbessert, ohne zu blenden.<\/p>\n\n\n\n<p><strong>Umweltfreundlicher, kupferfreier Silber-Spiegel:<\/strong> Hochreflektierendes, farbechtes Silber mit Anti-Oxidationsbeschichtung verhindert schwarze R\u00e4nder und sorgt f\u00fcr Haltbarkeit in feuchten Umgebungen.<\/p>\n\n\n\n<p><strong>One-Touch-Anti-Beschlag &amp; dimmbare Beleuchtung:<\/strong> Integrierte Touch-Bedienelemente mit PET-Heizfolie sorgen f\u00fcr sofortiges Entfrosten und stufenloses Dimmen f\u00fcr eine individuell anpassbare Atmosph\u00e4re.<\/p>\n\n\n\n<p><strong>Sicherheit Explosionsgesch\u00fctzte Konstruktion:<\/strong> Die hochfeste Sicherheitsfolie h\u00e4lt die Glasscherben bei einem Aufprall fest und erf\u00fcllt die kommerziellen und technischen Sicherheitsstandards.<\/p>\n\n\n\n<p><strong>Flexible Anpassung:<\/strong> SEGA liefert direkt ab Werk und unterst\u00fctzt die Anpassung von Gr\u00f6\u00dfe, Form, Beleuchtung und Logo, so dass B2B-K\u00e4ufer ma\u00dfgeschneiderte runde Spiegell\u00f6sungen effizient erstellen k\u00f6nnen.<\/p>\n<\/div>\n\n\n\n<div class=\"wp-block-column is-layout-flow wp-block-column-is-layout-flow\">\n<figure class=\"wp-block-image size-full\"><img decoding=\"async\" width=\"800\" height=\"800\" src=\"https:\/\/www.segasanitary.com\/wp-content\/uploads\/2026\/04\/custom-made-bathroom-mirrors-with-led-lights-round-supplier-Y-003.webp\" alt=\"benutzerdefinierte Bad Spiegel mit LED-Leuchten rund Lieferant Y-003\" class=\"wp-image-903\" srcset=\"https:\/\/www.segasanitary.com\/wp-content\/uploads\/2026\/04\/custom-made-bathroom-mirrors-with-led-lights-round-supplier-Y-003.webp 800w, https:\/\/www.segasanitary.com\/wp-content\/uploads\/2026\/04\/custom-made-bathroom-mirrors-with-led-lights-round-supplier-Y-003-300x300.webp 300w, https:\/\/www.segasanitary.com\/wp-content\/uploads\/2026\/04\/custom-made-bathroom-mirrors-with-led-lights-round-supplier-Y-003-150x150.webp 150w, https:\/\/www.segasanitary.com\/wp-content\/uploads\/2026\/04\/custom-made-bathroom-mirrors-with-led-lights-round-supplier-Y-003-768x768.webp 768w, https:\/\/www.segasanitary.com\/wp-content\/uploads\/2026\/04\/custom-made-bathroom-mirrors-with-led-lights-round-supplier-Y-003-12x12.webp 12w, https:\/\/www.segasanitary.com\/wp-content\/uploads\/2026\/04\/custom-made-bathroom-mirrors-with-led-lights-round-supplier-Y-003-600x600.webp 600w, https:\/\/www.segasanitary.com\/wp-content\/uploads\/2026\/04\/custom-made-bathroom-mirrors-with-led-lights-round-supplier-Y-003-100x100.webp 100w\" sizes=\"(max-width: 800px) 100vw, 800px\" \/><\/figure>\n<\/div>\n<\/div>","protected":false},"excerpt":{"rendered":"<p>Ma\u00dfgefertigte Badezimmerspiegel mit rundem Design, weicher LED-Hintergrundbeleuchtung, kupferfreier Anti-Oxidationsoberfl\u00e4che und One-Touch-Antibeschlag mit dimmbarer Beleuchtung. Sicher, langlebig und Fabrik direkt mit OEM \/ ODM, ideal f\u00fcr Hotel, Haus und kommerzielle Projekte. Kontaktieren Sie uns f\u00fcr Gro\u00dfhandels-Angebote!<\/p>\n<h2>Produktspezifikationen:<\/h2>\n<table>\n<tbody>\n<tr>\n<td><strong>Attribut<\/strong><\/td>\n<td>\u00a0<span data-path-to-node=\"13,0,1,0\">Spezifikation<\/span><\/td>\n<\/tr>\n<tr>\n<td><strong>Modell<\/strong><\/td>\n<td>\u00a0Y-003<\/td>\n<\/tr>\n<tr>\n<td><strong>Produkttyp<\/strong><\/td>\n<td>\u00a0<span data-path-to-node=\"22,2,1,0\">Intelligenter LED-Badezimmer-Spiegel<\/span><\/td>\n<\/tr>\n<tr>\n<td><strong>Material<\/strong><\/td>\n<td>\u00a0Kupferfreier HD-Silber-Spiegel<\/td>\n<\/tr>\n<tr>\n<td><strong>Form<\/strong><\/td>\n<td>\u00a0Rund<\/td>\n<\/tr>\n<tr>\n<td><strong>Rahmen<\/strong><\/td>\n<td>\u00a0Acryl-Rahmen \/ Aluminium-Legierung Struktur<\/td>\n<\/tr>\n<tr>\n<td><strong>Beleuchtungsmodus<\/strong><\/td>\n<td>\u00a0<span data-path-to-node=\"22,3,1,0\">Frontbeleuchtet + Hintergrundbeleuchtung (Dual Glow)<\/span><\/td>\n<\/tr>\n<tr>\n<td><strong>Funktionen<\/strong><\/td>\n<td>Anti-Beschlag, dimmbar, CCT einstellbar<\/td>\n<\/tr>\n<tr>\n<td><strong>Wasserdicht<\/strong><\/td>\n<td>\u00a0<span data-path-to-node=\"22,8,1,0\">IP44 Bewertung<\/span><\/td>\n<\/tr>\n<\/tbody>\n<\/table>","protected":false},"featured_media":903,"comment_status":"closed","ping_status":"closed","template":"","meta":{"_acf_changed":false},"product_brand":[],"product_cat":[19,36,37],"product_tag":[],"class_list":{"0":"post-902","1":"product","2":"type-product","3":"status-publish","4":"has-post-thumbnail","6":"product_cat-wholesale-bathroom-mirror","7":"product_cat-custom-framed-mirror","8":"product_cat-wholesale-round-mirrors","10":"first","11":"instock","12":"shipping-taxable","13":"product-type-simple"},"acf":[],"_links":{"self":[{"href":"https:\/\/www.segasanitary.com\/de\/wp-json\/wp\/v2\/product\/902","targetHints":{"allow":["GET"]}}],"collection":[{"href":"https:\/\/www.segasanitary.com\/de\/wp-json\/wp\/v2\/product"}],"about":[{"href":"https:\/\/www.segasanitary.com\/de\/wp-json\/wp\/v2\/types\/product"}],"replies":[{"embeddable":true,"href":"https:\/\/www.segasanitary.com\/de\/wp-json\/wp\/v2\/comments?post=902"}],"wp:featuredmedia":[{"embeddable":true,"href":"https:\/\/www.segasanitary.com\/de\/wp-json\/wp\/v2\/media\/903"}],"wp:attachment":[{"href":"https:\/\/www.segasanitary.com\/de\/wp-json\/wp\/v2\/media?parent=902"}],"wp:term":[{"taxonomy":"product_brand","embeddable":true,"href":"https:\/\/www.segasanitary.com\/de\/wp-json\/wp\/v2\/product_brand?post=902"},{"taxonomy":"product_cat","embeddable":true,"href":"https:\/\/www.segasanitary.com\/de\/wp-json\/wp\/v2\/product_cat?post=902"},{"taxonomy":"product_tag","embeddable":true,"href":"https:\/\/www.segasanitary.com\/de\/wp-json\/wp\/v2\/product_tag?post=902"}],"curies":[{"name":"wp","href":"https:\/\/api.w.org\/{rel}","templated":true}]}}