{"id":899,"date":"2026-04-02T06:53:51","date_gmt":"2026-04-02T06:53:51","guid":{"rendered":"https:\/\/www.segasanitary.com\/?post_type=product&#038;p=899"},"modified":"2026-04-02T07:08:20","modified_gmt":"2026-04-02T07:08:20","slug":"custom-toilet-one-piece","status":"publish","type":"product","link":"https:\/\/www.segasanitary.com\/de\/product\/custom-toilet-one-piece\/","title":{"rendered":"Custom Toilet One Piece Modern Integrated Ceramic Toilette mit Soft-Close Sitz in Bulk"},"content":{"rendered":"<div class=\"wp-block-columns is-layout-flex wp-container-core-columns-is-layout-9d6595d7 wp-block-columns-is-layout-flex\">\n<div class=\"wp-block-column is-vertically-aligned-center is-layout-flow wp-block-column-is-layout-flow\">\n<h2 class=\"wp-block-heading\">Custom Toilet One Piece Features:<\/h2>\n\n\n\n<p><strong>Powerful Siphonic Flushing System:<\/strong> Advanced siphonic jet technology delivers strong, quiet flushing with efficient waste removal, reducing odors and preventing residue buildup.<\/p>\n\n\n\n<p><strong>Seamless One-Piece Skirted Design:<\/strong> Fully integrated body with a skirted base eliminates hard-to-clean gaps, ensuring a sleek appearance and easy exterior maintenance for commercial use.<\/p>\n\n\n\n<p><strong>High-Density Ceramic Construction:<\/strong> Fired at ultra-high temperatures, the ceramic body features low water absorption, ensuring long-lasting durability, odor resistance, and strong load-bearing performance.<\/p>\n\n\n\n<p><strong>Nano Self-Cleaning Glaze:<\/strong> Applied to both the bowl and internal pipes, the smooth nano glaze minimizes dirt adhesion and enables efficient cleaning with less water usage.<\/p>\n\n\n\n<p><strong>Soft-Close Seat Cover:<\/strong> Equipped with a premium UF or PP soft-close seat, reducing noise and preventing damage from sudden impacts during daily use.<\/p>\n\n\n\n<p><strong>SEGA Manufacturer Direct Supply:<\/strong> Factory direct supply with strict quality control and stable production capacity, offering flexible OEM\/ODM customization to help B2B buyers optimize costs and product differentiation.<\/p>\n<\/div>\n\n\n\n<div class=\"wp-block-column is-layout-flow wp-block-column-is-layout-flow\">\n<figure class=\"wp-block-image size-full\"><img decoding=\"async\" width=\"469\" height=\"696\" src=\"https:\/\/www.segasanitary.com\/wp-content\/uploads\/2026\/04\/custom-toilet-one-piece-M-9026T-parameter.webp\" alt=\"custom toilet one piece M-9026T parameter\" class=\"wp-image-901\" srcset=\"https:\/\/www.segasanitary.com\/wp-content\/uploads\/2026\/04\/custom-toilet-one-piece-M-9026T-parameter.webp 469w, https:\/\/www.segasanitary.com\/wp-content\/uploads\/2026\/04\/custom-toilet-one-piece-M-9026T-parameter-202x300.webp 202w, https:\/\/www.segasanitary.com\/wp-content\/uploads\/2026\/04\/custom-toilet-one-piece-M-9026T-parameter-8x12.webp 8w\" sizes=\"(max-width: 469px) 100vw, 469px\" \/><\/figure>\n<\/div>\n<\/div>","protected":false},"excerpt":{"rendered":"<p>Ma\u00dfgeschneiderte Toilette aus einem St\u00fcck mit leistungsstarker Siphonsp\u00fclung, selbstreinigender Nano-Glasur und nahtlosem Sockeldesign f\u00fcr Hygiene und Haltbarkeit. Der leise, sanft schlie\u00dfende Sitz und die hochdichte Keramik gew\u00e4hrleisten eine langfristige Leistung. SEGA direkt ab Werk mit OEM\/ODM-Unterst\u00fctzung. Kontaktieren Sie uns f\u00fcr Gro\u00dfmengen-Angebote!<\/p>\n<h2>Produktspezifikationen:<\/h2>\n<table>\n<tbody>\n<tr>\n<td><strong>Attribut<\/strong><\/td>\n<td>\u00a0<span data-path-to-node=\"13,0,1,0\">Spezifikation<\/span><\/td>\n<\/tr>\n<tr>\n<td><strong>Modell<\/strong><\/td>\n<td>M-9026T<\/td>\n<\/tr>\n<tr>\n<td><strong>Produkttyp<\/strong><\/td>\n<td>Einteilige Toilette<\/td>\n<\/tr>\n<tr>\n<td><strong>Material<\/strong><\/td>\n<td>Keramik<\/td>\n<\/tr>\n<tr>\n<td><strong>Farbe<\/strong><\/td>\n<td>Wei\u00df (benutzerdefinierte Farben verf\u00fcgbar)<\/td>\n<\/tr>\n<tr>\n<td><strong>Sp\u00fclsystem<\/strong><\/td>\n<td>Vortex-Sp\u00fclung<\/td>\n<\/tr>\n<tr>\n<td><strong>Gr\u00f6\u00dfe des Produkts<\/strong><\/td>\n<td>630 \u00d7 370 \u00d7 830 mm<\/td>\n<\/tr>\n<tr>\n<td><strong>Einschalung<\/strong><\/td>\n<td>\n<p>S-Falle: 250 mm, 300 mm<\/p>\n<p>P-Falle: 180mm<\/p>\n<\/td>\n<\/tr>\n<tr>\n<td><strong>Einbauart<\/strong><\/td>\n<td>Bodenmontiert<\/td>\n<\/tr>\n<\/tbody>\n<\/table>","protected":false},"featured_media":900,"comment_status":"closed","ping_status":"closed","template":"","meta":{"_acf_changed":false},"product_brand":[],"product_cat":[23,27],"product_tag":[],"class_list":{"0":"post-899","1":"product","2":"type-product","3":"status-publish","4":"has-post-thumbnail","6":"product_cat-wholesale-toilets","7":"product_cat-wholesale-one-piece-toilet","9":"first","10":"instock","11":"shipping-taxable","12":"product-type-simple"},"acf":[],"_links":{"self":[{"href":"https:\/\/www.segasanitary.com\/de\/wp-json\/wp\/v2\/product\/899","targetHints":{"allow":["GET"]}}],"collection":[{"href":"https:\/\/www.segasanitary.com\/de\/wp-json\/wp\/v2\/product"}],"about":[{"href":"https:\/\/www.segasanitary.com\/de\/wp-json\/wp\/v2\/types\/product"}],"replies":[{"embeddable":true,"href":"https:\/\/www.segasanitary.com\/de\/wp-json\/wp\/v2\/comments?post=899"}],"wp:featuredmedia":[{"embeddable":true,"href":"https:\/\/www.segasanitary.com\/de\/wp-json\/wp\/v2\/media\/900"}],"wp:attachment":[{"href":"https:\/\/www.segasanitary.com\/de\/wp-json\/wp\/v2\/media?parent=899"}],"wp:term":[{"taxonomy":"product_brand","embeddable":true,"href":"https:\/\/www.segasanitary.com\/de\/wp-json\/wp\/v2\/product_brand?post=899"},{"taxonomy":"product_cat","embeddable":true,"href":"https:\/\/www.segasanitary.com\/de\/wp-json\/wp\/v2\/product_cat?post=899"},{"taxonomy":"product_tag","embeddable":true,"href":"https:\/\/www.segasanitary.com\/de\/wp-json\/wp\/v2\/product_tag?post=899"}],"curies":[{"name":"wp","href":"https:\/\/api.w.org\/{rel}","templated":true}]}}