{"id":741,"date":"2026-03-21T08:06:37","date_gmt":"2026-03-21T08:06:37","guid":{"rendered":"https:\/\/www.segasanitary.com\/?post_type=product&#038;p=741"},"modified":"2026-03-21T08:28:39","modified_gmt":"2026-03-21T08:28:39","slug":"wholesale-wash-basin","status":"publish","type":"product","link":"https:\/\/www.segasanitary.com\/de\/product\/wholesale-wash-basin\/","title":{"rendered":"Gro\u00dfhandel Waschbecken rechteckig, Luxus Diamant Textur gepr\u00e4gte Kunst Becken Lieferant"},"content":{"rendered":"<div class=\"wp-block-columns is-layout-flex wp-container-core-columns-is-layout-9d6595d7 wp-block-columns-is-layout-flex\">\n<div class=\"wp-block-column is-vertically-aligned-center is-layout-flow wp-block-column-is-layout-flow\">\n<h2 class=\"wp-block-heading\">Waschtisch Merkmale:<\/h2>\n\n\n\n<p><strong>Einzigartiges Diamant-Struktur-Design<\/strong>: Das elegante, gepr\u00e4gte Rautenmuster ist ein luxuri\u00f6ser Blickfang f\u00fcr hochwertige Badezimmer.<\/p>\n\n\n\n<p><strong>Schlanker Rand mit gro\u00dfem Fassungsverm\u00f6gen:<\/strong> Das fortschrittliche Design mit d\u00fcnnen R\u00e4ndern maximiert das Innenvolumen, w\u00e4hrend es gleichzeitig eine kompakte Grundfl\u00e4che beibeh\u00e4lt, mit optimierter Tiefe, um Spritzwasser zu reduzieren.<\/p>\n\n\n\n<p><strong>Einteilige Konstruktion:<\/strong> Das integrierte Brennverfahren sorgt f\u00fcr eine nahtlose Struktur ohne die Gefahr des Abbl\u00e4tterns oder der Schmutzablagerung, w\u00e4hrend die innere Nano-Glasur die Oberfl\u00e4chen glatt und leicht zu reinigen h\u00e4lt.<\/p>\n\n\n\n<p><strong>Gewerbliche Leistung<\/strong>: Entwickelt f\u00fcr den langfristigen Einsatz, kombiniert mit Kratzfestigkeit, Fleckenbest\u00e4ndigkeit und stabiler struktureller Integrit\u00e4t in stark frequentierten Umgebungen.<\/p>\n\n\n\n<p><strong>SEGA Hersteller Lieferung:<\/strong> Die konsistente Formherstellung garantiert eine einheitliche Textur und Abmessungen, und die verst\u00e4rkte Verpackung minimiert Sch\u00e4den beim weltweiten Versand.<\/p>\n<\/div>\n\n\n\n<div class=\"wp-block-column is-layout-flow wp-block-column-is-layout-flow\">\n<figure class=\"wp-block-image size-full\"><img decoding=\"async\" width=\"800\" height=\"800\" src=\"https:\/\/www.segasanitary.com\/wp-content\/uploads\/2026\/03\/wholesale-wash-basin-5174.webp\" alt=\"Gro\u00dfhandel Waschbecken 5174\" class=\"wp-image-748\" srcset=\"https:\/\/www.segasanitary.com\/wp-content\/uploads\/2026\/03\/wholesale-wash-basin-5174.webp 800w, https:\/\/www.segasanitary.com\/wp-content\/uploads\/2026\/03\/wholesale-wash-basin-5174-300x300.webp 300w, https:\/\/www.segasanitary.com\/wp-content\/uploads\/2026\/03\/wholesale-wash-basin-5174-150x150.webp 150w, https:\/\/www.segasanitary.com\/wp-content\/uploads\/2026\/03\/wholesale-wash-basin-5174-768x768.webp 768w, https:\/\/www.segasanitary.com\/wp-content\/uploads\/2026\/03\/wholesale-wash-basin-5174-600x600.webp 600w, https:\/\/www.segasanitary.com\/wp-content\/uploads\/2026\/03\/wholesale-wash-basin-5174-100x100.webp 100w\" sizes=\"(max-width: 800px) 100vw, 800px\" \/><\/figure>\n<\/div>\n<\/div>","protected":false},"excerpt":{"rendered":"<p>Waschbecken f\u00fcr den Gro\u00dfhandel mit innovativem Rautendesign und ergonomischer Slim-Edge-Konstruktion. SEGA, der f\u00fchrende Hersteller von Sanit\u00e4rprodukten, liefert ein komplettes Sortiment an patentierten Sanit\u00e4rprodukten. Kontaktieren Sie uns jetzt f\u00fcr Gro\u00dfabnehmerangebote!<\/p>\n<h2>Produktspezifikationen:<\/h2>\n<table>\n<tbody>\n<tr>\n<td><strong>Attribut<\/strong><\/td>\n<td>\u00a0<span data-path-to-node=\"13,0,1,0\">Spezifikation<\/span><\/td>\n<\/tr>\n<tr>\n<td><strong>Modell<\/strong><\/td>\n<td>\u00a0P-7008W<\/td>\n<\/tr>\n<tr>\n<td><strong>Produkttyp<\/strong><\/td>\n<td>\u00a0<span data-path-to-node=\"21,1,1,0\">Wandh\u00e4ngendes Waschbecken \/ Schwimmendes Waschbecken<\/span><\/td>\n<\/tr>\n<tr>\n<td><strong>Material<\/strong><\/td>\n<td>\u00a0Keramik<\/td>\n<\/tr>\n<tr>\n<td><strong>Farbe<\/strong><\/td>\n<td>\u00a0Wei\u00df (benutzerdefinierte Farben verf\u00fcgbar)<\/td>\n<\/tr>\n<tr>\n<td><strong>Einrichtung<\/strong><\/td>\n<td>\u00a0Wandhalterung<\/td>\n<\/tr>\n<tr>\n<td><strong>Gr\u00f6\u00dfe des Produkts<\/strong><\/td>\n<td>\u00a0600 \u00d7 350 \u00d7 110 mm<\/td>\n<\/tr>\n<\/tbody>\n<\/table>","protected":false},"featured_media":749,"comment_status":"closed","ping_status":"closed","template":"","meta":{"_acf_changed":false},"product_brand":[],"product_cat":[49],"product_tag":[],"class_list":{"0":"post-741","1":"product","2":"type-product","3":"status-publish","4":"has-post-thumbnail","6":"product_cat-designer-sanitary-ware","8":"first","9":"instock","10":"shipping-taxable","11":"product-type-simple"},"acf":[],"_links":{"self":[{"href":"https:\/\/www.segasanitary.com\/de\/wp-json\/wp\/v2\/product\/741","targetHints":{"allow":["GET"]}}],"collection":[{"href":"https:\/\/www.segasanitary.com\/de\/wp-json\/wp\/v2\/product"}],"about":[{"href":"https:\/\/www.segasanitary.com\/de\/wp-json\/wp\/v2\/types\/product"}],"replies":[{"embeddable":true,"href":"https:\/\/www.segasanitary.com\/de\/wp-json\/wp\/v2\/comments?post=741"}],"wp:featuredmedia":[{"embeddable":true,"href":"https:\/\/www.segasanitary.com\/de\/wp-json\/wp\/v2\/media\/749"}],"wp:attachment":[{"href":"https:\/\/www.segasanitary.com\/de\/wp-json\/wp\/v2\/media?parent=741"}],"wp:term":[{"taxonomy":"product_brand","embeddable":true,"href":"https:\/\/www.segasanitary.com\/de\/wp-json\/wp\/v2\/product_brand?post=741"},{"taxonomy":"product_cat","embeddable":true,"href":"https:\/\/www.segasanitary.com\/de\/wp-json\/wp\/v2\/product_cat?post=741"},{"taxonomy":"product_tag","embeddable":true,"href":"https:\/\/www.segasanitary.com\/de\/wp-json\/wp\/v2\/product_tag?post=741"}],"curies":[{"name":"wp","href":"https:\/\/api.w.org\/{rel}","templated":true}]}}