{"id":686,"date":"2026-03-21T03:23:09","date_gmt":"2026-03-21T03:23:09","guid":{"rendered":"https:\/\/www.segasanitary.com\/?post_type=product&#038;p=686"},"modified":"2026-03-21T08:31:15","modified_gmt":"2026-03-21T08:31:15","slug":"custom-wash-basin","status":"publish","type":"product","link":"https:\/\/www.segasanitary.com\/de\/product\/custom-wash-basin\/","title":{"rendered":"Custom Waschbecken Wandmontage Minimalist, China Badezimmer Waschbecken Hersteller"},"content":{"rendered":"<div class=\"wp-block-columns is-layout-flex wp-container-core-columns-is-layout-9d6595d7 wp-block-columns-is-layout-flex\">\n<div class=\"wp-block-column is-vertically-aligned-center is-layout-flow wp-block-column-is-layout-flow\">\n<h2 class=\"wp-block-heading\">Waschtisch Merkmale:<\/h2>\n\n\n\n<p><strong>\u00dcberlegene Technik:<\/strong> Dieses hochdichte Keramikwaschbecken wird bei hohen Temperaturen gebrannt, um eine vollst\u00e4ndige Verglasung zu erreichen, und erreicht eine Wasseraufnahme von &lt;0,5%, was Risse und Ger\u00fcche verhindert und eine lange Haltbarkeit gew\u00e4hrleistet.<\/p>\n\n\n\n<p><strong>Nano-Easy-Clean-Glasur<\/strong>: Glatte, porenfreie Oberfl\u00e4che, die bakterien- und fleckenabweisend ist, wodurch die Wartungskosten gesenkt und hohe Hygienestandards in Gesch\u00e4fts- und Wohnr\u00e4umen eingehalten werden.<\/p>\n\n\n\n<p><strong>Platzsparendes schwimmendes Design:<\/strong> Die wandmontierte Struktur maximiert die Bodenfl\u00e4che und eliminiert schwer zu reinigende Ecken. Die verst\u00e4rkte R\u00fcckwand sorgt f\u00fcr Stabilit\u00e4t in stark frequentierten Umgebungen wie Hotels und B\u00fcros.<\/p>\n\n\n\n<p><strong>B2B-Anpassung &amp; Gro\u00dflieferung<\/strong>: Unterst\u00fctzt OEM\/ODM Branding, Verpackung und technische Anpassungen, mit robusten Produktionslinien, die eine rechtzeitige Lieferung f\u00fcr Gro\u00dfprojekte gew\u00e4hrleisten.<\/p>\n\n\n\n<p><strong>Exporttaugliche Verpackung und globale Unterst\u00fctzung:<\/strong> Professionell verpackt in 5-lagigen Wellpappkartons und unterst\u00fctzt von einer erfahrenen Lieferkette, ideal f\u00fcr internationale Hotel-, Apartment- und Gro\u00dfhandelsbestellungen.<\/p>\n<\/div>\n\n\n\n<div class=\"wp-block-column is-layout-flow wp-block-column-is-layout-flow\">\n<figure class=\"wp-block-image size-full\"><img decoding=\"async\" width=\"800\" height=\"526\" src=\"https:\/\/www.segasanitary.com\/wp-content\/uploads\/2026\/03\/custom-wash-basin-P-7008W.webp\" alt=\"Waschbecken nach Ma\u00df P-7008W\" class=\"wp-image-691\" srcset=\"https:\/\/www.segasanitary.com\/wp-content\/uploads\/2026\/03\/custom-wash-basin-P-7008W.webp 800w, https:\/\/www.segasanitary.com\/wp-content\/uploads\/2026\/03\/custom-wash-basin-P-7008W-300x197.webp 300w, https:\/\/www.segasanitary.com\/wp-content\/uploads\/2026\/03\/custom-wash-basin-P-7008W-768x505.webp 768w, https:\/\/www.segasanitary.com\/wp-content\/uploads\/2026\/03\/custom-wash-basin-P-7008W-600x395.webp 600w\" sizes=\"(max-width: 800px) 100vw, 800px\" \/><\/figure>\n<\/div>\n<\/div>","protected":false},"excerpt":{"rendered":"<p>Ma\u00dfgefertigtes Waschbecken aus hochdichter Keramik mit Nano-Glasur und ergonomischem, schwimmendem Design, perfekt f\u00fcr Hotels, Wohnungen und Luxusresidenzen. OEM\/ODM unterst\u00fctzt, kontaktieren Sie uns jetzt f\u00fcr Bulk-Angebote!<\/p>\n<h2>Produktspezifikationen:<\/h2>\n<table>\n<tbody>\n<tr>\n<td><strong>Attribut<\/strong><\/td>\n<td>\u00a0<span data-path-to-node=\"13,0,1,0\">Spezifikation<\/span><\/td>\n<\/tr>\n<tr>\n<td><strong>Modell<\/strong><\/td>\n<td>\u00a0P-7008W<\/td>\n<\/tr>\n<tr>\n<td><strong>Produkttyp<\/strong><\/td>\n<td>\u00a0<span data-path-to-node=\"21,1,1,0\">Wandh\u00e4ngendes Waschbecken \/ Schwimmendes Waschbecken<\/span><\/td>\n<\/tr>\n<tr>\n<td><strong>Material<\/strong><\/td>\n<td>\u00a0Keramik<\/td>\n<\/tr>\n<tr>\n<td><strong>Farbe<\/strong><\/td>\n<td>\u00a0Wei\u00df (benutzerdefinierte Farben verf\u00fcgbar)<\/td>\n<\/tr>\n<tr>\n<td><strong>Einrichtung<\/strong><\/td>\n<td>\u00a0Wandhalterung<\/td>\n<\/tr>\n<tr>\n<td><strong>Gr\u00f6\u00dfe des Produkts<\/strong><\/td>\n<td>\u00a0555 \u00d7 435 \u00d7 400 mm<\/td>\n<\/tr>\n<\/tbody>\n<\/table>","protected":false},"featured_media":768,"comment_status":"closed","ping_status":"closed","template":"","meta":{"_acf_changed":false},"product_brand":[],"product_cat":[22,32],"product_tag":[],"class_list":{"0":"post-686","1":"product","2":"type-product","3":"status-publish","4":"has-post-thumbnail","6":"product_cat-wholesale-wash-basin","7":"product_cat-wholesale-wall-hung-wash-basin","9":"first","10":"instock","11":"shipping-taxable","12":"product-type-simple"},"acf":[],"_links":{"self":[{"href":"https:\/\/www.segasanitary.com\/de\/wp-json\/wp\/v2\/product\/686","targetHints":{"allow":["GET"]}}],"collection":[{"href":"https:\/\/www.segasanitary.com\/de\/wp-json\/wp\/v2\/product"}],"about":[{"href":"https:\/\/www.segasanitary.com\/de\/wp-json\/wp\/v2\/types\/product"}],"replies":[{"embeddable":true,"href":"https:\/\/www.segasanitary.com\/de\/wp-json\/wp\/v2\/comments?post=686"}],"wp:featuredmedia":[{"embeddable":true,"href":"https:\/\/www.segasanitary.com\/de\/wp-json\/wp\/v2\/media\/768"}],"wp:attachment":[{"href":"https:\/\/www.segasanitary.com\/de\/wp-json\/wp\/v2\/media?parent=686"}],"wp:term":[{"taxonomy":"product_brand","embeddable":true,"href":"https:\/\/www.segasanitary.com\/de\/wp-json\/wp\/v2\/product_brand?post=686"},{"taxonomy":"product_cat","embeddable":true,"href":"https:\/\/www.segasanitary.com\/de\/wp-json\/wp\/v2\/product_cat?post=686"},{"taxonomy":"product_tag","embeddable":true,"href":"https:\/\/www.segasanitary.com\/de\/wp-json\/wp\/v2\/product_tag?post=686"}],"curies":[{"name":"wp","href":"https:\/\/api.w.org\/{rel}","templated":true}]}}