{"id":674,"date":"2026-03-21T02:41:25","date_gmt":"2026-03-21T02:41:25","guid":{"rendered":"https:\/\/www.segasanitary.com\/?post_type=product&#038;p=674"},"modified":"2026-03-21T03:13:47","modified_gmt":"2026-03-21T03:13:47","slug":"custom-mirrors-bathroom","status":"publish","type":"product","link":"https:\/\/www.segasanitary.com\/de\/product\/custom-mirrors-bathroom\/","title":{"rendered":"Benutzerdefinierte Spiegel Badezimmer, Bear-Shaped\u201d Backlit LED Smart Badezimmer Spiegel Lieferant"},"content":{"rendered":"<div class=\"wp-block-columns is-layout-flex wp-container-core-columns-is-layout-9d6595d7 wp-block-columns-is-layout-flex\">\n<div class=\"wp-block-column is-vertically-aligned-center is-layout-flow wp-block-column-is-layout-flow\">\n<h2 class=\"wp-block-heading\">Spiegel Badezimmerausstattung:<\/h2>\n\n\n\n<p><strong>Verspieltes bionisches Design \u201cKleiner B\u00e4r\u201d:<\/strong> Weiche, unregelm\u00e4\u00dfige Kurven formen eine bezaubernde B\u00e4rensilhouette, die W\u00e4rme und Charme ausstrahlt und den Raum im Bad optisch ansprechend und ansprechend gestaltet.<\/p>\n\n\n\n<p><strong>Gleichm\u00e4\u00dfige 360\u00b0-Umgebungshintergrundbeleuchtung:<\/strong> Die am Rand angebrachten LEDs sorgen f\u00fcr eine weiche, gleichm\u00e4\u00dfige Beleuchtung mit einem schwebenden visuellen Effekt, der die Augen des Benutzers vor direkter Blendung sch\u00fctzt und gleichzeitig das Ambiente verbessert.<\/p>\n\n\n\n<p><strong>5 mm umweltfreundlicher, kupferfreier Silberspiegel:<\/strong> Der hochaufl\u00f6sende Spiegel sorgt f\u00fcr eine naturgetreue Reflexion, widersteht der Oxidation der schwarzen R\u00e4nder und ist f\u00fcr feuchte Badezimmer geeignet.<\/p>\n\n\n\n<p><strong>Hochempfindliche Smart-Touch-Steuerung:<\/strong> Integrierte leuchtende Touch-Tasten erm\u00f6glichen ein einfaches Ein- und Ausschalten sowie stufenloses Dimmen und schaffen so eine intuitive und unterhaltsame Benutzererfahrung f\u00fcr Kinder.<\/p>\n\n\n\n<p><strong>Sicherheitsorientierte kundenspezifische L\u00f6sungen:<\/strong> Unsere kundenspezifischen Spiegel verf\u00fcgen \u00fcber eine explosionssichere R\u00fcckwand und eine vollst\u00e4ndige OEM\/ODM-Kundenanpassung, die eine Massenlieferung von sicheren, qualitativ hochwertigen Produkten f\u00fcr Schulen, Wohnh\u00e4user und gewerbliche Projekte gew\u00e4hrleistet.<\/p>\n<\/div>\n\n\n\n<div class=\"wp-block-column is-layout-flow wp-block-column-is-layout-flow\">\n<figure class=\"wp-block-image size-full\"><img decoding=\"async\" width=\"800\" height=\"800\" src=\"https:\/\/www.segasanitary.com\/wp-content\/uploads\/2026\/03\/custom-mirrors-bathroom-Z-021.webp\" alt=\"benutzerdefinierte spiegel badezimmer Z-021\" class=\"wp-image-679\" srcset=\"https:\/\/www.segasanitary.com\/wp-content\/uploads\/2026\/03\/custom-mirrors-bathroom-Z-021.webp 800w, https:\/\/www.segasanitary.com\/wp-content\/uploads\/2026\/03\/custom-mirrors-bathroom-Z-021-300x300.webp 300w, https:\/\/www.segasanitary.com\/wp-content\/uploads\/2026\/03\/custom-mirrors-bathroom-Z-021-150x150.webp 150w, https:\/\/www.segasanitary.com\/wp-content\/uploads\/2026\/03\/custom-mirrors-bathroom-Z-021-768x768.webp 768w, https:\/\/www.segasanitary.com\/wp-content\/uploads\/2026\/03\/custom-mirrors-bathroom-Z-021-600x600.webp 600w, https:\/\/www.segasanitary.com\/wp-content\/uploads\/2026\/03\/custom-mirrors-bathroom-Z-021-100x100.webp 100w\" sizes=\"(max-width: 800px) 100vw, 800px\" \/><\/figure>\n<\/div>\n<\/div>","protected":false},"excerpt":{"rendered":"<p data-start=\"980\" data-end=\"1217\">Ma\u00dfgeschneiderte Spiegel f\u00fcr das Badezimmer mit verspieltem \u201cLittle Bear\u201d-Design, sanfter 360\u00b0-LED-Hintergrundbeleuchtung, kupferfreiem HD-Spiegel und intelligenter Touch-Dimmung. Sicher, stilvoll und vollst\u00e4ndig anpassbar. Perfekt f\u00fcr Schulen, Wohnh\u00e4user und kommerzielle Projekte. Kontaktieren Sie uns jetzt f\u00fcr Massenangebote!<\/p>\n<h2>Produktspezifikationen:<\/h2>\n<table>\n<tbody>\n<tr>\n<td><strong>Attribut<\/strong><\/td>\n<td>\u00a0<span data-path-to-node=\"13,0,1,0\">Spezifikation<\/span><\/td>\n<\/tr>\n<tr>\n<td><strong>Modell<\/strong><\/td>\n<td>\u00a0Z-021<\/td>\n<\/tr>\n<tr>\n<td><strong>Produkttyp<\/strong><\/td>\n<td>\u00a0<span data-path-to-node=\"22,2,1,0\">Intelligenter LED-Badezimmer-Spiegel<\/span><\/td>\n<\/tr>\n<tr>\n<td><strong>Material<\/strong><\/td>\n<td>\u00a0Kupferfreier HD-Silber-Spiegel<\/td>\n<\/tr>\n<tr>\n<td><strong>Form<\/strong><\/td>\n<td>\u00a0Unregelm\u00e4\u00dfig<\/td>\n<\/tr>\n<tr>\n<td><strong>Rahmen<\/strong><\/td>\n<td>\u00a0Rahmenlos \/ Struktur aus Aluminiumlegierung<\/td>\n<\/tr>\n<tr>\n<td><strong>Beleuchtungsmodus<\/strong><\/td>\n<td>\u00a0<span data-path-to-node=\"22,3,1,0\">Frontbeleuchtet + Hintergrundbeleuchtung (Dual Glow)<\/span><\/td>\n<\/tr>\n<tr>\n<td><strong>Funktionen<\/strong><\/td>\n<td>\u00a0Anti-Beschlag, dimmbar, CCT einstellbar<\/td>\n<\/tr>\n<tr>\n<td><strong>Wasserdicht<\/strong><\/td>\n<td>\u00a0<span data-path-to-node=\"22,8,1,0\">IP44 Bewertung<\/span><\/td>\n<\/tr>\n<\/tbody>\n<\/table>","protected":false},"featured_media":679,"comment_status":"closed","ping_status":"closed","template":"","meta":{"_acf_changed":false},"product_brand":[],"product_cat":[19,35,40],"product_tag":[],"class_list":{"0":"post-674","1":"product","2":"type-product","3":"status-publish","4":"has-post-thumbnail","6":"product_cat-wholesale-bathroom-mirror","7":"product_cat-custom-frameless-mirror","8":"product_cat-wholesale-irregular-mirror","10":"first","11":"instock","12":"shipping-taxable","13":"product-type-simple"},"acf":[],"_links":{"self":[{"href":"https:\/\/www.segasanitary.com\/de\/wp-json\/wp\/v2\/product\/674","targetHints":{"allow":["GET"]}}],"collection":[{"href":"https:\/\/www.segasanitary.com\/de\/wp-json\/wp\/v2\/product"}],"about":[{"href":"https:\/\/www.segasanitary.com\/de\/wp-json\/wp\/v2\/types\/product"}],"replies":[{"embeddable":true,"href":"https:\/\/www.segasanitary.com\/de\/wp-json\/wp\/v2\/comments?post=674"}],"wp:featuredmedia":[{"embeddable":true,"href":"https:\/\/www.segasanitary.com\/de\/wp-json\/wp\/v2\/media\/679"}],"wp:attachment":[{"href":"https:\/\/www.segasanitary.com\/de\/wp-json\/wp\/v2\/media?parent=674"}],"wp:term":[{"taxonomy":"product_brand","embeddable":true,"href":"https:\/\/www.segasanitary.com\/de\/wp-json\/wp\/v2\/product_brand?post=674"},{"taxonomy":"product_cat","embeddable":true,"href":"https:\/\/www.segasanitary.com\/de\/wp-json\/wp\/v2\/product_cat?post=674"},{"taxonomy":"product_tag","embeddable":true,"href":"https:\/\/www.segasanitary.com\/de\/wp-json\/wp\/v2\/product_tag?post=674"}],"curies":[{"name":"wp","href":"https:\/\/api.w.org\/{rel}","templated":true}]}}