{"id":658,"date":"2026-03-21T02:22:52","date_gmt":"2026-03-21T02:22:52","guid":{"rendered":"https:\/\/www.segasanitary.com\/?post_type=product&#038;p=658"},"modified":"2026-03-21T10:34:41","modified_gmt":"2026-03-21T10:34:41","slug":"custom-mirrors-for-bathroom","status":"publish","type":"product","link":"https:\/\/www.segasanitary.com\/de\/product\/custom-mirrors-for-bathroom\/","title":{"rendered":"Benutzerdefinierte Spiegel f\u00fcr Badezimmer, Marmor Textur LED Spiegel mit strahlenden Acrylrahmen in Bulk"},"content":{"rendered":"<div class=\"wp-block-columns is-layout-flex wp-container-core-columns-is-layout-9d6595d7 wp-block-columns-is-layout-flex\">\n<div class=\"wp-block-column is-vertically-aligned-center is-layout-flow wp-block-column-is-layout-flow\">\n<h2 class=\"wp-block-heading\">Features of Mirrors for Bathroom:<\/h2>\n\n\n\n<p><strong>Exclusive \u201cGolden Stone\u201d Translucent Frame:<\/strong> High-quality acrylic frame features intricate crushed-stone texture; LED light refracts through the pattern, creating a dazzling crystal-like visual effect.<\/p>\n\n\n\n<p><strong>360\u00b0 Uniform Surround Lighting:<\/strong> Edge-lit design ensures soft, shadow-free illumination around the entire mirror, providing professional-grade, eye-friendly lighting for grooming.<\/p>\n\n\n\n<p><strong>5 mm umweltfreundlicher, kupferfreier Silberspiegel:<\/strong> High-definition, non-oxidizing mirror delivers true-to-life reflection while resisting black edges, ideal for high-humidity bathroom environments.<\/p>\n\n\n\n<p><strong>Smart Touch &amp; Minimalist Controls:<\/strong> Integrated touch buttons allow responsive on\/off and stepless dimming, offering a sleek, modern, and intuitive user experience.<\/p>\n\n\n\n<p><strong>Custom Shapes with Project Support:<\/strong> Multiple shapes, including round and rectangular, plus OEM\/ODM customization and bulk supply, supporting hotels, residences, and commercial projects.<\/p>\n<\/div>\n\n\n\n<div class=\"wp-block-column is-layout-flow wp-block-column-is-layout-flow\">\n<figure class=\"wp-block-image size-full\"><img decoding=\"async\" width=\"600\" height=\"800\" src=\"https:\/\/www.segasanitary.com\/wp-content\/uploads\/2026\/03\/Custom-Mirrors-for-Bathroom-Classic-Marble-Texture-LED-Mirror-with-Radiant-Acrylic-Frame-Multi-Shape-in-Bulk.png\" alt=\"Custom Mirrors for Bathroom Classic Marble Texture LED Mirror with Radiant Acrylic Frame Multi-Shape in Bulk\" class=\"wp-image-660\" srcset=\"https:\/\/www.segasanitary.com\/wp-content\/uploads\/2026\/03\/Custom-Mirrors-for-Bathroom-Classic-Marble-Texture-LED-Mirror-with-Radiant-Acrylic-Frame-Multi-Shape-in-Bulk.png 600w, https:\/\/www.segasanitary.com\/wp-content\/uploads\/2026\/03\/Custom-Mirrors-for-Bathroom-Classic-Marble-Texture-LED-Mirror-with-Radiant-Acrylic-Frame-Multi-Shape-in-Bulk-225x300.png 225w\" sizes=\"(max-width: 600px) 100vw, 600px\" \/><\/figure>\n<\/div>\n<\/div>","protected":false},"excerpt":{"rendered":"<p>Ma\u00dfgefertigte Spiegel f\u00fcr das Badezimmer mit exklusivem \u201cGolden Stone\u201d-Acrylrahmen, sanfter 360\u00b0-Beleuchtung und kupferfreiem HD-Spiegel. Erh\u00e4ltlich in verschiedenen Formen und Gr\u00f6\u00dfen. OEM\/ODM unterst\u00fctzt. Kontaktieren Sie uns jetzt f\u00fcr Massenangebote!<\/p>\n<h2>Produktspezifikationen:<\/h2>\n<table>\n<tbody>\n<tr>\n<td><strong>Attribut<\/strong><\/td>\n<td>\u00a0<span data-path-to-node=\"13,0,1,0\">Spezifikation<\/span><\/td>\n<\/tr>\n<tr>\n<td><strong>Modell<\/strong><\/td>\n<td>\u00a0MY026<\/td>\n<\/tr>\n<tr>\n<td><strong>Produkttyp<\/strong><\/td>\n<td>\u00a0<span data-path-to-node=\"22,2,1,0\">Intelligenter LED-Badezimmer-Spiegel<\/span><\/td>\n<\/tr>\n<tr>\n<td><strong>Material<\/strong><\/td>\n<td>\u00a0Kupferfreier HD-Silber-Spiegel<\/td>\n<\/tr>\n<tr>\n<td><strong>Form<\/strong><\/td>\n<td>\u00a0Rund, Rechteckig<\/td>\n<\/tr>\n<tr>\n<td><strong>Rahmen<\/strong><\/td>\n<td>Acryl-Rahmen \/ Aluminium-Legierung Struktur<\/td>\n<\/tr>\n<tr>\n<td><strong>Beleuchtungsmodus<\/strong><\/td>\n<td>\u00a0<span data-path-to-node=\"22,3,1,0\">Frontbeleuchtet + Hintergrundbeleuchtung (Dual Glow)<\/span><\/td>\n<\/tr>\n<tr>\n<td><strong>Funktionen<\/strong><\/td>\n<td>\u00a0Anti-Beschlag, dimmbar, CCT einstellbar<\/td>\n<\/tr>\n<tr>\n<td><strong>Wasserdicht<\/strong><\/td>\n<td>\u00a0<span data-path-to-node=\"22,8,1,0\">IP44 Bewertung<\/span><\/td>\n<\/tr>\n<\/tbody>\n<\/table>","protected":false},"featured_media":659,"comment_status":"closed","ping_status":"closed","template":"","meta":{"_acf_changed":false},"product_brand":[],"product_cat":[19,36,37],"product_tag":[],"class_list":{"0":"post-658","1":"product","2":"type-product","3":"status-publish","4":"has-post-thumbnail","6":"product_cat-wholesale-bathroom-mirror","7":"product_cat-custom-framed-mirror","8":"product_cat-wholesale-round-mirrors","10":"first","11":"instock","12":"shipping-taxable","13":"product-type-simple"},"acf":[],"_links":{"self":[{"href":"https:\/\/www.segasanitary.com\/de\/wp-json\/wp\/v2\/product\/658","targetHints":{"allow":["GET"]}}],"collection":[{"href":"https:\/\/www.segasanitary.com\/de\/wp-json\/wp\/v2\/product"}],"about":[{"href":"https:\/\/www.segasanitary.com\/de\/wp-json\/wp\/v2\/types\/product"}],"replies":[{"embeddable":true,"href":"https:\/\/www.segasanitary.com\/de\/wp-json\/wp\/v2\/comments?post=658"}],"wp:featuredmedia":[{"embeddable":true,"href":"https:\/\/www.segasanitary.com\/de\/wp-json\/wp\/v2\/media\/659"}],"wp:attachment":[{"href":"https:\/\/www.segasanitary.com\/de\/wp-json\/wp\/v2\/media?parent=658"}],"wp:term":[{"taxonomy":"product_brand","embeddable":true,"href":"https:\/\/www.segasanitary.com\/de\/wp-json\/wp\/v2\/product_brand?post=658"},{"taxonomy":"product_cat","embeddable":true,"href":"https:\/\/www.segasanitary.com\/de\/wp-json\/wp\/v2\/product_cat?post=658"},{"taxonomy":"product_tag","embeddable":true,"href":"https:\/\/www.segasanitary.com\/de\/wp-json\/wp\/v2\/product_tag?post=658"}],"curies":[{"name":"wp","href":"https:\/\/api.w.org\/{rel}","templated":true}]}}