{"id":645,"date":"2026-03-21T01:16:40","date_gmt":"2026-03-21T01:16:40","guid":{"rendered":"https:\/\/www.segasanitary.com\/?post_type=product&#038;p=645"},"modified":"2026-03-21T01:30:31","modified_gmt":"2026-03-21T01:30:31","slug":"custom-bathroom-vanity","status":"publish","type":"product","link":"https:\/\/www.segasanitary.com\/de\/product\/custom-bathroom-vanity\/","title":{"rendered":"Kundenspezifischer Badezimmer-Waschtisch mit nahtlos integriertem Becken f\u00fcr Hotel &amp; Projekt in gro\u00dfen Mengen"},"content":{"rendered":"<div class=\"wp-block-columns is-layout-flex wp-container-core-columns-is-layout-9d6595d7 wp-block-columns-is-layout-flex\">\n<div class=\"wp-block-column is-vertically-aligned-center is-layout-flow wp-block-column-is-layout-flow\">\n<h2 class=\"wp-block-heading\">Badezimmer-Eitelkeiten:<\/h2>\n\n\n\n<p><strong>Nahtlose, einteilige Konstruktion aus fester Oberfl\u00e4che:<\/strong> Hochwertiger Mineralwerkstoff erm\u00f6glicht eine nahtlose Integration, verhindert die Ansammlung von Schimmel und Bakterien und erf\u00fcllt gleichzeitig hohe Hygienestandards.<\/p>\n\n\n\n<p><strong>Skulpturales, organisch geschwungenes Design:<\/strong> Die asymmetrische, von Wellen inspirierte Form verleiht dem Schrank einen k\u00fcnstlerischen Wert und macht ihn zu einem Blickfang in luxuri\u00f6sen Badezimmern.<\/p>\n\n\n\n<p><strong>Schwebendes Doppelschicht-Lagersystem:<\/strong> Das an der Wand montierte zweischichtige Design verbessert die Aufbewahrungsm\u00f6glichkeiten und sorgt gleichzeitig f\u00fcr ein sauberes, luftiges Aussehen und eine einfache Bodenreinigung.<\/p>\n\n\n\n<p><strong>Mattes Samt-Finish &amp; Langfristige Haltbarkeit:<\/strong> Die matte Soft-Touch-Oberfl\u00e4che ist UV-, vergilbungs- und fleckenbest\u00e4ndig und l\u00e4sst sich leicht polieren, um ihr urspr\u00fcngliches Aussehen wiederherzustellen.<\/p>\n\n\n\n<p><strong>Integrierte Projektunterst\u00fctzung:<\/strong> Von der Designanpassung \u00fcber die technische Zeichnung bis hin zur Massenproduktion sorgen wir f\u00fcr eine effiziente Ausf\u00fchrung von B2B-Gro\u00dfprojekten.<\/p>\n<\/div>\n\n\n\n<div class=\"wp-block-column is-layout-flow wp-block-column-is-layout-flow\">\n<figure class=\"wp-block-image size-full\"><img decoding=\"async\" width=\"800\" height=\"800\" src=\"https:\/\/www.segasanitary.com\/wp-content\/uploads\/2026\/03\/Custom-Bathroom-Vanity-Soild-SUrface-with-Seamless-Integrated-Basin-for-Hotel-Project-in-Bulk-CR-0042-W.webp\" alt=\"Benutzerdefinierte Badezimmer Vanity Soild SUrface mit nahtlosen integrierten Waschbecken f\u00fcr Hotel &amp; Projekt in Bulk CR-0042-W\" class=\"wp-image-646\" srcset=\"https:\/\/www.segasanitary.com\/wp-content\/uploads\/2026\/03\/Custom-Bathroom-Vanity-Soild-SUrface-with-Seamless-Integrated-Basin-for-Hotel-Project-in-Bulk-CR-0042-W.webp 800w, https:\/\/www.segasanitary.com\/wp-content\/uploads\/2026\/03\/Custom-Bathroom-Vanity-Soild-SUrface-with-Seamless-Integrated-Basin-for-Hotel-Project-in-Bulk-CR-0042-W-300x300.webp 300w, https:\/\/www.segasanitary.com\/wp-content\/uploads\/2026\/03\/Custom-Bathroom-Vanity-Soild-SUrface-with-Seamless-Integrated-Basin-for-Hotel-Project-in-Bulk-CR-0042-W-150x150.webp 150w, https:\/\/www.segasanitary.com\/wp-content\/uploads\/2026\/03\/Custom-Bathroom-Vanity-Soild-SUrface-with-Seamless-Integrated-Basin-for-Hotel-Project-in-Bulk-CR-0042-W-768x768.webp 768w, https:\/\/www.segasanitary.com\/wp-content\/uploads\/2026\/03\/Custom-Bathroom-Vanity-Soild-SUrface-with-Seamless-Integrated-Basin-for-Hotel-Project-in-Bulk-CR-0042-W-600x600.webp 600w, https:\/\/www.segasanitary.com\/wp-content\/uploads\/2026\/03\/Custom-Bathroom-Vanity-Soild-SUrface-with-Seamless-Integrated-Basin-for-Hotel-Project-in-Bulk-CR-0042-W-100x100.webp 100w\" sizes=\"(max-width: 800px) 100vw, 800px\" \/><\/figure>\n<\/div>\n<\/div>","protected":false},"excerpt":{"rendered":"<p>Ma\u00dfgeschneiderte Waschtische f\u00fcr moderne Projekte mit nahtlosem Mineralwerkstoff, skulpturalem, geschwungenem Design und flexiblen Ablagem\u00f6glichkeiten. Entwickelt f\u00fcr Langlebigkeit, Hygiene und Design-Konsistenz, mit voller OEM\/ODM-Unterst\u00fctzung f\u00fcr Gro\u00dfauftr\u00e4ge. Erkundigen Sie sich jetzt nach Gro\u00dfhandelsangeboten!<\/p>\n<h2>Produktspezifikationen:<\/h2>\n<table>\n<tbody>\n<tr>\n<td><strong>Attribut<\/strong><\/td>\n<td>\u00a0<span data-path-to-node=\"13,0,1,0\">Spezifikation<\/span><\/td>\n<\/tr>\n<tr>\n<td><strong>Modell<\/strong><\/td>\n<td>\u00a0<span data-path-to-node=\"22,1,1,0\">CR-0042-W<\/span><\/td>\n<\/tr>\n<tr>\n<td><strong>Material des Geh\u00e4uses<\/strong><\/td>\n<td>\u00a0Feste Oberfl\u00e4che<\/td>\n<\/tr>\n<tr>\n<td><strong>Material des Beckens<\/strong><\/td>\n<td>\u00a0Keramik<\/td>\n<\/tr>\n<tr>\n<td><strong>Spiegel Typ<\/strong><\/td>\n<td><span data-path-to-node=\"22,6,1,0\">\u00a0Rahmenloser Spiegel<\/span><\/td>\n<\/tr>\n<tr>\n<td><strong>Oberfl\u00e4che<\/strong><\/td>\n<td>\u00a0Mattes Samt-Finish<\/td>\n<\/tr>\n<tr>\n<td><strong>Einrichtung<\/strong><\/td>\n<td><span data-path-to-node=\"22,4,1,0\">\u00a0Wandmontiert \/ Schwimmend<\/span><\/td>\n<\/tr>\n<\/tbody>\n<\/table>","protected":false},"featured_media":646,"comment_status":"closed","ping_status":"closed","template":"","meta":{"_acf_changed":false},"product_brand":[],"product_cat":[20,45],"product_tag":[],"class_list":{"0":"post-645","1":"product","2":"type-product","3":"status-publish","4":"has-post-thumbnail","6":"product_cat-wholesale-bathroom-cabinet","7":"product_cat-custom-solid-surface-vanity","9":"first","10":"instock","11":"shipping-taxable","12":"product-type-simple"},"acf":[],"_links":{"self":[{"href":"https:\/\/www.segasanitary.com\/de\/wp-json\/wp\/v2\/product\/645","targetHints":{"allow":["GET"]}}],"collection":[{"href":"https:\/\/www.segasanitary.com\/de\/wp-json\/wp\/v2\/product"}],"about":[{"href":"https:\/\/www.segasanitary.com\/de\/wp-json\/wp\/v2\/types\/product"}],"replies":[{"embeddable":true,"href":"https:\/\/www.segasanitary.com\/de\/wp-json\/wp\/v2\/comments?post=645"}],"wp:featuredmedia":[{"embeddable":true,"href":"https:\/\/www.segasanitary.com\/de\/wp-json\/wp\/v2\/media\/646"}],"wp:attachment":[{"href":"https:\/\/www.segasanitary.com\/de\/wp-json\/wp\/v2\/media?parent=645"}],"wp:term":[{"taxonomy":"product_brand","embeddable":true,"href":"https:\/\/www.segasanitary.com\/de\/wp-json\/wp\/v2\/product_brand?post=645"},{"taxonomy":"product_cat","embeddable":true,"href":"https:\/\/www.segasanitary.com\/de\/wp-json\/wp\/v2\/product_cat?post=645"},{"taxonomy":"product_tag","embeddable":true,"href":"https:\/\/www.segasanitary.com\/de\/wp-json\/wp\/v2\/product_tag?post=645"}],"curies":[{"name":"wp","href":"https:\/\/api.w.org\/{rel}","templated":true}]}}