{"id":643,"date":"2026-03-21T00:51:30","date_gmt":"2026-03-21T00:51:30","guid":{"rendered":"https:\/\/www.segasanitary.com\/?post_type=product&#038;p=643"},"modified":"2026-03-21T01:08:32","modified_gmt":"2026-03-21T01:08:32","slug":"wholesale-luxury-bathroom-cabinet","status":"publish","type":"product","link":"https:\/\/www.segasanitary.com\/de\/product\/wholesale-luxury-bathroom-cabinet\/","title":{"rendered":"Gro\u00dfhandel Luxus Badezimmer Schrank, Marmor Badezimmer Eitelkeit mit Spiegel Custom"},"content":{"rendered":"<div class=\"wp-block-columns is-layout-flex wp-container-core-columns-is-layout-9d6595d7 wp-block-columns-is-layout-flex\">\n<div class=\"wp-block-column is-vertically-aligned-center is-layout-flow wp-block-column-is-layout-flow\">\n<h2 class=\"wp-block-heading\">Marmor-Badezimmerschrank Merkmale:<\/h2>\n\n\n\n<p><strong>Schwebende zweischichtige, minimalistische Struktur<\/strong>: Das wandmontierte Design kombiniert ein integriertes oberes Becken mit einer offenen unteren Ablage, wodurch die Bodenfl\u00e4che maximiert und gleichzeitig tote Hygienezonen f\u00fcr eine einfachere Reinigung eliminiert werden.<\/p>\n\n\n\n<p><strong>Nahtloses antibakterielles Nano-Becken<\/strong>: Das Becken aus nahtlosem Sinterstein mit verstecktem Gef\u00e4lle sorgt f\u00fcr einen schnellen und r\u00fcckstandsfreien Abfluss, w\u00e4hrend die dichte, porenfreie Oberfl\u00e4che bakterien- und schmutzabweisend ist.<\/p>\n\n\n\n<p><strong>Hintergrundbeleuchtetes LED Smart Mirror System<\/strong>: Gro\u00dfer, abgerundeter LED-Spiegel mit sanfter Hintergrundbeleuchtung zur Reduzierung von Blendeffekten, mit Anti-Beschlag-Beschichtung und einstellbarer Helligkeit f\u00fcr mehr Komfort und erstklassiges Ambiente.<\/p>\n\n\n\n<p><strong>Umweltfreundliches Material<\/strong>: Hergestellt aus reinem gesintertem Mineralstein ohne Klebstoffe oder Holzfasern, mit 0 Formaldehyd-Emissionen - ideal f\u00fcr das Gesundheitswesen, Hotels und hochwertige Wohnprojekte.<\/p>\n\n\n\n<p><strong>OEM\/ODM-L\u00f6sungen aus einer Hand<\/strong>: Als professioneller Hersteller von Badezimmern bieten wir umfassende Anpassungen, eine stabile Massenproduktion und integrierte Produktl\u00f6sungen zur Unterst\u00fctzung globaler B2B-Projekte.<\/p>\n<\/div>\n\n\n\n<div class=\"wp-block-column is-layout-flow wp-block-column-is-layout-flow\">\n<figure class=\"wp-block-image size-full\"><img decoding=\"async\" width=\"800\" height=\"800\" src=\"https:\/\/www.segasanitary.com\/wp-content\/uploads\/2026\/03\/wholesale-luxury-bathroom-cabinets-C9086-Y.webp\" alt=\"Gro\u00dfhandel Luxus-Badeschr\u00e4nke C9086-Y\" class=\"wp-image-644\" srcset=\"https:\/\/www.segasanitary.com\/wp-content\/uploads\/2026\/03\/wholesale-luxury-bathroom-cabinets-C9086-Y.webp 800w, https:\/\/www.segasanitary.com\/wp-content\/uploads\/2026\/03\/wholesale-luxury-bathroom-cabinets-C9086-Y-300x300.webp 300w, https:\/\/www.segasanitary.com\/wp-content\/uploads\/2026\/03\/wholesale-luxury-bathroom-cabinets-C9086-Y-150x150.webp 150w, https:\/\/www.segasanitary.com\/wp-content\/uploads\/2026\/03\/wholesale-luxury-bathroom-cabinets-C9086-Y-768x768.webp 768w, https:\/\/www.segasanitary.com\/wp-content\/uploads\/2026\/03\/wholesale-luxury-bathroom-cabinets-C9086-Y-600x600.webp 600w, https:\/\/www.segasanitary.com\/wp-content\/uploads\/2026\/03\/wholesale-luxury-bathroom-cabinets-C9086-Y-100x100.webp 100w\" sizes=\"(max-width: 800px) 100vw, 800px\" \/><\/figure>\n<\/div>\n<\/div>","protected":false},"excerpt":{"rendered":"<p>Gro\u00dfhandel Luxus Bad Schrank mit gesinterten Stein Haltbarkeit, schwimmende minimalistische Struktur, nahtlose Anti-Flecken-Becken, und LED intelligente Spiegel, modisch und praktisch. Ideal f\u00fcr High-End-Bad-Projekte. OEM\/ODM Dienstleistungen werden unterst\u00fctzt. Kontaktieren Sie uns f\u00fcr Massenpreise und Anpassungen.<\/p>\n<h2>Produktspezifikationen:<\/h2>\n<table>\n<tbody>\n<tr>\n<td><strong>Attribut<\/strong><\/td>\n<td>\u00a0<span data-path-to-node=\"13,0,1,0\">Spezifikation<\/span><\/td>\n<\/tr>\n<tr>\n<td><strong>Modell<\/strong><\/td>\n<td>\u00a0C9086-Y<\/td>\n<\/tr>\n<tr>\n<td><strong>Material des Geh\u00e4uses<\/strong><\/td>\n<td>\u00a0Marmor<\/td>\n<\/tr>\n<tr>\n<td><strong>Material des Beckens<\/strong><\/td>\n<td>\u00a0Keramik<\/td>\n<\/tr>\n<tr>\n<td><strong>Spiegel Typ<\/strong><\/td>\n<td><span data-path-to-node=\"22,6,1,0\">\u00a0LED-Spiegel<\/span><\/td>\n<\/tr>\n<tr>\n<td><strong>Oberfl\u00e4che<\/strong><\/td>\n<td>\u00a0Grauer Marmor<\/td>\n<\/tr>\n<tr>\n<td><strong>Einrichtung<\/strong><\/td>\n<td>\u00a0<span data-path-to-node=\"22,4,1,0\">Wandmontiert \/ Schwimmend<\/span><\/td>\n<\/tr>\n<\/tbody>\n<\/table>","protected":false},"featured_media":644,"comment_status":"closed","ping_status":"closed","template":"","meta":{"_acf_changed":false},"product_brand":[],"product_cat":[20,47],"product_tag":[],"class_list":{"0":"post-643","1":"product","2":"type-product","3":"status-publish","4":"has-post-thumbnail","6":"product_cat-wholesale-bathroom-cabinet","7":"product_cat-custom-marble-bathroom-cabinet","9":"first","10":"instock","11":"shipping-taxable","12":"product-type-simple"},"acf":[],"_links":{"self":[{"href":"https:\/\/www.segasanitary.com\/de\/wp-json\/wp\/v2\/product\/643","targetHints":{"allow":["GET"]}}],"collection":[{"href":"https:\/\/www.segasanitary.com\/de\/wp-json\/wp\/v2\/product"}],"about":[{"href":"https:\/\/www.segasanitary.com\/de\/wp-json\/wp\/v2\/types\/product"}],"replies":[{"embeddable":true,"href":"https:\/\/www.segasanitary.com\/de\/wp-json\/wp\/v2\/comments?post=643"}],"wp:featuredmedia":[{"embeddable":true,"href":"https:\/\/www.segasanitary.com\/de\/wp-json\/wp\/v2\/media\/644"}],"wp:attachment":[{"href":"https:\/\/www.segasanitary.com\/de\/wp-json\/wp\/v2\/media?parent=643"}],"wp:term":[{"taxonomy":"product_brand","embeddable":true,"href":"https:\/\/www.segasanitary.com\/de\/wp-json\/wp\/v2\/product_brand?post=643"},{"taxonomy":"product_cat","embeddable":true,"href":"https:\/\/www.segasanitary.com\/de\/wp-json\/wp\/v2\/product_cat?post=643"},{"taxonomy":"product_tag","embeddable":true,"href":"https:\/\/www.segasanitary.com\/de\/wp-json\/wp\/v2\/product_tag?post=643"}],"curies":[{"name":"wp","href":"https:\/\/api.w.org\/{rel}","templated":true}]}}