{"id":639,"date":"2026-03-20T09:41:27","date_gmt":"2026-03-20T09:41:27","guid":{"rendered":"https:\/\/www.segasanitary.com\/?post_type=product&#038;p=639"},"modified":"2026-03-21T07:53:00","modified_gmt":"2026-03-21T07:53:00","slug":"custom-led-mirrors","status":"publish","type":"product","link":"https:\/\/www.segasanitary.com\/de\/product\/custom-led-mirrors\/","title":{"rendered":"Benutzerdefinierte LED-Spiegel Rahmenlose Badezimmer-Spiegel in Bulk"},"content":{"rendered":"<div class=\"wp-block-columns is-layout-flex wp-container-core-columns-is-layout-9d6595d7 wp-block-columns-is-layout-flex\">\n<div class=\"wp-block-column is-vertically-aligned-center is-layout-flow wp-block-column-is-layout-flow\">\n<h2 class=\"wp-block-heading\">LED-Spiegel Merkmale:<\/h2>\n\n\n\n<p><strong>Minimalistisches Kapseldesign<\/strong>: Elegante, geschwungene Kanten brechen die Starrheit traditioneller quadratischer Spiegel auf, erweitern optisch die Deckenh\u00f6he und verleihen modernen Badezimmern einen flie\u00dfenden Charakter.<\/p>\n\n\n\n<p><strong>360\u00b0 schattenfreier, hintergrundbeleuchteter LED-Spiegel: <\/strong>Hinter dem Spiegel eingebettete LED-Streifen sorgen f\u00fcr eine weiche, gleichm\u00e4\u00dfige Beleuchtung durch mattierte Bereiche und simulieren so nat\u00fcrliches Tageslicht f\u00fcr die professionelle K\u00f6rperpflege und das Make-up.<\/p>\n\n\n\n<p><strong>Smart One-Touch Anti-Beschlag:<\/strong> Die integrierte PET-Heizfolie sorgt daf\u00fcr, dass der Dampf mit einer einzigen Ber\u00fchrung schnell abzieht und der zentrale Spiegelbereich auch nach hei\u00dfen Duschen klar bleibt.<\/p>\n\n\n\n<p><strong>5 mm umweltfreundlicher, kupferfreier Silberspiegel<\/strong>: Der hochreflektierende, blei- und quecksilberfreie Spiegel ist resistent gegen Oxidation, schwarze R\u00e4nder und Schimmel und beh\u00e4lt seine Klarheit auch in feuchten Badezimmern.<\/p>\n\n\n\n<p><strong>Flexibler Anpassungsservice: <\/strong>Unterst\u00fctzt verschiedene Anpassungsoptionen wie Gr\u00f6\u00dfe, Form, Rahmenmaterial, Beleuchtungsmodus und Touch-Funktionalit\u00e4t, um die individuellen Anforderungen von Projekten und Marken zu erf\u00fcllen.<\/p>\n<\/div>\n\n\n\n<div class=\"wp-block-column is-layout-flow wp-block-column-is-layout-flow\">\n<figure class=\"wp-block-image size-full\"><img decoding=\"async\" width=\"800\" height=\"800\" src=\"https:\/\/www.segasanitary.com\/wp-content\/uploads\/2026\/03\/custom-led-mirrors-Z-005.webp\" alt=\"benutzerdefinierte led spiegel Z-005\" class=\"wp-image-640\" srcset=\"https:\/\/www.segasanitary.com\/wp-content\/uploads\/2026\/03\/custom-led-mirrors-Z-005.webp 800w, https:\/\/www.segasanitary.com\/wp-content\/uploads\/2026\/03\/custom-led-mirrors-Z-005-300x300.webp 300w, https:\/\/www.segasanitary.com\/wp-content\/uploads\/2026\/03\/custom-led-mirrors-Z-005-150x150.webp 150w, https:\/\/www.segasanitary.com\/wp-content\/uploads\/2026\/03\/custom-led-mirrors-Z-005-768x768.webp 768w, https:\/\/www.segasanitary.com\/wp-content\/uploads\/2026\/03\/custom-led-mirrors-Z-005-600x600.webp 600w, https:\/\/www.segasanitary.com\/wp-content\/uploads\/2026\/03\/custom-led-mirrors-Z-005-100x100.webp 100w\" sizes=\"(max-width: 800px) 100vw, 800px\" \/><\/figure>\n<\/div>\n<\/div>","protected":false},"excerpt":{"rendered":"<p data-start=\"980\" data-end=\"1217\">Die LED-Spiegel von SEGA vereinen minimalistisches Kapseldesign, LED-Hintergrundbeleuchtung (360\u00b0), intelligentes Anti-Beschlag-System und umweltfreundliches Silberglas mit umfassender Anpassungsm\u00f6glichkeit. Ideal f\u00fcr Luxusb\u00e4der. Kontaktieren Sie uns f\u00fcr Gro\u00dfbestellungen und Projektl\u00f6sungen.<\/p>\n<h2>Produktspezifikationen:<\/h2>\n<table>\n<tbody>\n<tr>\n<td><strong>Attribut<\/strong><\/td>\n<td>\u00a0<span data-path-to-node=\"13,0,1,0\">Spezifikation<\/span><\/td>\n<\/tr>\n<tr>\n<td><strong>Modell<\/strong><\/td>\n<td>\u00a0Z-005<\/td>\n<\/tr>\n<tr>\n<td><strong>Produkttyp<\/strong><\/td>\n<td>\u00a0<span data-path-to-node=\"22,2,1,0\">Intelligenter LED-Badezimmer-Spiegel<\/span><\/td>\n<\/tr>\n<tr>\n<td><strong>Material<\/strong><\/td>\n<td>\u00a0Kupferfreier HD-Silber-Spiegel<\/td>\n<\/tr>\n<tr>\n<td><strong>Form<\/strong><\/td>\n<td>\u00a0Unregelm\u00e4\u00dfig<\/td>\n<\/tr>\n<tr>\n<td><strong>Rahmen<\/strong><\/td>\n<td>\u00a0Rahmenlos \/ Struktur aus Aluminiumlegierung<\/td>\n<\/tr>\n<tr>\n<td><strong>Beleuchtungsmodus<\/strong><\/td>\n<td>\u00a0<span data-path-to-node=\"22,3,1,0\">Frontbeleuchtet + Hintergrundbeleuchtung (Dual Glow)<\/span><\/td>\n<\/tr>\n<tr>\n<td><strong>Funktionen<\/strong><\/td>\n<td>\u00a0Anti-Beschlag, dimmbar, CCT einstellbar<\/td>\n<\/tr>\n<tr>\n<td><strong>Wasserdicht<\/strong><\/td>\n<td>\u00a0<span data-path-to-node=\"22,8,1,0\">IP44 Bewertung<\/span><\/td>\n<\/tr>\n<\/tbody>\n<\/table>","protected":false},"featured_media":640,"comment_status":"closed","ping_status":"closed","template":"","meta":{"_acf_changed":false},"product_brand":[],"product_cat":[19,35,38],"product_tag":[],"class_list":{"0":"post-639","1":"product","2":"type-product","3":"status-publish","4":"has-post-thumbnail","6":"product_cat-wholesale-bathroom-mirror","7":"product_cat-custom-frameless-mirror","8":"product_cat-custom-oval-mirror","10":"first","11":"instock","12":"shipping-taxable","13":"product-type-simple"},"acf":[],"_links":{"self":[{"href":"https:\/\/www.segasanitary.com\/de\/wp-json\/wp\/v2\/product\/639","targetHints":{"allow":["GET"]}}],"collection":[{"href":"https:\/\/www.segasanitary.com\/de\/wp-json\/wp\/v2\/product"}],"about":[{"href":"https:\/\/www.segasanitary.com\/de\/wp-json\/wp\/v2\/types\/product"}],"replies":[{"embeddable":true,"href":"https:\/\/www.segasanitary.com\/de\/wp-json\/wp\/v2\/comments?post=639"}],"wp:featuredmedia":[{"embeddable":true,"href":"https:\/\/www.segasanitary.com\/de\/wp-json\/wp\/v2\/media\/640"}],"wp:attachment":[{"href":"https:\/\/www.segasanitary.com\/de\/wp-json\/wp\/v2\/media?parent=639"}],"wp:term":[{"taxonomy":"product_brand","embeddable":true,"href":"https:\/\/www.segasanitary.com\/de\/wp-json\/wp\/v2\/product_brand?post=639"},{"taxonomy":"product_cat","embeddable":true,"href":"https:\/\/www.segasanitary.com\/de\/wp-json\/wp\/v2\/product_cat?post=639"},{"taxonomy":"product_tag","embeddable":true,"href":"https:\/\/www.segasanitary.com\/de\/wp-json\/wp\/v2\/product_tag?post=639"}],"curies":[{"name":"wp","href":"https:\/\/api.w.org\/{rel}","templated":true}]}}