{"id":632,"date":"2026-03-20T08:49:21","date_gmt":"2026-03-20T08:49:21","guid":{"rendered":"https:\/\/www.segasanitary.com\/?post_type=product&#038;p=632"},"modified":"2026-03-21T02:35:36","modified_gmt":"2026-03-21T02:35:36","slug":"custom-framed-bathroom-mirrors","status":"publish","type":"product","link":"https:\/\/www.segasanitary.com\/de\/product\/custom-framed-bathroom-mirrors\/","title":{"rendered":"Benutzerdefinierte gerahmte Badezimmerspiegel mit LED-Licht Oval SEGA-Spiegel Hersteller"},"content":{"rendered":"<div class=\"wp-block-columns is-layout-flex wp-container-core-columns-is-layout-9d6595d7 wp-block-columns-is-layout-flex\">\n<div class=\"wp-block-column is-vertically-aligned-center is-layout-flow wp-block-column-is-layout-flow\">\n<h2 class=\"wp-block-heading\">Gerahmte Badezimmerspiegel Merkmale:<\/h2>\n\n\n\n<p><strong>Exklusiver Acrylrahmen mit Diamantmuster:<\/strong> Hochtransparentes PS\/Acryl-Material mit pr\u00e4zise gepr\u00e4gter \u201cDiamant\u201d-Textur bricht das LED-Licht f\u00fcr einen funkelnden, kristall\u00e4hnlichen Effekt, der die Wiedererkennung der Marke f\u00f6rdert.<\/p>\n\n\n\n<p><strong>Geb\u00fcrstetes Aluminium Dekorative Halterungen:<\/strong> Der Spiegel wird von drei geometrischen Halterungen aus geb\u00fcrstetem Aluminium gehalten, die eine Metallstruktur mit einem transparenten Rahmen kombinieren und so eine hochwertige industrielle \u00c4sthetik schaffen.<\/p>\n\n\n\n<p><strong>5 mm umweltfreundlicher, kupferfreier Silberspiegel:<\/strong> Der fortschrittliche, umweltfreundliche Spiegel mit hohem CRI (&gt;90) gew\u00e4hrleistet eine naturgetreue Farbwiedergabe, Oxidationsbest\u00e4ndigkeit und langfristige Haltbarkeit und ist damit ideal f\u00fcr hochwertige Pflegeeinrichtungen.<\/p>\n\n\n\n<p><strong>360\u00b0 Surround Soft LED-Beleuchtung:<\/strong> Die in den Acrylrahmen integrierte LED sorgt f\u00fcr eine gleichm\u00e4\u00dfige, schattenfreie Ausleuchtung durch eine rautenf\u00f6rmige Streuung, die ein weiches, augenfreundliches Licht f\u00fcr makellose Reflexionen liefert.<\/p>\n\n\n\n<p><strong>Fabrik Direkt Gro\u00dfhandel &amp; Anpassung:<\/strong> Unterst\u00fctzt Gro\u00dfbestellungen von Badezimmerspiegeln mit flexiblen Gr\u00f6\u00dfen-, Rahmen- und Beleuchtungsoptionen, unterst\u00fctzt durch strenge Qualit\u00e4tskontrolle und zuverl\u00e4ssige Lieferung f\u00fcr B2B- und technische Projekte.<\/p>\n<\/div>\n\n\n\n<div class=\"wp-block-column is-layout-flow wp-block-column-is-layout-flow\">\n<figure class=\"wp-block-image size-full\"><img decoding=\"async\" width=\"600\" height=\"800\" src=\"https:\/\/www.segasanitary.com\/wp-content\/uploads\/2026\/03\/custom-framed-bathroom-mirrors-details.webp\" alt=\"kundenspezifische gerahmte badezimmer spiegel details\" class=\"wp-image-633\" srcset=\"https:\/\/www.segasanitary.com\/wp-content\/uploads\/2026\/03\/custom-framed-bathroom-mirrors-details.webp 600w, https:\/\/www.segasanitary.com\/wp-content\/uploads\/2026\/03\/custom-framed-bathroom-mirrors-details-225x300.webp 225w\" sizes=\"(max-width: 600px) 100vw, 600px\" \/><\/figure>\n<\/div>\n<\/div>","protected":false},"excerpt":{"rendered":"<p>Willkommen beim Gro\u00dfeinkauf von individuell gerahmten Badezimmerspiegeln mit rautenf\u00f6rmigen Acrylrahmen, weicher LED-Beleuchtung und hochwertigen Halterungen aus geb\u00fcrstetem Aluminium. Perfekt f\u00fcr Hotels, Wohnungen und Badezimmerprojekte. SEGA Hersteller liefert mit strenger Qualit\u00e4tskontrolle. Erkundigen Sie sich nach Gro\u00dfhandelsoptionen.<\/p>\n<h2>Produktspezifikationen:<\/h2>\n<table>\n<tbody>\n<tr>\n<td><strong>Attribut<\/strong><\/td>\n<td>\u00a0<span data-path-to-node=\"13,0,1,0\">Spezifikation<\/span><\/td>\n<\/tr>\n<tr>\n<td><strong>Modell<\/strong><\/td>\n<td>\u00a0MY005<\/td>\n<\/tr>\n<tr>\n<td><strong>Produkttyp<\/strong><\/td>\n<td>\u00a0<span data-path-to-node=\"22,2,1,0\">Intelligenter LED-Badezimmer-Spiegel<\/span><\/td>\n<\/tr>\n<tr>\n<td><strong>Material<\/strong><\/td>\n<td>\u00a0Kupferfreier HD-Silber-Spiegel<\/td>\n<\/tr>\n<tr>\n<td><strong>Form<\/strong><\/td>\n<td>\u00a0Rund<\/td>\n<\/tr>\n<tr>\n<td><strong>Rahmen<\/strong><\/td>\n<td>\u00a0Acryl-Rahmen \/ Aluminium-Legierung Struktur<\/td>\n<\/tr>\n<tr>\n<td><strong>Beleuchtungsmodus<\/strong><\/td>\n<td>\u00a0<span data-path-to-node=\"22,3,1,0\">Frontbeleuchtet + Hintergrundbeleuchtung (Dual Glow)<\/span><\/td>\n<\/tr>\n<tr>\n<td><strong>Funktionen<\/strong><\/td>\n<td>Anti-Beschlag, dimmbar, CCT einstellbar<\/td>\n<\/tr>\n<tr>\n<td><strong>Wasserdicht<\/strong><\/td>\n<td>\u00a0<span data-path-to-node=\"22,8,1,0\">IP44 Bewertung<\/span><\/td>\n<\/tr>\n<\/tbody>\n<\/table>","protected":false},"featured_media":635,"comment_status":"closed","ping_status":"closed","template":"","meta":{"_acf_changed":false},"product_brand":[],"product_cat":[19,36,37],"product_tag":[],"class_list":{"0":"post-632","1":"product","2":"type-product","3":"status-publish","4":"has-post-thumbnail","6":"product_cat-wholesale-bathroom-mirror","7":"product_cat-custom-framed-mirror","8":"product_cat-wholesale-round-mirrors","10":"first","11":"instock","12":"shipping-taxable","13":"product-type-simple"},"acf":[],"_links":{"self":[{"href":"https:\/\/www.segasanitary.com\/de\/wp-json\/wp\/v2\/product\/632","targetHints":{"allow":["GET"]}}],"collection":[{"href":"https:\/\/www.segasanitary.com\/de\/wp-json\/wp\/v2\/product"}],"about":[{"href":"https:\/\/www.segasanitary.com\/de\/wp-json\/wp\/v2\/types\/product"}],"replies":[{"embeddable":true,"href":"https:\/\/www.segasanitary.com\/de\/wp-json\/wp\/v2\/comments?post=632"}],"wp:featuredmedia":[{"embeddable":true,"href":"https:\/\/www.segasanitary.com\/de\/wp-json\/wp\/v2\/media\/635"}],"wp:attachment":[{"href":"https:\/\/www.segasanitary.com\/de\/wp-json\/wp\/v2\/media?parent=632"}],"wp:term":[{"taxonomy":"product_brand","embeddable":true,"href":"https:\/\/www.segasanitary.com\/de\/wp-json\/wp\/v2\/product_brand?post=632"},{"taxonomy":"product_cat","embeddable":true,"href":"https:\/\/www.segasanitary.com\/de\/wp-json\/wp\/v2\/product_cat?post=632"},{"taxonomy":"product_tag","embeddable":true,"href":"https:\/\/www.segasanitary.com\/de\/wp-json\/wp\/v2\/product_tag?post=632"}],"curies":[{"name":"wp","href":"https:\/\/api.w.org\/{rel}","templated":true}]}}