{"id":630,"date":"2026-03-20T08:12:15","date_gmt":"2026-03-20T08:12:15","guid":{"rendered":"https:\/\/www.segasanitary.com\/?post_type=product&#038;p=630"},"modified":"2026-03-20T08:48:37","modified_gmt":"2026-03-20T08:48:37","slug":"custom-mirrors-for-bathrooms","status":"publish","type":"product","link":"https:\/\/www.segasanitary.com\/de\/product\/custom-mirrors-for-bathrooms\/","title":{"rendered":"Individuelle Spiegel f\u00fcr Badezimmer, runde LED-Spiegel f\u00fcr die Wandmontage in gro\u00dfen Mengen"},"content":{"rendered":"<div class=\"wp-block-columns is-layout-flex wp-container-core-columns-is-layout-9d6595d7 wp-block-columns-is-layout-flex\">\n<div class=\"wp-block-column is-vertically-aligned-center is-layout-flow wp-block-column-is-layout-flow\">\n<h2 class=\"wp-block-heading\">Eigenschaften von Spiegeln f\u00fcr Badezimmer:<\/h2>\n\n\n\n<p><strong>Einzigartiges geometrisches Flechtwerk-Lichtdesign:<\/strong> Das CNC-ge\u00e4tzte, geschichtete Rautenmuster auf dem Spiegelrand streut das Licht gleichm\u00e4\u00dfig und dient sowohl als funktionale Beleuchtung als auch als auff\u00e4lliges Badezimmerdekor.<\/p>\n\n\n\n<p><strong>5 mm umweltfreundlicher, kupferfreier Silberspiegel:<\/strong> Der hochreflektierende, farbgetreue Spiegel mit bruchsicherer R\u00fcckseite gew\u00e4hrleistet Sicherheit und Langlebigkeit und ist ideal f\u00fcr stark frequentierte Hotel- und Gewerbeprojekte.<\/p>\n\n\n\n<p><strong>Hochwertige mehrfarbige LED-Beleuchtung:<\/strong> Wasserdichte LED-Streifen mit einem CRI &gt; 90 bieten eine weiche, flimmerfreie Beleuchtung. Konfigurierbar f\u00fcr kaltwei\u00dfes, warmwei\u00dfes oder nat\u00fcrliches Licht, um die Projektanforderungen zu erf\u00fcllen.<\/p>\n\n\n\n<p><strong>Smart Touch Control mit Speicherfunktion:<\/strong> Der minimalistische Touch-Schalter erm\u00f6glicht ein einfaches Ein- und Ausschalten sowie Dimmen und verf\u00fcgt \u00fcber eine Memory-Funktion f\u00fcr eine gleichbleibende Beleuchtungseinstellung in Luxushotels.<\/p>\n\n\n\n<p><strong>Unterst\u00fctzung des Gro\u00dfhandels und Anpassungsservice:<\/strong> OEM\/ODM-L\u00f6sungen unterst\u00fctzen Gro\u00dfbestellungen mit flexiblen Gr\u00f6\u00dfen-, Oberfl\u00e4chen- und Beleuchtungsanpassungen, unterst\u00fctzt durch strenge Qualit\u00e4tskontrollen f\u00fcr eine zuverl\u00e4ssige B2B-Lieferung.<\/p>\n<\/div>\n\n\n\n<div class=\"wp-block-column is-layout-flow wp-block-column-is-layout-flow\">\n<figure class=\"wp-block-image size-full\"><img decoding=\"async\" width=\"800\" height=\"800\" src=\"https:\/\/www.segasanitary.com\/wp-content\/uploads\/2026\/03\/custom-mirrors-for-bathrooms-L1133.webp\" alt=\"Spiegel nach Ma\u00df f\u00fcr Badezimmer L1133\" class=\"wp-image-631\" srcset=\"https:\/\/www.segasanitary.com\/wp-content\/uploads\/2026\/03\/custom-mirrors-for-bathrooms-L1133.webp 800w, https:\/\/www.segasanitary.com\/wp-content\/uploads\/2026\/03\/custom-mirrors-for-bathrooms-L1133-300x300.webp 300w, https:\/\/www.segasanitary.com\/wp-content\/uploads\/2026\/03\/custom-mirrors-for-bathrooms-L1133-150x150.webp 150w, https:\/\/www.segasanitary.com\/wp-content\/uploads\/2026\/03\/custom-mirrors-for-bathrooms-L1133-768x768.webp 768w, https:\/\/www.segasanitary.com\/wp-content\/uploads\/2026\/03\/custom-mirrors-for-bathrooms-L1133-600x600.webp 600w, https:\/\/www.segasanitary.com\/wp-content\/uploads\/2026\/03\/custom-mirrors-for-bathrooms-L1133-100x100.webp 100w\" sizes=\"(max-width: 800px) 100vw, 800px\" \/><\/figure>\n<\/div>\n<\/div>","protected":false},"excerpt":{"rendered":"<p data-start=\"980\" data-end=\"1217\">Ma\u00dfgeschneiderte Spiegel f\u00fcr Badezimmer bieten geometrische Lichtdesigns, umweltfreundliches Silberglas, wasserdichte LED-Beleuchtung und intelligente Touch-Steuerung. Perfekt f\u00fcr B2B-Badprojekte. Kontaktieren Sie uns f\u00fcr Gro\u00dfbestellungen und individuelle Gestaltung.<\/p>\n<h2>Produktspezifikationen:<\/h2>\n<table>\n<tbody>\n<tr>\n<td><strong>Attribut<\/strong><\/td>\n<td>\u00a0<span data-path-to-node=\"13,0,1,0\">Spezifikation<\/span><\/td>\n<\/tr>\n<tr>\n<td><strong>Modell<\/strong><\/td>\n<td>\u00a0L1133<\/td>\n<\/tr>\n<tr>\n<td><strong>Produkttyp<\/strong><\/td>\n<td>\u00a0<span data-path-to-node=\"22,2,1,0\">Intelligenter LED-Badezimmer-Spiegel<\/span><\/td>\n<\/tr>\n<tr>\n<td><strong>Material<\/strong><\/td>\n<td>Kupferfreier HD-Silber-Spiegel<\/td>\n<\/tr>\n<tr>\n<td><strong>Form<\/strong><\/td>\n<td>Rund<\/td>\n<\/tr>\n<tr>\n<td><strong>Rahmen<\/strong><\/td>\n<td>Rahmenlos \/ Struktur aus Aluminiumlegierung<\/td>\n<\/tr>\n<tr>\n<td><strong>Beleuchtungsmodus<\/strong><\/td>\n<td>\u00a0<span data-path-to-node=\"22,3,1,0\">Frontbeleuchtet + Hintergrundbeleuchtung (Dual Glow)<\/span><\/td>\n<\/tr>\n<tr>\n<td><strong>Funktionen<\/strong><\/td>\n<td>Anti-Beschlag, dimmbar, CCT einstellbar<\/td>\n<\/tr>\n<tr>\n<td><strong>Wasserdicht<\/strong><\/td>\n<td>\u00a0<span data-path-to-node=\"22,8,1,0\">IP44 Bewertung<\/span><\/td>\n<\/tr>\n<\/tbody>\n<\/table>","protected":false},"featured_media":631,"comment_status":"closed","ping_status":"closed","template":"","meta":{"_acf_changed":false},"product_brand":[],"product_cat":[19,35,37],"product_tag":[],"class_list":{"0":"post-630","1":"product","2":"type-product","3":"status-publish","4":"has-post-thumbnail","6":"product_cat-wholesale-bathroom-mirror","7":"product_cat-custom-frameless-mirror","8":"product_cat-wholesale-round-mirrors","10":"first","11":"instock","12":"shipping-taxable","13":"product-type-simple"},"acf":[],"_links":{"self":[{"href":"https:\/\/www.segasanitary.com\/de\/wp-json\/wp\/v2\/product\/630","targetHints":{"allow":["GET"]}}],"collection":[{"href":"https:\/\/www.segasanitary.com\/de\/wp-json\/wp\/v2\/product"}],"about":[{"href":"https:\/\/www.segasanitary.com\/de\/wp-json\/wp\/v2\/types\/product"}],"replies":[{"embeddable":true,"href":"https:\/\/www.segasanitary.com\/de\/wp-json\/wp\/v2\/comments?post=630"}],"wp:featuredmedia":[{"embeddable":true,"href":"https:\/\/www.segasanitary.com\/de\/wp-json\/wp\/v2\/media\/631"}],"wp:attachment":[{"href":"https:\/\/www.segasanitary.com\/de\/wp-json\/wp\/v2\/media?parent=630"}],"wp:term":[{"taxonomy":"product_brand","embeddable":true,"href":"https:\/\/www.segasanitary.com\/de\/wp-json\/wp\/v2\/product_brand?post=630"},{"taxonomy":"product_cat","embeddable":true,"href":"https:\/\/www.segasanitary.com\/de\/wp-json\/wp\/v2\/product_cat?post=630"},{"taxonomy":"product_tag","embeddable":true,"href":"https:\/\/www.segasanitary.com\/de\/wp-json\/wp\/v2\/product_tag?post=630"}],"curies":[{"name":"wp","href":"https:\/\/api.w.org\/{rel}","templated":true}]}}